{"id":100,"date":"2007-05-16T06:14:15","date_gmt":"2007-05-16T04:14:15","guid":{"rendered":"http:\/\/www.historielaget.jostedal.no\/?page_id=100"},"modified":"2025-04-13T11:07:27","modified_gmt":"2025-04-13T09:07:27","slug":"jostedal-kyrkje","status":"publish","type":"page","link":"https:\/\/www.historielaget.jostedal.no\/?page_id=100","title":{"rendered":"Kyrkjehistorie"},"content":{"rendered":"<blockquote><p>Sj\u00e5 <a href=\"http:\/\/www.historielaget.jostedal.no\/?cat=17\">Kyrkjehistorie <\/a>i meldingsarkivet for nyhende og meldingar, og <a href=\"http:\/\/lokalhistoriewiki.no\/index.php\/Jostedal_kyrkje\">Jostedal kyrkje<\/a> (lokalhistoriewiki) for ein oppsummerande artikkel.<\/p><\/blockquote>\n<p><a href=\"https:\/\/www.historielaget.jostedal.no\/wordpress\/wp-content\/upLoads\/jostedal_kyrkje_wilse.jpg\"><img loading=\"lazy\" decoding=\"async\" class=\"alignleft  wp-image-1453\" src=\"https:\/\/www.historielaget.jostedal.no\/wordpress\/wp-content\/upLoads\/jostedal_kyrkje_wilse-300x224.jpg\" alt=\"\" width=\"158\" height=\"118\" srcset=\"https:\/\/www.historielaget.jostedal.no\/wordpress\/wp-content\/upLoads\/jostedal_kyrkje_wilse-300x224.jpg 300w, https:\/\/www.historielaget.jostedal.no\/wordpress\/wp-content\/upLoads\/jostedal_kyrkje_wilse-150x112.jpg 150w, https:\/\/www.historielaget.jostedal.no\/wordpress\/wp-content\/upLoads\/jostedal_kyrkje_wilse.jpg 611w\" sizes=\"auto, (max-width: 158px) 100vw, 158px\" \/><\/a>Den vesle lafta trekyrkja er den eldste bygningen og det viktigaste kulturminnet i Jostedalen. Kyrkja stod ferdig i 1660 og hadde 350-\u00e5rsjubileum i 2010. Det vart feira stort. Hovudmarkeringa var 26.-27. juni der ei ny stor <a href=\"http:\/\/www.historielaget.jostedal.no\/?page_id=1230\">jubileumsbok om kyrkja <\/a>vart lansert.<\/p>\n<p>Desse nettsidene er i hovudsak vortne til i arbeidet med jubileumsboka. Her vart mykje av det sentrale kjeldetilfanget for boka lagt ut parallelt med skrivinga. Ein del av dette er kjelder som berre i liten grad er nytta tidlegare. Seinare er meir lagd ut.<\/p>\n<p>Mykje av det bevarte kjeldetilfanget om Jostedalen fram til 1700-talet er om kyrkja og presteembetet. Kyrkjesoga er s\u00e5leis eit viktig inntak til soga om heile jostedalssamfunnet. Det er ei soge prega av marginale vilk\u00e5r b\u00e5de for allmuge og prest, og det var fram til 1800-talet det ringaste prestekallet ikkje berre i Bergens stift, men i heile landet.<\/p>\n<p>Sentrale kyrkjehistoriske tema er:<\/p>\n<ul>\n<li>Kyrkjebygningen, inventaret\u00a0og kyrkjegarden<\/li>\n<li>Prestane, prestekallet og prestel\u00f8na<\/li>\n<li>Prestegarden &#8211; eigedomstilh\u00f8ve, drift og paktarar<\/li>\n<li>Det religi\u00f8se og kyrkjelege livet til allmugen,\u00a0tilh\u00f8vet mellom allmuge og prest\/kyrkje og religi\u00f8st organisasjonsliv<\/li>\n<\/ul>\n<p><strong>Om kyrkjehistoria, sj\u00e5 \u00f2g<br \/>\n<\/strong><\/p>\n<ul>\n<li>Anne Marta Hoff: <a href=\"http:\/\/www.norgeskirker.no\/wiki\/Jostedal_kyrkje\">Jostedal kyrkje<\/a>. <em>Norges kirker<\/em>, NIKU (under publisering) &#8211; om kyrkjebygningen<\/li>\n<li><a href=\"http:\/\/www.historielaget.jostedal.no\/wordpress\/wp-content\/upLoads\/Anne-Marta-Hoff-Kyrkja-i-Jostedalen-JSA-2010.pdf\">Anne Marta Hoff: Kyrkja i Jostedalen.<\/a> <em>Jostedal skule- og bygdeavis<\/em> (2010), s. 36-39.<\/li>\n<li><a href=\"http:\/\/www.historielaget.jostedal.no\/?page_id=8\">&laquo;Justedalens kortelige Beskrivelse&raquo; av Matthias Foss (1750)<\/a>\u00a0(mange kyrkjehistoriske dokument fr\u00e5 1741-92 ligg her<\/li>\n<li><a href=\"http:\/\/www.historielaget.jostedal.no\/?page_id=134\">Kjelder f\u00f8r 1500<\/a><\/li>\n<li><a href=\"http:\/\/www.historielaget.jostedal.no\/?page_id=117\">Presteskattelista 1596 <\/a>(under Gardar og folk)<\/li>\n<li><a href=\"http:\/\/www.historielaget.jostedal.no\/?page_id=120\">Topografiske skildringar <\/a>(fleire aktuelle dokument)<\/li>\n<li><a href=\"http:\/\/www.historielaget.jostedal.no\/?page_id=200\">Biskop Pontoppidans visitasberetning (1749)<\/a><\/li>\n<li><a href=\"http:\/\/www.historielaget.jostedal.no\/?page_id=412\">Biskop Neumanns skildring fr\u00e5 visitasferda til Jostedalen 1823<\/a><\/li>\n<\/ul>\n<p><strong>Nyttig artikkel!<br \/>\n<\/strong>Anne Marta Hoff: Kyrkjeforsking og kjelder, Heimen, nr. 3, 1996, s. 227-233 [<a href=\"https:\/\/urn.nb.no\/URN:NBN:no-nb_digitidsskrift_2015061682126_001\">Digital utg\u00e5ve, Nasjonalbiblioteket<\/a>]<\/p>\n","protected":false},"excerpt":{"rendered":"<p>Sj\u00e5 Kyrkjehistorie i meldingsarkivet for nyhende og meldingar, og Jostedal kyrkje (lokalhistoriewiki) for ein oppsummerande artikkel. Den vesle lafta trekyrkja er den eldste bygningen og det viktigaste kulturminnet i Jostedalen. Kyrkja stod ferdig i 1660 og hadde 350-\u00e5rsjubileum i 2010. Det vart feira stort. Hovudmarkeringa var 26.-27. juni der ei ny stor jubileumsbok om kyrkja [&hellip;]<\/p>\n","protected":false},"author":2,"featured_media":0,"parent":0,"menu_order":11,"comment_status":"open","ping_status":"closed","template":"","meta":{"ngg_post_thumbnail":0,"footnotes":""},"class_list":["post-100","page","type-page","status-publish","hentry"],"_links":{"self":[{"href":"https:\/\/www.historielaget.jostedal.no\/index.php?rest_route=\/wp\/v2\/pages\/100","targetHints":{"allow":["GET"]}}],"collection":[{"href":"https:\/\/www.historielaget.jostedal.no\/index.php?rest_route=\/wp\/v2\/pages"}],"about":[{"href":"https:\/\/www.historielaget.jostedal.no\/index.php?rest_route=\/wp\/v2\/types\/page"}],"author":[{"embeddable":true,"href":"https:\/\/www.historielaget.jostedal.no\/index.php?rest_route=\/wp\/v2\/users\/2"}],"replies":[{"embeddable":true,"href":"https:\/\/www.historielaget.jostedal.no\/index.php?rest_route=%2Fwp%2Fv2%2Fcomments&post=100"}],"version-history":[{"count":34,"href":"https:\/\/www.historielaget.jostedal.no\/index.php?rest_route=\/wp\/v2\/pages\/100\/revisions"}],"predecessor-version":[{"id":3770,"href":"https:\/\/www.historielaget.jostedal.no\/index.php?rest_route=\/wp\/v2\/pages\/100\/revisions\/3770"}],"wp:attachment":[{"href":"https:\/\/www.historielaget.jostedal.no\/index.php?rest_route=%2Fwp%2Fv2%2Fmedia&parent=100"}],"curies":[{"name":"wp","href":"https:\/\/api.w.org\/{rel}","templated":true}]}}