{"id":108,"date":"2007-05-17T08:30:52","date_gmt":"2007-05-17T06:30:52","guid":{"rendered":"http:\/\/www.historielaget.jostedal.no\/?page_id=108"},"modified":"2016-04-08T01:31:07","modified_gmt":"2016-04-07T23:31:07","slug":"prestar-i-jostedalen-1620-1895","status":"publish","type":"page","link":"https:\/\/www.historielaget.jostedal.no\/?page_id=108","title":{"rendered":"Prestar i Jostedalen ca. 1300-1975"},"content":{"rendered":"<p><em>Her er det peikarar til\u00a0prestebiografiane i lokalhistoriewiki der ein finn n\u00e6rare kjeldeopplysningar. (Liste: <a href=\"http:\/\/www.lokalhistoriewiki.no\/index.php\/Prestar_i_Jostedalen\">Prestar i Jostedalen<\/a>)<\/em><\/p>\n<p>&nbsp;<\/p>\n<p>Ca. 1320 Asle\/Atle prest [<a href=\"http:\/\/www.historielaget.jostedal.no\/?page_id=114\">dok 1318-19<\/a>] [<a href=\"http:\/\/www.historielaget.jostedal.no\/?page_id=115\">dok 1322-23<\/a>]<\/p>\n<p><em>\u00a0\u00a0 1596:\u00a0<a href=\"http:\/\/www.historielaget.jostedal.no\/?page_id=117\">det fyrste sporet <\/a>av\u00a0prest og kyrkje etter \u00f8ydetida<\/em><br \/>\nF\u00f8r ca 1620\u00a0<a href=\"http:\/\/www.lokalhistoriewiki.no\/index.php\/Jens_Jonasson\">Jens Jonasson <\/a><br \/>\nCa 1620-1634\u00a0<a href=\"http:\/\/www.lokalhistoriewiki.no\/index.php\/Mikkel_Nilsson\">Mikkel Nilsson<\/a><br \/>\nCa 1635-1652\u00a0<a href=\"http:\/\/www.lokalhistoriewiki.no\/index.php\/Otto_Hansson_Ravn\">Otto Hansson Ravn<\/a><br \/>\n1652-1703\u00a0<a href=\"http:\/\/www.lokalhistoriewiki.no\/index.php\/T%C3%B8ger_Jensson\">T\u00f8ger Jensson<\/a><br \/>\n1703-1724\u00a0<a href=\"http:\/\/www.lokalhistoriewiki.no\/index.php\/Henrik_Nitter\">Henrik Nitter <\/a><br \/>\n1725-1731\u00a0<a href=\"http:\/\/www.lokalhistoriewiki.no\/index.php\/Hans_Hansson_Wiingaard\">Hans Hansson Wingaard<\/a><br \/>\n<em>\u00a0\u00a0 1731-1732\u00a0<\/em><a href=\"http:\/\/www.lokalhistoriewiki.no\/index.php\/Ole_Morsing\"><em>Ole Morsing <\/em><\/a><em>(overtok aldri prestekallet)<\/em><br \/>\n1732-1734\u00a0<a href=\"http:\/\/www.lokalhistoriewiki.no\/index.php\/Hans_Christian_Fr%C3%B8rup\">Hans Christian Fr\u00f8rup <\/a><br \/>\n1734-1738\u00a0<a href=\"http:\/\/www.lokalhistoriewiki.no\/index.php\/Rasmus_Wibye\">Rasmus Wibye\u00a0<\/a><br \/>\n<em>\u00a0\u00a0 1738\u00a0<a href=\"http:\/\/www.lokalhistoriewiki.no\/index.php\/Christopher_Munthe\">Christopher Munthe <\/a>(sokneprest i Hafslo) vikarierte<br \/>\n1739 <\/em><em><a href=\"http:\/\/lokalhistoriewiki.no\/index.php\/Hans_Gr%C3%B8n\">Hans\u00a0Gr\u00f8n<\/a> (kapellan i Vik) vikarierte<br \/>\n1740-42 <\/em><em><a href=\"http:\/\/lokalhistoriewiki.no\/index.php\/Gjert_Geelmuyden\">Gjert Geelmuyden<\/a> (kapellan i Leikanger) vikarierte<\/em><br \/>\n1742-1792\u00a0<a href=\"http:\/\/www.historielaget.jostedal.no\/?page_id=8\">Matthias Foss <\/a><br \/>\n1792-1801<a href=\"http:\/\/www.lokalhistoriewiki.no\/index.php\/Ole_Aabel\">\u00a0Ole Aabel<\/a><br \/>\n1801-1807\u00a0<a href=\"http:\/\/www.lokalhistoriewiki.no\/index.php\/Johan_Henrik_Lind\">Johan Henrik Lind <\/a><br \/>\n1807-1812\u00a0<a href=\"http:\/\/www.lokalhistoriewiki.no\/index.php\/Andreas_Cordsen\">Andreas Cordsen <\/a><br \/>\n1812-1820\u00a0<a href=\"http:\/\/www.lokalhistoriewiki.no\/index.php\/Holger_Halling_Schj%C3%B8dt\">Holger Halling Schj\u00f8dt<\/a><br \/>\n<em>\u00a0\u00a0 1820-1822\u00a0Edvard Qvale tok seg av kallet medan det stod ledig<\/em><br \/>\n1822-1829\u00a0<a href=\"http:\/\/www.lokalhistoriewiki.no\/index.php\/Peder_Pavels_Aabel\">Peder Pavels Aabel\u00a0<\/a><br \/>\n<em>\u00a0\u00a0 1823-1828 styrte Aabel presteembetet fr\u00e5 Sogndal<br \/>\n<\/em>1829-1835\u00a0<a href=\"http:\/\/www.lokalhistoriewiki.no\/index.php\/Bernt_Anker_Leigh\">Bernt Anker Leigh <\/a><br \/>\n1835-1840\u00a0<a href=\"http:\/\/www.lokalhistoriewiki.no\/index.php\/Kjeld_Andreas_Bugge\">Kjeld Andreas Bugge <\/a><br \/>\n1841-1846\u00a0<a href=\"http:\/\/www.lokalhistoriewiki.no\/index.php\/Michael_Sundt_Tuchsen_Fasting\">Michael Sundt Tuchsen Fasting<\/a><br \/>\n1846-1853\u00a0<a href=\"http:\/\/www.lokalhistoriewiki.no\/index.php\/Christian_Bastholm_Heltberg\">Christian Bastholm Heltberg<\/a><br \/>\n1854-1868\u00a0<a href=\"http:\/\/www.lokalhistoriewiki.no\/index.php\/Ole_Christian_Rasch\">Ole Christian Rasch<\/a><br \/>\n1868-1875\u00a0<a href=\"http:\/\/www.lokalhistoriewiki.no\/index.php\/Andreas_Emil_Hansen\">Andreas Emil Hansen<\/a><br \/>\n1876-1883\u00a0<a href=\"http:\/\/www.lokalhistoriewiki.no\/index.php\/Anton_Hansen\">Anton Hansen<\/a><br \/>\n1884-1890\u00a0<a href=\"http:\/\/www.lokalhistoriewiki.no\/index.php\/Wollert_Johan_Lyder_Frich\">Wollert Johan Lyder Frich<\/a><br \/>\n1890-1903\u00a0<a href=\"http:\/\/www.lokalhistoriewiki.no\/index.php\/Theodor_Julius_B%C3%B8rresen\">Theodor Julius B\u00f8rresen<\/a><br \/>\n1903-1906\u00a0<a href=\"http:\/\/www.lokalhistoriewiki.no\/index.php\/Ragnvald_Cornelius_Knudsen\">Ragnvald Cornelius Knudsen<\/a><br \/>\n1906-1912\u00a0<a href=\"http:\/\/www.lokalhistoriewiki.no\/index.php\/Amund_Fr%C3%B8ese\">Amund Fr\u00f8ese<\/a><br \/>\n1913-1915\u00a0<a href=\"http:\/\/www.lokalhistoriewiki.no\/index.php\/Carl_Fredrik_Falkenberg\">Carl Fredrik Falkenberg<\/a><br \/>\n1916-1920\u00a0<a href=\"http:\/\/www.lokalhistoriewiki.no\/index.php\/John_Rongved\">John Rongved<\/a><br \/>\n1923-1929\u00a0Johannes Oscar Langmuir (Oscar Michelsen)<br \/>\n1930-1952\u00a0Svein Medhus<br \/>\n1952-1958 Dreng Harstad<br \/>\n1959-1966 Gustav Einar Roti<br \/>\n1968-1975 Jan Bernhard Klausen<\/p>\n<p>Den 1. juli 1967 vart prestegjeldsgrensene regulerte. Jostedal prestegjeld vart utvida med Gaupne sokn i Luster prestegjeld og soknene Fet og Joranger i Hafslo prestegjeld. Jan Klausen var den siste soknepresten som budde i Jostedal prestegard (til 1975).<\/p>\n<p><strong>Kjelder og merknader<\/strong><\/p>\n<p>Det er f\u00f8rt opp kva \u00e5r dei kom til Jostedalen og overtok prestekallet. I somme tilfelle kan dei ha vorte utnemnde \u00e5ret f\u00f8r.<\/p>\n<p>Namna p\u00e5 prestane f\u00f8r 1800 er skrivne i moderne norsk form i tr\u00e5d med \u00d8yane 1994. Skrivem\u00e5ten p\u00e5 namna til\u00a0 dei eldste prestane kan variere temmeleg mykje i kjeldene og litteraturen.<\/p>\n<p>Opplysningane f\u00f8r 1700 er usikre. F\u00f8r Henrik Nitter vart utnemnd i 1703 har\u00a0ein ikkje s\u00f8knader og kallsbrev.\u00a0S\u00e6rleg usikker er tida f\u00f8r T\u00f8ger Jensen vart prest ca. 1652. Fr\u00e5 det kom nybyggjarar og prest til dalen ein gong p\u00e5 1500-talet (jf. <a href=\"http:\/\/www.historielaget.jostedal.no\/?page_id=117\">skattelista 1596<\/a>) til 1630-\u00e5ra veit ein heller ikkje stort om prestegjeldsinndelinga, alts\u00e5 om Jostedalen var eige prestekall eller l\u00e5g under Luster (eller Hafslo).<\/p>\n<p>Dei viktigaste biografiske oversyna over prestane i Jostedalen (kronologisk):<\/p>\n<p><strong>Albert Hattings<\/strong> prestehistorie fr\u00e5 1770-\u00e5ra er eit viktig grunnlag for dei som har skrive om dette seinare &#8211; <a href=\"http:\/\/www.historielaget.jostedal.no\/?page_id=1080\">sj\u00e5 eiga omtale<\/a>.<\/p>\n<p><em><strong>Kalds-Bog <\/strong>for Justedals Pr\u00e6stegj\u00e6ld begyndt 1830<\/em> [<a href=\"http:\/\/www.historielaget.jostedal.no\/?page_id=861\">digital utg\u00e5ve<\/a>]<br \/>\n<em>Merknad:<\/em> Dei historiske opplysningane om prestane f\u00f8r 1830 vart f\u00f8rte inn av Bernt Anker Leigh d\u00e5 kallsboka vart teken i bruk, og desse opplysningane til dels temmeleg ufullstendige og upresise. Det mest verdfulle med desse omtalene er at ein del vurderingar og forteljingar\/segner om tidlegare prestar\u00a0er tekne med. Leigh har \u00f2g nytta ein del skriftlege kjelder (kyrkjeb\u00f8kene, kyrkjestolane, 1600-talsdokumenta om kornrettane og Hatting-manuskriptet). For prestane fr\u00e5 og med 1830 er dette ei god prim\u00e6rkjelde sidan prestane har f\u00f8rt inn korte biografiar om seg sj\u00f8lve i boka.<\/p>\n<p><strong>Lampe<\/strong>, Johan Fredrik. (1895). <em>Bergens stifts biskoper og pr\u00e6ster efter reformationen. Biografiske efterretninger.<\/em> Kristiania: Cammermeyer. [<a href=\"http:\/\/da2.uib.no\/cgi-win\/WebBok.exe?slag=lesbok&amp;bokid=lampe\">digital utg\u00e5ve<\/a> &#8211; ref. ovanfor som <em>omtale 1895<\/em>]<br \/>\n<em>Merknad:<\/em> Framleis eit sentralt referanseverk for prestehistoria i Bergen bisped\u00f8me og ei hovudkjelde for seinare framstillingar, som Laberg 1948 og \u00d8yane 1994. Men somme opplysningar i verket kan vere un\u00f8yaktige og ufullstendige, s\u00e6rleg for 1700-talet og attover.<\/p>\n<p><strong>Laberg<\/strong>, Jon. (1948). Jostedal. Ei stutt utgreiding om bygdi og folket der. <em>Tidsskrift utgjeve av Historielaget for Sogn<\/em> (nr. 13), 177-200. [<a href=\"http:\/\/www.historielaget.jostedal.no\/?page_id=300\">digital utg\u00e5ve &#8211; del 3, s. 181-191<\/a>]<br \/>\n<em>Merknad: <\/em>Laberg si framstilling av prestane har vore mykje lesen og referert, og han m\u00e5 ha nytta ein god del munnlege kjelder (forteljingar, segner). Som for dei andre eldre verka b\u00f8r opplysningar sjekkast, og han oppgjev berre unntaksvis kjeldene sine. Men det er tydeleg at han har hovudsakleg har bygt p\u00e5 kallsboka, Hatting og Lampe.<\/p>\n<p><strong>\u00d8yane<\/strong>, Lars E. (1994). <em>Jostedal sokn. Gards- og \u00e6ttesoge for Luster kommune.<\/em> (Bd. 5). Gaupne: Luster kommune. [<a href=\"http:\/\/www.historielaget.jostedal.no\/?page_id=106\">omtale og peikar til fulltekstutg\u00e5ve i NBdigital<\/a>]<br \/>\n<em>Merknad:<\/em> Her finn ein samla dei grundigaste og mest p\u00e5litande biografiske omtalene av prestane. For dei tidlegaste prestane har han likevel m\u00e5tta st\u00f8 seg p\u00e5 dei eldre og usikre framstillingane.<\/p>\n","protected":false},"excerpt":{"rendered":"<p>Her er det peikarar til\u00a0prestebiografiane i lokalhistoriewiki der ein finn n\u00e6rare kjeldeopplysningar. (Liste: Prestar i Jostedalen) &nbsp; Ca. 1320 Asle\/Atle prest [dok 1318-19] [dok 1322-23] \u00a0\u00a0 1596:\u00a0det fyrste sporet av\u00a0prest og kyrkje etter \u00f8ydetida F\u00f8r ca 1620\u00a0Jens Jonasson Ca 1620-1634\u00a0Mikkel Nilsson Ca 1635-1652\u00a0Otto Hansson Ravn 1652-1703\u00a0T\u00f8ger Jensson 1703-1724\u00a0Henrik Nitter 1725-1731\u00a0Hans Hansson Wingaard \u00a0\u00a0 1731-1732\u00a0Ole Morsing [&hellip;]<\/p>\n","protected":false},"author":2,"featured_media":0,"parent":100,"menu_order":1,"comment_status":"open","ping_status":"open","template":"","meta":{"ngg_post_thumbnail":0,"footnotes":""},"class_list":["post-108","page","type-page","status-publish","hentry"],"_links":{"self":[{"href":"https:\/\/www.historielaget.jostedal.no\/index.php?rest_route=\/wp\/v2\/pages\/108","targetHints":{"allow":["GET"]}}],"collection":[{"href":"https:\/\/www.historielaget.jostedal.no\/index.php?rest_route=\/wp\/v2\/pages"}],"about":[{"href":"https:\/\/www.historielaget.jostedal.no\/index.php?rest_route=\/wp\/v2\/types\/page"}],"author":[{"embeddable":true,"href":"https:\/\/www.historielaget.jostedal.no\/index.php?rest_route=\/wp\/v2\/users\/2"}],"replies":[{"embeddable":true,"href":"https:\/\/www.historielaget.jostedal.no\/index.php?rest_route=%2Fwp%2Fv2%2Fcomments&post=108"}],"version-history":[{"count":63,"href":"https:\/\/www.historielaget.jostedal.no\/index.php?rest_route=\/wp\/v2\/pages\/108\/revisions"}],"predecessor-version":[{"id":3306,"href":"https:\/\/www.historielaget.jostedal.no\/index.php?rest_route=\/wp\/v2\/pages\/108\/revisions\/3306"}],"up":[{"embeddable":true,"href":"https:\/\/www.historielaget.jostedal.no\/index.php?rest_route=\/wp\/v2\/pages\/100"}],"wp:attachment":[{"href":"https:\/\/www.historielaget.jostedal.no\/index.php?rest_route=%2Fwp%2Fv2%2Fmedia&parent=108"}],"curies":[{"name":"wp","href":"https:\/\/api.w.org\/{rel}","templated":true}]}}