{"id":1120,"date":"2010-02-23T10:02:52","date_gmt":"2010-02-23T08:02:52","guid":{"rendered":"http:\/\/www.historielaget.jostedal.no\/?page_id=1120"},"modified":"2010-02-23T10:02:52","modified_gmt":"2010-02-23T08:02:52","slug":"a-hatting-om-foss-ca-1770","status":"publish","type":"page","link":"https:\/\/www.historielaget.jostedal.no\/?page_id=1120","title":{"rendered":"A. Hatting om Foss (ca 1770)"},"content":{"rendered":"<p>Matthias Foss, er f\u00f8d i Ki\u00f8benhavn d. 8. Martii 1714. I Hans Alders 1. Aar blev Han en Discipel av Sor\u00f8e Skole, blev derfra dimitteret med Magstr(?) Johan Snedorffs testimonio 1733. Blev ved Academiet til 1739. Reiste samme Aar til Norge og Aaret derpaa til Khavn(?) [K\u00f8benhavn?] sluttede sit Academiske L\u00f8b 1741 og blev beskikket samme Aar d. 15. May til Sogne-Pr\u00e6st for dette Prestegield, er gift med Marie Christine Dreyer, med henne han har haft 10. B\u00f8rn, hvorav, saavidt jeg ved kun lever 2. S\u00f8nner og 2. D\u00f8ttre. Den ene S\u00f8n lever og som Skomager opholder sig her i Byen. D\u00f8ttrene, tillige med deres Moder lever og ligeledes opholder sig her i Bergen. Man befinder sig i den alleryderste Fattigdom.<\/p>\n<p><strong>Kjelde<\/strong><\/p>\n<p>Nasjonalbiblioteket i Oslo, H\u00e5ndskriftsamlingen, Ms.4\u00b0 57:<br \/>\nAlbert Hatting: <em>Fors\u00f8g til en Pr\u00e6stehistorie eller nogenlunde Efterretning om det Bergenske Cleresie<\/em>. 3. Deel. Om Jostedalen side 115. [<a href=\"http:\/\/www.historielaget.jostedal.no\/?page_id=1080\">digital utg\u00e5ve<\/a>]<\/p>\n","protected":false},"excerpt":{"rendered":"<p>Matthias Foss, er f\u00f8d i Ki\u00f8benhavn d. 8. Martii 1714. I Hans Alders 1. Aar blev Han en Discipel av Sor\u00f8e Skole, blev derfra dimitteret med Magstr(?) Johan Snedorffs testimonio 1733. Blev ved Academiet til 1739. Reiste samme Aar til Norge og Aaret derpaa til Khavn(?) [K\u00f8benhavn?] sluttede sit Academiske L\u00f8b 1741 og blev beskikket [&hellip;]<\/p>\n","protected":false},"author":2,"featured_media":0,"parent":2606,"menu_order":1,"comment_status":"open","ping_status":"open","template":"","meta":{"ngg_post_thumbnail":0,"footnotes":""},"class_list":["post-1120","page","type-page","status-publish","hentry"],"_links":{"self":[{"href":"https:\/\/www.historielaget.jostedal.no\/index.php?rest_route=\/wp\/v2\/pages\/1120","targetHints":{"allow":["GET"]}}],"collection":[{"href":"https:\/\/www.historielaget.jostedal.no\/index.php?rest_route=\/wp\/v2\/pages"}],"about":[{"href":"https:\/\/www.historielaget.jostedal.no\/index.php?rest_route=\/wp\/v2\/types\/page"}],"author":[{"embeddable":true,"href":"https:\/\/www.historielaget.jostedal.no\/index.php?rest_route=\/wp\/v2\/users\/2"}],"replies":[{"embeddable":true,"href":"https:\/\/www.historielaget.jostedal.no\/index.php?rest_route=%2Fwp%2Fv2%2Fcomments&post=1120"}],"version-history":[{"count":2,"href":"https:\/\/www.historielaget.jostedal.no\/index.php?rest_route=\/wp\/v2\/pages\/1120\/revisions"}],"predecessor-version":[{"id":1122,"href":"https:\/\/www.historielaget.jostedal.no\/index.php?rest_route=\/wp\/v2\/pages\/1120\/revisions\/1122"}],"up":[{"embeddable":true,"href":"https:\/\/www.historielaget.jostedal.no\/index.php?rest_route=\/wp\/v2\/pages\/2606"}],"wp:attachment":[{"href":"https:\/\/www.historielaget.jostedal.no\/index.php?rest_route=%2Fwp%2Fv2%2Fmedia&parent=1120"}],"curies":[{"name":"wp","href":"https:\/\/api.w.org\/{rel}","templated":true}]}}