{"id":1146,"date":"2010-02-25T20:01:04","date_gmt":"2010-02-25T18:01:04","guid":{"rendered":"http:\/\/www.historielaget.jostedal.no\/?page_id=1146"},"modified":"2025-04-12T11:55:57","modified_gmt":"2025-04-12T09:55:57","slug":"avtaksforretningar-1742","status":"publish","type":"page","link":"https:\/\/www.historielaget.jostedal.no\/?page_id=1146","title":{"rendered":"Avtaksforretningar i Jostedalen (1742)"},"content":{"rendered":"<p><a href=\"http:\/\/www.historielaget.jostedal.no\/wordpress\/wp-content\/upLoads\/1742-tingbok.jpg\"><img decoding=\"async\" class=\"alignleft size-medium wp-image-1493\" title=\"Tingbokside 1742\" src=\"http:\/\/www.historielaget.jostedal.no\/wordpress\/wp-content\/upLoads\/1742-tingbok-300x60.jpg\" alt=\"Tingbokside 1742\" width=\"370\" srcset=\"https:\/\/www.historielaget.jostedal.no\/wordpress\/wp-content\/upLoads\/1742-tingbok-300x60.jpg 300w, https:\/\/www.historielaget.jostedal.no\/wordpress\/wp-content\/upLoads\/1742-tingbok-150x30.jpg 150w, https:\/\/www.historielaget.jostedal.no\/wordpress\/wp-content\/upLoads\/1742-tingbok-1024x207.jpg 1024w, https:\/\/www.historielaget.jostedal.no\/wordpress\/wp-content\/upLoads\/1742-tingbok.jpg 1818w\" sizes=\"(max-width: 300px) 100vw, 300px\" \/><\/a><\/p>\n<p><a href=\"http:\/\/www.historielaget.jostedal.no\/wordpress\/wp-content\/upLoads\/1742-avtaksforretningar-avskrift.pdf\">Dokument om avtaksforretningane 20.-23.8.1742 &#8211; avskrift <\/a>\u00a0(25.2.2012)<\/p>\n<p><strong>Bakgrunn og gjennomf\u00f8ring<\/strong><\/p>\n<p>I dagane 20.-23. august 1742 vart det halde \u00e5stads- og avtaksforretning i Jostedalen der naturskadane p\u00e5 fleire gardar skulle dokumenterast og vurderast. Dette skulle danna grunnlaget for skatteavtak (nedsetjing). Det vart halde avtaksforretningar p\u00e5\u00a0<a href=\"http:\/\/lokalhistoriewiki.no\/index.php\/Ormberg_(Jostedalen)\"><strong>Ormberg<\/strong> <\/a>(flaumskade), <a href=\"http:\/\/lokalhistoriewiki.no\/index.php\/%C3%85sen_(Jostedalen)\"><strong>\u00c5sen<\/strong> <\/a>(fjellskred), <a href=\"http:\/\/lokalhistoriewiki.no\/index.php\/Elvekrok_(Jostedalen)\"><strong>Elvekrok<\/strong> <\/a>(flaum og breskade), <a href=\"http:\/\/lokalhistoriewiki.no\/index.php\/Bergset_(Jostedalen)\"><strong>Bergset<\/strong> <\/a>(breskade) og <a href=\"http:\/\/lokalhistoriewiki.no\/index.php\/Mj%C3%B8lver_(Jostedalen)\"><strong>Mj\u00f8lver<\/strong> <\/a>(breskade).<\/p>\n<p>Skatteforordninga for Noreg opna for at eigarar av gardar som var r\u00e5ka av flaum eller fjellskred kunne s\u00f8kje om \u00e5 redusert skatten etter ei viss prosedyre, og denne prosedyren vart f\u00f8lgt i saka om jostedalsgardane.\u00a0Jordeigaren i Jostedalen, den s\u00f8kkrike Hafslo-presten <a href=\"http:\/\/lokalhistoriewiki.no\/index.php\/Christopher_Munthe\">Christopher Munthe<\/a>, s\u00f8kte i eit brev 2.4.1742 stiftsamtmann <a href=\"http:\/\/www.lokalhistoriewiki.no\/index.php\/Jonas_Lym\">Jonas Lym<\/a> om at det vart halde avtaksforretningar for desse gardane. Lym gav ordre til futen om at avtaksforretningane skulle gjennomf\u00f8rast i ein resolusjon 30.4.1742 (b\u00e5de brevet og resolusjonen er med i avskrifta).<\/p>\n<p>P\u00e5 avtaksforretninga m\u00f8tte futen for Ytre og Indre Sogn, <a href=\"http:\/\/lokalhistoriewiki.no\/index.php\/Ananias_Christopher_Harberg\">Ananias Harberg<\/a>, sorenskrivaren for Indre Sogn, <a href=\"http:\/\/lokalhistoriewiki.no\/index.php\/Georg_Burchard_Jersin_(1696-1746)\">Georg B. Jersin<\/a>, og dei seks lokale synsmennene, som var lagrettemennene Ole Bj\u00f8rk, <a href=\"http:\/\/lokalhistoriewiki.no\/index.php\/Rasmus_Jensson_Kruna\">Rasmus Kronen<\/a>, <a href=\"http:\/\/lokalhistoriewiki.no\/index.php\/Halvor_Larsson_Espe\">Halvor Espe<\/a>, <a href=\"http:\/\/www.lokalhistoriewiki.no\/index.php\/Christopher_Christopherson_Leirdal\">Christopher Bakken<\/a>, Ole Vamberg og Claus Bruheim.<\/p>\n<p>Den andre jordeigaren var <a href=\"http:\/\/www.lokalhistoriewiki.no\/index.php\/Anders_Olson_%C3%85sen\">enkja Anna \u00c5sen<\/a>, som ikkje \u00e5tte \u00c5sen, men ein part i Mj\u00f8lver (Bj\u00f8rkehaugen). Leiglendingane (oppsitjarane) som m\u00f8tte for retten, var <a href=\"http:\/\/lokalhistoriewiki.no\/index.php\/Anders_Erikson_Ormberg\">Anders Ormberg<\/a>, Anna \u00c5sen, Anders Andersson Bergset og\u00a0Sjur Olson Elvekrok. I Mj\u00f8lver m\u00f8tte Lage Andersson \u00c5sen p\u00e5 vegne av mora Anna. P\u00e5 Bergset vitna dessutan <a href=\"http:\/\/www.lokalhistoriewiki.no\/index.php\/Ole_Knutson_Grov\">Ole Grov<\/a>. Dei to attverande brukarane p\u00e5 dei tre medfarne bruka i Mj\u00f8lver ser ikkje ut til \u00e5 ha m\u00f8tt sj\u00f8lv, det var husmannen Knut Mathisen og leiglendingen Ole Ottoson.<\/p>\n<p><strong>Vidare sakshandsaming<\/strong><\/p>\n<p>Avtaksforretningane vart godkjende p\u00e5 hausttinget for Luster og Jostedalen skipreide 5.-7.11.1742 der det \u00f2g vart teke opp eit tingsvitne fr\u00e5 ni gardbrukarar i fremste Jostedalen om sviktande avlingar. Dette var i utgangspunktet ikkje ein del av saka om avtaksforretningane, men vart teke med av futen Harberg d\u00e5 han 6.12.1742 sende heile saka over til stiftsamtmannen (sj\u00e5 dokumenta i avtaksforretningane). Saka vart motteken av stiftsamtmannen 18.12. og sendt vidare til Rentekammeret 25.12.1742.<\/p>\n<p><strong>Resultat<\/strong><\/p>\n<p>I Rentekammeret vart saka handsama i lag med ei rekkje andre avtaksforretningar for Bergens stift &#8211; i alt 21 gardar. Saksutgreiinga i Rentekammeret er datert 12.9.1743, og den kongelege resolusjonen som godkjende avtaka vart utferda 30.9.1743.<\/p>\n<p>Alle gardane fekk nedsett b\u00e5de\u00a0landskyld, skatt, leidang og tiende i tr\u00e5d med konklusjonane i \u00e5stadsforretningane. Om me held oss til skatten, vart den sett ned med 25 prosent p\u00e5 Ormberg, 14 prosent i \u00c5sen, 60 prosent p\u00e5 Bergset og 50 prosent i Elvekrok. Skatten for Mj\u00f8lver vart samla sett ned med 60 prosent. Men her var det tre bruk, og avtaket galdt berre dei to fr\u00e5flytte bruka. Nigard vart stroken heilt av matrikkelen medan Bj\u00f8rkehaugen fekk skatten redusert med 78 prosent. Det tredje bruket, Mj\u00f8lver, vart rekna som uskadd og vart st\u00e5ande p\u00e5 same skyld som f\u00f8r.<\/p>\n<p>Skatteavtaka var mellombels, men vart st\u00e5ande heilt til det kom ein heilt ny <a href=\"http:\/\/www.historielaget.jostedal.no\/?page_id=2059\">matrikkel i 1838<\/a>.<\/p>\n<p><strong>Seinare omtaler og avskrifter<\/strong><\/p>\n<p>Avtaksforretningane vart f\u00f8rte detaljert inn i tingboka, og dei delane som gjeld Bergset og Mj\u00f8lver har vore ei hovudkjelde til kunnskapen om framrykkinga til Tuftebreen i Krundalen og Nigardsbreen. Dei vart fyrst refererte av\u00a0<a href=\"http:\/\/www.historielaget.jostedal.no\/?page_id=1482\">Matthias Foss<\/a>, som kunne leggja til korleis Nigardsbreen hadde utvikla seg mellom 1742 og 1750.<\/p>\n<p>Fyrste gongen lengre sitat av avtaksforretningane stod p\u00e5 prent, var i\u00a0<a href=\"http:\/\/www.historielaget.jostedal.no\/?page_id=124\">artikkelen til Gottfred Bohr i 1820<\/a>. Ogs\u00e5\u00a0<a href=\"http:\/\/www.historielaget.jostedal.no\/?page_id=300\">Jon Laberg\u00a0<\/a>(1939 og 1944) og T. O. Eide (1955) har lengre sitat fr\u00e5 avtaksforretningane, og det er referata og avskriftene av tingb\u00f8kene i desse kjeldene er seinare er nytta i ei rekkje arbeid om breane og den vesle istida i Jostedalen.<\/p>\n<p>Det har likevel mangla ei fullstendig og n\u00f8yaktig avskrift av den originale tingboka, og ei slik ligg no f\u00f8re her (fyrste gong publisert her i november 2010). Ho er gjort etter den originale tingboka, med eit sideblikk til tidlegare avskrifter.<\/p>\n<p>Heilt nytt her er dei andre dokumenta i saka. Det vil seie brevet og resolusjonen som l\u00e5g til grunn for avtaksforretningane, tingsvitnet fr\u00e5 november 1742, oversendingbrevet til futen og saksdokumenta fr\u00e5 Rentekammeret (sj\u00e5 avskrifta).<\/p>\n<p>I kj\u00f8lvatnet av avtaksforretningane kom det opp to andre n\u00e6rskylde saker:<br \/>\n# <a href=\"http:\/\/www.historielaget.jostedal.no\/?page_id=1425\">Sak om skattefritak for ni b\u00f8nder i Krundalen og Mj\u00f8lverdalen (1742-43)<\/a><br \/>\n# <a href=\"http:\/\/www.historielaget.jostedal.no\/?page_id=1130\">Sak om naudhjelp til Jostedalen (1743)<\/a><\/p>\n<p><strong>Kjelder og litteratur<\/strong><\/p>\n<p><a href=\"http:\/\/www.arkivverket.no\/URN:rg_read\/30761\/154?size=bigger&amp;mode=0\">Tingbok nr. 34, fol.\u00a0 153a ff <\/a>(skanna original, Arkivverket)<\/p>\n<p>Bohr, Gottfred. (1820). <em>Om Iisbr\u00e6erne i Justedalen og om Lodalskaabe.<\/em> S\u00e6rtrykk av Blandinger, eller L\u00e6sning for begge Kj\u00f6n. Et H\u00e6fteskrift. Christiania. [<a href=\"http:\/\/www.historielaget.jostedal.no\/?page_id=124\">fulltekst<\/a>]<\/p>\n<p>Eide, T. O. (1955). Breden og bygda. <em>Norveg. Tidskrift for folkelivsgransking, <\/em>side 21-23. [<a href=\"http:\/\/www.historielaget.jostedal.no\/?page_id=307\">fulltekst<\/a>]\u00a0(den mest omfattande omtala av avtaksforretningane)<\/p>\n<p>Hoel, Oddmund L. (2013). Offentlege krisetiltak i Jostedalen 1742-43. <em>Heimen<\/em> (nr. 1), 65-83. [<a href=\"http:\/\/www.krundalen.no\/blogg\/?page_id=1059\">omtale<\/a>]<\/p>\n","protected":false},"excerpt":{"rendered":"<p>Dokument om avtaksforretningane 20.-23.8.1742 &#8211; avskrift \u00a0(25.2.2012) Bakgrunn og gjennomf\u00f8ring I dagane 20.-23. august 1742 vart det halde \u00e5stads- og avtaksforretning i Jostedalen der naturskadane p\u00e5 fleire gardar skulle dokumenterast og vurderast. Dette skulle danna grunnlaget for skatteavtak (nedsetjing). Det vart halde avtaksforretningar p\u00e5\u00a0Ormberg (flaumskade), \u00c5sen (fjellskred), Elvekrok (flaum og breskade), Bergset (breskade) og Mj\u00f8lver [&hellip;]<\/p>\n","protected":false},"author":2,"featured_media":0,"parent":1132,"menu_order":5,"comment_status":"open","ping_status":"open","template":"","meta":{"ngg_post_thumbnail":0,"footnotes":""},"class_list":["post-1146","page","type-page","status-publish","hentry"],"_links":{"self":[{"href":"https:\/\/www.historielaget.jostedal.no\/index.php?rest_route=\/wp\/v2\/pages\/1146","targetHints":{"allow":["GET"]}}],"collection":[{"href":"https:\/\/www.historielaget.jostedal.no\/index.php?rest_route=\/wp\/v2\/pages"}],"about":[{"href":"https:\/\/www.historielaget.jostedal.no\/index.php?rest_route=\/wp\/v2\/types\/page"}],"author":[{"embeddable":true,"href":"https:\/\/www.historielaget.jostedal.no\/index.php?rest_route=\/wp\/v2\/users\/2"}],"replies":[{"embeddable":true,"href":"https:\/\/www.historielaget.jostedal.no\/index.php?rest_route=%2Fwp%2Fv2%2Fcomments&post=1146"}],"version-history":[{"count":35,"href":"https:\/\/www.historielaget.jostedal.no\/index.php?rest_route=\/wp\/v2\/pages\/1146\/revisions"}],"predecessor-version":[{"id":3700,"href":"https:\/\/www.historielaget.jostedal.no\/index.php?rest_route=\/wp\/v2\/pages\/1146\/revisions\/3700"}],"up":[{"embeddable":true,"href":"https:\/\/www.historielaget.jostedal.no\/index.php?rest_route=\/wp\/v2\/pages\/1132"}],"wp:attachment":[{"href":"https:\/\/www.historielaget.jostedal.no\/index.php?rest_route=%2Fwp%2Fv2%2Fmedia&parent=1146"}],"curies":[{"name":"wp","href":"https:\/\/api.w.org\/{rel}","templated":true}]}}