{"id":115,"date":"2007-05-18T22:03:35","date_gmt":"2007-05-18T20:03:35","guid":{"rendered":"http:\/\/www.historielaget.jostedal.no\/?page_id=115"},"modified":"2025-04-14T18:27:38","modified_gmt":"2025-04-14T16:27:38","slug":"visitasforordning-1322-23","status":"publish","type":"page","link":"https:\/\/www.historielaget.jostedal.no\/?page_id=115","title":{"rendered":"Visitasforordning 1322-23"},"content":{"rendered":"<p><strong>Originaltekst<\/strong><\/p>\n<p>Sj\u00e5\u00a0<a href=\"https:\/\/www.dokpro.uio.no\/cgi-bin\/middelalder\/diplom_vise_tekst.cgi?b=6654&amp;s=n&amp;str=\">Diplomatarium Norvegicum, bd. 7,\u00a0nr. 98, side 114-115<\/a>.<\/p>\n<p><strong>Omsetjing<\/strong><\/p>\n<p>Fr\u00e5\u00a0<a href=\"https:\/\/www.dokpro.uio.no\/cgi-bin\/middelalder\/regest_vise_tekst_2020.cgi?b=3646&amp;s=n&amp;str=\">Regesta Norvegica, bd, 4,\u00a0nr. 254, side 111<\/a>:<\/p>\n<p>Nr. 254, [1322-23?][1], [Bergen?]<\/p>\n<p>Notat i biskopen av Bergens kopibok: Plan for biskopens visitas i Nordfjord, Sunnfjord og Sogn, med opplysninger om hvor lenge han skal oppholde seg p\u00e5 hvert sted, om hva han der skal ha av bjor, mung\u00e5t, vin, mat og krydder, og om hvem som skal skaffe dette til veie:<br \/>\nNord i Eid 4 netter; sira Gudleik og de som er oppnevnt sammen med ham skal holde kosten.<br \/>\nP\u00e5 Vereide [i Gloppen] 3 netter; sira B\u00e5rd p\u00e5 Re [i Breim], sira Vemund og Kolbein og prestene p\u00e5 Helgeim og \u00c5lhus [begge i J\u00f8lster] skal holde kosten.<br \/>\nI Bru [= Svan\u00f8y sogn i Kinn] 2 netter; sira Sigurd i Kinn, sira Jon i Naustdal, sira Steinar og Arnfinn skal holde kosten.<br \/>\nP\u00e5 Askvoll 3 netter; arvingen til sira Flose og sira Arnstein, Torstein i Vik [sogn i Gaular], Sigurd i Kvamme [= Bygstad sogn] og Geirmund skal holde kosten.<br \/>\nI Sogn: F\u00f8rst p\u00e5 Stedje [i Sogndal] 4 netter; sira Arne, sira Andres p\u00e5 Nes [i Luster], sira Tore i Hafslo, sira Arne p\u00e5 Dale [i Luster] og sira Erlend p\u00e5 Urnes [i Hafslo] skal holde kosten.<br \/>\nP\u00e5 T\u00f8njum [i L\u00e6rdal] 4 netter; sira Erlend, sira Olav, sira Bj\u00f8rn p\u00e5 Fortun [i Luster], sira Dagfinn i \u00c5rdal, Asle prest i Jostedal og Basse prest p\u00e5 \u00c6ri [i L\u00e6rdal] skal holde kosten.<br \/>\nI Aurland 2 netter; sira Halldor p\u00e5 Rygg [i Aurland], Hallvard p\u00e5 Ylmeim [= Norum sogn i Sogndal], sira Ormstein p\u00e5 Nj\u00f8s [i Leikanger] og Erling p\u00e5 Fedje [= Feios sogn i Leikanger] skal holde kosten.<br \/>\nI Vik 2 netter; sira Kolbein i Vik, sira B\u00e5rd p\u00e5 Leikanger, sira Jardar p\u00e5 Austreim [= Kyrkjeb\u00f8 sogn] og ombudsmannen for Ten\u00e5l kirke [i Vik] skal holde kosten.<\/p>\n<p>Avskr: KglBiblKbh \u2013 E don var fol 1 Barth E s 176-179; AM ApogrNorv \u2013 Kbh.<br \/>\nTrykt: DN VII nr 98; Bj\u00f6rgynjarK\u00e1lfskinn s 88-89.<\/p>\n<p>[Note 1] St\u00e5r mellom et brev fra 1321 og et fra 1324 i avskriften.<\/p>\n<p><strong>Kravstor bisp!<\/strong><\/p>\n<p>Historikaren Andreas Holmsen har kommentert reiseplanen til biskopen i Bergen slik:<\/p>\n<p>Av dette skriftstykket gjeng det fram at bispen skulde taka inn p\u00e5 fire prestegardar og i det heile vera 12 d\u00f8ger i Sogn. Til \u00e5 f\u00f8da bispen, fylgjet og gjestene hans i denne tidi laut 18 av prestane og noko fleire av kyrkjone ut med denne kosten: 48 tunnor bjor (eit sterkt, gjerne innf\u00f8rt \u00f8l), 60 skippund mung\u00e5t (heimebryggja \u00f8l), 3 tunnor vin, 12 skippund br\u00f8d, og sm\u00f8r, annan bukost og krydd i h\u00f8ve til det. Heile kostytingi synest verdsett til 240 laupar sm\u00f8r; det vil etter kostreglementet for leidangskarane segja mat til 600 mann og etter ei kostrekning me hev for ein prest i Sogn, til 360 kykjefolk i 12 dagar. End\u00e5 um kostytingi visst er \u00e5 rekna for ein skatt, gjev desse tali likevel eit levande bilete av den yvervelduge makti kyrkjefyrsten i Bergen lyt ha representert b\u00e5de for undermennene sine i kyrkja og for folket kring um i bygdene.<\/p>\n<p>Andreas Holmsen: \u00d8konomisk og administrativ historie. I: Hans Aall (red.), <em>Norske bygder.\u00a0Sogn <\/em>(bd. 4). Bergen 1937, s. 61. [<a href=\"https:\/\/urn.nb.no\/URN:NBN:no-nb_digibok_2017112148025\">Digital utg\u00e5ve, s\u00e6rprent av artikkelen, Nasjonalbiblioteket<\/a>]<\/p>\n","protected":false},"excerpt":{"rendered":"<p>Originaltekst Sj\u00e5\u00a0Diplomatarium Norvegicum, bd. 7,\u00a0nr. 98, side 114-115. Omsetjing Fr\u00e5\u00a0Regesta Norvegica, bd, 4,\u00a0nr. 254, side 111: Nr. 254, [1322-23?][1], [Bergen?] Notat i biskopen av Bergens kopibok: Plan for biskopens visitas i Nordfjord, Sunnfjord og Sogn, med opplysninger om hvor lenge han skal oppholde seg p\u00e5 hvert sted, om hva han der skal ha av bjor, [&hellip;]<\/p>\n","protected":false},"author":2,"featured_media":0,"parent":134,"menu_order":3,"comment_status":"open","ping_status":"open","template":"","meta":{"ngg_post_thumbnail":0,"footnotes":""},"class_list":["post-115","page","type-page","status-publish","hentry"],"_links":{"self":[{"href":"https:\/\/www.historielaget.jostedal.no\/index.php?rest_route=\/wp\/v2\/pages\/115","targetHints":{"allow":["GET"]}}],"collection":[{"href":"https:\/\/www.historielaget.jostedal.no\/index.php?rest_route=\/wp\/v2\/pages"}],"about":[{"href":"https:\/\/www.historielaget.jostedal.no\/index.php?rest_route=\/wp\/v2\/types\/page"}],"author":[{"embeddable":true,"href":"https:\/\/www.historielaget.jostedal.no\/index.php?rest_route=\/wp\/v2\/users\/2"}],"replies":[{"embeddable":true,"href":"https:\/\/www.historielaget.jostedal.no\/index.php?rest_route=%2Fwp%2Fv2%2Fcomments&post=115"}],"version-history":[{"count":2,"href":"https:\/\/www.historielaget.jostedal.no\/index.php?rest_route=\/wp\/v2\/pages\/115\/revisions"}],"predecessor-version":[{"id":3805,"href":"https:\/\/www.historielaget.jostedal.no\/index.php?rest_route=\/wp\/v2\/pages\/115\/revisions\/3805"}],"up":[{"embeddable":true,"href":"https:\/\/www.historielaget.jostedal.no\/index.php?rest_route=\/wp\/v2\/pages\/134"}],"wp:attachment":[{"href":"https:\/\/www.historielaget.jostedal.no\/index.php?rest_route=%2Fwp%2Fv2%2Fmedia&parent=115"}],"curies":[{"name":"wp","href":"https:\/\/api.w.org\/{rel}","templated":true}]}}