{"id":117,"date":"2007-05-18T22:19:45","date_gmt":"2007-05-18T20:19:45","guid":{"rendered":"http:\/\/www.historielaget.jostedal.no\/?page_id=117"},"modified":"2025-04-15T23:23:08","modified_gmt":"2025-04-15T21:23:08","slug":"skatteliste-1596","status":"publish","type":"page","link":"https:\/\/www.historielaget.jostedal.no\/?page_id=117","title":{"rendered":"Presteskatten 1596"},"content":{"rendered":"<p><a href=\"https:\/\/www.historielaget.jostedal.no\/wordpress\/wp-content\/upLoads\/1596-utsnitt.jpg\"><img loading=\"lazy\" decoding=\"async\" class=\"alignleft  wp-image-1195\" src=\"https:\/\/www.historielaget.jostedal.no\/wordpress\/wp-content\/upLoads\/1596-utsnitt-300x75.jpg\" alt=\"\" width=\"348\" height=\"87\" srcset=\"https:\/\/www.historielaget.jostedal.no\/wordpress\/wp-content\/upLoads\/1596-utsnitt-300x75.jpg 300w, https:\/\/www.historielaget.jostedal.no\/wordpress\/wp-content\/upLoads\/1596-utsnitt-150x37.jpg 150w, https:\/\/www.historielaget.jostedal.no\/wordpress\/wp-content\/upLoads\/1596-utsnitt-1024x258.jpg 1024w\" sizes=\"auto, (max-width: 348px) 100vw, 348px\" \/><\/a><\/p>\n<p>&nbsp;<\/p>\n<p>&nbsp;<\/p>\n<p>&nbsp;<\/p>\n<p><a href=\"https:\/\/www.historielaget.jostedal.no\/wordpress\/wp-content\/upLoads\/1596-skattelista.pdf\">Originaldokumentet, skanna<\/a><\/p>\n<p><strong>Avskrift <\/strong><\/p>\n<p>Thisse effterschreffuenne b\u00f8nder ligger vnder J\u00f8stedals copell som er en \u00f8dedall nyligen optagen liggendis 3 eller 4 store mile weigs op till fieldz och giffuer theris sogneprest aarligen til szin vnderholdning aff theris egidt eptherdj ther ellers jngen wissze jndkompst endnu aff Kongelig Mayestet er forordnit eller thill laugt anthen kircken eller presten szammestedz som effterf\u00f8lger<\/p>\n<p>Anders Mycklemyre \u00bd wog ost<br \/>\nOlluff Neder Mycklemyr 2 giedschind<br \/>\nOlluff Aareb\u00f8e 2 giedschind<br \/>\nEnner paa Faas 4 meler korn<br \/>\nRagnildt i Aas 4 meler korn<br \/>\nJoen offuer broen 2 giedschindt<br \/>\nMarithe i Leien \u00bd wog ost<br \/>\nSelbi\u00f8rn N 2 giedschindt<br \/>\nLauridz i Krigen 1 faar<br \/>\nPoull ibidem 1 faar<br \/>\nElling paa Kieppe 1 faar<br \/>\nJohans paa Espe 18 merker \u00bd pund ost<br \/>\nEncken paa Fladejordt 1 pund oste<br \/>\nEnner i Kronen 18 merker sm\u00f8r \u00bd pund oste<br \/>\nJohans R\u00f8g ibidem 1 faar<br \/>\nLasze Kronnedall \u00bd wog ost<br \/>\nHelge ibidem \u00bd wog ost<br \/>\nEndre ibidem \u00bd l\u00f8b sm\u00f8r<br \/>\nChristoffuer ibidem 2 giedschindt<br \/>\nOlluff Schomager 2 giedechindt<br \/>\nLas Mieluer 18 merker sm\u00f8r \u00bd pund oste<br \/>\nAnders ibidem 18 merker sm\u00f8r \u00bd pund oste<br \/>\nHans i Lijdt 2 giedschindt<br \/>\nPouell paa Faaberg 4 meler korn<br \/>\nHalffuor ibidems 4 meler korn<\/p>\n<p>Jthem bekommer huerken kircken eller presten nogen thiende till deris opholdt och vnderholding \\fordi\/ forschreffuenne dall eller sognne, effterdj kornit och seden kommer megidt till schade och bordt fryis eptherdj det ligger saa langt op till fieldzs.<\/p>\n<p>Summa paa forschreffuenne J\u00f8stedals prestis jndkompst och vnderholdning bel\u00f8ber<\/p>\n<p>Korn 1 \u00bd th\u00f8nde 1 mell<br \/>\nSm\u00f8r 1 \u00bd l\u00f8ber<br \/>\nOste 3 woger<br \/>\nGiedschindt 1 deger 4 schind<br \/>\nFaar 3<\/p>\n<p><strong>Kjelde<\/strong><\/p>\n<p>Original i Statsarkivet i Bergen, Bj\u00f8rgvin biskop, jordeb\u00f8ker for geistleg gods 1, 1598.<\/p>\n<p>Avskrifta ovanfor etter avskrift\u00a0i <em>Norske kyrkjelege jordeb\u00f8ker etter reformasjonen III. Jordebok for Bergen bisped\u00f8mme ca. 1600. Med jordebok for hospitalet i Bergen ca. 1617-21. <\/em>Ved Ole-J\u00f8rgen Johannessen. Riksarkivet. Oslo 2000. Side 161-162. [<a href=\"https:\/\/urn.nb.no\/URN:NBN:no-nb_digibok_2017021048729\">Digital utg\u00e5ve, Nasjonalbiblioteket<\/a>]<\/p>\n<p><strong>Merknad<\/strong><\/p>\n<p>Dette er den eldste skriftlege kjelda ein har fr\u00e5 Jostedalen etter svartedauden og \u00f8ydetida. Det er ei liste over skatteinntektene som l\u00e5g til presten og kyrkja, og ein kan her lese kva b\u00f8ndene i Jostedalen heitte p\u00e5 denne tida og kva gardar som det budde skattepliktige b\u00f8nder p\u00e5. Det st\u00e5r \u00f2g interessante opplysningar her om at dalen nyleg er oppattrydda, om frost\u00e5r og om skatteinntektene til kyrkje og prest.<\/p>\n<p>P\u00e5 fyrste sida i jordeboka st\u00e5r \u00e5rstalet 1585, og somme har lagt denne dateringa til grunn. Det gjeld\u00a0til d\u00f8mes Arne Kvitrud som \u00f2g dr\u00f8ftar dateringa, og Alfred Espe (i <em>Jostedalen fr\u00e5 istid til sj\u00f8lveigartid<\/em>). Om dateringa skriv Ole-J\u00f8rgen Johannessen: &laquo;Mest entydig med hensyn til datering er den store delen som omfatter kirkens og prestens gods i stiftet [m.a. lista fr\u00e5 Jostedalen]. I nordfjorddelen, sunnfjorddelen og sognedelen henvises det en rekke ganger til tienden i 96 eller tienden i dette \u00e5ret 96, og det m\u00e5 uten tvil v\u00e6re slik at det lokale grunnlaget for listene over fabrica- og mensalgodset er blitt utarbeidet i 1596 (&#8230;).&raquo;<\/p>\n<p>I boka til Espe er ei avskrift av Kvitrud prenta medan lista ovanfor er attgjeven etter den vitskaplege utg\u00e5va til Johannessen 2000. Det er likevel gjort to forenklingar i h\u00f8ve til bokutg\u00e5va: Kontraksjonar (samantrekningar av ord) som er skrivne heilt ut, er ikkje markerte med kursiv slik dei er i boka, og det er brukt vanlege tal i staden for romartal.<\/p>\n<p>Avskrifta vart truleg publisert fyrste gong av <a href=\"http:\/\/www.historielaget.jostedal.no\/?page_id=86\">Just Bing i 1909<\/a>.<\/p>\n","protected":false},"excerpt":{"rendered":"<p>&nbsp; &nbsp; &nbsp; Originaldokumentet, skanna Avskrift Thisse effterschreffuenne b\u00f8nder ligger vnder J\u00f8stedals copell som er en \u00f8dedall nyligen optagen liggendis 3 eller 4 store mile weigs op till fieldz och giffuer theris sogneprest aarligen til szin vnderholdning aff theris egidt eptherdj ther ellers jngen wissze jndkompst endnu aff Kongelig Mayestet er forordnit eller thill laugt [&hellip;]<\/p>\n","protected":false},"author":2,"featured_media":0,"parent":459,"menu_order":2,"comment_status":"open","ping_status":"open","template":"","meta":{"ngg_post_thumbnail":0,"footnotes":""},"class_list":["post-117","page","type-page","status-publish","hentry"],"_links":{"self":[{"href":"https:\/\/www.historielaget.jostedal.no\/index.php?rest_route=\/wp\/v2\/pages\/117","targetHints":{"allow":["GET"]}}],"collection":[{"href":"https:\/\/www.historielaget.jostedal.no\/index.php?rest_route=\/wp\/v2\/pages"}],"about":[{"href":"https:\/\/www.historielaget.jostedal.no\/index.php?rest_route=\/wp\/v2\/types\/page"}],"author":[{"embeddable":true,"href":"https:\/\/www.historielaget.jostedal.no\/index.php?rest_route=\/wp\/v2\/users\/2"}],"replies":[{"embeddable":true,"href":"https:\/\/www.historielaget.jostedal.no\/index.php?rest_route=%2Fwp%2Fv2%2Fcomments&post=117"}],"version-history":[{"count":9,"href":"https:\/\/www.historielaget.jostedal.no\/index.php?rest_route=\/wp\/v2\/pages\/117\/revisions"}],"predecessor-version":[{"id":3882,"href":"https:\/\/www.historielaget.jostedal.no\/index.php?rest_route=\/wp\/v2\/pages\/117\/revisions\/3882"}],"up":[{"embeddable":true,"href":"https:\/\/www.historielaget.jostedal.no\/index.php?rest_route=\/wp\/v2\/pages\/459"}],"wp:attachment":[{"href":"https:\/\/www.historielaget.jostedal.no\/index.php?rest_route=%2Fwp%2Fv2%2Fmedia&parent=117"}],"curies":[{"name":"wp","href":"https:\/\/api.w.org\/{rel}","templated":true}]}}