{"id":1173,"date":"2010-03-03T10:36:36","date_gmt":"2010-03-03T08:36:36","guid":{"rendered":"http:\/\/www.historielaget.jostedal.no\/?page_id=1173"},"modified":"2025-04-12T23:44:54","modified_gmt":"2025-04-12T21:44:54","slug":"prestes%c3%b8knaden-til-matthias-foss-1741","status":"publish","type":"page","link":"https:\/\/www.historielaget.jostedal.no\/?page_id=1173","title":{"rendered":"Prestes\u00f8knaden og kallsbrevet til M. Foss (1741)"},"content":{"rendered":"<p><a href=\"http:\/\/www.historielaget.jostedal.no\/wordpress\/wp-content\/upLoads\/foss-soknad.pdf\">Originaldokument<\/a>\u00a0(2 Mb)<\/p>\n<p><strong>S\u00f8knad<\/strong><\/p>\n<p>Storm\u00e6gtigste Monarch!<br \/>\nAllernaadigste Konge!<\/p>\n<p>I dybeste underdanighed nedkaster ieg mig fattige Karl for min allernaadigste Kongis naade Krone, med min allerunderdanigste supliqve, om at nyde det lidet stykkebr\u00f8d og pr\u00e6stekald udj Bergens Stift, Giustedall[!] kaldet, saa baade een naadig b\u00f8nh\u00f8ring paa min allerunderdanigste supliqve, forsikrende paa, at ieg, ved Guds Aands bistand, skal blive een troe vegter paa Zions muur, der nat og dag skal vaage for de si\u00e6le, mig der kunde blive betroet, saa at, om min Allernaadigste Konge vilde med sit naadefulde giensvar finde for godt der at faa mig hiulpet, skal ieg saa ledis udj det mig der andfortroede embede findes, at alting skal blive upaaklagelig i alle maader.<\/p>\n<p>Ieg er i allerdybeste underdanighed min allernaadigste <a href=\"http:\/\/ordnet.dk\/ods\/opslag?id=422547\">arveherre <\/a>og Kongis.<\/p>\n<p>Ki\u00f8benhavn d 18 Aprill 1741;<br \/>\nallerunderdanigste undersaat og trolig forbroder<br \/>\nMatthias J\u00f8rgens\u00f8n Foss<\/p>\n<p><strong>Kallsbrev<\/strong><\/p>\n<p><em>218. Mathias J\u00f8rgensen Foss, kaldsbrev, at v\u00e6re Sognepr\u00e6st for Justedalens Pr\u00e6stegield<br \/>\n<\/em>G[j\u00f8r] a[lle] V[itterlig]. At Vi Allernaadigst have beskiket og forordned, fra og hermed beskike og forordne Mathias J\u00f8rgensen Foss, til at v\u00e6re Sognepr\u00e6st til Justedals Pr\u00e6stegield udj Bergens Stift i Vort Rige Norge, udj den forige Sognepr\u00e6st Rasmus Wibye, som Vi allernaadigst have befordret, til at v\u00e6re Sognepr\u00e6st til Kleps Pr\u00e6stegield i Christiansands Stift, hans sted, saafremt hand ellers, efter foregaaende Overh\u00f8relse, i L\u00e6rdom saa dygtig, i Liv og Levnet saa skickelig, og at den Alder, efter Loven, Lefnedes, at hannem Pr\u00e6diken Embedet kand betroes; Thi skal hand v\u00e6re Os, som sin absolut og souverain Arve Konge og herre, huld og troe, Vores og Vores Kongelig Arve-huuses Gavn og beste s\u00f8ge, vilde og ramme, skade og forderv af yderste magt, Evne og formue hindre, forekomme og afv\u00e6rge; I s\u00e6rdeeleshed skal hand samme hellige Embede troligen og Rettligen forestaa og betiene, samt icke for nogens Aabenbare, hvis samme hans Embede, dets forretninger Vedkommende og hemmelig b\u00f8r at holdes, men sig derudj, saavelsom udj alle Andre maader, saaledes skulde og forholde, som det een Gudelig og troe Si\u00e6les\u00f8rger samt Retsindig Pr\u00e6st vel egner og ansvarlig hand agter at ansvare og bekiendt v\u00e6re, efter den Eed, hand Os derpaa Allerunderanigst giort og aflagt haver Givet paa Os.<\/p>\n<p>Christiansborg dend 15de May 1741.<\/p>\n<p><strong>Kjelder<\/strong><\/p>\n<p><em>S\u00f8knad:<\/em> Riksarkivet, Danske Kanselli, Norske innlegg, pk. jan-juni 1741, 15.5.1741.<br \/>\n<em>Kallsbrev:<\/em> Riksarkivet, Danske Kanselli, Norske register, 15.5.1741, nr. 218, side 127. [<a href=\"https:\/\/media.digitalarkivet.no\/da20120920630257\">Digital utg\u00e5ve, Riksarkivet<\/a>]<\/p>\n<p><strong>Merknad<\/strong><\/p>\n<p>Foss har dagsett s\u00f8knaden 18. april 1741 og vart utnemnt\u00a015. mai. Utnemninga skjedde av kongen etter tilr\u00e5ding fr\u00e5 <a href=\"http:\/\/lokalhistoriewiki.no\/index.php\/Leksikon:Kanselliet\">Danske Kanselli<\/a>, som var regjeringskontoret i K\u00f8benhavn som stelte med det meste unnateke statsfinansane og milit\u00e6rvesenet. S\u00f8knaden til Foss er den einaste i saka, s\u00e5 han var truleg einaste s\u00f8kjar.<\/p>\n<p>Jostedalen hadde d\u00e5 vore utan prest i fleire \u00e5r.\u00a0Sokneprest sidan juli 1734,\u00a0<a href=\"http:\/\/lokalhistoriewiki.no\/index.php\/Rasmus_Wibye\">Rasmus Wibye<\/a>, heldt ikkje ut lenger enn til mai 1738 d\u00e5 han drog til K\u00f8benhavn for \u00e5 s\u00f8kje om andre embete. Wibye vart utnemnd til sokneprest i Klepp p\u00e5 J\u00e6ren 14. april 1741, og dermed kunne Foss fire dagar etter s\u00f8kje om embetet i Jostedalen som d\u00e5 formelt var ledig.<\/p>\n<p>Me kjenner ikkje til om Foss hadde s\u00f8kt andre embete eller kvifor han s\u00f8kte seg til Jostedalen.\u00a0Han var 27 \u00e5r og hadde nettopp teke teologisk embetseksamen d\u00e5 han s\u00f8kte. S\u00f8knaden er kort og formell, og avgrensar seg til vanlege faste formuleringar der han korkje skriv om seg sj\u00f8lv eller Jostedalen. Den rimelegaste forklaringa er nok at han ikkje hadde spesielle\u00a0ynske om \u00e5 kome seg\u00a0nettopp til Jostedalen. Han skal vore i <a href=\"http:\/\/www.historielaget.jostedal.no\/?page_id=1120\">Noreg 1739-40<\/a> og har iallfall vore p\u00e5 Kvikne i \u00d8sterdalen der systera Anne Margrethe hadde budd sidan ektemannen vart sokneprest i 1737. Det er iallfall ikkje noko tyder p\u00e5 at Foss visste stort om kva han gjekk til i Jostedalen. D\u00e5 kallet vart ledig, har han nok heller hoppa p\u00e5 ein sjanse som baud seg for ein nyutdanna teologisk kandidat.<\/p>\n<p>Det skulle g\u00e5 mest eit \u00e5r f\u00f8r Matthias Foss og kona Marie var p\u00e5 plass i Jostedalen og tok over kallet (7. april 1742).<\/p>\n","protected":false},"excerpt":{"rendered":"<p>Originaldokument\u00a0(2 Mb) S\u00f8knad Storm\u00e6gtigste Monarch! Allernaadigste Konge! I dybeste underdanighed nedkaster ieg mig fattige Karl for min allernaadigste Kongis naade Krone, med min allerunderdanigste supliqve, om at nyde det lidet stykkebr\u00f8d og pr\u00e6stekald udj Bergens Stift, Giustedall[!] kaldet, saa baade een naadig b\u00f8nh\u00f8ring paa min allerunderdanigste supliqve, forsikrende paa, at ieg, ved Guds Aands bistand, [&hellip;]<\/p>\n","protected":false},"author":2,"featured_media":0,"parent":2599,"menu_order":1,"comment_status":"open","ping_status":"open","template":"","meta":{"ngg_post_thumbnail":0,"footnotes":""},"class_list":["post-1173","page","type-page","status-publish","hentry"],"_links":{"self":[{"href":"https:\/\/www.historielaget.jostedal.no\/index.php?rest_route=\/wp\/v2\/pages\/1173","targetHints":{"allow":["GET"]}}],"collection":[{"href":"https:\/\/www.historielaget.jostedal.no\/index.php?rest_route=\/wp\/v2\/pages"}],"about":[{"href":"https:\/\/www.historielaget.jostedal.no\/index.php?rest_route=\/wp\/v2\/types\/page"}],"author":[{"embeddable":true,"href":"https:\/\/www.historielaget.jostedal.no\/index.php?rest_route=\/wp\/v2\/users\/2"}],"replies":[{"embeddable":true,"href":"https:\/\/www.historielaget.jostedal.no\/index.php?rest_route=%2Fwp%2Fv2%2Fcomments&post=1173"}],"version-history":[{"count":14,"href":"https:\/\/www.historielaget.jostedal.no\/index.php?rest_route=\/wp\/v2\/pages\/1173\/revisions"}],"predecessor-version":[{"id":3720,"href":"https:\/\/www.historielaget.jostedal.no\/index.php?rest_route=\/wp\/v2\/pages\/1173\/revisions\/3720"}],"up":[{"embeddable":true,"href":"https:\/\/www.historielaget.jostedal.no\/index.php?rest_route=\/wp\/v2\/pages\/2599"}],"wp:attachment":[{"href":"https:\/\/www.historielaget.jostedal.no\/index.php?rest_route=%2Fwp%2Fv2%2Fmedia&parent=1173"}],"curies":[{"name":"wp","href":"https:\/\/api.w.org\/{rel}","templated":true}]}}