{"id":118,"date":"2007-05-18T22:22:05","date_gmt":"2007-05-18T20:22:05","guid":{"rendered":"http:\/\/www.historielaget.jostedal.no\/?page_id=118"},"modified":"2025-04-16T10:10:36","modified_gmt":"2025-04-16T08:10:36","slug":"skattematrikkelen-1647","status":"publish","type":"page","link":"https:\/\/www.historielaget.jostedal.no\/?page_id=118","title":{"rendered":"Skattematrikkelen 1647"},"content":{"rendered":"<p><strong>Jystedallenn<\/strong><\/p>\n<p>Rasmus Mychelmyr 1\/2 l\u00f8b sm\u00f8r 1 hud.<br \/>\nGiffuet 1 dr.<br \/>\nEhr apostelsguodtz, och destz ombudsmand raader b\u00f8xellenn.<\/p>\n<p>Torsten Snetun 1 l\u00f8b sm\u00f8r 1 buchschd.<br \/>\nGiffuet 1 dr. 1 ort.<br \/>\nEhr apostelsguodtz, och destz ombudsmand raader b\u00f8xellenn.<\/p>\n<p><a href=\"http:\/\/www.lokalhistoriewiki.no\/index.php\/Daniel_Kjeppe\">Danniell Kieppe <\/a>1 l\u00f8b sm\u00f8r 1 hud 1 buchschind.<br \/>\nGiffuet 1 1\/2 dr. 1 ort.<br \/>\nEhr apostelsguodtz, och destz ombudsmand raader b\u00f8xellenn.<\/p>\n<p>Arnne Bruemb 2 1\/2 pund sm\u00f8r 1 buchschd.<br \/>\nGiffuet 1 dr. 8 s.<br \/>\nEhr apostelsguodtz, och destz ombudsmand raader b\u00f8xellenn.<\/p>\n<p>Jsach Foeberig 1 l\u00f8b sm\u00f8r 1 buchschd.<br \/>\nGiffuet 5 ort.<br \/>\nEhr apostelsguodtz, och destz ombudsmand raader b\u00f8xellenn.<\/p>\n<p><a href=\"http:\/\/www.lokalhistoriewiki.no\/index.php\/Anders_Grov\">Anders Grooff <\/a>1 l\u00f8b sm\u00f8r 1 huud.<br \/>\nGiffuet 1 1\/2 dr.<br \/>\nEhr apostelsguodtz, och destz ombudsmand raader b\u00f8xellenn.<\/p>\n<p>Jacob Bersett 1\/2 l\u00f8b sm\u00f8r 1 buchschd.<br \/>\nGiffuet 3 ortt.<br \/>\nEhr apostelsguodtz, och destz ombudsmand raader b\u00f8xellenn.<\/p>\n<p>Mathias Ormeberg 2 pund sm\u00f8r.<br \/>\nGiffuet 1\/2 dr. 16 s.<br \/>\nEhr apostelsguods, och des ombudsmand raader b\u00f8xellenn.<\/p>\n<p>Joenn Kriigenn 1\/2 l\u00f8b sm\u00f8r 1 hud.<br \/>\nGiffuet 1 dr.<br \/>\nEhr apostelsguods, och des ombudsmand raader b\u00f8xellenn.<\/p>\n<p>Lasse Bersetth 1\/2 l\u00f8b sm\u00f8r 1 buchschind.<br \/>\nGiffuet 3 ort.<br \/>\nEhr apostelsguods, och des ombudsmand raader b\u00f8xellenn.<\/p>\n<p>Oelle Siuords(en) Lij 1 l\u00f8b sm\u00f8r 1 hud.<br \/>\nGiffuet 1 1\/2 dr.<br \/>\nEhr apostelsguods, och des ombudsmand raader b\u00f8xellenn.<\/p>\n<p><a href=\"http:\/\/www.lokalhistoriewiki.no\/index.php\/Torstein_Espe\">Thorstenn Espe <\/a>2 pund sm\u00f8r 1 buchschind.<br \/>\nGiffuet 3 1\/2 ort 4 s.<br \/>\nEhr apostelsguods, och des ombudsmand raader b\u00f8xellenn.<\/p>\n<p>Rasmus Hellegaard 1\/2 l\u00f8b sm\u00f8r 1 buchschd.<br \/>\nGiffuet 3 ort.<br \/>\nEhr apostelsguods, och des ombudsmand raader b\u00f8xellenn.<\/p>\n<p>Oelle Erichsen Lij 1 l\u00f8b sm\u00f8r 1 hud.<br \/>\nGiffuet 1 1\/2 dr.<br \/>\nEhr apostelsguods, och des ombudsmand raader b\u00f8xellenn.<\/p>\n<p>Anders Elffuekrog 1 pund sm\u00f8r. Giffuet 1 ort 8 s.<br \/>\nEhr apostelsguods, och des ombudsmand raader b\u00f8xellenn.<\/p>\n<p>Anders Foesse 2 1\/2 pund sm\u00f8r 1 buchschind.<br \/>\nGiffuet 1 dr. 8 s.<br \/>\nEhr apostelsguods, och des ombudsmand raader b\u00f8xellenn.<\/p>\n<p>Anders Faaberg 1 l\u00f8b sm\u00f8r 1 buchschd.<br \/>\nGiffuet 5 ort.<br \/>\nEhr apostelsguodtz, och detz ombudsmand raader b\u00f8xellenn.<\/p>\n<p>Laurids Bachenn 1 l\u00f8b sm\u00f8r 1 buchschd.<br \/>\nGiffuet 5 ort.<br \/>\nEhr apostelsguodtz, och detz ombudsmand raader b\u00f8xellenn.<\/p>\n<p>Oelle Mielduerd 1\/2 l\u00f8b sm\u00f8r 1 hud.<br \/>\nGiffuet 1 dr.<br \/>\nEhr apostelsguodtz, och detz ombudsmand raader b\u00f8xellenn.<\/p>\n<p>Anders Mielduerd 1\/2 l\u00f8b sm\u00f8r 1 hud.<br \/>\nGiffuet 1 dr.<br \/>\nEhr apostelsguodtz, och detz ombudsmand raader b\u00f8xellenn.<\/p>\n<p>Anders Aasenn 1 l\u00f8b sm\u00f8r 1 buchschind.<br \/>\nGiffuet 5 ort.<br \/>\nEhr apostelsguodtz, och detz ombudsmand raader b\u00f8xellenn.<\/p>\n<p>Jens Mielduerd 2 pund sm\u00f8r 1 buchschd.<br \/>\nGiffuet 3 1\/2 ort 4 s.<br \/>\nEhr apostelsguodtz, och detz ombudsmand raader b\u00f8xellenn.<\/p>\n<p>Joenn Bierch 1 l\u00f8b sm\u00f8r 1 buchschd.<br \/>\nGiffuet 5 ort.<br \/>\nEhr apostelsguodtz, och detz ombudsmand raader b\u00f8xellenn.<\/p>\n<p>Peder Sperlenn 1\/2 l\u00f8b sm\u00f8r.<br \/>\nGiffuet 1\/2 dr.<br \/>\nEhr apostelsguodtz, och detz ombudsmand raader b\u00f8xellenn.<\/p>\n<p>Rasmus Hougenn 4 pund sm\u00f8r 1 buchschd.<br \/>\nGiffuet 1 1\/2 dr. 8 s.<br \/>\nEhr apostelsguodtz, och des ombudsmand raader b\u00f8xellenn.<\/p>\n<p>Oelle Mychelmyr 2 pund sm\u00f8r.<br \/>\nGiffuet 1\/2 dr. 16 s.<br \/>\nEhr apostelsguodtz, och des ombudsmand raader b\u00f8xellenn.<\/p>\n<p>Jffuer Yttregaard 1\/2 l\u00f8b sm\u00f8r.<br \/>\nEhr wdfaatiged och forarmed.<br \/>\nEhr apostelsguodtz, och des ombudsmand raader b\u00f8xellenn.<\/p>\n<p><a href=\"http:\/\/www.lokalhistoriewiki.no\/index.php\/Sjur_Paulson_Kruna\">Siuord Cronnen<\/a>.<br \/>\nEhr bundelensmand, derfore frj.<\/p>\n<p>Summa forschreffuene contribution schat aff J\u00f8stedallenn ehr:<br \/>\npenndinge 27 1\/2 dr. 1 ortt.<\/p>\n<p><strong>Merknader<\/strong><\/p>\n<p>Utdrag fr\u00e5 skattemanntalet fr\u00e5 1646\u201347 for Indre Sogn futed\u00f8me i Bergenhusiske lensrekneskap. Matrikkelen av 1647 var resultatet av ein stor reform av heile skattesystemet i Noreg i 1644 der ei rad sm\u00e5skattar vart tekne bort og eit standardisert system med ein \u2019kontribusjon\u2019, seinare kalla \u2019landsskatten\u2019, vart sett i staden. Matrikkelen gjorde det enklare \u00e5 sj\u00e5 skatteevna p\u00e5 gardane i h\u00f8ve til kvarandre. Lista viser namnet p\u00e5 brukaren og garden, samla skyld, kva som er ytt i skatt og i to tilfelle grunnen til at det ikkje er betalt skatt. Alle gardane i Jostedalen h\u00f8yrde p\u00e5 dette tidspunktet til godset til Apostelkyrkja i Bergen. Avstyttingar: dr. = daler, s. = skilling.<\/p>\n<p><strong>Kjelde<br \/>\n<\/strong><em>Skattematrikkelen 1647. XII Sogn og Fjordane fylke, <\/em>red. Rolf Fladby og Liv Marthinsen, Oslo 1977. Utdraget tilsvarar side 31\u201334 i orignialen og side 28\u201330 i bokutg\u00e5va. [<a href=\"https:\/\/urn.nb.no\/URN:NBN:no-nb_digibok_2013090424001\">Digital utg\u00e5ve, Nasjonalbiblioteket<\/a>]<\/p>\n<p>&nbsp;<\/p>\n","protected":false},"excerpt":{"rendered":"<p>Jystedallenn Rasmus Mychelmyr 1\/2 l\u00f8b sm\u00f8r 1 hud. Giffuet 1 dr. Ehr apostelsguodtz, och destz ombudsmand raader b\u00f8xellenn. Torsten Snetun 1 l\u00f8b sm\u00f8r 1 buchschd. Giffuet 1 dr. 1 ort. Ehr apostelsguodtz, och destz ombudsmand raader b\u00f8xellenn. Danniell Kieppe 1 l\u00f8b sm\u00f8r 1 hud 1 buchschind. Giffuet 1 1\/2 dr. 1 ort. Ehr apostelsguodtz, och [&hellip;]<\/p>\n","protected":false},"author":2,"featured_media":0,"parent":459,"menu_order":14,"comment_status":"open","ping_status":"open","template":"","meta":{"ngg_post_thumbnail":0,"footnotes":""},"class_list":["post-118","page","type-page","status-publish","hentry"],"_links":{"self":[{"href":"https:\/\/www.historielaget.jostedal.no\/index.php?rest_route=\/wp\/v2\/pages\/118","targetHints":{"allow":["GET"]}}],"collection":[{"href":"https:\/\/www.historielaget.jostedal.no\/index.php?rest_route=\/wp\/v2\/pages"}],"about":[{"href":"https:\/\/www.historielaget.jostedal.no\/index.php?rest_route=\/wp\/v2\/types\/page"}],"author":[{"embeddable":true,"href":"https:\/\/www.historielaget.jostedal.no\/index.php?rest_route=\/wp\/v2\/users\/2"}],"replies":[{"embeddable":true,"href":"https:\/\/www.historielaget.jostedal.no\/index.php?rest_route=%2Fwp%2Fv2%2Fcomments&post=118"}],"version-history":[{"count":7,"href":"https:\/\/www.historielaget.jostedal.no\/index.php?rest_route=\/wp\/v2\/pages\/118\/revisions"}],"predecessor-version":[{"id":3900,"href":"https:\/\/www.historielaget.jostedal.no\/index.php?rest_route=\/wp\/v2\/pages\/118\/revisions\/3900"}],"up":[{"embeddable":true,"href":"https:\/\/www.historielaget.jostedal.no\/index.php?rest_route=\/wp\/v2\/pages\/459"}],"wp:attachment":[{"href":"https:\/\/www.historielaget.jostedal.no\/index.php?rest_route=%2Fwp%2Fv2%2Fmedia&parent=118"}],"curies":[{"name":"wp","href":"https:\/\/api.w.org\/{rel}","templated":true}]}}