{"id":1184,"date":"2010-03-19T22:38:57","date_gmt":"2010-03-19T20:38:57","guid":{"rendered":"http:\/\/www.historielaget.jostedal.no\/?page_id=1184"},"modified":"2025-04-15T09:12:42","modified_gmt":"2025-04-15T07:12:42","slug":"henrik-nitters-prestes%c3%b8knad-og-kallsbrev-1703","status":"publish","type":"page","link":"https:\/\/www.historielaget.jostedal.no\/?page_id=1184","title":{"rendered":"Henrik Nitters prestes\u00f8knad og kallsbrev (1703)"},"content":{"rendered":"<p><a href=\"http:\/\/www.historielaget.jostedal.no\/wordpress\/wp-content\/upLoads\/nitter-soknad.pdf\">Originaldokument<\/a>\u00a0(8 Mb)<\/p>\n<p><strong>Avskrift<\/strong><\/p>\n<p><strong>S\u00f8knaden<\/strong><\/p>\n<p>Stormegtigste Allernaadigste Allernaadigste[!] Arfue Herre og Konge<\/p>\n<p>Saa som jeg fattige Pr\u00e6stemand har nu paa 17 aars tid tient for capellan udj det meget Ringe og besuerlige Field Kald i Sogn i Bergens Stift kaldet Justedall hoes Sognepr\u00e6sten H. T\u00f8ger Jensen henveed 90 aar gammel og imidlertid udstaaet fast alle Embedets labores og forretninger besynderlig paa de 10 siste aar da Sognepr\u00e6sten har self v\u00e6ret gansche vanmechtig og Sengeliggendis huor fore hand og for nogen tid siden hafuer ved en Skrifuelse til Biscopen i Bergen afsagt Kaldet fra sig instendelig begi\u00e6ret, at ieg som saa lenge har tient hannem og Menigheden. Maatte igien allerunderdanigste recommenderis til Eders Kongl. Majts, samme ringe Pr\u00e6stekald at nyde paa det hand ved mig, effterdj hand selfv har ingen B\u00f8rn eller andr\u00f8rende der paa st\u00e6det, kunde hafue nogen tilsiun og hielp til lifs ophold i sin h\u00f8ye alderdom; Da allerunderdanigste ans\u00f8gis Deris Kongl. Mayts, effterdj Kaldet nu er ledigt formedelst Sognepr\u00e6stens afsigelse derfra, at ville af Kongl. Naade forunde mig det igien som Sognepr\u00e6st at beti\u00e6ne og at Nyde det lidet Tilleg af Kirchkernis Korn i Soghn som af gammel Tid hafuer v\u00e6ret lagt dertil for St\u00e6dets ringheds schiyld, uden huilcket tilleg ingen Pr\u00e6st der kand subsistere, huor om og begi\u00e6ris af min Ki\u00e6re Biscop Docter Randulff at ville med sin paaschrift v\u00e6re herudj beforderlig, Jeg forblivuer, efter allerunderdanigste Plicht, saa lenge ieg lefuer.<\/p>\n<p>Justedallen d 3 Febr 1703.<br \/>\nEders Kongl: Maytstz<br \/>\nAllerunderdanigste ringe og troe arfues[?] Ti\u00e6ner og flittig forbeder<br \/>\nHenrich Nitter<\/p>\n<p><strong>Allerunderdanigste Erklering.<\/strong><\/p>\n<p>Dette Kald Justedall bestaaende ickun af 30 fattige field-B\u00f8nder som lefver mest af deris qv\u00e6g oc Ski\u00f8tterie oc holder en ringe Jordebrug, effterdj dette St\u00e6d ligger 3 Mile h\u00f8it til fieldz hvor deris afling offtest formedelst Kulde oc frost forderfves, oc som de derfoer haver lidet til at underholde sig self, deris Koner oc B\u00f8rn, saa har de oc ringe Midler at underholde En Pr\u00e6st til Saligheds opvartning, hvilken der dog h\u00f8ilig beh\u00f8ves, effterdj de ere saa vit afliggende fra andre st\u00e6der oc Pr\u00e6sten oc icke uden stor farlighed over store Elfver oc Klipper kand komme did derfra. Det vi oc derfore skal udj forige tider, at de Pr\u00e6ster som haver verit dertil beskiken, ere formedelst armod oc mangel paa lifs ophold reyste bort der fra oc Menigheden har motte staaet bort i nogle aar ufors\u00f8rgede med Pr\u00e6st, effterdj ingen lod sig finde som ville dertil. Endelig, effter Biscopens allerunderdanigste forslag, er at den h\u00f8ye \u00d8frighed forgot befundet at tillegge Pr\u00e6sten paa Justedal en t\u00f8nde Korn af huer Kircke over alt udj Sogn som kand bel\u00f8be til 32 T\u00f8nder udj alt aarlig at nyde til sit kalds forbedring oc lifs ophold, uden hvilket Tilleg ingen Pr\u00e6st, i huor armeligt endoc dette er, kand subsistere. Den \u00e6ldgamle Pr\u00e6st Her T\u00f8gger har nu slidt sin tid derpaa stedet udj fattigdom oc ringe Vilkor over nogle oc halfhundret aar oc som hand i mange aar self icke har formaaet at forrette nogen tieneste har hand endelig ved en skrivelse til mig afsagt sig derfra oc gierne \u00f8nskede at denne hands Capellan om huilket hand har stoer Tillid at nyde af ham frem for af en anden oc fremmed nogen Tisliun oc hielp maatte i naade ansees til at nyde kaldet i hands st\u00e6d. Samme Capellan kand jeg med al sandhed for Gud oc Eders Kongl. Mayestet give det vidnesbyrd, at i huor stor besv\u00e6rlighed oc ringe kaar hand har haft, har dog altid udj l\u00e6rdom oc lefnet bevist sig som en tro flittig oc vel skattet Guds Tienere[.] Henstiller derfore hands aller underdanigste ands\u00f8gning til deris Kong Mayestetis allernaadigste B\u00f8nh\u00f8relse<\/p>\n<p>Ki\u00f8benhafn d 12 Marti\u00a0Anno 1703.<br \/>\nDeris Kongl Mayestets\u00a0allerunderdanigste Tiener\u00a0oc troflittig forbedere<br \/>\nN. Randulff<\/p>\n<p><strong>Kallsbrevet<\/strong><\/p>\n<p><em>48. Hr Henrich Nitter, brev at v\u00e6re Sognepr\u00e6st til Justedals Pr\u00e6stegield i Bergen Stift.<\/em><\/p>\n<p>F4. [Frederik 4.]<br \/>\nG.A.V. at eftersom Hr T\u00f8ger Jensen Sognepr\u00e6st til Justedals Pr\u00e6stegield i Bergens Stift i Vort Riige Norge for sin h\u00f8ye alderdoms skyld sig samme Pr\u00e6stekald haver frasagt; da haver Vj i hans sted allernaadigst beskicket og forordner Hr Henrich Nitter til at v\u00e6re Sognepr\u00e6st til bemelte Justedals Pr\u00e6stegield, og samme Kald at nyde Indkomst og rettighed, som bemelte hans formand derved for hannem nydt og haft haver; forbydendis etc:<\/p>\n<p>Hafn: dend 24 Martii 1703<\/p>\n<p><strong>Kjelder<\/strong><\/p>\n<p><em>S\u00f8knad og attest: <\/em>Riksarkivet, Danske Kanselli, Norske innlegg, pk. 1703, 24.3.1703.<br \/>\n<em>Kallsbrev: <\/em>Riksarkivet, Danske Kanselli, Norske register, bd. 1699-1703, s. 473b-474a.<\/p>\n<p><strong>Merknad<\/strong><\/p>\n<p><a href=\"http:\/\/www.lokalhistoriewiki.no\/index.php\/Henrik_Nitter\">Henrik Nitter <\/a>er den fyrste presten i Jostedalen me har s\u00f8knaden og kallsbrevet til. Det har tidlegare lege til grunn for dei biografiske omtalene av han, men her kan ein lese det i heilskap. Her g\u00e5r det fram at han hadde vore kapellan i Jostedalen i 17 \u00e5r, at <a href=\"http:\/\/www.lokalhistoriewiki.no\/index.php\/T%C3%B8ger_Jensson\">T\u00f8ger Jensson<\/a> var kring 90 \u00e5r, og at Nitter har gjort heile prestejobben dei siste ti \u00e5ra.<\/p>\n<p>Tilr\u00e5dinga er skriven av <a href=\"http:\/\/www.snl.no\/.nbl_biografi\/Niels_Randulff\/utdypning\">Niels Randulff<\/a>, som var biskop i Bergen 1665-1711. Randulff har dagsett dokumentet i K\u00f8benhavn der han var for \u00e5 ordne med hjelp til bergensarane som var r\u00e5ka av ein stor bybrann i 1702. Det g\u00e5r \u00f2g fram av b\u00e5de s\u00f8knaden og tilr\u00e5dinga at T\u00f8ger Jensson hadde sagt fr\u00e5 seg prestekallet skriftleg til Randulff, og det er tydleleg at Randulff og Nitter saman har laga eit opplegg for at Nitter skulle ta over kallet. Det g\u00e5r dessutan fram at Nitter hadde omsorga for den gamle sengjeliggjande og barnlause gamlepresten. Statsarkivet i Bergen har p\u00e5 f\u00f8respurnad leitt etter brevet fr\u00e5 Jensen i bispearkivet utan \u00e5 finne det (e-post fr\u00e5 Yngve Nedreb\u00f8 11.4.2010).<\/p>\n<p>Randulff nemner i tilr\u00e5dinga at jostedalspresten f\u00e5r 32 t\u00f8nner korn fr\u00e5 dei andre kyrkjene i Sogn. Dette kan ikkje vere rett. P\u00e5 1600-talet vert det nemnt 20 t\u00f8nner korn, og utover p\u00e5 17- og 1800-talet er det meir presist rekna opp 19 1\/2 t\u00f8nner korn &#8211; 1 fr\u00e5 kvar hovudkyrkje og 1\/2 fr\u00e5 kvar annekskyrkje i Indre og Ytre Sogn.\u00a0Ingen andre kjende kjelder talar om 32 t\u00f8nner.<\/p>\n","protected":false},"excerpt":{"rendered":"<p>Originaldokument\u00a0(8 Mb) Avskrift S\u00f8knaden Stormegtigste Allernaadigste Allernaadigste[!] Arfue Herre og Konge Saa som jeg fattige Pr\u00e6stemand har nu paa 17 aars tid tient for capellan udj det meget Ringe og besuerlige Field Kald i Sogn i Bergens Stift kaldet Justedall hoes Sognepr\u00e6sten H. T\u00f8ger Jensen henveed 90 aar gammel og imidlertid udstaaet fast alle Embedets [&hellip;]<\/p>\n","protected":false},"author":2,"featured_media":0,"parent":1299,"menu_order":1,"comment_status":"open","ping_status":"open","template":"","meta":{"ngg_post_thumbnail":0,"footnotes":""},"class_list":["post-1184","page","type-page","status-publish","hentry"],"_links":{"self":[{"href":"https:\/\/www.historielaget.jostedal.no\/index.php?rest_route=\/wp\/v2\/pages\/1184","targetHints":{"allow":["GET"]}}],"collection":[{"href":"https:\/\/www.historielaget.jostedal.no\/index.php?rest_route=\/wp\/v2\/pages"}],"about":[{"href":"https:\/\/www.historielaget.jostedal.no\/index.php?rest_route=\/wp\/v2\/types\/page"}],"author":[{"embeddable":true,"href":"https:\/\/www.historielaget.jostedal.no\/index.php?rest_route=\/wp\/v2\/users\/2"}],"replies":[{"embeddable":true,"href":"https:\/\/www.historielaget.jostedal.no\/index.php?rest_route=%2Fwp%2Fv2%2Fcomments&post=1184"}],"version-history":[{"count":7,"href":"https:\/\/www.historielaget.jostedal.no\/index.php?rest_route=\/wp\/v2\/pages\/1184\/revisions"}],"predecessor-version":[{"id":3834,"href":"https:\/\/www.historielaget.jostedal.no\/index.php?rest_route=\/wp\/v2\/pages\/1184\/revisions\/3834"}],"up":[{"embeddable":true,"href":"https:\/\/www.historielaget.jostedal.no\/index.php?rest_route=\/wp\/v2\/pages\/1299"}],"wp:attachment":[{"href":"https:\/\/www.historielaget.jostedal.no\/index.php?rest_route=%2Fwp%2Fv2%2Fmedia&parent=1184"}],"curies":[{"name":"wp","href":"https:\/\/api.w.org\/{rel}","templated":true}]}}