{"id":126,"date":"2007-05-19T07:34:10","date_gmt":"2007-05-19T05:34:10","guid":{"rendered":"http:\/\/www.historielaget.jostedal.no\/?page_id=126"},"modified":"2025-04-17T10:20:04","modified_gmt":"2025-04-17T08:20:04","slug":"t%c3%b8nsberg-norge-fremstillet-i-tegninger-1853-55","status":"publish","type":"page","link":"https:\/\/www.historielaget.jostedal.no\/?page_id=126","title":{"rendered":"T\u00f8nsberg: Norge fremstillet i Tegninger (1853-55)"},"content":{"rendered":"<p><a href=\"https:\/\/www.historielaget.jostedal.no\/wordpress\/wp-content\/upLoads\/frich-myrhorn.jpg\"><img loading=\"lazy\" decoding=\"async\" class=\"alignleft  wp-image-3956\" src=\"https:\/\/www.historielaget.jostedal.no\/wordpress\/wp-content\/upLoads\/frich-myrhorn-300x222.jpg\" alt=\"\" width=\"177\" height=\"131\" srcset=\"https:\/\/www.historielaget.jostedal.no\/wordpress\/wp-content\/upLoads\/frich-myrhorn-300x222.jpg 300w, https:\/\/www.historielaget.jostedal.no\/wordpress\/wp-content\/upLoads\/frich-myrhorn-150x111.jpg 150w, https:\/\/www.historielaget.jostedal.no\/wordpress\/wp-content\/upLoads\/frich-myrhorn.jpg 640w\" sizes=\"auto, (max-width: 177px) 100vw, 177px\" \/><\/a>Juristen Nils Christian T\u00f8nsberg (1813-1897) var sterkt p\u00e5verka av nasjonalromantikken og fekk samla og gjeve ut materialet til <em>Norge fremstillet i Tegninger<\/em>, fyrst ei utg\u00e5ve i 1846-48 og seinare ei utg\u00e5ve 1853-55. Teksten var skriven av P. Chr. Asbj\u00f8rnsen og teikningane laga av nokre av Noregs fremste teiknarar og m\u00e5larar. Verket har tekst b\u00e5de p\u00e5 dansk, engelsk og tysk.<\/p>\n<p><a href=\"https:\/\/www.historielaget.jostedal.no\/wordpress\/wp-content\/upLoads\/Jostedalsbre-tonsberg.jpg\"><img loading=\"lazy\" decoding=\"async\" class=\"alignleft  wp-image-3957\" src=\"https:\/\/www.historielaget.jostedal.no\/wordpress\/wp-content\/upLoads\/Jostedalsbre-tonsberg-300x236.jpg\" alt=\"\" width=\"179\" height=\"141\" srcset=\"https:\/\/www.historielaget.jostedal.no\/wordpress\/wp-content\/upLoads\/Jostedalsbre-tonsberg-300x236.jpg 300w, https:\/\/www.historielaget.jostedal.no\/wordpress\/wp-content\/upLoads\/Jostedalsbre-tonsberg-150x118.jpg 150w, https:\/\/www.historielaget.jostedal.no\/wordpress\/wp-content\/upLoads\/Jostedalsbre-tonsberg-768x603.jpg 768w, https:\/\/www.historielaget.jostedal.no\/wordpress\/wp-content\/upLoads\/Jostedalsbre-tonsberg.jpg 842w\" sizes=\"auto, (max-width: 179px) 100vw, 179px\" \/><\/a>Det er to oppslag fr\u00e5 Jostedalen i utg\u00e5va fr\u00e5 1853-55, &laquo;Jostedalsbreen&raquo; og &laquo;Myrhorn&raquo;. Teikningane herifr\u00e5 er laga av Joachim Christian Geelmuyden Gyldenkrantz Frich fr\u00e5 Bergen (1810-58). Han var meir kjend i samtida enn i dag og var ein sentral kunstnar i nasjonalromantikken. Han gjekk i skule mellom anna hj\u00e5 J. C. Dahl i Dresden.<\/p>\n<p><strong>Kjelde<\/strong><\/p>\n<p>Nils Christian T\u00f8nsberg, <em>Norge fremstillet i Tegninger med oplysende Text<\/em>, bd. 1-2, Christiania 1853-55. [<a href=\"https:\/\/urn.nb.no\/URN:NBN:no-nb_digibok_2014091228001\">Digital utg\u00e5ve av band 1, Nasjonalbiblioteket<\/a>]<\/p>\n","protected":false},"excerpt":{"rendered":"<p>Juristen Nils Christian T\u00f8nsberg (1813-1897) var sterkt p\u00e5verka av nasjonalromantikken og fekk samla og gjeve ut materialet til Norge fremstillet i Tegninger, fyrst ei utg\u00e5ve i 1846-48 og seinare ei utg\u00e5ve 1853-55. Teksten var skriven av P. Chr. Asbj\u00f8rnsen og teikningane laga av nokre av Noregs fremste teiknarar og m\u00e5larar. Verket har tekst b\u00e5de p\u00e5 [&hellip;]<\/p>\n","protected":false},"author":2,"featured_media":0,"parent":120,"menu_order":12,"comment_status":"open","ping_status":"open","template":"","meta":{"ngg_post_thumbnail":0,"footnotes":""},"class_list":["post-126","page","type-page","status-publish","hentry"],"_links":{"self":[{"href":"https:\/\/www.historielaget.jostedal.no\/index.php?rest_route=\/wp\/v2\/pages\/126","targetHints":{"allow":["GET"]}}],"collection":[{"href":"https:\/\/www.historielaget.jostedal.no\/index.php?rest_route=\/wp\/v2\/pages"}],"about":[{"href":"https:\/\/www.historielaget.jostedal.no\/index.php?rest_route=\/wp\/v2\/types\/page"}],"author":[{"embeddable":true,"href":"https:\/\/www.historielaget.jostedal.no\/index.php?rest_route=\/wp\/v2\/users\/2"}],"replies":[{"embeddable":true,"href":"https:\/\/www.historielaget.jostedal.no\/index.php?rest_route=%2Fwp%2Fv2%2Fcomments&post=126"}],"version-history":[{"count":4,"href":"https:\/\/www.historielaget.jostedal.no\/index.php?rest_route=\/wp\/v2\/pages\/126\/revisions"}],"predecessor-version":[{"id":3958,"href":"https:\/\/www.historielaget.jostedal.no\/index.php?rest_route=\/wp\/v2\/pages\/126\/revisions\/3958"}],"up":[{"embeddable":true,"href":"https:\/\/www.historielaget.jostedal.no\/index.php?rest_route=\/wp\/v2\/pages\/120"}],"wp:attachment":[{"href":"https:\/\/www.historielaget.jostedal.no\/index.php?rest_route=%2Fwp%2Fv2%2Fmedia&parent=126"}],"curies":[{"name":"wp","href":"https:\/\/api.w.org\/{rel}","templated":true}]}}