{"id":133,"date":"2007-05-19T07:58:31","date_gmt":"2007-05-19T05:58:31","guid":{"rendered":"http:\/\/www.historielaget.jostedal.no\/?page_id=133"},"modified":"2025-04-13T18:06:40","modified_gmt":"2025-04-13T16:06:40","slug":"1905-i-jostedalen","status":"publish","type":"page","link":"https:\/\/www.historielaget.jostedal.no\/?page_id=133","title":{"rendered":"1905 i Jostedalen"},"content":{"rendered":"<p>Dei r\u00f8ystef\u00f8re (menn over 25 \u00e5r) skulle i ei folker\u00f8ysting 13. august 1905 seia ja eller nei til om dei st\u00f8tta Stortinget sitt vedtak 7. juni om \u00e5 oppl\u00f8yse unionen med Sverige. Avisene var f\u00f8r og etter r\u00f8ystinga fulle av stoff om storhendinga, og lokalavisa for Indre Sogn var den gongen Sogns Tidende (Sogndal). Etter r\u00f8ystinga kom det rapportar fr\u00e5 dei fleste bygder om korleis det hadde g\u00e5tt f\u00f8re seg.<\/p>\n<p>Ein liten stemningsrapport fr\u00e5 Jostedalen 18. august 1905:<\/p>\n<blockquote><p><strong>Fraa Jostedal.<\/strong> Av 180, som hadde r\u00f8ysterett, r\u00f8ysta 175 ja og ingen nei. Tri av dei fem, som ikkje r\u00f8ysta, var burte fraa bygdi og hadde ikkje sendt melding um forfall; men dei andre tvo, Anders N. Bj\u00f8rheimen og Lars N. Hesjevoll, sat heime. Her var likevel eit kraftigt ja etter maaten; men her hev og vore godt arbeidt. Og takk og \u00e6ra skal alle hava, som hev hjelpt til. Uppgl\u00f8dde for fridomen var folkehopen, som i marstakt og under flagd og sang hasta mot kyrkja. Der vart fedralandssangen \u201dGud signe vaart dyre fedraland\u201d \u2013 sungen fyre r\u00f8ystingi og etterpaa \u201dJa vi elsker\u201d.<br \/>\nL. K.<\/p><\/blockquote>\n<p>Bak signaturen &laquo;L. K.&raquo; finn me truleg Laurits Kronen, l\u00e6rar og oppgl\u00f8dd m\u00e5lmann. Det var ikkje mange som skreiv landsm\u00e5l (nynorsk) p\u00e5 den tida.<\/p>\n<p><strong>Les meir<\/strong><\/p>\n<ul>\n<li><a href=\"https:\/\/kringom.no\/nb\/indre-sogn\/luster\/1905-luster-kommune-gamle-jostedal-kommune\">Fylkesarkivet si side om Jostedalen i 1905<\/a> (Krinom)<\/li>\n<li><a href=\"http:\/\/www.krundalen.no\/blogg\/?page_id=146\">1905 i Jostedalen <\/a>(Jostedal skule- og bygdeavis 2005, av Oddmund L. Hoel)<\/li>\n<li><a href=\"http:\/\/www.krundalen.no\/blogg\/?page_id=71\">1905 i Sogn<\/a> (bokartikkel 2005 av Oddmund L. Hoel)<\/li>\n<\/ul>\n","protected":false},"excerpt":{"rendered":"<p>Dei r\u00f8ystef\u00f8re (menn over 25 \u00e5r) skulle i ei folker\u00f8ysting 13. august 1905 seia ja eller nei til om dei st\u00f8tta Stortinget sitt vedtak 7. juni om \u00e5 oppl\u00f8yse unionen med Sverige. Avisene var f\u00f8r og etter r\u00f8ystinga fulle av stoff om storhendinga, og lokalavisa for Indre Sogn var den gongen Sogns Tidende (Sogndal). Etter [&hellip;]<\/p>\n","protected":false},"author":2,"featured_media":0,"parent":1098,"menu_order":5,"comment_status":"open","ping_status":"open","template":"","meta":{"ngg_post_thumbnail":0,"footnotes":""},"class_list":["post-133","page","type-page","status-publish","hentry"],"_links":{"self":[{"href":"https:\/\/www.historielaget.jostedal.no\/index.php?rest_route=\/wp\/v2\/pages\/133","targetHints":{"allow":["GET"]}}],"collection":[{"href":"https:\/\/www.historielaget.jostedal.no\/index.php?rest_route=\/wp\/v2\/pages"}],"about":[{"href":"https:\/\/www.historielaget.jostedal.no\/index.php?rest_route=\/wp\/v2\/types\/page"}],"author":[{"embeddable":true,"href":"https:\/\/www.historielaget.jostedal.no\/index.php?rest_route=\/wp\/v2\/users\/2"}],"replies":[{"embeddable":true,"href":"https:\/\/www.historielaget.jostedal.no\/index.php?rest_route=%2Fwp%2Fv2%2Fcomments&post=133"}],"version-history":[{"count":1,"href":"https:\/\/www.historielaget.jostedal.no\/index.php?rest_route=\/wp\/v2\/pages\/133\/revisions"}],"predecessor-version":[{"id":3795,"href":"https:\/\/www.historielaget.jostedal.no\/index.php?rest_route=\/wp\/v2\/pages\/133\/revisions\/3795"}],"up":[{"embeddable":true,"href":"https:\/\/www.historielaget.jostedal.no\/index.php?rest_route=\/wp\/v2\/pages\/1098"}],"wp:attachment":[{"href":"https:\/\/www.historielaget.jostedal.no\/index.php?rest_route=%2Fwp%2Fv2%2Fmedia&parent=133"}],"curies":[{"name":"wp","href":"https:\/\/api.w.org\/{rel}","templated":true}]}}