{"id":1353,"date":"2010-08-04T08:33:18","date_gmt":"2010-08-04T06:33:18","guid":{"rendered":"http:\/\/www.historielaget.jostedal.no\/?page_id=1353"},"modified":"2010-11-13T23:41:00","modified_gmt":"2010-11-13T21:41:00","slug":"futen-om-foss-ca-1757","status":"publish","type":"page","link":"https:\/\/www.historielaget.jostedal.no\/?page_id=1353","title":{"rendered":"Futen om Foss (ca 1757)"},"content":{"rendered":"<p>Det vart i 1750-\u00e5ra laga ei handbok for futen i Sogn som mellom anna ramsa\u00a0opp embetsfolka i futed\u00f8met.\u00a0Der kan me lese f\u00f8lgjande lakoniske omtale av Matthias Foss:<\/p>\n<p><strong>Avskrift<br \/>\n<\/strong><em>Preste-Skabet i Sogn og hvad Fogden med dem har at bestille<br \/>\n<\/em>[&#8230;]<br \/>\n<em>8. Hr. Mat. Fos til Justedahls kald. <\/em><br \/>\nHands Residence kaldes Breum. Har 1 kirke hvor under sorterer ungef\u00e6r 30 bondegaarders opsiddere. Hand har ickun et lidet kald, men derimod den lycke at hand fremfor andre Prester i Sogn forskaanes at v\u00e6de sin kiortel paa Kirkereiserne. Og lige som denne Mand bare langt af veies fra andre folck, saa har naturen lige som glemt ham, og hand andre igien, og derfor haves saadan Raisons som her efter skal forklares. Hvad hand hellers foruden indkommer blant Rype-Sl\u00e6gten, har at leve af og hvad hand nyder af Kirkerne i Sogn, kommer icke her ved.<\/p>\n<p><strong>Kjelde<\/strong><\/p>\n<p>Universitetsbiblioteket i Bergen, Manuskriptsamlinga, Ms 581 Haandbog med Forklaring over alle Fogde-Embedets Forretninger i Sogn ca. 1750. Indeholdende fuldst\u00e6ndige oplysninger om skatternes beregning med omgj\u00f8relse av skylden i de forskjellige enheder, samt en instruktion for fogden om alle hans forskjellige gj\u00f8remaal. Oplysninger om pr\u00e6ster, sorenskrivere, milit\u00e6re og lensm\u00e6nd i Sogn. 8\u00b0. 55 beskr. blade. B. [<a href=\"https:\/\/www.uib.no\/ub\/spesial\/ressurser\/manuskript-og-arkivkataloger\">Sj\u00e5 katalogen<\/a>]<\/p>\n<p><strong>Merknad<\/strong><\/p>\n<p>Foss er den presten i Sogn som har f\u00e5tt den lengste omtala. Her har forfattaren av futehandboka sett sitt snitt til \u00e5 ha det festleg p\u00e5 Foss sin kostnad, s\u00e6rleg med formuleringane\u00a0om at han ikkje treng vere redd for \u00e5 bli blaut p\u00e5 kyrkjereisene fordi han berre har ei kyrkje i prestekallet. Omtala tyder p\u00e5 at Foss p\u00e5 dette tidspunktet m\u00e5 ha vorte sett p\u00e5 som ein s\u00e6ring i embetsstanden i Sogn. Mest interessant er kanskje opplysningane om at han kan ha f\u00e5tt inntekter fr\u00e5 &laquo;rypeslekta&raquo;. Det kan ha vore Heiberg-ane som har ytt noko til han, men det veit ein ikkje meir om.<\/p>\n<p>Denne futehandboka er eit s\u00e6rs interessant dokument p\u00e5 kring 110 sider som gjev ei utf\u00f8rleg skildring av Sogn futed\u00f8me. Arkivkatalogen seier at boka er skrive kring 1750. I listar over prestane i Sogn, er ein prest utnemnt 1757 komen med, s\u00e5 boka er truleg skriven etter dette tidspunktet, kanskje det \u00e5ret. For biskopen som vert nemnt, er framleis Erik Pontoppidan, som fekk avl\u00f8ysing 1758. P\u00e5 oppmoding digitalierte Universitetsbiblioteket i Bergen det handskrivne dokumentet v\u00e5ren 2010.<\/p>\n<p>Fut i Sogn p\u00e5 dette tidspunktet var den mektige <a href=\"http:\/\/lokalhistoriewiki.no\/index.php\/Ananias_Christopher_Harberg\">Ananias Christopher Harberg <\/a>(1700-1760), som var fut 1734-1760. Det er ikkje urimeleg om han har sytt for \u00e5 f\u00e5 laga boka, kanskje som ei hjelp for dei andre tilsette i futed\u00f8met og etterf\u00f8lgjaren.<\/p>\n","protected":false},"excerpt":{"rendered":"<p>Det vart i 1750-\u00e5ra laga ei handbok for futen i Sogn som mellom anna ramsa\u00a0opp embetsfolka i futed\u00f8met.\u00a0Der kan me lese f\u00f8lgjande lakoniske omtale av Matthias Foss: Avskrift Preste-Skabet i Sogn og hvad Fogden med dem har at bestille [&#8230;] 8. Hr. Mat. Fos til Justedahls kald. Hands Residence kaldes Breum. Har 1 kirke hvor [&hellip;]<\/p>\n","protected":false},"author":2,"featured_media":0,"parent":2599,"menu_order":9,"comment_status":"open","ping_status":"open","template":"","meta":{"ngg_post_thumbnail":0,"footnotes":""},"class_list":["post-1353","page","type-page","status-publish","hentry"],"_links":{"self":[{"href":"https:\/\/www.historielaget.jostedal.no\/index.php?rest_route=\/wp\/v2\/pages\/1353","targetHints":{"allow":["GET"]}}],"collection":[{"href":"https:\/\/www.historielaget.jostedal.no\/index.php?rest_route=\/wp\/v2\/pages"}],"about":[{"href":"https:\/\/www.historielaget.jostedal.no\/index.php?rest_route=\/wp\/v2\/types\/page"}],"author":[{"embeddable":true,"href":"https:\/\/www.historielaget.jostedal.no\/index.php?rest_route=\/wp\/v2\/users\/2"}],"replies":[{"embeddable":true,"href":"https:\/\/www.historielaget.jostedal.no\/index.php?rest_route=%2Fwp%2Fv2%2Fcomments&post=1353"}],"version-history":[{"count":6,"href":"https:\/\/www.historielaget.jostedal.no\/index.php?rest_route=\/wp\/v2\/pages\/1353\/revisions"}],"predecessor-version":[{"id":1355,"href":"https:\/\/www.historielaget.jostedal.no\/index.php?rest_route=\/wp\/v2\/pages\/1353\/revisions\/1355"}],"up":[{"embeddable":true,"href":"https:\/\/www.historielaget.jostedal.no\/index.php?rest_route=\/wp\/v2\/pages\/2599"}],"wp:attachment":[{"href":"https:\/\/www.historielaget.jostedal.no\/index.php?rest_route=%2Fwp%2Fv2%2Fmedia&parent=1353"}],"curies":[{"name":"wp","href":"https:\/\/api.w.org\/{rel}","templated":true}]}}