{"id":1361,"date":"2010-08-09T18:04:00","date_gmt":"2010-08-09T16:04:00","guid":{"rendered":"http:\/\/www.historielaget.jostedal.no\/?page_id=1361"},"modified":"2025-04-13T00:13:08","modified_gmt":"2025-04-12T22:13:08","slug":"marie-dreier-foss-pa-tukthuset-1778","status":"publish","type":"page","link":"https:\/\/www.historielaget.jostedal.no\/?page_id=1361","title":{"rendered":"Marie Dreyer Foss p\u00e5 tukthuset (1775)"},"content":{"rendered":"<p>Matthias Foss vart i 1763 separert fr\u00e5 kona si, Marie Dreyer, og ho drog d\u00e5 til Bergen med fleire av borna deira. I 1775 vart ho innsett p\u00e5 tukthuset i Bergen for betleri (tigging), noko som ikkje vart teke n\u00e5dig opp av dei kyrkjelege f\u00f8resette til Foss. Dei to f\u00f8lgjande dokumenta handlar om dette.<\/p>\n<p><a href=\"http:\/\/www.historielaget.jostedal.no\/wordpress\/wp-content\/upLoads\/marie-dreier-tukthuset.pdf\">Originaldokument &#8211; avskrift 1840 med f\u00f8lgjebrev<\/a>\u00a0(Foto: UBB Spesialsamlingene &#8211;\u00a04,6 Mb)<\/p>\n<p><strong>Avskrift<\/strong><\/p>\n<p><em>1) Pro memoria <\/em><\/p>\n<p>Til Herr Provst Daae.<br \/>\nHvorledes Sognepr\u00e6sten til Justedalen, Mathias Fossis Kone, Maria Christiana Dreier, er greben blandt oml\u00f8bende Betlere her i Byen, og desaarsag bleven indbragt i Stadens Manufactur og Tugthuus, erfares af directeurernis derom til Ober-directionen gjorte Anmeldelse, som herhos in copia biestilles. Deres Vel\u00e6rv\u00e6rdighed vilde da behage, herom at gjerne have Foss forn\u00f8den Efterretning, samt alvorligen bieholde ham, det ham ufort\u00f8vet(?) f\u00f8ier Anstalt til at lade sin kone fra Tugthuset afhendte, tage hende til sig, og b\u00e6re christelig og velb\u00f8rlig omsorg, saavel for hende som deres f\u00e6lles B\u00f8rn, at de ikke til deres egne og Standens Van\u00e6re, og Publico til Besv\u00e6r, saaledes oml\u00f8ber. Imidlertid indeholdes, hvis Hende til Underholdning, efter Rygtet, skal v\u00e6re tilstaaet, for deraf at betale Hendes Pleie i Tugthuset, saal\u00e6nge Hun der forbliver. Og vil jeg for deres Vel\u00e6rv\u00e6rdighed det forderligste skee Lov,(?) forvente Efterretning, saavel om denne min Skrivelses Imodtagelse, som og om denne Sorgfulde Beskaffenhed og Sammenh\u00e6ng, og om hvad Anstalt fra Herr Foss bliver f\u00f8iet til Hustruens Afhendtelse med Videre, da, hvis tidtbemeldte(?) Herr Foss skulde mangle herudi at udvise den tilb\u00f8rlige, og hans Stand og Christendom omst\u00e6ndige Omsorg og Forhold, vil saadant blive for ham self af u-behagelige men vel-fortjente F\u00f8lgerne Sag i nogen orden, gj\u00f8r jeg mig aldeles forsikret.<\/p>\n<p>Bergens Bispegaard den 16de Octobris 1775<br \/>\nE: Hagerup.<\/p>\n<p>2)<\/p>\n<p>Til den h\u00f8ie Ober-direction for Manufactur og Tugthuset udi Bergen.<br \/>\nDa Sognepresten for Justedals Meenigheder i Sogns Foderie Herr Mathias Vosses kone Maria Christiana Dreier, sidstleden 8de *** er paagreben i Betlerie og bleven indbragt i Stadens Tugthuus, saa skulle vi som p:t: Directeurer paa Stiftelsens Vegne hermed indstille, ligesom vi og uforgribelig formeene, at velbemeldte Herr Mathias Voss ikke alene b\u00f8r erstatte Stiftelsen den Bekostning hun alerede har, og herefter forvolde, men at han og maatte bieholdis: allerforderligst at lade hende paa en s\u00f8mmelig og anst\u00e6ndig Maade afhendte, hvortil vi skulde formode, at H: H: Herr Biskop Hagerup kunde f\u00f8ie den bedste Anstalt, naar samme blev ham forestillet. Efter Sagens Beskaffenhed synes og villigt, at Presten Herr Voss endog desforuden burde tilpligtes en passelig Mulcht til Tugthuset; Thi det maa udentvivl v\u00e6re anst\u00f8deligt for denne \u00e6rv\u00e6rdige Stand, og kan neppe begribes, hvorvidt en Prestemand kan betjene sin Menighed med nogen god Frugt, naar han selv mod Guds og Kongens Lov, uden nogen foregaaende Skilsmisse aut(?), fraskiller sig, eller lader sin \u00e6gte hustrue, med hvilken han har avlet B\u00f8rn, tilligemed B\u00f8rnene l\u00f8be egenraadig til Publici Last. Hvilket alt allererb\u00f8digst overlades til den h\u00f8ie Ober-directions n\u00f8iagtigere overveielse og bedste Foranstaltning til Stiftelsens Beste.<\/p>\n<p>Bergen d: 13de Octobris 1775<br \/>\nGraael(?) Hynnem\u00f8r<\/p>\n<p><strong>Kjelde<\/strong><\/p>\n<p>Universitetsbiblioteket i Bergen, Manuskriptsamlinga, Ms 261 Optegnelser og aktstykker, der har tilh\u00f8rt W. F. K. Christie. &#8230;d. Kopi av 2 aktstykker fra 1775 om Maria Christiana Dreier, gift med Sogneprest i Justedalen Mathias Foss, i anledning hendes Inds\u00e6ttelse paa Tugthuset i Bergen som Betlerske.<\/p>\n<p><strong>Merknad<\/strong><\/p>\n<p>Kopien (avskrifta) av desse to dokumenta er gjort i 1840 av Wilhelm Magelsen, sokneprest i Sogndal og prost i Indre Sogn. Avskrifta vart send til biskop Jacob Neumann med eit f\u00f8lgjebrev datert 28.8.1840. Under avskrifta har Magelsen attestert med &laquo;Ordret Copie af de ved indre Sogn Provsties Archiv leverede originale Skrivelser bevidnes.&raquo; F\u00f8lgjebrevet vert innleidd med f\u00f8lgjande: &laquo;Efter mit under sidste Visitats deres H\u00f8ivelbaarenhed givne L\u00f8fte fremsendes hermed Copie af nogle documenter, forhenv\u00e6rende Sognepr\u00e6st til Justedalen Mathias Foss, vedkommende.&raquo; Neumann har alts\u00e5 fatta interesse for desse dokumenta, som Magelsen synte han under visitasen same sommar. Det er ikkje unders\u00f8kt om originaldokumenta framleis ligg i prostearkivet.<\/p>\n<p>Biskop i Bergen i 1775 var <a href=\"http:\/\/www.snl.no\/.nbl_biografi\/Eiler_Hagerup\/utdypning_%E2%80%93_2\">Eiler Hagerup<\/a>, som har signert brevet til prost Jonas Daae i Vik. Det er ikkje kjent korleis prosten f\u00f8lgde opp saka andsynes Foss og kva som vart utfallet av saka. Men stakkars Marie Dreyer d\u00f8ydde berre halvtanna \u00e5r seinare (gravlagd i Bergen 8.2.1877).<\/p>\n","protected":false},"excerpt":{"rendered":"<p>Matthias Foss vart i 1763 separert fr\u00e5 kona si, Marie Dreyer, og ho drog d\u00e5 til Bergen med fleire av borna deira. I 1775 vart ho innsett p\u00e5 tukthuset i Bergen for betleri (tigging), noko som ikkje vart teke n\u00e5dig opp av dei kyrkjelege f\u00f8resette til Foss. Dei to f\u00f8lgjande dokumenta handlar om dette. Originaldokument [&hellip;]<\/p>\n","protected":false},"author":2,"featured_media":0,"parent":2599,"menu_order":11,"comment_status":"open","ping_status":"open","template":"","meta":{"ngg_post_thumbnail":0,"footnotes":""},"class_list":["post-1361","page","type-page","status-publish","hentry"],"_links":{"self":[{"href":"https:\/\/www.historielaget.jostedal.no\/index.php?rest_route=\/wp\/v2\/pages\/1361","targetHints":{"allow":["GET"]}}],"collection":[{"href":"https:\/\/www.historielaget.jostedal.no\/index.php?rest_route=\/wp\/v2\/pages"}],"about":[{"href":"https:\/\/www.historielaget.jostedal.no\/index.php?rest_route=\/wp\/v2\/types\/page"}],"author":[{"embeddable":true,"href":"https:\/\/www.historielaget.jostedal.no\/index.php?rest_route=\/wp\/v2\/users\/2"}],"replies":[{"embeddable":true,"href":"https:\/\/www.historielaget.jostedal.no\/index.php?rest_route=%2Fwp%2Fv2%2Fcomments&post=1361"}],"version-history":[{"count":11,"href":"https:\/\/www.historielaget.jostedal.no\/index.php?rest_route=\/wp\/v2\/pages\/1361\/revisions"}],"predecessor-version":[{"id":3726,"href":"https:\/\/www.historielaget.jostedal.no\/index.php?rest_route=\/wp\/v2\/pages\/1361\/revisions\/3726"}],"up":[{"embeddable":true,"href":"https:\/\/www.historielaget.jostedal.no\/index.php?rest_route=\/wp\/v2\/pages\/2599"}],"wp:attachment":[{"href":"https:\/\/www.historielaget.jostedal.no\/index.php?rest_route=%2Fwp%2Fv2%2Fmedia&parent=1361"}],"curies":[{"name":"wp","href":"https:\/\/api.w.org\/{rel}","templated":true}]}}