{"id":1401,"date":"2010-08-29T21:39:20","date_gmt":"2010-08-29T19:39:20","guid":{"rendered":"http:\/\/www.historielaget.jostedal.no\/?page_id=1401"},"modified":"2012-08-15T12:34:36","modified_gmt":"2012-08-15T10:34:36","slug":"den-eldste-kyrkjeboka-1733-51","status":"publish","type":"page","link":"https:\/\/www.historielaget.jostedal.no\/?page_id=1401","title":{"rendered":"Den eldste kyrkjeboka (1733-51)"},"content":{"rendered":"<p><a href=\"http:\/\/www.historielaget.jostedal.no\/wordpress\/wp-content\/upLoads\/pdf.gif\"><img loading=\"lazy\" decoding=\"async\" class=\"alignleft size-full wp-image-2321\" title=\"pdf-ikon\" src=\"http:\/\/www.historielaget.jostedal.no\/wordpress\/wp-content\/upLoads\/pdf.gif\" alt=\"\" width=\"16\" height=\"16\" \/><\/a><\/p>\n<p><a href=\"http:\/\/www.historielaget.jostedal.no\/wordpress\/wp-content\/upLoads\/Kyrkjebok-A1-Jostedalen.pdf\">Kyrkjebok A1 1733-1751 &#8211; fullstendig avskrift<\/a>\u00a0(pdf)<\/p>\n<p><a href=\"http:\/\/www.arkivverket.no\/URN:kb_read?idx_id=11518\">Skanna original av kyrkjeboka<\/a>\u00a0(Digitalarkivet)<\/p>\n<p><a href=\"http:\/\/www.historielaget.jostedal.no\/wordpress\/wp-content\/upLoads\/kyrkjebokside.jpg\"><img loading=\"lazy\" decoding=\"async\" class=\"alignleft size-medium wp-image-2318\" title=\"kyrkjebokside\" src=\"http:\/\/www.historielaget.jostedal.no\/wordpress\/wp-content\/upLoads\/kyrkjebokside-300x153.jpg\" alt=\"\" width=\"300\" height=\"153\" srcset=\"https:\/\/www.historielaget.jostedal.no\/wordpress\/wp-content\/upLoads\/kyrkjebokside-300x153.jpg 300w, https:\/\/www.historielaget.jostedal.no\/wordpress\/wp-content\/upLoads\/kyrkjebokside-150x76.jpg 150w, https:\/\/www.historielaget.jostedal.no\/wordpress\/wp-content\/upLoads\/kyrkjebokside-1024x523.jpg 1024w, https:\/\/www.historielaget.jostedal.no\/wordpress\/wp-content\/upLoads\/kyrkjebokside.jpg 1104w\" sizes=\"auto, (max-width: 300px) 100vw, 300px\" \/><\/a><\/p>\n<p>Den eldste bevarte kyrkjeboka for Jostedalen er her tilgjengeleg i fullstendig avskrift. Ho\u00a0g\u00e5r attende til 1733, og det finst ingen opplysningar om at jostedalspresten har f\u00f8rt kyrkjebok f\u00f8r dette.\u00a0Matthias Foss noterte seg 12.11.1742, eit halvt \u00e5r etter at han overtok prestekallet at ministerialboka gjekk attende til 1733 (fol. 19b). Om det har funnest eldre kyrkjeb\u00f8ker, var dei alts\u00e5 tapte alt i 1742.<\/p>\n<p>Den fyrste innf\u00f8rselen p\u00e5 blad 2 i kyrkjeboka er fr\u00e5 22.6.1733. Blad 1 er no tapt, men fanst d\u00e5 <a href=\"http:\/\/www.historielaget.jostedal.no\/?page_id=861\">kallsboka<\/a> tok til \u00e5 bli f\u00f8rt kring 1830. Her heiter det (side 32a):\u00a0\u201dOm Herr Vingaard vides Intet da den \u00e6ldste og meget defective Ministerialbog, der findes ved Archivet, begyndes fra 1733, da Dom: L\u00e6tare dvs. Midfaste S\u00f8ndag.\u201d Midtfastesundagen fall i 1733 p\u00e5 15. mars, som d\u00e5 er den sannsynlege datoen for starten p\u00e5 kyrkjebokf\u00f8ringa i Jostedalen.<\/p>\n<p>Det var i s\u00e5 fall <a href=\"http:\/\/lokalhistoriewiki.no\/index.php\/Hans_Christian_Fr%C3%B8rup\">Hans Chr. Fr\u00f8rup<\/a> som byrja \u00e5 f\u00f8re kyrkjeboka.\u00a0Han vart utnemnd til embetet 12.7.1732 og overtok kanskje d\u00e5 kallet utp\u00e5 vinteren 1733. Jostedalen hadde d\u00e5 vore utan prest i 1-1,5 \u00e5r.<\/p>\n<p>Utanom blad 1 vantar \u00f2g blada 12, 15 og 22 i protokollen. Blad 2 er nummerert som 15 og plassert mellom side 14 og 16. Siste bladet har nummer 38, s\u00e5 boka har d\u00e5 truleg vore p\u00e5 totalt 38 blad (76 sider), og av dei er 34 att (68 sider).<\/p>\n<p>Kyrkjeboka er f\u00f8rd som ei dagbok. Alle typar kyrkjelege hendingar og handlingar kjem s\u00e5leis om kvarandre i den kronologiske framstillinga. I tillegg har prestane f\u00f8rt inn mange verdslege handlingar, som publisering av forordningar. Kyrkjeboka er s\u00e5leis ei rik og viktig kjelde til bygdelivet i desse \u00e5ra.<\/p>\n<p>Kyrkjeboka for \u00e5ra 1751-1770 er tapt, og alle desse \u00e5ra fall innanfor <a href=\"http:\/\/lokalhistoriewiki.no\/index.php\/Matthias_Foss\">Matthias Foss<\/a> sin periode som prest (1742-1792).<\/p>\n<p>Den originale kyrkjeboka ligg i Statsarkivet i Bergen. Til liks med dei fleste andre norske kyrkjeb\u00f8ker vart ho mikrofilma fr\u00e5 1950-\u00e5ra og framover, og mikrofilmane har vore tilgjengeleg gjennom arkiv og bibliotek. Mikrofilmane vart skanna og l\u00e5g til grunn d\u00e5 Arkivverket 2006\u201308 publiserte alle norske kyrkjeb\u00f8ker fram tidleg p\u00e5 1900-talet p\u00e5 Internett.<\/p>\n<p>Den mikrofilma og digitaliserte utg\u00e5va av protokollen var i d\u00e5rleg forfatning og har ei rekkje sider som er vanskeleg \u00e5 lese, anten fordi teksten er svak, fotografia er for d\u00e5rlege eller fordi tekst i kantane er borte i brettar.<\/p>\n<p>Etter mikrofilminga er protokollen restaurert, og p\u00e5 f\u00f8respurnad skanna Statsarkivet i Bergen protokollen i juli 2012. Usikre punkt i avskrifta er kontrollert opp mot den nye skanna utg\u00e5va, og det har gjort det mogleg \u00e5 tyde ein god del tekst som var uleseleg i den mikrofilmbaserte utg\u00e5va i Digitalarkivet.<\/p>\n<p>Sj\u00e5 meir om kyrkjeboka og avskrifta i pdf-dokumentet.<\/p>\n","protected":false},"excerpt":{"rendered":"<p>Kyrkjebok A1 1733-1751 &#8211; fullstendig avskrift\u00a0(pdf) Skanna original av kyrkjeboka\u00a0(Digitalarkivet) Den eldste bevarte kyrkjeboka for Jostedalen er her tilgjengeleg i fullstendig avskrift. Ho\u00a0g\u00e5r attende til 1733, og det finst ingen opplysningar om at jostedalspresten har f\u00f8rt kyrkjebok f\u00f8r dette.\u00a0Matthias Foss noterte seg 12.11.1742, eit halvt \u00e5r etter at han overtok prestekallet at ministerialboka gjekk attende [&hellip;]<\/p>\n","protected":false},"author":2,"featured_media":0,"parent":534,"menu_order":1,"comment_status":"open","ping_status":"open","template":"","meta":{"ngg_post_thumbnail":0,"footnotes":""},"class_list":["post-1401","page","type-page","status-publish","hentry"],"_links":{"self":[{"href":"https:\/\/www.historielaget.jostedal.no\/index.php?rest_route=\/wp\/v2\/pages\/1401","targetHints":{"allow":["GET"]}}],"collection":[{"href":"https:\/\/www.historielaget.jostedal.no\/index.php?rest_route=\/wp\/v2\/pages"}],"about":[{"href":"https:\/\/www.historielaget.jostedal.no\/index.php?rest_route=\/wp\/v2\/types\/page"}],"author":[{"embeddable":true,"href":"https:\/\/www.historielaget.jostedal.no\/index.php?rest_route=\/wp\/v2\/users\/2"}],"replies":[{"embeddable":true,"href":"https:\/\/www.historielaget.jostedal.no\/index.php?rest_route=%2Fwp%2Fv2%2Fcomments&post=1401"}],"version-history":[{"count":9,"href":"https:\/\/www.historielaget.jostedal.no\/index.php?rest_route=\/wp\/v2\/pages\/1401\/revisions"}],"predecessor-version":[{"id":2324,"href":"https:\/\/www.historielaget.jostedal.no\/index.php?rest_route=\/wp\/v2\/pages\/1401\/revisions\/2324"}],"up":[{"embeddable":true,"href":"https:\/\/www.historielaget.jostedal.no\/index.php?rest_route=\/wp\/v2\/pages\/534"}],"wp:attachment":[{"href":"https:\/\/www.historielaget.jostedal.no\/index.php?rest_route=%2Fwp%2Fv2%2Fmedia&parent=1401"}],"curies":[{"name":"wp","href":"https:\/\/api.w.org\/{rel}","templated":true}]}}