{"id":1416,"date":"2010-09-03T14:20:02","date_gmt":"2010-09-03T12:20:02","guid":{"rendered":"http:\/\/www.historielaget.jostedal.no\/?page_id=1416"},"modified":"2025-04-15T20:20:44","modified_gmt":"2025-04-15T18:20:44","slug":"referat-fra-det-fyrste-m%c3%b8tet-i-kommunestyret-1838","status":"publish","type":"page","link":"https:\/\/www.historielaget.jostedal.no\/?page_id=1416","title":{"rendered":"Referat fr\u00e5 det fyrste m\u00f8tet i kommunestyret (1838)"},"content":{"rendered":"<p><a href=\"https:\/\/www.historielaget.jostedal.no\/wordpress\/wp-content\/upLoads\/Formannskap-1838.jpg\"><img loading=\"lazy\" decoding=\"async\" class=\"alignleft  wp-image-3871\" src=\"https:\/\/www.historielaget.jostedal.no\/wordpress\/wp-content\/upLoads\/Formannskap-1838-300x480.jpg\" alt=\"\" width=\"190\" height=\"304\" srcset=\"https:\/\/www.historielaget.jostedal.no\/wordpress\/wp-content\/upLoads\/Formannskap-1838-300x480.jpg 300w, https:\/\/www.historielaget.jostedal.no\/wordpress\/wp-content\/upLoads\/Formannskap-1838-640x1024.jpg 640w, https:\/\/www.historielaget.jostedal.no\/wordpress\/wp-content\/upLoads\/Formannskap-1838-150x240.jpg 150w, https:\/\/www.historielaget.jostedal.no\/wordpress\/wp-content\/upLoads\/Formannskap-1838-768x1229.jpg 768w, https:\/\/www.historielaget.jostedal.no\/wordpress\/wp-content\/upLoads\/Formannskap-1838-960x1536.jpg 960w, https:\/\/www.historielaget.jostedal.no\/wordpress\/wp-content\/upLoads\/Formannskap-1838-1280x2048.jpg 1280w, https:\/\/www.historielaget.jostedal.no\/wordpress\/wp-content\/upLoads\/Formannskap-1838.jpg 1600w\" sizes=\"auto, (max-width: 190px) 100vw, 190px\" \/><\/a>Det fyrste m\u00f8tet i det nyskipa representantskapet (kommunestyret) og formannskapet i Jostedal prestegjeld vart halde 1. september 1838. Dette var det einaste m\u00f8tet i 1838.<\/p>\n<p><strong>Avskrift<\/strong><\/p>\n<p>Aar 1838 den 1te September vare Form\u00e6nd og Repr\u00e6sentanter for Justedals Pr\u00e6stegjeld forsamlede i Pr\u00e6stegaarden sammesteds efter Foregaaende Indkaldelse. Tilstede i M\u00f8det vare samtlige Medlemmer med Undtagelse af Repr\u00e6sentanten Ole Aasen, der var syg og <a href=\"http:\/\/lokalhistoriewiki.no\/index.php\/Rasmus_Hansson_Helleg%C3%A5rd\">Rasmus Hellegaard<\/a>, Formand, som hvert \u00d8ieblik ventendes. Forhandlingerne vare f\u00f8lgende:<\/p>\n<p>1) Opl\u00e6stes Fogderiets Skrivelse af 19de August d: A:, hvori forlanges Formandskabets Erkl\u00e6ring om, hvorvidt Thingholdspengene til Hans Olsen D\u00f8sen b\u00f8r svares med 1 Ort 6 Sk eller 1 Ort 4 Sk pr. Mand Angaaende denne Sak afgav de forsamlede Medlemmer af Formand- og Repr\u00e6sentantskabet f\u00f8lgende<br \/>\nErkl\u00e6ring.<br \/>\nDe tilstedev\u00e6rende Medlemmer af Formandskabet og Repr\u00e6sentantskabet antoge, at Betalingen for Holdelse af Sommer- og H\u00f8stthinget for Lysters og Justedals Skibreder b\u00f8r svares med 1 Ort 4 Sk er een Ort fire Skilling til Thingv\u00e6rten Hans Olsen D\u00f8sen.<\/p>\n<p>2) Tages under Overveielse Skrivelse fra Amtet af 18de Ju?i 1838 angaaende Underst\u00f8ttelse for de brandlidte paa <a href=\"http:\/\/www.nrk.no\/sf\/leksikon\/index.php\/Brannen_p%C3%A5_Vik%C3%B8yri_1838\">Ildstedet Wiig\u00f8eren<\/a>. Forsamlingen erkl\u00e6rede sig villig til at indsamle milde gaver til Hj\u00e6lp for disse Ulykkelige og lovede efter endt Indsamling at levere Bidragene til Ordf\u00f8reren til videre Forsendelse til Formandskabet for Wiig Pr\u00e6stegjeld.<\/p>\n<p>3) Ordf\u00f8reren omtalte et Andragende fra Landhandler Ole D\u00f8sen at oprette et Gj\u00e6stgiverie paa <a href=\"http:\/\/lokalhistoriewiki.no\/index.php\/R%C3%B8neid\">R\u00f8nneid <\/a>i Gaupne Annex. Da det er nok som bekjendt, hvilke farlige Anledninger itl dr\u00f8kkenskab og Uordener saadanne St[eder] giver, og denne bygds Indvaanere for en stor Deel hav[er] deres F\u00e6rdsel og Handel paa dette Sted; saa anmodede sa[mt]lige tilst\u00e6dev\u00e6rende Medlemer af Repr\u00e6sentant- og Formandskabet Ordf\u00f8reren om paa deres Vegne, paa [?]lig Maade ved de kraftigste Modforestillinger at s\u00f8ge at forhindre at et saadant Andragende, til Fare for Orden [og] S\u00e6delighed, skulde bevilges.<\/p>\n<p>4) Sognepr\u00e6sten som Ordf\u00f8rer opl\u00e6ste i M\u00f8det en Skrivelse fra Bergen fra Agentskabet for det brittiske Bibelselskab af 29de Januar d: A: hvorved tilbydes bibler og Nytestamenter paa s\u00e6rdeles billige Vilkaar. De \u00f8vrige tilst\u00e6dev\u00e6rende 8 Medlemmer erkl\u00e6rte til Fordeling mellem dem at ville ki\u00f8be 10 af biblerne paa de i bemelte Skrivelse fastsatte Vilkaar, og bemyndigede Sognepr\u00e6sten til at tilskrive Agentskabet desangaaende.<\/p>\n<p>Da Intet videre var at forhandle, sluttede M\u00f8det, og Protocollen underskreves, efterat det Protocollen tilf\u00f8rte var opl\u00e6st for de tilst\u00e6dev\u00e6rende 8 Medlemer; foruden de forhenn\u00e6vnte afgav(?) heller ikke Representanten Lars Sjursen Bakken M\u00f8de. Formanden <a href=\"http:\/\/lokalhistoriewiki.no\/index.php\/Lars_Rasmusson_Faaberg\">Lars Rasmussen Faaberg <\/a>var frav\u00e6rende paa en Reise.<\/p>\n<p><a href=\"http:\/\/lokalhistoriewiki.no\/index.php\/Rasmus_Hansson_Helleg%C3%A5rd\">K: A: Bugge<br \/>\nRasmus Hellegaard<\/a><\/p>\n<p><strong>Kjelde<\/strong><\/p>\n<p>Fylkesarkivet i Sogn og Fjordane, Jostedal kommune &#8211; formannskapet, M\u00f8tebok 1838-1875, blad 1a-1b.<\/p>\n","protected":false},"excerpt":{"rendered":"<p>Det fyrste m\u00f8tet i det nyskipa representantskapet (kommunestyret) og formannskapet i Jostedal prestegjeld vart halde 1. september 1838. Dette var det einaste m\u00f8tet i 1838. Avskrift Aar 1838 den 1te September vare Form\u00e6nd og Repr\u00e6sentanter for Justedals Pr\u00e6stegjeld forsamlede i Pr\u00e6stegaarden sammesteds efter Foregaaende Indkaldelse. Tilstede i M\u00f8det vare samtlige Medlemmer med Undtagelse af Repr\u00e6sentanten [&hellip;]<\/p>\n","protected":false},"author":2,"featured_media":0,"parent":1318,"menu_order":4,"comment_status":"open","ping_status":"open","template":"","meta":{"ngg_post_thumbnail":0,"footnotes":""},"class_list":["post-1416","page","type-page","status-publish","hentry"],"_links":{"self":[{"href":"https:\/\/www.historielaget.jostedal.no\/index.php?rest_route=\/wp\/v2\/pages\/1416","targetHints":{"allow":["GET"]}}],"collection":[{"href":"https:\/\/www.historielaget.jostedal.no\/index.php?rest_route=\/wp\/v2\/pages"}],"about":[{"href":"https:\/\/www.historielaget.jostedal.no\/index.php?rest_route=\/wp\/v2\/types\/page"}],"author":[{"embeddable":true,"href":"https:\/\/www.historielaget.jostedal.no\/index.php?rest_route=\/wp\/v2\/users\/2"}],"replies":[{"embeddable":true,"href":"https:\/\/www.historielaget.jostedal.no\/index.php?rest_route=%2Fwp%2Fv2%2Fcomments&post=1416"}],"version-history":[{"count":6,"href":"https:\/\/www.historielaget.jostedal.no\/index.php?rest_route=\/wp\/v2\/pages\/1416\/revisions"}],"predecessor-version":[{"id":3872,"href":"https:\/\/www.historielaget.jostedal.no\/index.php?rest_route=\/wp\/v2\/pages\/1416\/revisions\/3872"}],"up":[{"embeddable":true,"href":"https:\/\/www.historielaget.jostedal.no\/index.php?rest_route=\/wp\/v2\/pages\/1318"}],"wp:attachment":[{"href":"https:\/\/www.historielaget.jostedal.no\/index.php?rest_route=%2Fwp%2Fv2%2Fmedia&parent=1416"}],"curies":[{"name":"wp","href":"https:\/\/api.w.org\/{rel}","templated":true}]}}