{"id":1467,"date":"2010-11-07T12:52:34","date_gmt":"2010-11-07T10:52:34","guid":{"rendered":"http:\/\/www.historielaget.jostedal.no\/?page_id=1467"},"modified":"2012-07-19T09:01:52","modified_gmt":"2012-07-19T07:01:52","slug":"visitasrapport-1745","status":"publish","type":"page","link":"https:\/\/www.historielaget.jostedal.no\/?page_id=1467","title":{"rendered":"Visitasrapport (1745)"},"content":{"rendered":"<p>Sommaren 1745 var biskop Oluf Bornemann p\u00e5 visitas i Sogn prosti, og 25. juli visiterte han kyrkjelydane i prestegjelda Luster og Jostedalen i Dale kyrkje i Luster. Her f\u00f8lgjer eit utdrag av rapportane for visitasane i 1745 som Bornemann sende til det kongelege Generalkyrkjeinspeksjonskollegiet i K\u00f8benhavn.<\/p>\n<p><strong>Avskrift<\/strong><\/p>\n<p>Med allerunderdanigst Devotion og Z\u00e9le til sidste Aande-Dr\u00e6t lever<br \/>\nDeres Kongelige Mayestets Min Allernaadigste Arve Konge og Herres<\/p>\n<p>allerunderdanigste tropligtskyldigste tiener<br \/>\nO. Bornemann<br \/>\nBergen d: 12 Decembr: 1745<\/p>\n<p><strong>Storm\u00e6gtigste allernaadigste Arve Konge og Herre!<\/strong><br \/>\n<strong>1745<\/strong><\/p>\n<p>Udi allerunderdanigst f\u00f8lge af den mig fra det H\u00f8y-Kongl: General Kirke-Inspections Collegio under 30te Novembr: 1737 communicerede Allernaadigste Ordre skulle ieg herved allerunderdanigst indberette, hvorledes Tilstanden blant Meenighederne og deres L\u00e6rere udi det mig Allernaadigst anbetroede Bergens Stift ved mine Visitatzer for dette Aar 1745 ere befundne, som paa efterskrevne st\u00e6der sig i all Sandhed saaledes forholder, som f\u00f8lger<\/p>\n<p><strong>Sogns Provstie<\/strong><br \/>\nViigs Kald&#8230;.<br \/>\nLegangers Kald&#8230;<br \/>\nUllands Kald&#8230;<br \/>\nL\u00e6rdals Kald&#8230;<\/p>\n<p>Lysters Kald, hvor Sogne-Pr\u00e6sten Hr. Peder Juul ved d\u00f8den var afgaaet, men den personelle Cappellan Hr Benjamin Olrich, hvilken han for et par aars tid siden formedelst sin indelige Svaghed hafde kaldet, fremstillede for mig denne Meenigheds Ungdom, der, Gud v\u00e6re lovet, ved hans indelige arbeyde og paadrift siden sidste gang temmelig vel hafde avanceret udi Deres Christendoms Kundskab.<\/p>\n<p>Hafsloe Kald&#8230;<br \/>\nSogndals Kald&#8230;<\/p>\n<p>J\u00f8stedals Meenighed, Sogne Pr\u00e6st Hr Matthias Foss, er en gandske ung Mand, der efter det Pund, Gud hannem har betroet, s\u00f8ge efter Formue at udbrede Guds kundskab udi denne ham anbetroede liden Meenighed, hvor ungdommen ey heller fantes ugrundet i det mest forn\u00f8dne af Deres Christendom.<\/p>\n<p><strong>Af Nordhordlens Provstie.<\/strong><br \/>\nEivindvigs Kald, &#8230;<br \/>\nMangers Kald, &#8230;<br \/>\nAsch\u00f8e Kald&#8230;<\/p>\n<p>I det \u00f8vrige har ieg paa denne min Visitatz fornemmet ikke liden frugt og Nytte af Skole-V\u00e6senets Indrettelse, som med tiden meere og meere vil Kiendes, naar Almuen efterhaanden fuldkommeligen overbeviises om, hvad fordeel heraf flyder, og alt saa bliver villigere til dets fremgang og vedligeholdelse at contribuere.<\/p>\n<p><strong>Kjelde<\/strong><\/p>\n<p>Riksarkivet, Generalkirkeinspeksjonskollegiet, Saker ordnet etter emne, eske 1, legg 4, Visitasberetning Bergen Stift 1745<\/p>\n<p>Liste: <a href=\"http:\/\/lokalhistoriewiki.no\/index.php\/Visitasar_i_Jostedalen\">Visitasar i Jostedalen<\/a> (Lokalhistoriewiki)<\/p>\n","protected":false},"excerpt":{"rendered":"<p>Sommaren 1745 var biskop Oluf Bornemann p\u00e5 visitas i Sogn prosti, og 25. juli visiterte han kyrkjelydane i prestegjelda Luster og Jostedalen i Dale kyrkje i Luster. Her f\u00f8lgjer eit utdrag av rapportane for visitasane i 1745 som Bornemann sende til det kongelege Generalkyrkjeinspeksjonskollegiet i K\u00f8benhavn. Avskrift Med allerunderdanigst Devotion og Z\u00e9le til sidste Aande-Dr\u00e6t [&hellip;]<\/p>\n","protected":false},"author":2,"featured_media":0,"parent":2599,"menu_order":3,"comment_status":"open","ping_status":"open","template":"","meta":{"ngg_post_thumbnail":0,"footnotes":""},"class_list":["post-1467","page","type-page","status-publish","hentry"],"_links":{"self":[{"href":"https:\/\/www.historielaget.jostedal.no\/index.php?rest_route=\/wp\/v2\/pages\/1467","targetHints":{"allow":["GET"]}}],"collection":[{"href":"https:\/\/www.historielaget.jostedal.no\/index.php?rest_route=\/wp\/v2\/pages"}],"about":[{"href":"https:\/\/www.historielaget.jostedal.no\/index.php?rest_route=\/wp\/v2\/types\/page"}],"author":[{"embeddable":true,"href":"https:\/\/www.historielaget.jostedal.no\/index.php?rest_route=\/wp\/v2\/users\/2"}],"replies":[{"embeddable":true,"href":"https:\/\/www.historielaget.jostedal.no\/index.php?rest_route=%2Fwp%2Fv2%2Fcomments&post=1467"}],"version-history":[{"count":3,"href":"https:\/\/www.historielaget.jostedal.no\/index.php?rest_route=\/wp\/v2\/pages\/1467\/revisions"}],"predecessor-version":[{"id":2306,"href":"https:\/\/www.historielaget.jostedal.no\/index.php?rest_route=\/wp\/v2\/pages\/1467\/revisions\/2306"}],"up":[{"embeddable":true,"href":"https:\/\/www.historielaget.jostedal.no\/index.php?rest_route=\/wp\/v2\/pages\/2599"}],"wp:attachment":[{"href":"https:\/\/www.historielaget.jostedal.no\/index.php?rest_route=%2Fwp%2Fv2%2Fmedia&parent=1467"}],"curies":[{"name":"wp","href":"https:\/\/api.w.org\/{rel}","templated":true}]}}