{"id":162,"date":"2007-08-17T12:02:24","date_gmt":"2007-08-17T10:02:24","guid":{"rendered":"http:\/\/www.historielaget.jostedal.no\/?page_id=162"},"modified":"2013-08-16T12:21:08","modified_gmt":"2013-08-16T10:21:08","slug":"flaumar","status":"publish","type":"page","link":"https:\/\/www.historielaget.jostedal.no\/?page_id=162","title":{"rendered":"Flaumar"},"content":{"rendered":"<p><a href=\"http:\/\/www.historielaget.jostedal.no\/wordpress\/wp-content\/upLoads\/1979-flaum-banken.jpg\"><img decoding=\"async\" class=\"alignleft  wp-image-2721\" alt=\"Banken etter at Sagar\u00f8yelvi skifta l\u00f8p\" src=\"http:\/\/www.historielaget.jostedal.no\/wordpress\/wp-content\/upLoads\/1979-flaum-banken-300x300.jpg\" width=\"150\" srcset=\"https:\/\/www.historielaget.jostedal.no\/wordpress\/wp-content\/upLoads\/1979-flaum-banken-300x300.jpg 300w, https:\/\/www.historielaget.jostedal.no\/wordpress\/wp-content\/upLoads\/1979-flaum-banken-150x150.jpg 150w, https:\/\/www.historielaget.jostedal.no\/wordpress\/wp-content\/upLoads\/1979-flaum-banken.jpg 523w\" sizes=\"(max-width: 300px) 100vw, 300px\" \/><\/a>Jostedalen har jamleg vore heims\u00f8kt av skadeflaumar.\u00a0Den <a href=\"http:\/\/www.historielaget.jostedal.no\/?page_id=2729\">15. august 1898 <\/a>vart Jostedalen r\u00e5ka av den st\u00f8rste flaumen i manns minne. P\u00e5 <a href=\"http:\/\/www.historielaget.jostedal.no\/?page_id=2720\">same dag i 1979 <\/a>var flaumen som mange framleis hugsar. Vatnet stod d\u00e5 1,35 meter over flaummerket fr\u00e5 1898 i Foss\u00f8yane. Ingen menneskeliv gjekk tapte i dei to flaumane, men dei materielle skadane var omfattande p\u00e5 bygningar, dyrka mark, vegar og bruer.<\/p>\n<p>1979-flaumen er den st\u00f8rste kjende flaumen\u00a0i Jostedalen. Det har nok vore flaumar flaumar tidlegare med minst like h\u00f8g vassf\u00f8ring, s\u00e6rleg under den vesle istida p\u00e5 16- og 1700-talet, men her teier stort sett kjeldene. Det viktigaste unntaket er <a href=\"http:\/\/www.historielaget.jostedal.no\/?page_id=1146\">flaumen i august 1741<\/a> som kan ha vore like stor som 1979-flaumen.\u00a0Denne flaumen er kjend fordi Ormberg vart skadd og fekk sett ned skatten.\u00a0Ei <a href=\"http:\/\/www.historielaget.jostedal.no\/?page_id=1153\">avtaksforretning p\u00e5 R\u00f8neid i 1748<\/a> viser at det m\u00e5 ha vore flaum i Josted\u00f8la ogs\u00e5 dette \u00e5ret.<\/p>\n<p><a href=\"http:\/\/www.historielaget.jostedal.no\/wordpress\/wp-content\/upLoads\/Flaumminne-Foss\u00f8yane.jpg\"><img decoding=\"async\" class=\"alignleft  wp-image-2735\" alt=\"Flaumminnet i Foss\u00f8yane\" src=\"http:\/\/www.historielaget.jostedal.no\/wordpress\/wp-content\/upLoads\/Flaumminne-Foss\u00f8yane-300x398.jpg\" width=\"150\" srcset=\"https:\/\/www.historielaget.jostedal.no\/wordpress\/wp-content\/upLoads\/Flaumminne-Foss\u00f8yane-300x398.jpg 300w, https:\/\/www.historielaget.jostedal.no\/wordpress\/wp-content\/upLoads\/Flaumminne-Foss\u00f8yane-150x199.jpg 150w, https:\/\/www.historielaget.jostedal.no\/wordpress\/wp-content\/upLoads\/Flaumminne-Foss\u00f8yane.jpg 578w\" sizes=\"(max-width: 300px) 100vw, 300px\" \/><\/a>Ingen flaumar kan likevel ha sl\u00e5tt 1898- og 1979-flaumane\u00a0n\u00e5r det gjeld materielle skadar. F\u00f8r den store folketals- og busetnadsekspansjonen p\u00e5 1800-talet var elveslettene i dalbotnen stort sett utan busetnad. Gardstun og dyrka mark l\u00e5g i dalsidene, tryggare for flaum.<\/p>\n<p>Sj\u00e5 h\u00f8gremenyen for fleire opplysningar og kjelder om flaumane.<\/p>\n","protected":false},"excerpt":{"rendered":"<p>Jostedalen har jamleg vore heims\u00f8kt av skadeflaumar.\u00a0Den 15. august 1898 vart Jostedalen r\u00e5ka av den st\u00f8rste flaumen i manns minne. P\u00e5 same dag i 1979 var flaumen som mange framleis hugsar. Vatnet stod d\u00e5 1,35 meter over flaummerket fr\u00e5 1898 i Foss\u00f8yane. Ingen menneskeliv gjekk tapte i dei to flaumane, men dei materielle skadane var [&hellip;]<\/p>\n","protected":false},"author":2,"featured_media":0,"parent":1139,"menu_order":2,"comment_status":"open","ping_status":"closed","template":"","meta":{"ngg_post_thumbnail":0,"footnotes":""},"class_list":["post-162","page","type-page","status-publish","hentry"],"_links":{"self":[{"href":"https:\/\/www.historielaget.jostedal.no\/index.php?rest_route=\/wp\/v2\/pages\/162","targetHints":{"allow":["GET"]}}],"collection":[{"href":"https:\/\/www.historielaget.jostedal.no\/index.php?rest_route=\/wp\/v2\/pages"}],"about":[{"href":"https:\/\/www.historielaget.jostedal.no\/index.php?rest_route=\/wp\/v2\/types\/page"}],"author":[{"embeddable":true,"href":"https:\/\/www.historielaget.jostedal.no\/index.php?rest_route=\/wp\/v2\/users\/2"}],"replies":[{"embeddable":true,"href":"https:\/\/www.historielaget.jostedal.no\/index.php?rest_route=%2Fwp%2Fv2%2Fcomments&post=162"}],"version-history":[{"count":7,"href":"https:\/\/www.historielaget.jostedal.no\/index.php?rest_route=\/wp\/v2\/pages\/162\/revisions"}],"predecessor-version":[{"id":2794,"href":"https:\/\/www.historielaget.jostedal.no\/index.php?rest_route=\/wp\/v2\/pages\/162\/revisions\/2794"}],"up":[{"embeddable":true,"href":"https:\/\/www.historielaget.jostedal.no\/index.php?rest_route=\/wp\/v2\/pages\/1139"}],"wp:attachment":[{"href":"https:\/\/www.historielaget.jostedal.no\/index.php?rest_route=%2Fwp%2Fv2%2Fmedia&parent=162"}],"curies":[{"name":"wp","href":"https:\/\/api.w.org\/{rel}","templated":true}]}}