{"id":1621,"date":"2011-04-11T20:04:26","date_gmt":"2011-04-11T18:04:26","guid":{"rendered":"http:\/\/www.historielaget.jostedal.no\/?page_id=1621"},"modified":"2011-04-13T12:44:50","modified_gmt":"2011-04-13T10:44:50","slug":"sn%c3%b8skred-i-li-1868","status":"publish","type":"page","link":"https:\/\/www.historielaget.jostedal.no\/?page_id=1621","title":{"rendered":"Sn\u00f8skred i Li 1868"},"content":{"rendered":"<p><a href=\"http:\/\/www.arkivverket.no\/URN:kb_read?idx_kildeid=8397&amp;uid=ny&amp;idx_side=-150\">Kyrkjeboka <\/a>for Jostedalen fortel at to sm\u00e5 gutar, innerstborna Lars T\u00f8gersen (4 \u00e5r) og Ole T\u00f8gersen (7 m\u00e5nader) var &laquo;Omkomne i en Sneeskred.&raquo; Dei d\u00f8ydde 6. februar 1868 og vart gravlagde 25. februar (jordfesta 8. mars).<\/p>\n<p>Ein kan s\u00e5leis g\u00e5 ut ifr\u00e5 at 6. februar \u00f2g er datoen for sn\u00f8skredet som r\u00e5ka <a href=\"http:\/\/www.lokalhistoriewiki.no\/index.php\/T%C3%B8geplassen_(Jostedalen)\">T\u00f8geplassen <\/a>under Li der dei to gutane budde. Faren <a href=\"http:\/\/www.lokalhistoriewiki.no\/index.php\/T%C3%B8ger_Larsson_Kilen\">T\u00f8ger Larsson <\/a>(1834-1936) fr\u00e5 Horpen i F\u00e5berg og kona Kari Olsdotter fr\u00e5 Br\u00e6nna under Bergset hadde \u00e5ret f\u00f8r (1867) g\u00e5tt i gang med \u00e5 rydde plassen rett fram for hovudtunet i Li. Lars \u00d8yane skriv i bygdeboka at &laquo;det vert fortalt at dei to borni hans miste livet d\u00e5 pipa datt over dei&raquo; (\u00d8yane 1994, s. 682). Det er uvisst om det finst skriftlege kjelder som underbyggjer denne munnlege tradisjonen om d\u00f8ds\u00e5rsaka. Etter ulukka vart T\u00f8geplassen lagt ned. T\u00f8ger og kona hans vart fyrst husmannsfolk i Vigdalen og (fr\u00e5 1874) p\u00e5 Kilen i Dalsdalen i Luster.<\/p>\n<p>Ogs\u00e5 stovehuset p\u00e5 hovudbruket i Li fekk merke sn\u00f8skredet. Stovehuset skal ha vorte flytt vel ein halv meter utan at det er opplysningar om at nokon kom til skade. Seinare laga dei seg tilfluktsrom p\u00e5 garden. Kring 1880 vart det mura opp ein solid fonnkjellar attmed ein stor stein 15 meter ovanfor stovehuset (\u00d8yane 1994, s. 664).<\/p>\n<p>1868 var ein av dei verste skredvintrane ein kjenner til i Vest- og Midt-Noreg. Det gjekk ulukkesskreder fr\u00e5 R\u00f8ldal i Hordaland i s\u00f8r til Oppdal i S\u00f8r-Tr\u00f8ndelag i nord. Det totale omfanget av ulukkesskreda er framleis ukjend, men minst 161 menneske omkom i ulike skredulukker (Furseth 2006, s. 110). Dei fyrste skadeskreda gjekk 6. februar (R\u00f8ldal, Storfjorden p\u00e5 Sunnm\u00f8re og fleire hus i Sogn) (Kristensen 1998, s. 11). T\u00f8geplassen vart alts\u00e5 teken p\u00e5 den fyrste store skreddagen.<\/p>\n<p>I 1846 vart ein annan husmannsplass under Li, <a href=\"http:\/\/www.lokalhistoriewiki.no\/index.php\/Leteigen_(Jostedalen)\">Leteigen<\/a>, heilt \u00f8ydelagd av sn\u00f8skred.<\/p>\n<p><strong>Litteratur<\/strong><\/p>\n<p>Om\u00a0<a href=\"http:\/\/www.lokalhistoriewiki.no\/index.php\/T%C3%B8ger_Larsson_Kilen\">T\u00f8ger\u00a0Larsson Kilen<\/a>, <a href=\"http:\/\/www.lokalhistoriewiki.no\/index.php\/Li_(Jostedalen)\">Li<\/a>, <a href=\"http:\/\/www.lokalhistoriewiki.no\/index.php\/T%C3%B8geplassen_(Jostedalen)\">T\u00f8geplassen<\/a>\u00a0og <a href=\"http:\/\/www.lokalhistoriewiki.no\/index.php\/Leteigen_(Jostedalen)\">Leteigen <\/a>i lokalhistoriewiki.\u00a0<\/p>\n<p>Furseth, Astor. (2006). <em>Skredulykker i Norge. <\/em>Oslo: Tun.<\/p>\n<p>Kristensen, Krister. (1999). <em>Skredvinteren 1868 i Stryn. <\/em>Semesteroppg\u00e5ve i Lokalhistorie. Sogndal: H\u00f8gskulen i Sogn og Fjordane.<\/p>\n<p>\u00d8yane, Lars E. (1994). <em>Jostedal sokn. Gards- og \u00e6ttesoge for Luster kommune.<\/em>\u00a0 (Bd. 5). Gaupne: Luster kommune.<\/p>\n","protected":false},"excerpt":{"rendered":"<p>Kyrkjeboka for Jostedalen fortel at to sm\u00e5 gutar, innerstborna Lars T\u00f8gersen (4 \u00e5r) og Ole T\u00f8gersen (7 m\u00e5nader) var &laquo;Omkomne i en Sneeskred.&raquo; Dei d\u00f8ydde 6. februar 1868 og vart gravlagde 25. februar (jordfesta 8. mars). Ein kan s\u00e5leis g\u00e5 ut ifr\u00e5 at 6. februar \u00f2g er datoen for sn\u00f8skredet som r\u00e5ka T\u00f8geplassen under Li [&hellip;]<\/p>\n","protected":false},"author":2,"featured_media":0,"parent":2589,"menu_order":7,"comment_status":"open","ping_status":"open","template":"","meta":{"ngg_post_thumbnail":0,"footnotes":""},"class_list":["post-1621","page","type-page","status-publish","hentry"],"_links":{"self":[{"href":"https:\/\/www.historielaget.jostedal.no\/index.php?rest_route=\/wp\/v2\/pages\/1621","targetHints":{"allow":["GET"]}}],"collection":[{"href":"https:\/\/www.historielaget.jostedal.no\/index.php?rest_route=\/wp\/v2\/pages"}],"about":[{"href":"https:\/\/www.historielaget.jostedal.no\/index.php?rest_route=\/wp\/v2\/types\/page"}],"author":[{"embeddable":true,"href":"https:\/\/www.historielaget.jostedal.no\/index.php?rest_route=\/wp\/v2\/users\/2"}],"replies":[{"embeddable":true,"href":"https:\/\/www.historielaget.jostedal.no\/index.php?rest_route=%2Fwp%2Fv2%2Fcomments&post=1621"}],"version-history":[{"count":4,"href":"https:\/\/www.historielaget.jostedal.no\/index.php?rest_route=\/wp\/v2\/pages\/1621\/revisions"}],"predecessor-version":[{"id":1623,"href":"https:\/\/www.historielaget.jostedal.no\/index.php?rest_route=\/wp\/v2\/pages\/1621\/revisions\/1623"}],"up":[{"embeddable":true,"href":"https:\/\/www.historielaget.jostedal.no\/index.php?rest_route=\/wp\/v2\/pages\/2589"}],"wp:attachment":[{"href":"https:\/\/www.historielaget.jostedal.no\/index.php?rest_route=%2Fwp%2Fv2%2Fmedia&parent=1621"}],"curies":[{"name":"wp","href":"https:\/\/api.w.org\/{rel}","templated":true}]}}