{"id":1643,"date":"2011-05-14T09:53:00","date_gmt":"2011-05-14T07:53:00","guid":{"rendered":"http:\/\/www.historielaget.jostedal.no\/?page_id=1643"},"modified":"2025-04-12T11:02:14","modified_gmt":"2025-04-12T09:02:14","slug":"d%c3%b8dsulukke-pa-breen-1852","status":"publish","type":"page","link":"https:\/\/www.historielaget.jostedal.no\/?page_id=1643","title":{"rendered":"D\u00f8dsulukke p\u00e5 breen 1852"},"content":{"rendered":"<p>Vinteren 1852 fall innersten <a href=\"http:\/\/www.lokalhistoriewiki.no\/index.php\/Dave_Johnson\">Dave Johnson <\/a>ned i ein sprekk p\u00e5 Jostedalsbreen og omkom. Berre tre \u00e5r tidlegare vart han hardt skadd d\u00e5 <a href=\"http:\/\/www.historielaget.jostedal.no\/?page_id=1579\">eit sn\u00f8skred tok husmannsplassen hans<\/a>. Den gripande historia n\u00e5dde Morgenbladet:<\/p>\n<p><a href=\"https:\/\/www.historielaget.jostedal.no\/wordpress\/wp-content\/upLoads\/Mbl-ulukke-Dave.jpg\"><img loading=\"lazy\" decoding=\"async\" class=\"alignleft size-medium wp-image-3692\" src=\"https:\/\/www.historielaget.jostedal.no\/wordpress\/wp-content\/upLoads\/Mbl-ulukke-Dave-300x63.jpg\" alt=\"\" width=\"300\" height=\"63\" srcset=\"https:\/\/www.historielaget.jostedal.no\/wordpress\/wp-content\/upLoads\/Mbl-ulukke-Dave-300x63.jpg 300w, https:\/\/www.historielaget.jostedal.no\/wordpress\/wp-content\/upLoads\/Mbl-ulukke-Dave-150x31.jpg 150w, https:\/\/www.historielaget.jostedal.no\/wordpress\/wp-content\/upLoads\/Mbl-ulukke-Dave-768x161.jpg 768w, https:\/\/www.historielaget.jostedal.no\/wordpress\/wp-content\/upLoads\/Mbl-ulukke-Dave.jpg 868w\" sizes=\"auto, (max-width: 300px) 100vw, 300px\" \/><\/a><\/p>\n<p>&nbsp;<\/p>\n<p>&nbsp;<\/p>\n<p><strong>Avskrift<\/strong><\/p>\n<p><strong>Jostedalen<\/strong>, den 29de April. \u2013 For kort Tid siden indtraf den Ulykke, at Inderst Dave Johnsen Gj\u00e6rde her af Pr\u00e6stegjeldet paa en Vandring over Sne-Breden, som adskiller Jostedal fra Stryen, faldt ned i et Dyb, der var bed\u00e6kket med Snee, og \u2013 var aldeles forsvunden for hans F\u00f8lgekammerats \u00d8ine. Ved Underretning herom begave 6 raske, modige M\u00e6nd fra Jostedal sig derhen, og 2 af dem lode sig neds\u00e6nke i Dybet. Efterat v\u00e6re komne 43 Alen ned, standsede de ved en fremspringende Iiskant, bed\u00e6kket med Sne, hvor den Forsvundne formodedes at maatte findes. Efter l\u00e6ngere Tids S\u00f8gen opgravedes han med knust Hoved. Ved Siden af denne Iiskant saaes atter et bundl\u00f8st Sv\u00e6lg. Nedstigningen var forbunden med stor Fare formedelst den overh\u00e6ngende betydelige Snebred, der, naar den havde l\u00f8snet, upaatvivlelig ogsaa vilde have begravet de Nedstigende, hvem de 4 ovenpaa Breden staaende M\u00e6nd neppe kunde have ydet videre Hjelp. For 3 Aar siden borttog en Snelavine denne Dave Johnsens Stue. Leml\u00e6stet blev han med Familie gravet op, og siden har han, tildeels under Betlen, f\u00f8rt et kummerfuldt Liv, der saa s\u00f8rgelig endtes. Han efterlader sig en n\u00f8dlidende Hustru og 3 smaa B\u00f8rn, dem Enkers Fors\u00f8rger og de Faderl\u00f8ses Fader tage i sin barmhjertige Varet\u00e6gt! Flere mislige Aaringer have bragt stor Armod blandt dette Pr\u00e6stegjelds Beboere. Mange ere de Tr\u00e6ngende, de Fleste tilbringe et kummerfuldt Liv. Josted\u00f8len er vant til at lide, tie og taale; men Flere have dog v\u00e6ret n\u00f8dsagede til, betlende at vandre om i Nabobygderne, hvor de, under Erkjendelsen af den nerv\u00e6rende Trang, taales og meddeles Kj\u00e6rlighedsgaver. Gud l\u00f8nne dem, der f\u00f8lge Hjertets \u00e6dle Drift; han lade dem h\u00f8ste Velsignelsens Frugter, der saa i Velsignelse!<\/p>\n<p><strong>Kjelde<\/strong><\/p>\n<p><em>Morgenbladet<\/em>, 9.5.1852, nr. 130, side 2-3 [<a href=\"https:\/\/urn.nb.no\/URN:NBN:no-nb_digavis_morgenbladet_null_null_18520509_34_130_1\">digital utg\u00e5ve, Nasjonalbiblioteket<\/a>]<\/p>\n<p><strong>Merknad<\/strong><\/p>\n<p>Forfattaren var truleg <a href=\"http:\/\/www.lokalhistoriewiki.no\/index.php\/Christian_Bastholm_Heltberg\">Christian Bastholm Heltberg<\/a>, som hadde vore sokneprest i Jostedalen sidan 1847 og ordf\u00f8rar sidan 1847. Det var gjerne prestane som skreiv slike meldingar, og dei kristelege formuleringane mot slutten tyder p\u00e5 det same. Det var truleg \u00f2g Heltberg som skreiv stykket i Morgenbladet i 1849 om skredulukka som tok Bakkane og Daveplassen.<\/p>\n<p><a href=\"http:\/\/www.arkivverket.no\/URN:NBN:no-a1450-kb20070305640360.jpg\">Kyrkjeboka for Jostedalen 1849-1877<\/a> fortel at Dave Johnsen d\u00f8ydde 31. mars og vart gravlagd 6. april. Om d\u00f8ds\u00e5rsaka vert det opplyst at han &laquo;Faldt ned i en R\u00e6vne paa Jostedalsbreden, imellem Jostedal og Nordfjord, hvor han d\u00f8de&raquo;.<\/p>\n<p>Omstenda kring ulukka er uklare. Det g\u00e5r ikkje fram kvar p\u00e5 breen dette hende, kven turkameraten til Dave var, kven dei seks som deltok i redningsaksjonen var eller kva Dave og kameraten skulle p\u00e5 breen denne onsdagen i mars. Kyrkjeboka fortel at det hende p\u00e5 breen mellom Jostedalen og Nordfjord, s\u00e5 dei kan ha vore p\u00e5 veg til Nordfjord der farsslekta til Dave h\u00f8yrde heime. Men\u00a0dei kan \u00f2g ha vore p\u00e5 reinsjakt p\u00e5 ei tid der avisstykket melder om matmangel og knappe tider, eller dei kan ha hatt andre \u00e6rend.<\/p>\n<p>Som det g\u00e5r fram av avisartikkelen, vart Dave i 1849 hardt skadd d\u00e5 <a href=\"http:\/\/www.historielaget.jostedal.no\/?page_id=1579\">husmannsplassen under Kruna hans vart teken av eit sn\u00f8skred<\/a>.<\/p>\n","protected":false},"excerpt":{"rendered":"<p>Vinteren 1852 fall innersten Dave Johnson ned i ein sprekk p\u00e5 Jostedalsbreen og omkom. Berre tre \u00e5r tidlegare vart han hardt skadd d\u00e5 eit sn\u00f8skred tok husmannsplassen hans. Den gripande historia n\u00e5dde Morgenbladet: &nbsp; &nbsp; Avskrift Jostedalen, den 29de April. \u2013 For kort Tid siden indtraf den Ulykke, at Inderst Dave Johnsen Gj\u00e6rde her af [&hellip;]<\/p>\n","protected":false},"author":2,"featured_media":0,"parent":2589,"menu_order":6,"comment_status":"open","ping_status":"open","template":"","meta":{"ngg_post_thumbnail":0,"footnotes":""},"class_list":["post-1643","page","type-page","status-publish","hentry"],"_links":{"self":[{"href":"https:\/\/www.historielaget.jostedal.no\/index.php?rest_route=\/wp\/v2\/pages\/1643","targetHints":{"allow":["GET"]}}],"collection":[{"href":"https:\/\/www.historielaget.jostedal.no\/index.php?rest_route=\/wp\/v2\/pages"}],"about":[{"href":"https:\/\/www.historielaget.jostedal.no\/index.php?rest_route=\/wp\/v2\/types\/page"}],"author":[{"embeddable":true,"href":"https:\/\/www.historielaget.jostedal.no\/index.php?rest_route=\/wp\/v2\/users\/2"}],"replies":[{"embeddable":true,"href":"https:\/\/www.historielaget.jostedal.no\/index.php?rest_route=%2Fwp%2Fv2%2Fcomments&post=1643"}],"version-history":[{"count":6,"href":"https:\/\/www.historielaget.jostedal.no\/index.php?rest_route=\/wp\/v2\/pages\/1643\/revisions"}],"predecessor-version":[{"id":3693,"href":"https:\/\/www.historielaget.jostedal.no\/index.php?rest_route=\/wp\/v2\/pages\/1643\/revisions\/3693"}],"up":[{"embeddable":true,"href":"https:\/\/www.historielaget.jostedal.no\/index.php?rest_route=\/wp\/v2\/pages\/2589"}],"wp:attachment":[{"href":"https:\/\/www.historielaget.jostedal.no\/index.php?rest_route=%2Fwp%2Fv2%2Fmedia&parent=1643"}],"curies":[{"name":"wp","href":"https:\/\/api.w.org\/{rel}","templated":true}]}}