{"id":1672,"date":"2011-05-23T23:54:17","date_gmt":"2011-05-23T21:54:17","guid":{"rendered":"http:\/\/www.historielaget.jostedal.no\/?page_id=1672"},"modified":"2014-05-18T14:34:40","modified_gmt":"2014-05-18T12:34:40","slug":"josted%c3%b8ler-med-r%c3%b8ysterett-1814-1823","status":"publish","type":"page","link":"https:\/\/www.historielaget.jostedal.no\/?page_id=1672","title":{"rendered":"Josted\u00f8ler med r\u00f8ysterett 1814-1823"},"content":{"rendered":"<p>Grunnlova 17.5.1814 og den reviderte grunnlova 4.11.1814 gav i paragraf 50 r\u00f8ysterett ved stortingsval til menn over 25 \u00e5r som oppfylte visse kvalifikasjonar. For at dei som kvalifiserte til \u00e5 f\u00e5 r\u00f8ysterett faktisk skulle f\u00e5 det, laut dei sverje eid til Grunnlova p\u00e5 bygdetinget.<\/p>\n<p>Dette var s\u00e5leis eit punkt p\u00e5 dei tre ordin\u00e6re \u00e5rlege tingsamlingane for Luster og Jostedalen skipreider i Dale dersom det var nokon som ville avleggje eiden. Somme gonger er josted\u00f8lene oppf\u00f8rte i tingboka for seg, andre gonger i lag med lustringane. I det f\u00f8lgjande oversynet er berre josted\u00f8lene med. Namna er skrivne av n\u00f8yaktig etter tingboka, men er der oppsette i lister [feil i <a href=\"http:\/\/www.historielaget.jostedal.no\/?page_id=1655\">manntalsprotokollen <\/a>i parentes].<\/p>\n<p><strong>Avskrift av tingb\u00f8kene<\/strong><\/p>\n<p><em>Hausttinget 10. september 1814<br \/>\n<\/em>Sj\u00e5 <a href=\"http:\/\/www.historielaget.jostedal.no\/?page_id=2926\">fullstendig avskrift<\/a> av den fyrste eidsavlegginga.<\/p>\n<ol>\n<li><a href=\"http:\/\/www.lokalhistoriewiki.no\/index.php\/J%C3%B8rgen_Johannesson_Myklemyr\">J\u00f8rgen M\u00f8chlemyhr<\/a>, af Jystedahlen,<\/li>\n<li><a href=\"http:\/\/www.lokalhistoriewiki.no\/index.php\/Erik_Olson_Myklemyr\">Erick Olsen <\/a>ibid,<\/li>\n<li><a href=\"http:\/\/www.lokalhistoriewiki.no\/index.php\/Sjur_Larsson_Bakken\">Sjur\u00a0 Bakken<\/a>,<\/li>\n<li><a href=\"http:\/\/www.lokalhistoriewiki.no\/index.php\/Knut_Erikson_Kjervik\">Kjeppe Knud <\/a>og<\/li>\n<li><a href=\"http:\/\/www.lokalhistoriewiki.no\/index.php\/Jetmund_Knutson_Yttri\">Jetmund Kjervig<\/a>,<\/li>\n<li><a href=\"http:\/\/www.lokalhistoriewiki.no\/index.php\/Lars_Nilsson_Kreken\">Lars Nils: Lien<\/a>,<\/li>\n<li><a href=\"http:\/\/www.lokalhistoriewiki.no\/index.php\/Erik_Larsson_Espe\">Erick Espe<\/a>,<\/li>\n<li><a href=\"http:\/\/www.lokalhistoriewiki.no\/index.php\/Paul_Otteson_Mj%C3%B8lver\">Paul Mjelv\u00e6hr<\/a>,<\/li>\n<li><a href=\"http:\/\/www.lokalhistoriewiki.no\/index.php\/Claus_Olson_Elvekrok\">Claus Elvekrog<\/a>,<\/li>\n<li><a href=\"http:\/\/www.lokalhistoriewiki.no\/index.php\/John_Andersson_Sn%C3%B8tun\">John Snethun<\/a>,<\/li>\n<li><a href=\"http:\/\/www.lokalhistoriewiki.no\/index.php\/T%C3%B8ger_Larsson_Kruna\">T\u00f8ger Kronen<\/a>, <em>[ikkje 1815]<\/em><\/li>\n<li><a href=\"http:\/\/www.lokalhistoriewiki.no\/index.php\/Rasmus_Hansson_Helleg%C3%A5rd\">Rasmus Hellegaard <\/a><em>[ikkje 1815]<\/em><\/li>\n<\/ol>\n<p><em>Sommartinget 7. juni 1815<\/em><\/p>\n<ol>\n<li><a href=\"http:\/\/www.lokalhistoriewiki.no\/index.php\/Rasmus_Larsson_F%C3%A5berg\">Rasmus Larsen Faaberg<\/a>,<\/li>\n<li><a href=\"http:\/\/www.lokalhistoriewiki.no\/index.php\/Lars_Olson_F%C3%A5berg\">Lars Olsen Faaberg,<\/a><\/li>\n<li><a href=\"http:\/\/www.lokalhistoriewiki.no\/index.php\/Anders_Otteson_Grov\">Anders Ottesen Grov,<\/a><\/li>\n<li><a href=\"http:\/\/www.lokalhistoriewiki.no\/index.php\/Peder_Andersson_Sn%C3%B8tun\">Peder Andersen Snethun,<\/a><\/li>\n<li><a href=\"http:\/\/www.lokalhistoriewiki.no\/index.php\/Knut_Rasmusson_Myklemyr\">Knud Rasmussen Bergseth<\/a> <em>[ikkje 1818]<\/em><\/li>\n<\/ol>\n<p><em>Sommartinget 9. juni 1818<\/em><\/p>\n<ol>\n<li>Lars Johnsen Nedrelie<\/li>\n<\/ol>\n<p><em>Hausttinget 25. oktober 1820<\/em><\/p>\n<ol>\n<li>Anders Larsen Lie<\/li>\n<\/ol>\n<p><em>Sommartinget 6. juni 1823<\/em><\/p>\n<ol>\n<li><a href=\"http:\/\/lokalhistoriewiki.no\/index.php\/Halvor_Olson_Vamberg\">Halvor Olsen Wamberg<\/a>, <em>[ikkje 1814]<\/em><\/li>\n<li>Erich Knudsen Kjervigen, <em>[ikkje 1814]<\/em><\/li>\n<li>Anders Andersen Ormberg<\/li>\n<\/ol>\n<p><em>Prestane<br \/>\n<\/em>Sokneprest i Jostedalen fr\u00e5 1812 til 1820 var dansken <a href=\"http:\/\/lokalhistoriewiki.no\/index.php\/Holger_Halling_Schj%C3%B8dt\">Holger Halling Schj\u00f8dt<\/a>. Han oppfylte ikkje kravet i Grunnlova (\u00a7 50) om fem \u00e5rs opphald i landet og var s\u00e5leis ikkje r\u00f8ysterettskvalifisert f\u00f8r i\u00a01817. Men det ser heller ikkje ut til at han avla eid dei siste tre \u00e5ra han var prest i Jostedalen.<\/p>\n<p>Sokneprest fr\u00e5 oktober 1822 var <a href=\"http:\/\/lokalhistoriewiki.no\/index.php\/Peder_Pavels_Aabel\">Peder Pavels Aabel<\/a>. Han vart r\u00f8ysterettskvalifisert 13.4.1822 d\u00e5 han 26 \u00e5r gamal vart utnemnd til presteembetet i Jostedalen, men ser ikkje ut til \u00e5 ha avlagt eid i 1823. Fr\u00e5 august 1823 var han sokneprest i Sogndal, s\u00e5 han har truleg avlagt eid p\u00e5 tinget i Sogndal seinare.<\/p>\n<p><strong>Kjelder<br \/>\n<\/strong>Statsarkivet i Bergen, Sogn og Fjordane fylke, Indre Sogn sorenskriveri (Digitalarkivet)<br \/>\n# Tingbok I A 51, 1814-1818, s. <a href=\"http:\/\/arkivverket.no\/URN:rg_read\/30774\/124\/\">123a (1814)<\/a>, <a href=\"http:\/\/arkivverket.no\/URN:rg_read\/30774\/227\/\">226a (1815)<\/a>, <a href=\"http:\/\/arkivverket.no\/URN:rg_read\/30774\/676\/\">674b (1818)<\/a><br \/>\n# Tingbok I A 52, 1818-1823, s. <a href=\"http:\/\/arkivverket.no\/URN:rg_read\/30775\/343\/\">341b-342a (1820)<\/a><\/p>\n","protected":false},"excerpt":{"rendered":"<p>Grunnlova 17.5.1814 og den reviderte grunnlova 4.11.1814 gav i paragraf 50 r\u00f8ysterett ved stortingsval til menn over 25 \u00e5r som oppfylte visse kvalifikasjonar. For at dei som kvalifiserte til \u00e5 f\u00e5 r\u00f8ysterett faktisk skulle f\u00e5 det, laut dei sverje eid til Grunnlova p\u00e5 bygdetinget. Dette var s\u00e5leis eit punkt p\u00e5 dei tre ordin\u00e6re \u00e5rlege tingsamlingane [&hellip;]<\/p>\n","protected":false},"author":2,"featured_media":0,"parent":1653,"menu_order":2,"comment_status":"open","ping_status":"open","template":"","meta":{"ngg_post_thumbnail":0,"footnotes":""},"class_list":["post-1672","page","type-page","status-publish","hentry"],"_links":{"self":[{"href":"https:\/\/www.historielaget.jostedal.no\/index.php?rest_route=\/wp\/v2\/pages\/1672","targetHints":{"allow":["GET"]}}],"collection":[{"href":"https:\/\/www.historielaget.jostedal.no\/index.php?rest_route=\/wp\/v2\/pages"}],"about":[{"href":"https:\/\/www.historielaget.jostedal.no\/index.php?rest_route=\/wp\/v2\/types\/page"}],"author":[{"embeddable":true,"href":"https:\/\/www.historielaget.jostedal.no\/index.php?rest_route=\/wp\/v2\/users\/2"}],"replies":[{"embeddable":true,"href":"https:\/\/www.historielaget.jostedal.no\/index.php?rest_route=%2Fwp%2Fv2%2Fcomments&post=1672"}],"version-history":[{"count":18,"href":"https:\/\/www.historielaget.jostedal.no\/index.php?rest_route=\/wp\/v2\/pages\/1672\/revisions"}],"predecessor-version":[{"id":2931,"href":"https:\/\/www.historielaget.jostedal.no\/index.php?rest_route=\/wp\/v2\/pages\/1672\/revisions\/2931"}],"up":[{"embeddable":true,"href":"https:\/\/www.historielaget.jostedal.no\/index.php?rest_route=\/wp\/v2\/pages\/1653"}],"wp:attachment":[{"href":"https:\/\/www.historielaget.jostedal.no\/index.php?rest_route=%2Fwp%2Fv2%2Fmedia&parent=1672"}],"curies":[{"name":"wp","href":"https:\/\/api.w.org\/{rel}","templated":true}]}}