{"id":1773,"date":"2011-05-26T10:21:37","date_gmt":"2011-05-26T08:21:37","guid":{"rendered":"http:\/\/www.historielaget.jostedal.no\/?page_id=1773"},"modified":"2025-04-13T18:15:10","modified_gmt":"2025-04-13T16:15:10","slug":"valmenn-fra-jostedalen","status":"publish","type":"page","link":"https:\/\/www.historielaget.jostedal.no\/?page_id=1773","title":{"rendered":"Valmenn fr\u00e5 Jostedalen 1814-1830"},"content":{"rendered":"<p>Grunnlova slo fast at prestegjeld med under 100 r\u00f8ystef\u00f8re skulle velje ein valmann til distriktsforsamlinga for Nordre Bergenhus amt. Her vart s\u00e5 stortingsrepresentantane fr\u00e5 amtet valde mellom valmennene. Her f\u00f8lgjer eit oversyn over valmenn fr\u00e5 Jostedalen, f\u00f8rebels fr\u00e5 1814 til 1830.<\/p>\n<p><strong>Riksforsamlinga v\u00e5ren 1814<\/strong><br \/>\n<a href=\"http:\/\/www.historielaget.jostedal.no\/?page_id=785\">Sj\u00e5 eiga side.<\/a><\/p>\n<p><strong>Det omframme Stortinget hausten 1814<br \/>\n<\/strong><em>Valet i Jostedalen var 18. september 1814:<\/em><\/p>\n<p>De <a href=\"http:\/\/www.historielaget.jostedal.no\/?page_id=1672\">Stemmeberettigede <\/a>valgte <a href=\"http:\/\/www.lokalhistoriewiki.no\/index.php\/Rasmus_Hansson_Helleg%C3%A5rd\">Rasmus Hansen Heljegaard<\/a> til at m\u00f8de som Repr\u00e6sentant paa Wig\u00f8ren i Anledning af et extraordinairt Storthing, som skulde holdes d. 7d October i Christiania. (Ministerialbok, s. 21)<\/p>\n<p><em><a href=\"http:\/\/lokalhistoriewiki.no\/index.php\/Stortingsvalet_i_Nordre_Bergenhus_1814\">Distriktsforsamlinga var i Vik 23.9.1814<\/a>, og Stortinget kom saman i Kristiania 7.10.<\/em><\/p>\n<p><strong>Det 1. ordin\u00e6re Stortinget 1815<\/strong><\/p>\n<p>Fra Justedahls Pr\u00e6stegield m\u00f8tte Ingen. (Valprotokoll, s. 2a)<\/p>\n<p><em>Det er heller ikkje spor etter val i kyrkjeboka. <a href=\"http:\/\/lokalhistoriewiki.no\/index.php\/Stortingsvalet_i_Nordre_Bergenhus_1815\">Distriktsforsamlinga var\u00a0<\/a><\/em><em><a href=\"http:\/\/lokalhistoriewiki.no\/index.php\/Stortingsvalet_i_Nordre_Bergenhus_1815\">i Eivindvik 18.1.1815<\/a>. Stortinget kom saman i Kristiania 1.7.1815.<\/em><\/p>\n<p><strong>Det 2. ordin\u00e6re Stortinget 1818<br \/>\n<\/strong><em>Valet i Jostedalen var 10. august 1817:<\/em><\/p>\n<p>Afholdte Valgforsamling efter Amtets Ordre i Anledning af det andet ordentlige Storting, som n\u00e6stkommende Februari Maaned skal holdes i Christiania. Gaardmand <a href=\"http:\/\/www.lokalhistoriewiki.no\/index.php\/Lars_Olson_F%C3%A5berg\">Lars Olsen \u00d8vre Faaberg <\/a>valgtes til virkelig Repr\u00e6sentant og Gaardmand <a href=\"http:\/\/www.lokalhistoriewiki.no\/index.php\/Anders_Otteson_Grov\">Anders Ottesen Grov <\/a>til Reserve. (Ministerialbok, s. 26b)<\/p>\n<p><em><a href=\"http:\/\/lokalhistoriewiki.no\/index.php\/Stortingsvalet_i_Nordre_Bergenhus_1817\">Distriktsforsamlinga var p\u00e5 Sauesund i Askvoll 22.9.1817<\/a>: <\/em><\/p>\n<p>Justedahl &#8211; Lars Olsen Faaberg &#8211; [r\u00f8ysta p\u00e5:] <a href=\"http:\/\/lokalhistoriewiki.no\/index.php\/Ole_Elias_Holck\">Major Holck<\/a>, Lars Tingn\u00e6s, Lars Christensen Ous, Reserve: Ole Svan\u00f8e, J\u00f8rgen Flickie, Absalon Wereide. (Valprotokoll, s. 5b)<\/p>\n<p><em>Dette er det einaste valet der protokollen opplyser kven som r\u00f8ystsa p\u00e5 kva. Lars F\u00e5berg r\u00f8ysta p\u00e5 dei seks som vart valde med unntak av\u00a0Lars Ous, som ikkje vart vald. Amtmann Falsen vart i staden vald, men fekk valet underkjend d\u00e5 han m\u00f8tte p\u00e5\u00a0Stortinget som kom saman 2.2.1818.<\/em><\/p>\n<p><strong>Det 3. ordin\u00e6re Stortinget 1821<br \/>\n<\/strong><em>(og det 2. omframme Stortinget 1822)<\/em><\/p>\n<p><em>Valet i Jostedalen var 21. mai 1820: <\/em><\/p>\n<p>Til at reise til Amtsforsamlingen der skal afholdes i Sommer, valgtes efter de fleste Stemmer Gaardmand <a href=\"http:\/\/www.lokalhistoriewiki.no\/index.php\/Paul_Otteson_Mj%C3%B8lver\">Paul Ottesen Mielv\u00e6r<\/a> til Virkelig Valgmand og Gaardmand <a href=\"http:\/\/www.lokalhistoriewiki.no\/index.php\/Rasmus_Larsson_F%C3%A5berg\">Rasmus Larsen Nedre Faaberg<\/a> til Reserve. (Ministerialbok, s.\u00a029b)<\/p>\n<p><em>Distriktsforsamlinga var p\u00e5 Tross i Dale i Sunnfjord 22.7.1820. Stortinget kom saman 1.2.1821, og det omframme Stortinget kom saman 16.9.1822.<\/em><\/p>\n<p><strong>Det 4. ordin\u00e6re Stortinget 1824<\/strong><\/p>\n<p>Klokker <a href=\"http:\/\/lokalhistoriewiki.no\/index.php\/Johannes_Asbj%C3%B8rnson_Hus\">Johannes Asbi\u00f8rnsen <\/a>var valmann.<\/p>\n<p><em>Distriksforsamlinga var p\u00e5 Sauesund i Askvoll 13.10.1823. Stortinget kom saman 2.2.1824.<\/em><\/p>\n<p><strong>Det 5. ordin\u00e6re Stortinget 1827<\/strong><br \/>\n<em>(og det 3. omframme Stortinget 1828)<\/em><\/p>\n<p>Klokker <a href=\"http:\/\/lokalhistoriewiki.no\/index.php\/Johannes_Asbj%C3%B8rnson_Hus\">Johannes Asbj\u00f8rnsen<\/a> var valmann.<\/p>\n<p><em>Distriktsforsamlinga var p\u00e5 Dross i Dale, Sunnfjord, 30.8.1826. Stortinget kom saman 1.2.1827, og omframmstortinget kom saman 16.4.1828.<\/em><\/p>\n<p><strong>Det 6. ordin\u00e6re Stortinget 1830<\/strong><\/p>\n<p>Valet i Jostedalen vart halde 20.9.1829.<\/p>\n<p>Valmann: Gaardmand Anders Andersen Ormberg &#8211; 8 stemmer<br \/>\nSuppleant: Gaardmand <a href=\"http:\/\/lokalhistoriewiki.no\/index.php\/Paul_Otteson_Mj%C3%B8lver\">Poul Ottesen Mielv\u00e6r <\/a>&#8211; 6 stemmer<\/p>\n<p><em>Distriktsforsamlinga var p\u00e5 Tross i Dale, Sunnfjord, 30.9.1829. Stortinget kom saman 1.2.1830.<\/em><\/p>\n<p><strong>Kjelde<\/strong><\/p>\n<p>Ministerialbok for Jostedalen 1807-1837 (Digitalarkivet)<\/p>\n<p>Fylkesmannen i Sogn og Fjordane, Valprotokoll 1815-1825 (Statsarkivet)<\/p>\n<p>Forhandlingsdokumenter fra h\u00f8sten 1814, 2. Bilag 1-301 til Stortingets forhandlingsprotokoll, Bilag 4 (Nordre Bergenhus amt), stortinget.no.<\/p>\n","protected":false},"excerpt":{"rendered":"<p>Grunnlova slo fast at prestegjeld med under 100 r\u00f8ystef\u00f8re skulle velje ein valmann til distriktsforsamlinga for Nordre Bergenhus amt. Her vart s\u00e5 stortingsrepresentantane fr\u00e5 amtet valde mellom valmennene. Her f\u00f8lgjer eit oversyn over valmenn fr\u00e5 Jostedalen, f\u00f8rebels fr\u00e5 1814 til 1830. Riksforsamlinga v\u00e5ren 1814 Sj\u00e5 eiga side. Det omframme Stortinget hausten 1814 Valet i Jostedalen [&hellip;]<\/p>\n","protected":false},"author":2,"featured_media":0,"parent":1653,"menu_order":6,"comment_status":"open","ping_status":"open","template":"","meta":{"ngg_post_thumbnail":0,"footnotes":""},"class_list":["post-1773","page","type-page","status-publish","hentry"],"_links":{"self":[{"href":"https:\/\/www.historielaget.jostedal.no\/index.php?rest_route=\/wp\/v2\/pages\/1773","targetHints":{"allow":["GET"]}}],"collection":[{"href":"https:\/\/www.historielaget.jostedal.no\/index.php?rest_route=\/wp\/v2\/pages"}],"about":[{"href":"https:\/\/www.historielaget.jostedal.no\/index.php?rest_route=\/wp\/v2\/types\/page"}],"author":[{"embeddable":true,"href":"https:\/\/www.historielaget.jostedal.no\/index.php?rest_route=\/wp\/v2\/users\/2"}],"replies":[{"embeddable":true,"href":"https:\/\/www.historielaget.jostedal.no\/index.php?rest_route=%2Fwp%2Fv2%2Fcomments&post=1773"}],"version-history":[{"count":10,"href":"https:\/\/www.historielaget.jostedal.no\/index.php?rest_route=\/wp\/v2\/pages\/1773\/revisions"}],"predecessor-version":[{"id":3798,"href":"https:\/\/www.historielaget.jostedal.no\/index.php?rest_route=\/wp\/v2\/pages\/1773\/revisions\/3798"}],"up":[{"embeddable":true,"href":"https:\/\/www.historielaget.jostedal.no\/index.php?rest_route=\/wp\/v2\/pages\/1653"}],"wp:attachment":[{"href":"https:\/\/www.historielaget.jostedal.no\/index.php?rest_route=%2Fwp%2Fv2%2Fmedia&parent=1773"}],"curies":[{"name":"wp","href":"https:\/\/api.w.org\/{rel}","templated":true}]}}