{"id":184,"date":"2008-07-19T23:33:46","date_gmt":"2008-07-19T21:33:46","guid":{"rendered":"http:\/\/www.historielaget.jostedal.no\/?page_id=184"},"modified":"2025-04-15T19:21:56","modified_gmt":"2025-04-15T17:21:56","slug":"skulehistorie","status":"publish","type":"page","link":"https:\/\/www.historielaget.jostedal.no\/?page_id=184","title":{"rendered":"Skulehistorie"},"content":{"rendered":"<div id=\"attachment_3857\" style=\"width: 187px\" class=\"wp-caption alignleft\"><a href=\"https:\/\/www.historielaget.jostedal.no\/wordpress\/wp-content\/upLoads\/Sperle_skule-scaled.jpg\"><img loading=\"lazy\" decoding=\"async\" aria-describedby=\"caption-attachment-3857\" class=\" wp-image-3857\" src=\"https:\/\/www.historielaget.jostedal.no\/wordpress\/wp-content\/upLoads\/Sperle_skule-300x180.jpg\" alt=\"\" width=\"177\" height=\"106\" srcset=\"https:\/\/www.historielaget.jostedal.no\/wordpress\/wp-content\/upLoads\/Sperle_skule-300x180.jpg 300w, https:\/\/www.historielaget.jostedal.no\/wordpress\/wp-content\/upLoads\/Sperle_skule-1024x613.jpg 1024w, https:\/\/www.historielaget.jostedal.no\/wordpress\/wp-content\/upLoads\/Sperle_skule-150x90.jpg 150w, https:\/\/www.historielaget.jostedal.no\/wordpress\/wp-content\/upLoads\/Sperle_skule-768x460.jpg 768w, https:\/\/www.historielaget.jostedal.no\/wordpress\/wp-content\/upLoads\/Sperle_skule-1536x920.jpg 1536w, https:\/\/www.historielaget.jostedal.no\/wordpress\/wp-content\/upLoads\/Sperle_skule-2048x1226.jpg 2048w\" sizes=\"auto, (max-width: 177px) 100vw, 177px\" \/><\/a><p id=\"caption-attachment-3857\" class=\"wp-caption-text\">Sperle skule (2012)<\/p><\/div>\n<p>Den offentlege allmugeskulen vart skipa i Jostedalen som i andre norske bygder i 1741. Etter f\u00e5 \u00e5r vart Jostedalen delt i to skulekrinsar. P\u00e5 midten av 1800-talet vart dei to delte opp i fem krinsar, og omgangsskulen vart avl\u00f8yst av fastskule etter kvart som nye skulebygningar stod ferdige i alle krinsar 1876-1898. Dei fem krinsane og skulane var <a href=\"http:\/\/www.lokalhistoriewiki.no\/index.php\/Myklemyr_skule\">Myklemyr<\/a>, <a href=\"http:\/\/www.lokalhistoriewiki.no\/index.php\/Sperle_skule_(Jostedalen)\">Sperla<\/a>, <a href=\"http:\/\/www.lokalhistoriewiki.no\/index.php\/Kreken_skule_(Jostedalen)\">Kreken<\/a>, <a href=\"http:\/\/www.lokalhistoriewiki.no\/index.php\/Krundalen_skule\">Krundalen <\/a>og <a href=\"http:\/\/www.lokalhistoriewiki.no\/index.php\/Mj%C3%B8lverdalen_skule\">Mj\u00f8lverdalen<\/a>.<\/p>\n<p>Skulehusa p\u00e5 Myklemyr og i Sperla st\u00e5r framleis p\u00e5 den opphavlege staden. <a href=\"http:\/\/www.historielaget.jostedal.no\/?page_id=144\">Skulestova i Krundalen <\/a>er flytt til Prestegarden av historielaget og st\u00e5r i dag som eit lite skulemuseum. Dei fem krinsane vart slegne saman i 1962-63, og den nye <a href=\"http:\/\/www.lokalhistoriewiki.no\/index.php\/Jostedal_skule\">Jostedal skule <\/a>p\u00e5 Bj\u00f8rk stod ferdig i 1968.<\/p>\n<p>Skulehistoria for Jostedalen vart grundig dekt med den store boka til K\u00e5re \u00d8vregard fr\u00e5 1996, <em>Skulen i Luster gjennom 250 \u00e5r<\/em>.<\/p>\n<p><strong>Les meir<\/strong><\/p>\n<ul>\n<li><a href=\"https:\/\/urn.nb.no\/URN:NBN:no-nb_digibok_2016031048011\">\u00d8vregard:\u00a0<em>Skulen i Luster gjennom 250 \u00e5r <\/em><\/a>(Digital utg\u00e5ve, Nasjonalbiblioteket)<\/li>\n<li><a href=\"http:\/\/www.historielaget.jostedal.no\/?p=49\">Fr\u00e5 skulehus til skulehus i Jostedalen &#8211; Kulturminnedagen 2002<\/a><\/li>\n<\/ul>\n","protected":false},"excerpt":{"rendered":"<p>Den offentlege allmugeskulen vart skipa i Jostedalen som i andre norske bygder i 1741. Etter f\u00e5 \u00e5r vart Jostedalen delt i to skulekrinsar. P\u00e5 midten av 1800-talet vart dei to delte opp i fem krinsar, og omgangsskulen vart avl\u00f8yst av fastskule etter kvart som nye skulebygningar stod ferdige i alle krinsar 1876-1898. Dei fem krinsane [&hellip;]<\/p>\n","protected":false},"author":2,"featured_media":0,"parent":1318,"menu_order":1,"comment_status":"open","ping_status":"closed","template":"","meta":{"ngg_post_thumbnail":0,"footnotes":""},"class_list":["post-184","page","type-page","status-publish","hentry"],"_links":{"self":[{"href":"https:\/\/www.historielaget.jostedal.no\/index.php?rest_route=\/wp\/v2\/pages\/184","targetHints":{"allow":["GET"]}}],"collection":[{"href":"https:\/\/www.historielaget.jostedal.no\/index.php?rest_route=\/wp\/v2\/pages"}],"about":[{"href":"https:\/\/www.historielaget.jostedal.no\/index.php?rest_route=\/wp\/v2\/types\/page"}],"author":[{"embeddable":true,"href":"https:\/\/www.historielaget.jostedal.no\/index.php?rest_route=\/wp\/v2\/users\/2"}],"replies":[{"embeddable":true,"href":"https:\/\/www.historielaget.jostedal.no\/index.php?rest_route=%2Fwp%2Fv2%2Fcomments&post=184"}],"version-history":[{"count":9,"href":"https:\/\/www.historielaget.jostedal.no\/index.php?rest_route=\/wp\/v2\/pages\/184\/revisions"}],"predecessor-version":[{"id":3858,"href":"https:\/\/www.historielaget.jostedal.no\/index.php?rest_route=\/wp\/v2\/pages\/184\/revisions\/3858"}],"up":[{"embeddable":true,"href":"https:\/\/www.historielaget.jostedal.no\/index.php?rest_route=\/wp\/v2\/pages\/1318"}],"wp:attachment":[{"href":"https:\/\/www.historielaget.jostedal.no\/index.php?rest_route=%2Fwp%2Fv2%2Fmedia&parent=184"}],"curies":[{"name":"wp","href":"https:\/\/api.w.org\/{rel}","templated":true}]}}