{"id":1862,"date":"2011-08-08T14:52:47","date_gmt":"2011-08-08T12:52:47","guid":{"rendered":"http:\/\/www.historielaget.jostedal.no\/?page_id=1862"},"modified":"2025-04-16T13:39:38","modified_gmt":"2025-04-16T11:39:38","slug":"folketeljinga-1769","status":"publish","type":"page","link":"https:\/\/www.historielaget.jostedal.no\/?page_id=1862","title":{"rendered":"Folketeljinga 1769"},"content":{"rendered":"<p>Dette var den fyrste fullstendige folketeljinga i Noreg. Det var ei numerisk teljing, s\u00e5 ein finn berre samletal for dei ulike kategoriane og ikkje namnelister. Statistisk sentralbyr\u00e5 publiserte folketeljinga i 1980, og denne rapporten er tilgjengeleg p\u00e5 Internett. Her er det ei grundig omtale av teljinga i tillegg til tabellane.<\/p>\n<p>Det var sokneprest Matthias Foss som stod f\u00f8re teljinga i Jostedalen, og han har datert skjemaet sitt den 16. august 1769. Jostedal prestegjeld hadde p\u00e5 dette tidspunktet <strong>268<\/strong> innbyggjarar. I tabellane f\u00e5r ein \u00f2g vite korleis folkesetnaden fordelte seg p\u00e5 kj\u00f8nn, alder og livssituasjon.<\/p>\n<p><a href=\"http:\/\/www.historielaget.jostedal.no\/wordpress\/wp-content\/upLoads\/folketeljing_1769_jostedalen_utdrag.pdf\">Folketeljinga 1769 &#8211; utdrag med tabellane for Jostedalen<\/a>\u00a0(s.\u00a080-81, 252-253, 262-263 og 266-267,\u00a0pdf)<br \/>\n<a href=\"http:\/\/www.ssb.no\/emner\/02\/01\/folketellinger\/fob1769.html\">Norges f\u00f8rste folketelling 1769.<\/a> Norges Offisielle Statistikk B 106. Oslo: Statistisk sentralbyr\u00e5. (SSB)<\/p>\n<p><strong>Folketeljingar og manntal &#8211; Jostedalen:<\/strong> <a href=\"http:\/\/www.historielaget.jostedal.no\/?page_id=1851\">1664-66<\/a> |<a href=\"http:\/\/www.historielaget.jostedal.no\/?page_id=1851\">1701<\/a> | <a href=\"http:\/\/www.historielaget.jostedal.no\/?page_id=1885\">1760 <\/a>| <a href=\"http:\/\/www.historielaget.jostedal.no\/?page_id=1862\">1769<\/a> | <a href=\"http:\/\/www.historielaget.jostedal.no\/?page_id=1866\">1801 <\/a>| <a href=\"http:\/\/www.historielaget.jostedal.no\/?page_id=2996\">1815<\/a> | <a href=\"http:\/\/www.historielaget.jostedal.no\/?page_id=1869\">1825, 1835, 1845 og 1855 <\/a>| <a href=\"http:\/\/www.historielaget.jostedal.no\/?page_id=1876\">1865<\/a> | <a href=\"http:\/\/www.historielaget.jostedal.no\/?page_id=3005\">1875<\/a> | <a href=\"http:\/\/www.historielaget.jostedal.no\/?page_id=3008\">1891<\/a> | <a href=\"http:\/\/www.historielaget.jostedal.no\/?page_id=1879\">1900<\/a> | <a href=\"http:\/\/www.historielaget.jostedal.no\/?page_id=3011\">1910<\/a> | <a href=\"http:\/\/www.historielaget.jostedal.no\/?page_id=2251\">1920 og seinare<\/a><\/p>\n","protected":false},"excerpt":{"rendered":"<p>Dette var den fyrste fullstendige folketeljinga i Noreg. Det var ei numerisk teljing, s\u00e5 ein finn berre samletal for dei ulike kategoriane og ikkje namnelister. Statistisk sentralbyr\u00e5 publiserte folketeljinga i 1980, og denne rapporten er tilgjengeleg p\u00e5 Internett. Her er det ei grundig omtale av teljinga i tillegg til tabellane. Det var sokneprest Matthias Foss [&hellip;]<\/p>\n","protected":false},"author":2,"featured_media":0,"parent":462,"menu_order":4,"comment_status":"open","ping_status":"open","template":"","meta":{"ngg_post_thumbnail":0,"footnotes":""},"class_list":["post-1862","page","type-page","status-publish","hentry"],"_links":{"self":[{"href":"https:\/\/www.historielaget.jostedal.no\/index.php?rest_route=\/wp\/v2\/pages\/1862","targetHints":{"allow":["GET"]}}],"collection":[{"href":"https:\/\/www.historielaget.jostedal.no\/index.php?rest_route=\/wp\/v2\/pages"}],"about":[{"href":"https:\/\/www.historielaget.jostedal.no\/index.php?rest_route=\/wp\/v2\/types\/page"}],"author":[{"embeddable":true,"href":"https:\/\/www.historielaget.jostedal.no\/index.php?rest_route=\/wp\/v2\/users\/2"}],"replies":[{"embeddable":true,"href":"https:\/\/www.historielaget.jostedal.no\/index.php?rest_route=%2Fwp%2Fv2%2Fcomments&post=1862"}],"version-history":[{"count":6,"href":"https:\/\/www.historielaget.jostedal.no\/index.php?rest_route=\/wp\/v2\/pages\/1862\/revisions"}],"predecessor-version":[{"id":3909,"href":"https:\/\/www.historielaget.jostedal.no\/index.php?rest_route=\/wp\/v2\/pages\/1862\/revisions\/3909"}],"up":[{"embeddable":true,"href":"https:\/\/www.historielaget.jostedal.no\/index.php?rest_route=\/wp\/v2\/pages\/462"}],"wp:attachment":[{"href":"https:\/\/www.historielaget.jostedal.no\/index.php?rest_route=%2Fwp%2Fv2%2Fmedia&parent=1862"}],"curies":[{"name":"wp","href":"https:\/\/api.w.org\/{rel}","templated":true}]}}