{"id":1866,"date":"2011-08-08T14:57:15","date_gmt":"2011-08-08T12:57:15","guid":{"rendered":"http:\/\/www.historielaget.jostedal.no\/?page_id=1866"},"modified":"2018-12-24T09:42:37","modified_gmt":"2018-12-24T07:42:37","slug":"folketeljinga-1801","status":"publish","type":"page","link":"https:\/\/www.historielaget.jostedal.no\/?page_id=1866","title":{"rendered":"Folketeljinga 1801"},"content":{"rendered":"<p>Dette var den fyrste fullstendige (nominative)\u00a0folketeljinga for Noreg der ein \u00f2g finn namn p\u00e5 alle innbyggjarar, og ho er rekna for \u00e5 vere sv\u00e6rt p\u00e5liteleg. Det budde <strong>444 <\/strong>personar i Jostedalen p\u00e5 tidspunktet for teljinga.<\/p>\n<p>Tabelldelane (summeringa) av folketeljinga vart publiserte av Statistisk sentralbyr\u00e5 i 1980. Seinare er \u00f2g alle namnelister digitaliserte, og dei er tilgjengelege gjennom fleire databasar p\u00e5 nettet, m.a. Digitalarkivet.<\/p>\n<p><a href=\"https:\/\/www.digitalarkivet.no\/nn\/census\/search\/1801\/58399\">G\u00e5 til 1801-teljinga for Justedahl &#8211; s\u00f8kbar<\/a> (Digitalarkivet)<\/p>\n<p><a href=\"https:\/\/media.digitalarkivet.no\/ft\/contents\/58399\">G\u00e5 til 1801-teljinga for Jostedalen &#8211; skanna<\/a> (Digitalarkivet)<\/p>\n<p><a href=\"http:\/\/www.ssb.no\/emner\/02\/01\/folketellinger\/fob1801.html\">Samlepublikasjon om folketeljinga 1801 <\/a>\u00a0(SSB)<\/p>\n<p><strong>Folketeljingar og manntal &#8211; Jostedalen:<\/strong> <a href=\"http:\/\/www.historielaget.jostedal.no\/?page_id=1851\">1664-66<\/a> |<a href=\"http:\/\/www.historielaget.jostedal.no\/?page_id=1851\">1701<\/a> | <a href=\"http:\/\/www.historielaget.jostedal.no\/?page_id=1885\">1760 <\/a>| <a href=\"http:\/\/www.historielaget.jostedal.no\/?page_id=1862\">1769<\/a> | <a href=\"http:\/\/www.historielaget.jostedal.no\/?page_id=1866\">1801 <\/a>| <a href=\"http:\/\/www.historielaget.jostedal.no\/?page_id=2996\">1815<\/a> | <a href=\"http:\/\/www.historielaget.jostedal.no\/?page_id=1869\">1825, 1835, 1845 og 1855 <\/a>| <a href=\"http:\/\/www.historielaget.jostedal.no\/?page_id=1876\">1865<\/a> | <a href=\"http:\/\/www.historielaget.jostedal.no\/?page_id=3005\">1875<\/a> | <a href=\"http:\/\/www.historielaget.jostedal.no\/?page_id=3008\">1891<\/a> | <a href=\"http:\/\/www.historielaget.jostedal.no\/?page_id=1879\">1900<\/a> | <a href=\"http:\/\/www.historielaget.jostedal.no\/?page_id=3011\">1910<\/a> | <a href=\"http:\/\/www.historielaget.jostedal.no\/?page_id=2251\">1920 og seinare<\/a><\/p>\n","protected":false},"excerpt":{"rendered":"<p>Dette var den fyrste fullstendige (nominative)\u00a0folketeljinga for Noreg der ein \u00f2g finn namn p\u00e5 alle innbyggjarar, og ho er rekna for \u00e5 vere sv\u00e6rt p\u00e5liteleg. Det budde 444 personar i Jostedalen p\u00e5 tidspunktet for teljinga. Tabelldelane (summeringa) av folketeljinga vart publiserte av Statistisk sentralbyr\u00e5 i 1980. Seinare er \u00f2g alle namnelister digitaliserte, og dei er [&hellip;]<\/p>\n","protected":false},"author":2,"featured_media":0,"parent":462,"menu_order":5,"comment_status":"open","ping_status":"open","template":"","meta":{"ngg_post_thumbnail":0,"footnotes":""},"class_list":["post-1866","page","type-page","status-publish","hentry"],"_links":{"self":[{"href":"https:\/\/www.historielaget.jostedal.no\/index.php?rest_route=\/wp\/v2\/pages\/1866","targetHints":{"allow":["GET"]}}],"collection":[{"href":"https:\/\/www.historielaget.jostedal.no\/index.php?rest_route=\/wp\/v2\/pages"}],"about":[{"href":"https:\/\/www.historielaget.jostedal.no\/index.php?rest_route=\/wp\/v2\/types\/page"}],"author":[{"embeddable":true,"href":"https:\/\/www.historielaget.jostedal.no\/index.php?rest_route=\/wp\/v2\/users\/2"}],"replies":[{"embeddable":true,"href":"https:\/\/www.historielaget.jostedal.no\/index.php?rest_route=%2Fwp%2Fv2%2Fcomments&post=1866"}],"version-history":[{"count":6,"href":"https:\/\/www.historielaget.jostedal.no\/index.php?rest_route=\/wp\/v2\/pages\/1866\/revisions"}],"predecessor-version":[{"id":3551,"href":"https:\/\/www.historielaget.jostedal.no\/index.php?rest_route=\/wp\/v2\/pages\/1866\/revisions\/3551"}],"up":[{"embeddable":true,"href":"https:\/\/www.historielaget.jostedal.no\/index.php?rest_route=\/wp\/v2\/pages\/462"}],"wp:attachment":[{"href":"https:\/\/www.historielaget.jostedal.no\/index.php?rest_route=%2Fwp%2Fv2%2Fmedia&parent=1866"}],"curies":[{"name":"wp","href":"https:\/\/api.w.org\/{rel}","templated":true}]}}