{"id":19,"date":"2007-05-12T21:44:19","date_gmt":"2007-05-12T19:44:19","guid":{"rendered":"http:\/\/www.historielaget.jostedal.no\/?page_id=19"},"modified":"2025-04-19T17:11:09","modified_gmt":"2025-04-19T15:11:09","slug":"melding-om-skipinga","status":"publish","type":"page","link":"https:\/\/www.historielaget.jostedal.no\/?page_id=19","title":{"rendered":"Melding om skipinga"},"content":{"rendered":"<p><em>Jostedal Historielag<\/em> vart skipa i Oslo av 7 josted\u00f8ler p\u00e5 eit m\u00f8te i heimen til byr\u00e5sjef Nils Faaberg den 24. februar 1949. I f\u00f8rem\u00e5lsparagrafen st\u00e5r at laget skal \u201dta vare p\u00e5 historiske og kul\u00adturelle minne fr\u00e5 Jostedalen. Den fyrste oppg\u00e5va laget har, er \u00e5 f\u00e5 gje ut ei meir utf\u00f8rleg bygdebok for Jostedal\u201d. Det er f\u00f8reset\u00adnaden at laget etterkvart skal utvidast med medlemer i Jostedalen og mellom utflytte josted\u00f8ler her i landet og eventuelt i Amerika. Styret har sendt eit oppmodingsskriv til utflytte josted\u00f8ler om \u00e5 melda seg inn i laget og st\u00f8 bygdebokarbeidet med pengeg\u00e5ver. Styret er: form. stud. philol. Lars St\u00f8len, Sognsvegen 212, Sogns\u00advatn st., varaform. byr\u00e5sjef Nils Faaberg, skrivar stud. jur. Odd \u00d8vregard, kasserar kriminalbetjent Lars Grov.<\/p>\n<p>[<em>Heimen<\/em>, VIII, 1949\u201351, side 127.]<\/p>\n<p><a href=\"https:\/\/www.historielaget.jostedal.no\/wordpress\/wp-content\/upLoads\/JH-skipa.jpg\"><img loading=\"lazy\" decoding=\"async\" class=\"alignleft size-medium wp-image-4022\" src=\"https:\/\/www.historielaget.jostedal.no\/wordpress\/wp-content\/upLoads\/JH-skipa-300x315.jpg\" alt=\"\" width=\"300\" height=\"315\" srcset=\"https:\/\/www.historielaget.jostedal.no\/wordpress\/wp-content\/upLoads\/JH-skipa-300x315.jpg 300w, https:\/\/www.historielaget.jostedal.no\/wordpress\/wp-content\/upLoads\/JH-skipa-150x157.jpg 150w, https:\/\/www.historielaget.jostedal.no\/wordpress\/wp-content\/upLoads\/JH-skipa.jpg 470w\" sizes=\"auto, (max-width: 300px) 100vw, 300px\" \/><\/a><\/p>\n<p><em>Sogn og Fjordane<\/em>, 20.4.1949<\/p>\n","protected":false},"excerpt":{"rendered":"<p>Jostedal Historielag vart skipa i Oslo av 7 josted\u00f8ler p\u00e5 eit m\u00f8te i heimen til byr\u00e5sjef Nils Faaberg den 24. februar 1949. I f\u00f8rem\u00e5lsparagrafen st\u00e5r at laget skal \u201dta vare p\u00e5 historiske og kul\u00adturelle minne fr\u00e5 Jostedalen. Den fyrste oppg\u00e5va laget har, er \u00e5 f\u00e5 gje ut ei meir utf\u00f8rleg bygdebok for Jostedal\u201d. Det er [&hellip;]<\/p>\n","protected":false},"author":2,"featured_media":0,"parent":5,"menu_order":4,"comment_status":"open","ping_status":"open","template":"","meta":{"ngg_post_thumbnail":0,"footnotes":""},"class_list":["post-19","page","type-page","status-publish","hentry"],"_links":{"self":[{"href":"https:\/\/www.historielaget.jostedal.no\/index.php?rest_route=\/wp\/v2\/pages\/19","targetHints":{"allow":["GET"]}}],"collection":[{"href":"https:\/\/www.historielaget.jostedal.no\/index.php?rest_route=\/wp\/v2\/pages"}],"about":[{"href":"https:\/\/www.historielaget.jostedal.no\/index.php?rest_route=\/wp\/v2\/types\/page"}],"author":[{"embeddable":true,"href":"https:\/\/www.historielaget.jostedal.no\/index.php?rest_route=\/wp\/v2\/users\/2"}],"replies":[{"embeddable":true,"href":"https:\/\/www.historielaget.jostedal.no\/index.php?rest_route=%2Fwp%2Fv2%2Fcomments&post=19"}],"version-history":[{"count":2,"href":"https:\/\/www.historielaget.jostedal.no\/index.php?rest_route=\/wp\/v2\/pages\/19\/revisions"}],"predecessor-version":[{"id":4024,"href":"https:\/\/www.historielaget.jostedal.no\/index.php?rest_route=\/wp\/v2\/pages\/19\/revisions\/4024"}],"up":[{"embeddable":true,"href":"https:\/\/www.historielaget.jostedal.no\/index.php?rest_route=\/wp\/v2\/pages\/5"}],"wp:attachment":[{"href":"https:\/\/www.historielaget.jostedal.no\/index.php?rest_route=%2Fwp%2Fv2%2Fmedia&parent=19"}],"curies":[{"name":"wp","href":"https:\/\/api.w.org\/{rel}","templated":true}]}}