{"id":1928,"date":"2011-08-09T13:19:09","date_gmt":"2011-08-09T11:19:09","guid":{"rendered":"http:\/\/www.historielaget.jostedal.no\/?page_id=1928"},"modified":"2025-04-16T08:53:02","modified_gmt":"2025-04-16T06:53:02","slug":"kongetienda-1620","status":"publish","type":"page","link":"https:\/\/www.historielaget.jostedal.no\/?page_id=1928","title":{"rendered":"Kongetienda 1620, 1626 og 1627"},"content":{"rendered":"<p>I perioden 1620-1627 er manntala over kongetienda bevarte for \u00e5ra 1620, 1626 og 1627. Men i staden for den vanlege lista over kva kvar bonde betalte i tiende, st\u00e5r det for Jostedalen sin del berre merknader om at presten skulle ha kongetienda.<\/p>\n<p><strong>Avskrifter<\/strong><\/p>\n<p><a href=\"http:\/\/www.historielaget.jostedal.no\/wordpress\/wp-content\/upLoads\/bilete-4.jpg\"><img decoding=\"async\" class=\"alignleft size-medium wp-image-1929\" title=\"Kongetienda 1620\" src=\"http:\/\/www.historielaget.jostedal.no\/wordpress\/wp-content\/upLoads\/bilete-4-300x193.jpg\" alt=\"Kongetienda 1620\" width=\"150\" srcset=\"https:\/\/www.historielaget.jostedal.no\/wordpress\/wp-content\/upLoads\/bilete-4-300x193.jpg 300w, https:\/\/www.historielaget.jostedal.no\/wordpress\/wp-content\/upLoads\/bilete-4-150x96.jpg 150w, https:\/\/www.historielaget.jostedal.no\/wordpress\/wp-content\/upLoads\/bilete-4.jpg 589w\" sizes=\"(max-width: 300px) 100vw, 300px\" \/><\/a><em>Kongetienda 1620-21<\/em><\/p>\n<p>Huad J\u00f8stedallenns Kornthiende belannger, haffuer Slodtzherrenn vndt och beuilget, Prestenn der sammestedtz Her Miekell.<\/p>\n<p><a href=\"http:\/\/www.historielaget.jostedal.no\/wordpress\/wp-content\/upLoads\/bilete-9.jpg\"><strong><img decoding=\"async\" class=\"alignleft size-medium wp-image-1934\" title=\"Kongetienda 1626\" src=\"http:\/\/www.historielaget.jostedal.no\/wordpress\/wp-content\/upLoads\/bilete-9-300x418.jpg\" alt=\"Kongetienda 1626\" width=\"150\" srcset=\"https:\/\/www.historielaget.jostedal.no\/wordpress\/wp-content\/upLoads\/bilete-9-300x418.jpg 300w, https:\/\/www.historielaget.jostedal.no\/wordpress\/wp-content\/upLoads\/bilete-9-150x209.jpg 150w, https:\/\/www.historielaget.jostedal.no\/wordpress\/wp-content\/upLoads\/bilete-9-733x1024.jpg 733w, https:\/\/www.historielaget.jostedal.no\/wordpress\/wp-content\/upLoads\/bilete-9.jpg 916w\" sizes=\"(max-width: 300px) 100vw, 300px\" \/><\/strong><\/a><\/p>\n<p><em>Kongetienda 1626-27<\/em><\/p>\n<p>J\u00f8stedalen Sougen<br \/>\nHuad Thienden aff J\u00f8stedalen sig Belanger, da Haffuer Dennd Gunstige \u00d8ffrighed Vndt og Beuilgid Sougnepresten Her Michell N:\u00a0 der sammestedz at Hannd dend for Neruerende aar, maa Oppebere, Effterdj der ellers ehr ad[?] ligger enn saare Ringe Rennte och Indkombst till Presteboelid der sammestedz.<\/p>\n<p><a href=\"http:\/\/www.historielaget.jostedal.no\/wordpress\/wp-content\/upLoads\/kongetienda-1627.jpg\"><img loading=\"lazy\" decoding=\"async\" class=\"alignleft size-thumbnail wp-image-1944\" title=\"kongetienda 1627\" src=\"http:\/\/www.historielaget.jostedal.no\/wordpress\/wp-content\/upLoads\/kongetienda-1627-150x170.jpg\" alt=\"kongetienda 1627\" width=\"150\" height=\"170\" srcset=\"https:\/\/www.historielaget.jostedal.no\/wordpress\/wp-content\/upLoads\/kongetienda-1627-150x170.jpg 150w, https:\/\/www.historielaget.jostedal.no\/wordpress\/wp-content\/upLoads\/kongetienda-1627-300x340.jpg 300w, https:\/\/www.historielaget.jostedal.no\/wordpress\/wp-content\/upLoads\/kongetienda-1627-901x1024.jpg 901w, https:\/\/www.historielaget.jostedal.no\/wordpress\/wp-content\/upLoads\/kongetienda-1627.jpg 975w\" sizes=\"auto, (max-width: 150px) 100vw, 150px\" \/><\/a><em>Kongetienda 1627-28<\/em><\/p>\n<p>J\u00f8stedallen<br \/>\nDenne dall, ehr Leggendis Trej[?] mijlle till fiellds, och kand der Vngefehr verre[?] Boende i samme dall 23 B\u00f8nder, Huillche och mesteparten Ere forarmede. Dirris thiende, haffuer dend gunstige \u00d8ffrighed, hid Indtill vndt och Beuillget Sougnerpresten Her Michell, der samesteds dend at maatte, Oppeberge, epterdi, der ehr och Ligger enn[?] store[?] och megen Ringe Rente och Indkombst, Till presteb\u00f8elid, Huor aff Sougnepresten sig kunde Haffue **[?] Thenehre her<\/p>\n<p><strong>Kjelder<\/strong><\/p>\n<p>Riksarkivet, Rentekammeret, Bergenhus len<\/p>\n<ul>\n<li>Tiendemanntal for Sogn, 1620-1621 &#8211; oppslag 198 (<a href=\"https:\/\/www.digitalarkivet.no\/rk20080828680658\"><span style=\"color: #286ea0;\">skanna original, Digitalarkivet<\/span><\/a>)<\/li>\n<li>Tiendemanntal for Sogn, 1626-1627 &#8211; oppslag 382 (<a href=\"https:\/\/www.digitalarkivet.no\/rk20080829640860\"><span style=\"color: #286ea0;\">skanna original, Digitalarkivet<\/span><\/a>)<\/li>\n<li>Tiendemanntal for Sogn, 1627-1628 &#8211; oppslag 159 (<a href=\"https:\/\/www.digitalarkivet.no\/rk20080829651033\">skanna original, Digitalarkivet<\/a>)<\/li>\n<\/ul>\n<p><strong>Merknad<\/strong><\/p>\n<p>Tiendemanntala er rekneksap over den tredelen av tienda som skulle g\u00e5 til kongen. Rekneskaps\u00e5ret gjekk fr\u00e5 1. mai. Ein tredel skulle g\u00e5 til kyrkja og ein tredel til presten. Men for Jostedalen heiter det at\u00a0&laquo;slottsherren&raquo; (1620) og &laquo;\u00f8vrigheita&raquo; (1626 og 1627), alts\u00e5 lensherren p\u00e5 Bergenhus, hadde avgjort at ogs\u00e5 kongetienda skulle g\u00e5 til presten. Grunnen var den &laquo;megen Ringe Rente og Indkombst&raquo; i prestekallet. Den lensherren som hadde gjeve jostedalspresten dette privilegiet, var <a href=\"https:\/\/lokalhistoriewiki.no\/wiki\/Knut_Gyldenstjerne\">Knut Gyldenstjerne Henrikss\u00f8n<\/a> som hadde teke over som lensherre med verknad fr\u00e5 1. mai 1619. Han var lensherre til 1627.<\/p>\n<p>Me f\u00e5r \u00f2g vite namnet p\u00e5 presten som skulle ha kongetienda &#8211; &laquo;Herr Mikkel&raquo;, alts\u00e5\u00a0<a href=\"http:\/\/lokalhistoriewiki.no\/index.php\/Mikkel_Nilsson\">Mikkel Nilsson<\/a>.<\/p>\n<p>I desse tre manntala st\u00e5r Jostedalen oppf\u00f8rt separat, i motsetnad til \u00e5ra 1615-18 d\u00e5 prestekallet var nemnt som eit anneks under Hafslo.\u00a0Dale prestegjeld (Luster) er <em>ikkje <\/em>med i\u00a0tiendmanntala fordi det var eige len med eige rekneskap.<\/p>\n<p>Det neste bevarte tiendemanntalet for Sogn er fr\u00e5 1631-32, og her er ikkje Jostedalen nemnd. Av <a href=\"http:\/\/www.historielaget.jostedal.no\/?page_id=2386\">tiendemanntalet 1632-33<\/a> g\u00e5r det derimot fram at josted\u00f8lene svara kongetiende til liks med andre bygder.<\/p>\n<p>Sj\u00e5 \u00f2g:<\/p>\n<ul>\n<li><a href=\"http:\/\/lokalhistoriewiki.no\/index.php\/Leksikon:Tiende\">&laquo;tiende&raquo; <\/a>i Norsk historisk leksikon (lokalhistoriewiki)<\/li>\n<li><a href=\"http:\/\/www.historielaget.jostedal.no\/?page_id=1933\">Kongetienda 1615-1618<\/a><\/li>\n<\/ul>\n","protected":false},"excerpt":{"rendered":"<p>I perioden 1620-1627 er manntala over kongetienda bevarte for \u00e5ra 1620, 1626 og 1627. Men i staden for den vanlege lista over kva kvar bonde betalte i tiende, st\u00e5r det for Jostedalen sin del berre merknader om at presten skulle ha kongetienda. Avskrifter Kongetienda 1620-21 Huad J\u00f8stedallenns Kornthiende belannger, haffuer Slodtzherrenn vndt och beuilget, Prestenn [&hellip;]<\/p>\n","protected":false},"author":2,"featured_media":0,"parent":459,"menu_order":8,"comment_status":"open","ping_status":"open","template":"","meta":{"ngg_post_thumbnail":0,"footnotes":""},"class_list":["post-1928","page","type-page","status-publish","hentry"],"_links":{"self":[{"href":"https:\/\/www.historielaget.jostedal.no\/index.php?rest_route=\/wp\/v2\/pages\/1928","targetHints":{"allow":["GET"]}}],"collection":[{"href":"https:\/\/www.historielaget.jostedal.no\/index.php?rest_route=\/wp\/v2\/pages"}],"about":[{"href":"https:\/\/www.historielaget.jostedal.no\/index.php?rest_route=\/wp\/v2\/types\/page"}],"author":[{"embeddable":true,"href":"https:\/\/www.historielaget.jostedal.no\/index.php?rest_route=\/wp\/v2\/users\/2"}],"replies":[{"embeddable":true,"href":"https:\/\/www.historielaget.jostedal.no\/index.php?rest_route=%2Fwp%2Fv2%2Fcomments&post=1928"}],"version-history":[{"count":14,"href":"https:\/\/www.historielaget.jostedal.no\/index.php?rest_route=\/wp\/v2\/pages\/1928\/revisions"}],"predecessor-version":[{"id":3892,"href":"https:\/\/www.historielaget.jostedal.no\/index.php?rest_route=\/wp\/v2\/pages\/1928\/revisions\/3892"}],"up":[{"embeddable":true,"href":"https:\/\/www.historielaget.jostedal.no\/index.php?rest_route=\/wp\/v2\/pages\/459"}],"wp:attachment":[{"href":"https:\/\/www.historielaget.jostedal.no\/index.php?rest_route=%2Fwp%2Fv2%2Fmedia&parent=1928"}],"curies":[{"name":"wp","href":"https:\/\/api.w.org\/{rel}","templated":true}]}}