{"id":1933,"date":"2011-08-09T13:42:02","date_gmt":"2011-08-09T11:42:02","guid":{"rendered":"http:\/\/www.historielaget.jostedal.no\/?page_id=1933"},"modified":"2025-04-16T08:43:25","modified_gmt":"2025-04-16T06:43:25","slug":"kongetienda-1626","status":"publish","type":"page","link":"https:\/\/www.historielaget.jostedal.no\/?page_id=1933","title":{"rendered":"Kongetienda 1615-1618"},"content":{"rendered":"<p>I tiendmanntala for Sogn er Jostedalen fyrste gong nemnd i 1615-16. I manntala for 1616-17, 1617-18 og 1618-19 liknar formuleringane mykje. I alle desse manntala er Jostedalen oppf\u00f8rt under <em>Hafslo prestegjeld<\/em>.<\/p>\n<p><strong>Avskrift<\/strong><\/p>\n<p><a href=\"http:\/\/www.historielaget.jostedal.no\/wordpress\/wp-content\/upLoads\/utsnitt-nc3a6rare.jpg\"><img loading=\"lazy\" decoding=\"async\" class=\"alignleft size-thumbnail wp-image-1947\" title=\"kongetienda 1615 utsnitt\" src=\"http:\/\/www.historielaget.jostedal.no\/wordpress\/wp-content\/upLoads\/utsnitt-nc3a6rare-150x119.jpg\" alt=\"kongetienda 1615 utsnitt\" width=\"150\" height=\"119\" srcset=\"https:\/\/www.historielaget.jostedal.no\/wordpress\/wp-content\/upLoads\/utsnitt-nc3a6rare-150x119.jpg 150w, https:\/\/www.historielaget.jostedal.no\/wordpress\/wp-content\/upLoads\/utsnitt-nc3a6rare-300x239.jpg 300w, https:\/\/www.historielaget.jostedal.no\/wordpress\/wp-content\/upLoads\/utsnitt-nc3a6rare.jpg 679w\" sizes=\"auto, (max-width: 150px) 100vw, 150px\" \/><\/a><em>Kongetienda 1615-16<\/em><\/p>\n<p>J<em>te<\/em>m aff J\u00f8stedalenn, et lidet Annex Liggenndis thill fieldz, Jordene der sammestedzs, for nogen faa Aar sidenn opthagenn aff \u00d8de, grenntzer imodt Norfiord lehn. Thiendenn der sammestedtz fald[?] och vdgiffuis, kanndt bel\u00f8be sig, Aarligenn Vnngefer thill<br \/>\n&#8212; 2\u00a0th\u00f8nd hafre Korn<\/p>\n<p><a href=\"http:\/\/www.historielaget.jostedal.no\/wordpress\/wp-content\/upLoads\/bilete-7-utsnitt.jpg\"><img loading=\"lazy\" decoding=\"async\" class=\"alignleft size-thumbnail wp-image-1948\" title=\"kontetienda 1616\" src=\"http:\/\/www.historielaget.jostedal.no\/wordpress\/wp-content\/upLoads\/bilete-7-utsnitt-150x37.jpg\" alt=\"kontetienda 1616\" width=\"150\" height=\"37\" srcset=\"https:\/\/www.historielaget.jostedal.no\/wordpress\/wp-content\/upLoads\/bilete-7-utsnitt-150x37.jpg 150w, https:\/\/www.historielaget.jostedal.no\/wordpress\/wp-content\/upLoads\/bilete-7-utsnitt-300x75.jpg 300w, https:\/\/www.historielaget.jostedal.no\/wordpress\/wp-content\/upLoads\/bilete-7-utsnitt-1024x257.jpg 1024w, https:\/\/www.historielaget.jostedal.no\/wordpress\/wp-content\/upLoads\/bilete-7-utsnitt.jpg 1097w\" sizes=\"auto, (max-width: 150px) 100vw, 150px\" \/><\/a><em>Kongetienda 1616-17<\/em><\/p>\n<p>Jtem af et lidit Annex thill fieldzt, kaldit J\u00f8sterdallen, och offtest bliffe uaar paa deris Korn. haffuer tilsammenns vdgivit i dette Aar,<br \/>\nKorn &#8212; 2 1\/2\u00a0th\u00f8nder<\/p>\n<p><a href=\"http:\/\/www.historielaget.jostedal.no\/wordpress\/wp-content\/upLoads\/bilete-10-utsnitt.jpg\"><img loading=\"lazy\" decoding=\"async\" class=\"alignleft size-thumbnail wp-image-1949\" title=\"kontetienda 1617\" src=\"http:\/\/www.historielaget.jostedal.no\/wordpress\/wp-content\/upLoads\/bilete-10-utsnitt-150x70.jpg\" alt=\"kontetienda 1617\" width=\"150\" height=\"70\" srcset=\"https:\/\/www.historielaget.jostedal.no\/wordpress\/wp-content\/upLoads\/bilete-10-utsnitt-150x70.jpg 150w, https:\/\/www.historielaget.jostedal.no\/wordpress\/wp-content\/upLoads\/bilete-10-utsnitt-300x141.jpg 300w, https:\/\/www.historielaget.jostedal.no\/wordpress\/wp-content\/upLoads\/bilete-10-utsnitt.jpg 902w\" sizes=\"auto, (max-width: 150px) 100vw, 150px\" \/><\/a><em>Kongetienda 1617-18<\/em><\/p>\n<p>Jtem aff itt lidet Annex thill fieldtzs Kaldit Justedallen och bliffuer offtest WAar, paa deris Koren, Haffuer thilsammens vdgivet dette Aar,<br \/>\nKorenn &#8212; 2 1\/2\u00a0th\u00f8nder 3 Meller<\/p>\n<p><a href=\"http:\/\/www.historielaget.jostedal.no\/wordpress\/wp-content\/upLoads\/bilete-9-utsnitt.jpg\"><img loading=\"lazy\" decoding=\"async\" class=\"alignleft size-thumbnail wp-image-1950\" title=\"kongetienda 1618\" src=\"http:\/\/www.historielaget.jostedal.no\/wordpress\/wp-content\/upLoads\/bilete-9-utsnitt-150x55.jpg\" alt=\"kongetienda 1618\" width=\"150\" height=\"55\" srcset=\"https:\/\/www.historielaget.jostedal.no\/wordpress\/wp-content\/upLoads\/bilete-9-utsnitt-150x55.jpg 150w, https:\/\/www.historielaget.jostedal.no\/wordpress\/wp-content\/upLoads\/bilete-9-utsnitt-300x111.jpg 300w, https:\/\/www.historielaget.jostedal.no\/wordpress\/wp-content\/upLoads\/bilete-9-utsnitt.jpg 976w\" sizes=\"auto, (max-width: 150px) 100vw, 150px\" \/><\/a><em>Kongetienda 1618-19<\/em><\/p>\n<p>Jttem aff et Liidet Annex ehr til fieldtz Kaldit Justedallenn. och bliffuer offtest waar paa deris Koren. Haffuer thilsammenns vdgiffuit ij dette Aar<br \/>\nKoren &#8212;&#8211;\u00a04 Th\u00f8nder 6 meller.<\/p>\n<p><strong>Kjelder<\/strong><\/p>\n<p>Riksarkivet, Rentekammeret, Bergenhus len<\/p>\n<ul>\n<li>Tiendemanntal for Sogn 1615-1616 &#8211; oppslag 40 (<a href=\"https:\/\/www.digitalarkivet.no\/rk20080828640041\">skanna original, Digitalarkivet<\/a>)<\/li>\n<li>Tiendemanntal for Sogn, 1616-1617 &#8211; oppslag 242 (<a href=\"https:\/\/www.digitalarkivet.no\/rk20080828650246\">skanna original, Riksarkivet<\/a>)<\/li>\n<li>Tiendemanntal for Sogn, 1617-1618 &#8211; oppslag 212 (<a href=\"https:\/\/media.digitalarkivet.no\/view\/76819\/212\">skanna original, Digitalarkivet<\/a>)<\/li>\n<li>Tiendemanntal for Sogn, 1618-1619 &#8211; oppslag 159 (<a href=\"https:\/\/www.digitalarkivet.no\/rk20080828670163\">skanna original, Digitalarkivet<\/a>)<\/li>\n<\/ul>\n<p><strong>Merknad<\/strong><\/p>\n<p>Tiendemanntala i lensrekneskapane var rekneskap over den \u00e5rlege betalinga av kongetienda. Rekneskaps\u00e5ret gjekk fr\u00e5 1. mai eitt \u00e5r til 1. mai neste \u00e5r. Jostedalen er i desse manntala nemnd som eit lite anneks til Hafslo prestegjeld. Det er elles lite me f\u00e5r greie p\u00e5. Det er ikkje lister over kva kvar gardbrukar betalte i tiende slik det er for dei andre prestegjelda og resten av Hafslo.<\/p>\n<p>Her f\u00e5r me \u00f2g vite at Jostedalen &laquo;for nogen faa Aar sidenn [var] opthagenn aff \u00d8de&raquo;. Denne opplysninga har ikkje vore kjent f\u00f8r. Formuleringa &laquo;nogen faa Aar sidenn&raquo; kan kanskje tyde p\u00e5 at nyryddinga i Josetdalen skjedde opp mot 1600 og ikkje ned mot midten av 1500-talet, men dette er sv\u00e6rt usikkert. Formuleringa m\u00e5 nok i denne samanhengen fyrst og fremst lesast som ei forklaring p\u00e5 kvifor oppeb\u00f8rselen av tienda ikkje var heilt p\u00e5 stell.<\/p>\n<p>Jostedalen er <em>ikkje <\/em>nemnd i tiendmanntala for Sogn som er bevarte fr\u00e5 1607, 1611, 1612 og 1614. Det kan kanskje tyde p\u00e5 at Jostedalen f\u00f8r 1615 <a href=\"https:\/\/www.historielaget.jostedal.no\/?page_id=2462\">l\u00e5g under Dale prestegjeld (Luster)<\/a>, som var eige len og s\u00e5leis ikkje er med i nokon av tiendmanntala for Sogn korkje f\u00f8r eller etter 1615-18. Tiendmanntalet for 1619 er tapt, og fr\u00e5 1620 til 1627 er opplysningane om Jostedalen annleis. D\u00e5 er ikkje dalen lenger oppf\u00f8rt under Hafslo, og d\u00e5 st\u00e5r det at presten skal ha kongetienda (sj\u00e5 <a href=\"http:\/\/www.historielaget.jostedal.no\/?page_id=1928\">tienda 1620-1627<\/a>).<\/p>\n<p>Sj\u00e5 \u00f2g <a href=\"http:\/\/lokalhistoriewiki.no\/index.php\/Leksikon:Tiende\">&laquo;tiende&raquo; <\/a>i Norsk historisk leksikon (lokalhistoriewiki)<\/p>\n","protected":false},"excerpt":{"rendered":"<p>I tiendmanntala for Sogn er Jostedalen fyrste gong nemnd i 1615-16. I manntala for 1616-17, 1617-18 og 1618-19 liknar formuleringane mykje. I alle desse manntala er Jostedalen oppf\u00f8rt under Hafslo prestegjeld. Avskrift Kongetienda 1615-16 Jtem aff J\u00f8stedalenn, et lidet Annex Liggenndis thill fieldz, Jordene der sammestedzs, for nogen faa Aar sidenn opthagenn aff \u00d8de, grenntzer [&hellip;]<\/p>\n","protected":false},"author":2,"featured_media":0,"parent":459,"menu_order":7,"comment_status":"open","ping_status":"open","template":"","meta":{"ngg_post_thumbnail":0,"footnotes":""},"class_list":["post-1933","page","type-page","status-publish","hentry"],"_links":{"self":[{"href":"https:\/\/www.historielaget.jostedal.no\/index.php?rest_route=\/wp\/v2\/pages\/1933","targetHints":{"allow":["GET"]}}],"collection":[{"href":"https:\/\/www.historielaget.jostedal.no\/index.php?rest_route=\/wp\/v2\/pages"}],"about":[{"href":"https:\/\/www.historielaget.jostedal.no\/index.php?rest_route=\/wp\/v2\/types\/page"}],"author":[{"embeddable":true,"href":"https:\/\/www.historielaget.jostedal.no\/index.php?rest_route=\/wp\/v2\/users\/2"}],"replies":[{"embeddable":true,"href":"https:\/\/www.historielaget.jostedal.no\/index.php?rest_route=%2Fwp%2Fv2%2Fcomments&post=1933"}],"version-history":[{"count":22,"href":"https:\/\/www.historielaget.jostedal.no\/index.php?rest_route=\/wp\/v2\/pages\/1933\/revisions"}],"predecessor-version":[{"id":3890,"href":"https:\/\/www.historielaget.jostedal.no\/index.php?rest_route=\/wp\/v2\/pages\/1933\/revisions\/3890"}],"up":[{"embeddable":true,"href":"https:\/\/www.historielaget.jostedal.no\/index.php?rest_route=\/wp\/v2\/pages\/459"}],"wp:attachment":[{"href":"https:\/\/www.historielaget.jostedal.no\/index.php?rest_route=%2Fwp%2Fv2%2Fmedia&parent=1933"}],"curies":[{"name":"wp","href":"https:\/\/api.w.org\/{rel}","templated":true}]}}