{"id":1972,"date":"2011-08-31T12:14:16","date_gmt":"2011-08-31T10:14:16","guid":{"rendered":"http:\/\/www.historielaget.jostedal.no\/?page_id=1972"},"modified":"2012-03-18T22:43:41","modified_gmt":"2012-03-18T20:43:41","slug":"matrikkelen-1664","status":"publish","type":"page","link":"https:\/\/www.historielaget.jostedal.no\/?page_id=1972","title":{"rendered":"Matrikkelen 1666"},"content":{"rendered":"<p><a href=\"http:\/\/www.historielaget.jostedal.no\/wordpress\/wp-content\/upLoads\/easycapture1bmp.jpg\"><img loading=\"lazy\" decoding=\"async\" class=\"alignleft size-thumbnail wp-image-1977\" title=\"Matrikkelhovud 1664\" src=\"http:\/\/www.historielaget.jostedal.no\/wordpress\/wp-content\/upLoads\/easycapture1bmp-150x79.jpg\" alt=\"Matrikkelhovud 1664\" width=\"150\" height=\"79\" srcset=\"https:\/\/www.historielaget.jostedal.no\/wordpress\/wp-content\/upLoads\/easycapture1bmp-150x79.jpg 150w, https:\/\/www.historielaget.jostedal.no\/wordpress\/wp-content\/upLoads\/easycapture1bmp-300x158.jpg 300w, https:\/\/www.historielaget.jostedal.no\/wordpress\/wp-content\/upLoads\/easycapture1bmp.jpg 708w\" sizes=\"auto, (max-width: 150px) 100vw, 150px\" \/><\/a><a href=\"http:\/\/www.lokalhistoriewiki.no\/index.php\/Leksikon:Matrikkel\">Matrikkelen <\/a>fr\u00e5 1660-\u00e5ra er s\u00e5 langt ikkje lagt ut i Digitalarkivet. Her har me difor lagt ut ein d\u00e5rleg kopi av originalen for Jostedalen basert p\u00e5 foto av mikrofilmutg\u00e5va. I tillegg har me lagt ut ei ny avskrift.<\/p>\n<p>Matrikkelen inneheld dei fyrste samla opplysningane ein har om jordbruksproduksjonen i Jostedalen, rekna i storfe, hestar og uts\u00e6d korn p\u00e5 kvar gard, att\u00e5t nokre fleire opplysningar om ressursar som l\u00e5g til gardane.<\/p>\n<p>Matrikkelen er ikkje datert. Det vart gjeve ordre om \u00e5 utarbeide matriklane i 1665, og 1666 er ofte nytta som \u00e5rstal.<\/p>\n<p>Styresmaktene laga ein ny <a href=\"http:\/\/www.historielaget.jostedal.no\/?page_id=2057\">matrikkel i 1723<\/a>, men den vart ikkje gjort gjeldande anna enn for bruk som tidlegare ikkje var matrikulerte. I Jostedalen galdt dette berre Prestegarden. <a href=\"http:\/\/www.historielaget.jostedal.no\/?page_id=2059\">Matrikkelen fr\u00e5 1838<\/a> avl\u00f8yste 1666-matrikkelen, og det var i mellomtida berre gjort endringar for fem gardar: Ormberg, \u00c5sen, Bergset, Elvekrok og Mj\u00f8lver som alle fekk nedsett skylda med <a href=\"http:\/\/www.historielaget.jostedal.no\/?page_id=1146\">avtaksforretningane i 1742<\/a>.<\/p>\n<p><a href=\"http:\/\/www.historielaget.jostedal.no\/wordpress\/wp-content\/upLoads\/1666-matrikkel-AVSKRIFT.pdf\">Matrikkelen 1666 for Jostedalen (avskrift)<\/a>\u00a0(pdf)<br \/>\n<a href=\"http:\/\/www.historielaget.jostedal.no\/wordpress\/wp-content\/upLoads\/matrikkel-1666-jostedalen.pdf\">Matrikkelen 1666 for Jostedalen (skanna original)<\/a>\u00a0(pdf)<\/p>\n<p>&nbsp;<\/p>\n","protected":false},"excerpt":{"rendered":"<p>Matrikkelen fr\u00e5 1660-\u00e5ra er s\u00e5 langt ikkje lagt ut i Digitalarkivet. Her har me difor lagt ut ein d\u00e5rleg kopi av originalen for Jostedalen basert p\u00e5 foto av mikrofilmutg\u00e5va. I tillegg har me lagt ut ei ny avskrift. Matrikkelen inneheld dei fyrste samla opplysningane ein har om jordbruksproduksjonen i Jostedalen, rekna i storfe, hestar og [&hellip;]<\/p>\n","protected":false},"author":2,"featured_media":0,"parent":459,"menu_order":16,"comment_status":"open","ping_status":"open","template":"","meta":{"ngg_post_thumbnail":0,"footnotes":""},"class_list":["post-1972","page","type-page","status-publish","hentry"],"_links":{"self":[{"href":"https:\/\/www.historielaget.jostedal.no\/index.php?rest_route=\/wp\/v2\/pages\/1972","targetHints":{"allow":["GET"]}}],"collection":[{"href":"https:\/\/www.historielaget.jostedal.no\/index.php?rest_route=\/wp\/v2\/pages"}],"about":[{"href":"https:\/\/www.historielaget.jostedal.no\/index.php?rest_route=\/wp\/v2\/types\/page"}],"author":[{"embeddable":true,"href":"https:\/\/www.historielaget.jostedal.no\/index.php?rest_route=\/wp\/v2\/users\/2"}],"replies":[{"embeddable":true,"href":"https:\/\/www.historielaget.jostedal.no\/index.php?rest_route=%2Fwp%2Fv2%2Fcomments&post=1972"}],"version-history":[{"count":8,"href":"https:\/\/www.historielaget.jostedal.no\/index.php?rest_route=\/wp\/v2\/pages\/1972\/revisions"}],"predecessor-version":[{"id":2233,"href":"https:\/\/www.historielaget.jostedal.no\/index.php?rest_route=\/wp\/v2\/pages\/1972\/revisions\/2233"}],"up":[{"embeddable":true,"href":"https:\/\/www.historielaget.jostedal.no\/index.php?rest_route=\/wp\/v2\/pages\/459"}],"wp:attachment":[{"href":"https:\/\/www.historielaget.jostedal.no\/index.php?rest_route=%2Fwp%2Fv2%2Fmedia&parent=1972"}],"curies":[{"name":"wp","href":"https:\/\/api.w.org\/{rel}","templated":true}]}}