{"id":199,"date":"2008-08-04T11:07:48","date_gmt":"2008-08-04T09:07:48","guid":{"rendered":"http:\/\/www.historielaget.jostedal.no\/?page_id=199"},"modified":"2025-04-14T22:01:54","modified_gmt":"2025-04-14T20:01:54","slug":"brev-fra-biskopen-1625","status":"publish","type":"page","link":"https:\/\/www.historielaget.jostedal.no\/?page_id=199","title":{"rendered":"Brev fr\u00e5 biskopen (1625)"},"content":{"rendered":"<p><a href=\"http:\/\/www.historielaget.jostedal.no\/1625-dokument.pdf\">Originaldokument <\/a>(6 Mb)<\/p>\n<p><strong><a href=\"http:\/\/www.historielaget.jostedal.no\/wordpress\/wp-content\/upLoads\/s-1-utdrag.jpg\"><img decoding=\"async\" class=\"alignnone size-medium wp-image-1060\" title=\"s-1-utdrag\" src=\"http:\/\/www.historielaget.jostedal.no\/wordpress\/wp-content\/upLoads\/s-1-utdrag-300x104.jpg\" alt=\"s-1-utdrag\" width=\"380\" srcset=\"https:\/\/www.historielaget.jostedal.no\/wordpress\/wp-content\/upLoads\/s-1-utdrag-300x104.jpg 300w, https:\/\/www.historielaget.jostedal.no\/wordpress\/wp-content\/upLoads\/s-1-utdrag-150x52.jpg 150w, https:\/\/www.historielaget.jostedal.no\/wordpress\/wp-content\/upLoads\/s-1-utdrag-1024x356.jpg 1024w, https:\/\/www.historielaget.jostedal.no\/wordpress\/wp-content\/upLoads\/s-1-utdrag.jpg 1555w\" sizes=\"(max-width: 300px) 100vw, 300px\" \/><\/a>Avskrift<\/strong><\/p>\n<p>I \u00e6rlige Folk i Liustedahl, som frygte og elske Gud, og haver eders Salighed kier!<\/p>\n<p>Jeg \u00f8nsker eder alle Gud Faders Naade og Venskab, Jesu Christi Kierlighed og Fred, og den Hellig Aands Deelagtighed med Lykke og Velsignelse til Siels og Livs, timelig og evig Velf\u00e6rd! Givendes eder venligen tilkiende, at jeg her hos Provsten haver h\u00f8rt og spurgt for vist, at der skulde findes nogle i eders Menighed, som sig vrangeligen skulle anstille og skikke mod den h\u00e6derlig og fiine Mand <a href=\"http:\/\/www.lokalhistoriewiki.no\/index.php\/Mikkel_Nilsson\">Herr <em>Michel Nielsen<\/em><\/a>, eders Siele-S\u00f8rger, baade med Guds Ords Fors\u00f8mmelse og Foragtelse, saa og med den Degne-M\u00e6le, som Herr <em>Michel<\/em> af nogle forholdes, imod hans Kaldsbrev, som I selv beseglet have, og for det tredie, at nogle fortrykke sig at opf\u00f8re hans Korn fra S\u00f8en, som hannem af \u00d8vrigheden bevilget er; hvilket ogsaa er imod den Forpligt, som Kaldsbrevet om formelder, at I giort og givet have med Provstens Samtykke, og under hans saavelsom eders Beseigling og Stadf\u00e6stelse. Hvorfore jeg nu paa Guds vegne, efter mid Embede, alvorligen advarer og formaner alle og enhver i eders Menighed, ung og gammel, Mand og Qvinde, at de tilt\u00e6nker nu strax at affstaae saadan Ugudelighed og forarelig V\u00e6sen med Guds Ords Fors\u00f8mmelse og Foragtelse, og bevise Gud Allerm\u00e6gtigste sin tilb\u00f8rlig \u00c6re og Tieneste, saa og bevise denne fromme Mand, eders Sieles\u00f8rger, paa Guds og hans Embed vegne Lydagtighed og Velvillighed efter hans Kaldsbrevs Lydelse, foruden Knur, Vrangvillighed, skalkagtig Underfundighed og Bitterhed, saafremt de ikke ville straffes baade af Gud med Forbandelse til Siel og Liv her i Verden og til evig Tid, saa og af den Christen \u00d8vrighed, som er i Guds Sted, hvilken ingenlunde ville lade saadane Modvilligheder, Forargelse og fortr\u00e6delig Ulydighed blive ustraffet, om det bliver anklaget. Gud og hver Mand veed vel, hvad skeet er med eders forige Siele-S\u00f8rger etc. Enhver \u00e6rlig gudfrygtig tage sig vare for Guds og \u00d8vrighedens retf\u00e6rdige Vrede og Straf, omvende sig ved en sand og alvorlig Poenitenze [botsfromheit]\u00a0fra sin syndige Veig og Idr\u00e6t, og beflitte sig alvorligen paa at gi\u00f8re Guds gode Villie og blive bestandig derudi til Enden. Tiden er kort her at blive, men Evigheden faaer aldrig Ende, og her vil gi\u00f8res svart Regnskab for Christi Jesu retferdige Domstol, snarere end mange troer. Nu! Jeg befaler eder alle, som frygte og elske Gud og hans hellige Ord, den samme alm\u00e6gtige, gode og trofaste himmelske Fader og Herre i Vold til Siel og Liv. Amen.<\/p>\n<p>Actum Sogndahls Pr\u00e6stegaard den 1 Augusti 1625.<\/p>\n<p>Niels Paasche. S. B.<\/p>\n<p>Udskrift.<br \/>\nDen Christen Menighed i Justedahl eller Liusterdahl, mine elskelige Venner i Christo Jesu kierligen tilskrevet.<\/p>\n<p><strong>Kjelde<\/strong><\/p>\n<p>Original i Statsarkivet i Bergen, Bj\u00f8rgvin biskop, <a href=\"https:\/\/www.arkivportalen.no\/entity\/d5bfe8b0-9892-402d-bff5-280b959268ed?ins=AV\">brev 1 (1575-1670)<\/a> (katalogoppf\u00f8ring).<\/p>\n<p>Frimann, Christopher. (1777). <em>Almindelig Samling af Stiftelser og Gavebreve i Kongeriget Norge. Med forn\u00f8dne Oplysninger. Bergens Stad og Stift angaaende. <\/em>(Bd. 2). Kj\u00f8benhavn: Trykt hos H.C. Sander, side 207-209. [<a href=\"https:\/\/urn.nb.no\/URN:NBN:no-nb_digibok_2023060728010\">Digital utg\u00e5ve, Nasjonalbiblioteket<\/a>]<\/p>\n<p><strong>Merknad<\/strong><\/p>\n<p>Avskrifta er f\u00f8rebels etter Frimann 1777.<\/p>\n<p>Brevet er nemnt i <a href=\"http:\/\/www.historielaget.jostedal.no\/?page_id=190\">Justedalens kortelige Beskrivelse <\/a>(1802), men d\u00e5 berre p\u00e5 grunn av skrivem\u00e5ten &laquo;Liustedahl&raquo;.<\/p>\n<p>Nils Paaske var biskop i Bergen 1613-36 og skreiv dette brevet under eit opphald hj\u00e5 prosten Peder Pederss\u00f8n Schytte p\u00e5 prestegarden i Sogndal. Her m\u00e5 han ha f\u00e5tt greie p\u00e5 at allmugen i Jostedalen ikkje handsama presten som dei skulle, og han gav dei denne kraftige oppstrammaren. <a href=\"http:\/\/www.lokalhistoriewiki.no\/index.php\/Mikkel_Nilsson\">Mikkel Nilsson <\/a>er den andre kjende presten i Jostedalen etter reformasjonen.<\/p>\n<p>Christopher Frimann gav i 1774-77 ut to band med brev- og dokumentsamlingar fr\u00e5 Bergens stift, og dette brevet er prenta i band 2. Som det g\u00e5r fram av den innleiande merknaden hans, er f\u00f8rem\u00e5let prim\u00e6rt \u00e5 visa kva \u00f8konomiske rettar som l\u00e5g til presteembetet etter <a href=\"http:\/\/www.lokalhistoriewiki.no\/index.php\/Leksikon:Kallsbrev\">kallsbrevet<\/a>, mellom anna <a href=\"http:\/\/www.lokalhistoriewiki.no\/index.php\/Leksikon:Offerm%C3%A6le\">offerm\u00e6le<\/a>. Innleiinga hans til brevet lyder slik:<\/p>\n<p>&laquo;Forinden jeg anmelder de faa Legata eller Donationer paa landet i Bergens Stift, vilde L\u00e6seren tillade, at jeg [Christopher Frimann] meddeler:<\/p>\n<p>1) Biskop Paasches Skrivelse til Menigheden i Liusterdahlen, eller som det nu kaldes, Justedahlen, som beviser, foruden et haardt Folk, Pr\u00e6sterne paa Landet deres Ret til den saa kaldede Offer-M\u00e6le, og da endeel Pr\u00e6ster, endog i den seenere Tid, have tabt denne Deel af deres Embeds Indkomst, vil jeg, for end ydermere at see dem denne conserveret, tilf\u00f8ie, [&#8230; nr. 2-7 &#8211; dokument som ikkje gjeld Jostedalens\u00e6rskilt]<\/p>\n","protected":false},"excerpt":{"rendered":"<p>Originaldokument (6 Mb) Avskrift I \u00e6rlige Folk i Liustedahl, som frygte og elske Gud, og haver eders Salighed kier! Jeg \u00f8nsker eder alle Gud Faders Naade og Venskab, Jesu Christi Kierlighed og Fred, og den Hellig Aands Deelagtighed med Lykke og Velsignelse til Siels og Livs, timelig og evig Velf\u00e6rd! Givendes eder venligen tilkiende, at [&hellip;]<\/p>\n","protected":false},"author":2,"featured_media":0,"parent":661,"menu_order":3,"comment_status":"open","ping_status":"closed","template":"","meta":{"ngg_post_thumbnail":0,"footnotes":""},"class_list":["post-199","page","type-page","status-publish","hentry"],"_links":{"self":[{"href":"https:\/\/www.historielaget.jostedal.no\/index.php?rest_route=\/wp\/v2\/pages\/199","targetHints":{"allow":["GET"]}}],"collection":[{"href":"https:\/\/www.historielaget.jostedal.no\/index.php?rest_route=\/wp\/v2\/pages"}],"about":[{"href":"https:\/\/www.historielaget.jostedal.no\/index.php?rest_route=\/wp\/v2\/types\/page"}],"author":[{"embeddable":true,"href":"https:\/\/www.historielaget.jostedal.no\/index.php?rest_route=\/wp\/v2\/users\/2"}],"replies":[{"embeddable":true,"href":"https:\/\/www.historielaget.jostedal.no\/index.php?rest_route=%2Fwp%2Fv2%2Fcomments&post=199"}],"version-history":[{"count":12,"href":"https:\/\/www.historielaget.jostedal.no\/index.php?rest_route=\/wp\/v2\/pages\/199\/revisions"}],"predecessor-version":[{"id":3816,"href":"https:\/\/www.historielaget.jostedal.no\/index.php?rest_route=\/wp\/v2\/pages\/199\/revisions\/3816"}],"up":[{"embeddable":true,"href":"https:\/\/www.historielaget.jostedal.no\/index.php?rest_route=\/wp\/v2\/pages\/661"}],"wp:attachment":[{"href":"https:\/\/www.historielaget.jostedal.no\/index.php?rest_route=%2Fwp%2Fv2%2Fmedia&parent=199"}],"curies":[{"name":"wp","href":"https:\/\/api.w.org\/{rel}","templated":true}]}}