{"id":200,"date":"2008-08-04T13:01:26","date_gmt":"2008-08-04T11:01:26","guid":{"rendered":"http:\/\/www.historielaget.jostedal.no\/?page_id=200"},"modified":"2025-04-13T00:03:28","modified_gmt":"2025-04-12T22:03:28","slug":"pontoppidan-om-foss-1864","status":"publish","type":"page","link":"https:\/\/www.historielaget.jostedal.no\/?page_id=200","title":{"rendered":"Pontoppidans visitasberetning (1749)"},"content":{"rendered":"<p><strong>Avskrift etter originalmanuskriptet<\/strong><\/p>\n<p>Samme Dag og Sted (2. juli 1749 i Luster) m\u00f8dte efter Sedvane ved Visitationen Justedalens Sogne-Pr\u00e6st med sine Medhielpere og nogle af Ungdommen til Overh\u00f8relse, efterdi ingen Visitator pleyer at komme op i bemelte lidet Sogn, bestaaende allene af 28 Gaard-M\u00e6nd og nogle Huus-M\u00e6nd, da veyen op i Fieldet er 3 Mile lang og meget vanskelig, at jeg ikke skal tale om Pr\u00e6sternes Vilkaar ere gemenlig saa slette, at man med dobbelt Undseelse maate v\u00e6re dem til Besv\u00e6ring med sine Folk og sig selv.<\/p>\n<p>Pr\u00e6sten Hr: Matthias Foss, ogsaa en Dansk Mand 36 Aar gammel, har v\u00e6ret der i 4 Aar. Gud veed med hvad Frugt, thi om hands L\u00e6re-Gaver kand jeg ikke d\u00f8mme, uden saavidt jeg h\u00f8rte ham catechisere med sin Ungdom, dog slutter jeg af hands Samtale og anden relation, at hand er en <a href=\"http:\/\/ordnet.dk\/ods\/opslag?id=563484\">Stymper<\/a>\u00a0og dobbelt at beklage deri, at hand hos sin extreme Armod skal have en arrig og avindsyg Hustrue, hvis Underlighed jeg formanede ham at b\u00e6re taalmodelig, saa Menigheden ikke tog alt for stor Forargelse. Derimod lovede jeg ham at gi\u00f8re mit beste til hands Indkomsters Forbedring, hvilket er skeet ved nu allerunderdanigst Forestilling til Deres Kongl: May:t om pension af et rigere Kald naar noget saadant bliver vacant her i Stiftet; thi med idelig Forflyttelse er Embedet ikke tient, og uden forsm\u00e6delig, det er tillige forargelig Armod, samt Fristelse til extravagancer er det umuligt at dette Kald, som giver 60 \u00e0 70 Rdlr: aarlig(6) i det h\u00f8yeste kand have sin egen Pr\u00e6st. Ikke heller kand det annectere noget andet Kald for Situationens skyld. Fordum har det v\u00e6ret fors\u00f8gt men er fundet ugi\u00f8rligt.<\/p>\n<p>Klokkeren <a href=\"http:\/\/www.lokalhistoriewiki.no\/index.php\/Ole_Knutson_Grov\">Ole Knudsen Grove<\/a> er 70 Aar gammel subleveres af sin S\u00f8n som jeg har lovet succession ved d\u00f8dsfald. De tvende Medhielpere havde intet Klagemaal.<\/p>\n<p>Ski\u00f8nt Skolev\u00e6senet saalidet i Justedalen som andensteds er kommen paa nogen fast Foed saa vare dog de 10 Drenge, som Pr\u00e6sten til en Pr\u00f8ve havde f\u00f8rt ned med sig, temmelig vel \u00f8vede i at l\u00e6se baade inden og udenad, hvori Field-B\u00f8nderne gemeenlig overgaaer de andre, thi da de boe meget vidl\u00f8ftig saa holde de mere privat L\u00e6seundervisning i deres Huuse og kunde bringe det vidt om de havde lutter gode B\u00f8ger at l\u00e6se.<\/p>\n<p>Kirken som <a href=\"http:\/\/lokalhistoriewiki.no\/index.php\/Eigarar_av_Jostedal_kyrkje\">eyes af 3 B\u00f8nder <\/a>skal v\u00e6re temmelig forfalden, saa at Provsten maa advares om at lade tage Siun til den.<\/p>\n<p>Alle Justedalens n\u00e6rv\u00e6rende Indbyggere siges at v\u00e6re Descendenter af en Kone som i den sorte D\u00f8d 1350 var allene bleven i Live og fandtes i sin Barndom saa vild og Menniskeskye at man kaldede hende Rypen, og hendes Afkom, da Landet blev hende som eeneste Odels-Eyere tilkiendt, Rype-Sl\u00e6gten.<\/p>\n<p><strong>Ludvig Daaes referat (1864)<\/strong><\/p>\n<p><em>Justedalen.<\/em> Presten med Medhjelpere og nogle af Almuen m\u00f8dte ved Lyster, &laquo;da ingen Visitator nogen Tid pleier at komme op i bemeldte lille Sogn, bestaaende alene af 28 Gaardm\u00e6nd og nogle Huusm\u00e6nd, og Presternes Vilkaar gemeenlig ere saa slette, at man med dobbelt Undseelse maatte v\u00e6re dem til Besv\u00e6r med sine Folk og sig selv&raquo;. Presten <em>Mathias Foss<\/em>, dansk Mand, ansaaes af Pontoppidan for at v\u00e6re en Stymper.*) &laquo;I sin extreme Armod har han en arrig og avindsyg Hustru, hvis Underlighed jeg formanede ham til at b\u00e6re taalmodig&raquo;. Kaldet indbringer 60-70 Rdl. i det h\u00f8ieste. Ungdommen var ret flink i at l\u00e6se indenad og udenad, hvori <em>Fjeldb\u00f8nderne gemeenlig overgaar de andre<\/em>; thi, da de boe meget vidtl\u00f8ftigt, saa holde de mere privat L\u00e6sning i deres Huse og kunde bringe det vidt, om de havde lutter gode B\u00f8ger at l\u00e6se. Kirken eies af tre B\u00f8nder og er forfalden&raquo;. Sluttelig omtaler Pontoppidan ogsaa Fort\u00e6llingen om &laquo;Rypen&raquo; i Justedalen.<\/p>\n<p>*) Denne Mand, der d\u00f8de 1792, har dog havt Fremf\u00e6rd nok til at udarbeide en kortfattet <em>Beskrivelse<\/em> af sit Kald, Justedalen, som l\u00e6ses i Thaarups Magazin, 2, S. 1-44, ledsaget med Anm\u00e6rkninger af J. Chr. <em>Berg<\/em>.<\/p>\n<p><strong>Kjelder<\/strong><\/p>\n<p><em>Erich Pontoppidans Allerunderdanigst Beretning om Visitations Reyserne i Bergens Stift Anno 1749. <\/em>Upublisert avskrift ved Oddvar Johan\u00a0Jensen, 2008. Original i Riksarkivet.<\/p>\n<p>Daae, Ludvig. (1864). Aktmessige Bidrag til den norske Kirkes Historie i det attende Aarhundre. <em>Theologisk Tidsskrift for den evangelisk-lutherske Kirke i Norge<\/em>, bd. 7, side 379. [<a href=\"https:\/\/urn.nb.no\/URN:NBN:no-nb_digitidsskrift_2023032880010_002\">Digital utg\u00e5va, Nasjonalbiblioteket<\/a>]<\/p>\n<p><strong>Merknad<\/strong><\/p>\n<p>Erik Pontoppidan var biskop i Bergen 1745-54 og var p\u00e5 visitas i Sogn sommaren 1749. Utsegnene hans om josted\u00f8lene og presten Foss har\u00a0vore mykje siterte, men berre p\u00e5 grunnlag av Ludvig Daaes attgjeving. Visitasberetninga ligg framleis uprenta p\u00e5 Riksarkivet og ventar p\u00e5 \u00e5 bli utgjeve i heilskap. Oddvar Johan Jensen, professor i kyrkjehistorie ved Norsk L\u00e6rerakademi (Bergen), har vore s\u00e5 venleg \u00e5 gje Jostedal historielag avskrifta si av det originalmanuskriptet seier om Jostedalen og l\u00f8yve til \u00e5 publisere det p\u00e5 nettstaden v\u00e5r. Dette er aldri publisert f\u00f8r, og som ein kan sj\u00e5, skriv Pontoppidan tre gonger s\u00e5 langt om Jostedalen som det Daae har attgjeve.<\/p>\n<p><strong>Les meir<br \/>\n<\/strong><a href=\"http:\/\/www.historielaget.jostedal.no\/?page_id=121\">Pontoppidan om Jostedalen (1752)<\/a><br \/>\n<a href=\"http:\/\/www.historielaget.jostedal.no\/?page_id=20\">Om Foss og jostedalsskildringa <\/a>(tilh\u00f8vet mellom Foss og Pontoppidan)<br \/>\nOm Pontoppidan i <a href=\"http:\/\/snl.no\/.nbl_biografi\/Erik_Pontoppidan\/utdypning_%E2%80%93_2\">Norsk biografisk leksikon<\/a><br \/>\nListe:\u00a0<a href=\"http:\/\/lokalhistoriewiki.no\/index.php\/Visitasar_i_Jostedalen\">Visitasar i Jostedalen<\/a>\u00a0(Lokalhistoriewiki)<\/p>\n","protected":false},"excerpt":{"rendered":"<p>Avskrift etter originalmanuskriptet Samme Dag og Sted (2. juli 1749 i Luster) m\u00f8dte efter Sedvane ved Visitationen Justedalens Sogne-Pr\u00e6st med sine Medhielpere og nogle af Ungdommen til Overh\u00f8relse, efterdi ingen Visitator pleyer at komme op i bemelte lidet Sogn, bestaaende allene af 28 Gaard-M\u00e6nd og nogle Huus-M\u00e6nd, da veyen op i Fieldet er 3 Mile [&hellip;]<\/p>\n","protected":false},"author":2,"featured_media":0,"parent":2599,"menu_order":6,"comment_status":"open","ping_status":"closed","template":"","meta":{"ngg_post_thumbnail":0,"footnotes":""},"class_list":["post-200","page","type-page","status-publish","hentry"],"_links":{"self":[{"href":"https:\/\/www.historielaget.jostedal.no\/index.php?rest_route=\/wp\/v2\/pages\/200","targetHints":{"allow":["GET"]}}],"collection":[{"href":"https:\/\/www.historielaget.jostedal.no\/index.php?rest_route=\/wp\/v2\/pages"}],"about":[{"href":"https:\/\/www.historielaget.jostedal.no\/index.php?rest_route=\/wp\/v2\/types\/page"}],"author":[{"embeddable":true,"href":"https:\/\/www.historielaget.jostedal.no\/index.php?rest_route=\/wp\/v2\/users\/2"}],"replies":[{"embeddable":true,"href":"https:\/\/www.historielaget.jostedal.no\/index.php?rest_route=%2Fwp%2Fv2%2Fcomments&post=200"}],"version-history":[{"count":9,"href":"https:\/\/www.historielaget.jostedal.no\/index.php?rest_route=\/wp\/v2\/pages\/200\/revisions"}],"predecessor-version":[{"id":3722,"href":"https:\/\/www.historielaget.jostedal.no\/index.php?rest_route=\/wp\/v2\/pages\/200\/revisions\/3722"}],"up":[{"embeddable":true,"href":"https:\/\/www.historielaget.jostedal.no\/index.php?rest_route=\/wp\/v2\/pages\/2599"}],"wp:attachment":[{"href":"https:\/\/www.historielaget.jostedal.no\/index.php?rest_route=%2Fwp%2Fv2%2Fmedia&parent=200"}],"curies":[{"name":"wp","href":"https:\/\/api.w.org\/{rel}","templated":true}]}}