{"id":2019,"date":"2011-11-06T11:14:51","date_gmt":"2011-11-06T09:14:51","guid":{"rendered":"http:\/\/www.historielaget.jostedal.no\/?page_id=2019"},"modified":"2011-11-06T13:01:01","modified_gmt":"2011-11-06T11:01:01","slug":"dekorerte-trearbeid-nettutstilling","status":"publish","type":"page","link":"https:\/\/www.historielaget.jostedal.no\/?page_id=2019","title":{"rendered":"Nettutstilling: Dekorerte trearbeid"},"content":{"rendered":"<p>Her f\u00f8lgjer bilete av alle dekorerte trearbeid av Sjur Hesjevoll som vart utstilte i juli 2009. (Alle foto: Karianne Blikra.)<\/p>\n<p>Sj\u00e5 <a href=\"http:\/\/www.historielaget.jostedal.no\/?page_id=540\">liste over alle utstilte gjenstandar<\/a>.<\/p>\n<p>Bla nedover p\u00e5 sida for \u00e5 sj\u00e5 bileta.<\/p>\nngg_shortcode_0_placeholder\n","protected":false},"excerpt":{"rendered":"<p>Her f\u00f8lgjer bilete av alle dekorerte trearbeid av Sjur Hesjevoll som vart utstilte i juli 2009. (Alle foto: Karianne Blikra.) Sj\u00e5 liste over alle utstilte gjenstandar. Bla nedover p\u00e5 sida for \u00e5 sj\u00e5 bileta.<\/p>\n","protected":false},"author":2,"featured_media":0,"parent":498,"menu_order":2,"comment_status":"open","ping_status":"open","template":"","meta":{"ngg_post_thumbnail":0,"footnotes":""},"class_list":["post-2019","page","type-page","status-publish","hentry"],"_links":{"self":[{"href":"https:\/\/www.historielaget.jostedal.no\/index.php?rest_route=\/wp\/v2\/pages\/2019","targetHints":{"allow":["GET"]}}],"collection":[{"href":"https:\/\/www.historielaget.jostedal.no\/index.php?rest_route=\/wp\/v2\/pages"}],"about":[{"href":"https:\/\/www.historielaget.jostedal.no\/index.php?rest_route=\/wp\/v2\/types\/page"}],"author":[{"embeddable":true,"href":"https:\/\/www.historielaget.jostedal.no\/index.php?rest_route=\/wp\/v2\/users\/2"}],"replies":[{"embeddable":true,"href":"https:\/\/www.historielaget.jostedal.no\/index.php?rest_route=%2Fwp%2Fv2%2Fcomments&post=2019"}],"version-history":[{"count":5,"href":"https:\/\/www.historielaget.jostedal.no\/index.php?rest_route=\/wp\/v2\/pages\/2019\/revisions"}],"predecessor-version":[{"id":2036,"href":"https:\/\/www.historielaget.jostedal.no\/index.php?rest_route=\/wp\/v2\/pages\/2019\/revisions\/2036"}],"up":[{"embeddable":true,"href":"https:\/\/www.historielaget.jostedal.no\/index.php?rest_route=\/wp\/v2\/pages\/498"}],"wp:attachment":[{"href":"https:\/\/www.historielaget.jostedal.no\/index.php?rest_route=%2Fwp%2Fv2%2Fmedia&parent=2019"}],"curies":[{"name":"wp","href":"https:\/\/api.w.org\/{rel}","templated":true}]}}