{"id":2057,"date":"2011-11-26T10:30:55","date_gmt":"2011-11-26T08:30:55","guid":{"rendered":"http:\/\/www.historielaget.jostedal.no\/?page_id=2057"},"modified":"2025-04-16T11:16:00","modified_gmt":"2025-04-16T09:16:00","slug":"matrikkelforearbeidet-1723","status":"publish","type":"page","link":"https:\/\/www.historielaget.jostedal.no\/?page_id=2057","title":{"rendered":"Matrikkelf\u00f8rearbeidet 1723"},"content":{"rendered":"<p>Denne matrikkelen vart aldri innf\u00f8rt. Men f\u00f8rearbeidet var grundig, og det er ei viktig busetnadshistorisk kjelde. Digitalarkivet har skanna b\u00e5de eksaminasjonsprotokollane og matrikkelprotokollane. Me har lagt ut ei avskrift av eksaminasjonsprotokollen.<\/p>\n<p>Under arbeidet med avskrifta kom det for ein dag at matrikkelutkastet inneheld ei tidlegare ukjend opplysning om Nigardsbreen sine \u00f8ydeleggingar, sj\u00e5 <a href=\"http:\/\/www.historielaget.jostedal.no\/?page_id=2218\">&laquo;Skade av breen i Mj\u00f8lver (1723)&raquo;<\/a>.<\/p>\n<p><a href=\"https:\/\/www.digitalarkivet.no\/ma20090819650285\">Matrikkelen 1723 for Jostedalen (skanna)<\/a>\u00a0(Digitalarkivet)<br \/>\n<a href=\"http:\/\/www.historielaget.jostedal.no\/wordpress\/wp-content\/upLoads\/1723-matrikkel-AVSKRIFT.pdf\">Matrikkelen 1723 &#8211; eksaminasjonsprotokoll for Jostedalen (avskrift)<\/a>\u00a0(pdf)<\/p>\n","protected":false},"excerpt":{"rendered":"<p>Denne matrikkelen vart aldri innf\u00f8rt. Men f\u00f8rearbeidet var grundig, og det er ei viktig busetnadshistorisk kjelde. Digitalarkivet har skanna b\u00e5de eksaminasjonsprotokollane og matrikkelprotokollane. Me har lagt ut ei avskrift av eksaminasjonsprotokollen. Under arbeidet med avskrifta kom det for ein dag at matrikkelutkastet inneheld ei tidlegare ukjend opplysning om Nigardsbreen sine \u00f8ydeleggingar, sj\u00e5 &laquo;Skade av breen [&hellip;]<\/p>\n","protected":false},"author":2,"featured_media":0,"parent":459,"menu_order":18,"comment_status":"open","ping_status":"open","template":"","meta":{"ngg_post_thumbnail":0,"footnotes":""},"class_list":["post-2057","page","type-page","status-publish","hentry"],"_links":{"self":[{"href":"https:\/\/www.historielaget.jostedal.no\/index.php?rest_route=\/wp\/v2\/pages\/2057","targetHints":{"allow":["GET"]}}],"collection":[{"href":"https:\/\/www.historielaget.jostedal.no\/index.php?rest_route=\/wp\/v2\/pages"}],"about":[{"href":"https:\/\/www.historielaget.jostedal.no\/index.php?rest_route=\/wp\/v2\/types\/page"}],"author":[{"embeddable":true,"href":"https:\/\/www.historielaget.jostedal.no\/index.php?rest_route=\/wp\/v2\/users\/2"}],"replies":[{"embeddable":true,"href":"https:\/\/www.historielaget.jostedal.no\/index.php?rest_route=%2Fwp%2Fv2%2Fcomments&post=2057"}],"version-history":[{"count":5,"href":"https:\/\/www.historielaget.jostedal.no\/index.php?rest_route=\/wp\/v2\/pages\/2057\/revisions"}],"predecessor-version":[{"id":3904,"href":"https:\/\/www.historielaget.jostedal.no\/index.php?rest_route=\/wp\/v2\/pages\/2057\/revisions\/3904"}],"up":[{"embeddable":true,"href":"https:\/\/www.historielaget.jostedal.no\/index.php?rest_route=\/wp\/v2\/pages\/459"}],"wp:attachment":[{"href":"https:\/\/www.historielaget.jostedal.no\/index.php?rest_route=%2Fwp%2Fv2%2Fmedia&parent=2057"}],"curies":[{"name":"wp","href":"https:\/\/api.w.org\/{rel}","templated":true}]}}