{"id":2076,"date":"2011-11-26T14:39:36","date_gmt":"2011-11-26T12:39:36","guid":{"rendered":"http:\/\/www.historielaget.jostedal.no\/?page_id=2076"},"modified":"2025-04-16T08:10:21","modified_gmt":"2025-04-16T06:10:21","slug":"jordeboka-1600","status":"publish","type":"page","link":"https:\/\/www.historielaget.jostedal.no\/?page_id=2076","title":{"rendered":"Jordeboka 1600"},"content":{"rendered":"<p>Ei jordebok fr\u00e5 skatte\u00e5ret 1600-1601 er den fyrste skattelista som reknar opp gardbrukarane i Jostedalen etter <a href=\"http:\/\/www.historielaget.jostedal.no\/?page_id=117\">presteskattelista fr\u00e5 1596<\/a>. Dette er \u00f2g den fyrste skattelista med sikker datering.<\/p>\n<p><strong>Avskrift\u00a0<\/strong><\/p>\n<p><strong>J\u00f8stedalenn<\/strong><\/p>\n<table border=\"1\" cellspacing=\"1\" cellpadding=\"0\">\n<tbody>\n<tr>\n<td valign=\"top\" width=\"37\"><strong>Nr<\/strong><\/td>\n<td valign=\"top\" width=\"178\"><strong>Brukar\/gard<\/strong><\/td>\n<td valign=\"top\" width=\"158\"><strong>Skatt<\/strong><\/td>\n<\/tr>\n<tr>\n<td valign=\"top\" width=\"37\">1<\/td>\n<td valign=\"top\" width=\"178\">Aff M\u00f8cklemyer<\/td>\n<td valign=\"top\" width=\"158\">\u00a01 g<em>jed<\/em>shind<\/td>\n<\/tr>\n<tr>\n<td valign=\"top\" width=\"37\">2<\/td>\n<td valign=\"top\" width=\"178\">Oluff Ormberig<\/td>\n<td valign=\"top\" width=\"158\">\u00a01 g<em>jed<\/em>shind<\/td>\n<\/tr>\n<tr>\n<td valign=\"top\" width=\"37\">3<\/td>\n<td valign=\"top\" width=\"178\">Halduor M\u00f8cklemyer<\/td>\n<td valign=\"top\" width=\"158\">\u00a01 g<em>jed<\/em>shind<\/td>\n<\/tr>\n<tr>\n<td valign=\"top\" width=\"37\">4<\/td>\n<td valign=\"top\" width=\"178\"><a href=\"http:\/\/lokalhistoriewiki.no\/index.php\/Knut_%C3%85sen\">Knud Aase<\/a> f:<\/td>\n<td valign=\"top\" width=\"158\">\u00a01 k<em>alv<\/em>shind<\/td>\n<\/tr>\n<tr>\n<td valign=\"top\" width=\"37\">5<\/td>\n<td valign=\"top\" width=\"178\">Enner Foss led:<\/td>\n<td valign=\"top\" width=\"158\">\u00a07 mark thall<em>ig,<br \/>\n<\/em>1 g<em>jed<\/em>shind,<\/td>\n<\/tr>\n<tr>\n<td valign=\"top\" width=\"37\">6<\/td>\n<td valign=\"top\" width=\"178\">Stenner Vadberrig<\/td>\n<td valign=\"top\" width=\"158\">\u00a01 k<em>alv<\/em>shind,<\/td>\n<\/tr>\n<tr>\n<td valign=\"top\" width=\"37\">7<\/td>\n<td valign=\"top\" width=\"178\">Ellend\u00a0 K\u00f8nfse[?]<\/td>\n<td valign=\"top\" width=\"158\">\u00a01 g<em>jed<\/em>shind,<\/td>\n<\/tr>\n<tr>\n<td valign=\"top\" width=\"37\">8<\/td>\n<td valign=\"top\" width=\"178\">Oluff Flade Jord f:<\/td>\n<td valign=\"top\" width=\"158\">\u00a01 k<em>alv<\/em>shind,<\/td>\n<\/tr>\n<tr>\n<td valign=\"top\" width=\"37\">9<\/td>\n<td valign=\"top\" width=\"178\">Endre Grouff<\/td>\n<td valign=\"top\" width=\"158\">\u00a04 mark thall<em>ig,<br \/>\n<\/em>1 g<em>jed<\/em>shind<\/td>\n<\/tr>\n<tr>\n<td valign=\"top\" width=\"37\">10<\/td>\n<td valign=\"top\" width=\"178\">Siffuerd Eluekrogen f:<\/td>\n<td valign=\"top\" width=\"158\">\u00a01 k<em>alv<\/em>shind,<\/td>\n<\/tr>\n<tr>\n<td valign=\"top\" width=\"37\">11<\/td>\n<td valign=\"top\" width=\"178\">Lauritz Birk f:<\/td>\n<td valign=\"top\" width=\"158\">\u00a01 k<em>alv<\/em>shind,<\/td>\n<\/tr>\n<tr>\n<td valign=\"top\" width=\"37\">12<\/td>\n<td valign=\"top\" width=\"178\">Christopher Bi\u00f8rnnetun f:<\/td>\n<td valign=\"top\" width=\"158\">\u00a01 k<em>alv<\/em>shind,<\/td>\n<\/tr>\n<tr>\n<td valign=\"top\" width=\"37\">13<\/td>\n<td valign=\"top\" width=\"178\">Joenn Houg<\/td>\n<td valign=\"top\" width=\"158\">\u00a07 mark thall<em>ig<\/em>,<br \/>\n1 g<em>jed<\/em>shindt,<\/td>\n<\/tr>\n<tr>\n<td valign=\"top\" width=\"37\">14<\/td>\n<td valign=\"top\" width=\"178\">Johanns Kremmer [?]<\/td>\n<td valign=\"top\" width=\"158\">1 k<em>alv<\/em>shind f:<\/td>\n<\/tr>\n<tr>\n<td valign=\"top\" width=\"37\">15<\/td>\n<td valign=\"top\" width=\"178\">Oluff ibidem<\/td>\n<td valign=\"top\" width=\"158\">1 k<em>alv<\/em>shind f:<\/td>\n<\/tr>\n<tr>\n<td valign=\"top\" width=\"37\">16<\/td>\n<td valign=\"top\" width=\"178\">Lasse ibidem<\/td>\n<td valign=\"top\" width=\"158\">1 k<em>alv<\/em>shind f:<\/td>\n<\/tr>\n<tr>\n<td valign=\"top\" width=\"37\">17<\/td>\n<td valign=\"top\" width=\"178\">Endre Houg<\/td>\n<td valign=\"top\" width=\"158\">1 k<em>alv<\/em>shind f:<\/td>\n<\/tr>\n<tr>\n<td valign=\"top\" width=\"37\">18<\/td>\n<td valign=\"top\" width=\"178\">Hans ibidem<\/td>\n<td valign=\"top\" width=\"158\">1 k<em>alv<\/em>shind f:<\/td>\n<\/tr>\n<tr>\n<td valign=\"top\" width=\"37\">19<\/td>\n<td valign=\"top\" width=\"178\">Haldvard Faaberrig<\/td>\n<td valign=\"top\" width=\"158\">1 k<em>alv<\/em>shind f:<\/td>\n<\/tr>\n<tr>\n<td valign=\"top\" width=\"37\">20<\/td>\n<td valign=\"top\" width=\"178\">Poul ibidem<\/td>\n<td valign=\"top\" width=\"158\">1 k<em>alv<\/em>shind f:<\/td>\n<\/tr>\n<tr>\n<td valign=\"top\" width=\"37\">21<\/td>\n<td valign=\"top\" width=\"178\">Thore Bers<em>e<\/em>tter<\/td>\n<td valign=\"top\" width=\"158\">1 k<em>alv<\/em>shind f:<\/td>\n<\/tr>\n<tr>\n<td valign=\"top\" width=\"37\">22<\/td>\n<td valign=\"top\" width=\"178\">Sebi\u00f8ren ibidem<\/td>\n<td valign=\"top\" width=\"158\">1 k<em>alv<\/em>shind f:<\/td>\n<\/tr>\n<tr>\n<td valign=\"top\" width=\"37\">23<\/td>\n<td valign=\"top\" width=\"178\">Lasse Mielduer<\/td>\n<td valign=\"top\" width=\"158\">\u00a07 mark thall<em>ig,<br \/>\n<\/em>1 g<em>jed<\/em>shind,<\/td>\n<\/tr>\n<tr>\n<td valign=\"top\" width=\"37\">24<\/td>\n<td valign=\"top\" width=\"178\">Anders ibidem<\/td>\n<td valign=\"top\" width=\"158\">1 k<em>alv<\/em>shind,<\/td>\n<\/tr>\n<tr>\n<td valign=\"top\" width=\"37\">25<\/td>\n<td valign=\"top\" width=\"178\">Pouell i Kregenn<\/td>\n<td valign=\"top\" width=\"158\">1 k<em>alv<\/em>shind,<\/td>\n<\/tr>\n<tr>\n<td valign=\"top\" width=\"37\">26<\/td>\n<td valign=\"top\" width=\"178\">Oluff Kronnedall<\/td>\n<td valign=\"top\" width=\"158\">Leding 9 mark thall<em>ig<\/em>,<br \/>\n1 g<em>jed<\/em>shindt,<\/td>\n<\/tr>\n<tr>\n<td valign=\"top\" width=\"37\">27<\/td>\n<td valign=\"top\" width=\"178\">Helge vid Broenn<\/td>\n<td valign=\"top\" width=\"158\">Leding 11 mark thall<em>ig<\/em>,<\/td>\n<\/tr>\n<tr>\n<td valign=\"top\" width=\"37\">28<\/td>\n<td valign=\"top\" width=\"178\">Erich Lie<\/td>\n<td valign=\"top\" width=\"158\">Leding 1 g<em>jed<\/em>schindt,<\/td>\n<\/tr>\n<\/tbody>\n<\/table>\n<p>&nbsp;<\/p>\n<p><strong>Kjelde<\/strong><\/p>\n<p>Riksarkivet, Rentekammeret, Bergenhus len, Futerekneskap for Sogn med jordebok 1.5.1600-1.5.1601 \u2013 oppslag 24-25 (<a href=\"https:\/\/www.digitalarkivet.no\/rk20080827641037\">skanna original, Digitalarkivet<\/a>)<\/p>\n<p>Nummer er sett til i avskrifta.<\/p>\n<p><strong>Merknad<\/strong><\/p>\n<p>Jostedalen st\u00e5r i den delen av jordeboka som byrjar p\u00e5 oppslag 21 og har overskrifta &laquo;Leilendingers <a href=\"http:\/\/lokalhistoriewiki.no\/index.php\/Leksikon:Leidang\">Leding<\/a> frelse och <a href=\"http:\/\/lokalhistoriewiki.no\/index.php\/Leksikon:Fredtoll\">fretold <\/a>aff Sougen Lehn som\u00a0iche giffuer Kong Mayts Landschyld&raquo;. Ingen jostedalsgardar er med i dei to tidlegare bolkane i jordeboka som er &laquo;Kronens Landschyld\u201d og \u201dStiftens Landschyld&raquo;.<\/p>\n<p>Lista inneheld 28 personar om ein reknar med den anonyme p\u00e5 Myklemyr (1), mot 25 i presteskattelista fr\u00e5 1596. Dei skulle totalt betale 10 geitskinn, 17 kalvskinn og 45 merke (ca 9,6 kg) talg i skatt. Det utgjer i alt kring 2,6 laupar sm\u00f8r, som er den vanlege omrekningseininga for samanlikning.<\/p>\n<p>Dei fleste gardane er lette \u00e5 identifisere: Myklemyr (1, 3), Ormberg (2), \u00c5sen (4), Fossen (5), Flatejordi (8), Grov (9), Elvekrok (10), Bj\u00f8rk (11), F\u00e5berg (19, 20), Bergset (21, 22), Mj\u00f8lver (23, 24), Kreken (25), Bruheim (27 &#8211; &laquo;vid Broenn&raquo;) og Li (28). Me kan nok \u00f2g rekne med at &laquo;Houg&raquo; (13, 17, 18) er &laquo;Haugen&raquo;, men kanskje ikkje alle tre oppf\u00f8ringane.<\/p>\n<p>&laquo;Vadberrig&raquo; (ev. &laquo;Vedberrig&raquo;) (6) er truleg Vamberg. &laquo;Bi\u00f8rnnetun&raquo; (12) er nok Sn\u00f8tun. Det utydelege \u00a0&laquo;K\u00f8nfse&raquo;\/&raquo;Kufre&raquo;\u00a0(7) er truleg ei feilskriving for &laquo;Kjeppe&raquo;, for i 1596 finn me \u00f2g ein med namn Elling &laquo;paa Kieppe&raquo;. &laquo;Kronnedall&raquo; (26) er grei utan at det er opplagd kva gard Oluff budde p\u00e5, verre er den vanskeleg leselege &laquo;Kremmer&raquo;[?] (14-16) som kan vere Kruna, men \u00f2g kan vere noko anna (t.d. &laquo;kremmar&raquo;).<\/p>\n<p>Gamle gardnamn som heilt manglar, er Nedreli\/Garden, Sperla, Bakken og Espe, Helleg\u00e5rd og kanskje Kruna. \u00a0Av dei finn ein &laquo;Leien&raquo; (Nedreli), Espe og Kruna i skattelista fr\u00e5 1596. Men brukarar p\u00e5 somme av desse gardane kan vere oppf\u00f8rte under andre gardar.<\/p>\n<p>Ein finn meir om dette i gards- og \u00e6ttesoga til Lars \u00d8yane der alle brukarane er plasserte p\u00e5 gardar etter ei vurdering av kva som verkar mest rimeleg.<\/p>\n","protected":false},"excerpt":{"rendered":"<p>Ei jordebok fr\u00e5 skatte\u00e5ret 1600-1601 er den fyrste skattelista som reknar opp gardbrukarane i Jostedalen etter presteskattelista fr\u00e5 1596. Dette er \u00f2g den fyrste skattelista med sikker datering. Avskrift\u00a0 J\u00f8stedalenn Nr Brukar\/gard Skatt 1 Aff M\u00f8cklemyer \u00a01 gjedshind 2 Oluff Ormberig \u00a01 gjedshind 3 Halduor M\u00f8cklemyer \u00a01 gjedshind 4 Knud Aase f: \u00a01 kalvshind 5 [&hellip;]<\/p>\n","protected":false},"author":2,"featured_media":0,"parent":459,"menu_order":4,"comment_status":"open","ping_status":"open","template":"","meta":{"ngg_post_thumbnail":0,"footnotes":""},"class_list":["post-2076","page","type-page","status-publish","hentry"],"_links":{"self":[{"href":"https:\/\/www.historielaget.jostedal.no\/index.php?rest_route=\/wp\/v2\/pages\/2076","targetHints":{"allow":["GET"]}}],"collection":[{"href":"https:\/\/www.historielaget.jostedal.no\/index.php?rest_route=\/wp\/v2\/pages"}],"about":[{"href":"https:\/\/www.historielaget.jostedal.no\/index.php?rest_route=\/wp\/v2\/types\/page"}],"author":[{"embeddable":true,"href":"https:\/\/www.historielaget.jostedal.no\/index.php?rest_route=\/wp\/v2\/users\/2"}],"replies":[{"embeddable":true,"href":"https:\/\/www.historielaget.jostedal.no\/index.php?rest_route=%2Fwp%2Fv2%2Fcomments&post=2076"}],"version-history":[{"count":24,"href":"https:\/\/www.historielaget.jostedal.no\/index.php?rest_route=\/wp\/v2\/pages\/2076\/revisions"}],"predecessor-version":[{"id":3885,"href":"https:\/\/www.historielaget.jostedal.no\/index.php?rest_route=\/wp\/v2\/pages\/2076\/revisions\/3885"}],"up":[{"embeddable":true,"href":"https:\/\/www.historielaget.jostedal.no\/index.php?rest_route=\/wp\/v2\/pages\/459"}],"wp:attachment":[{"href":"https:\/\/www.historielaget.jostedal.no\/index.php?rest_route=%2Fwp%2Fv2%2Fmedia&parent=2076"}],"curies":[{"name":"wp","href":"https:\/\/api.w.org\/{rel}","templated":true}]}}