{"id":209,"date":"2008-08-07T13:55:51","date_gmt":"2008-08-07T11:55:51","guid":{"rendered":"http:\/\/www.historielaget.jostedal.no\/?page_id=209"},"modified":"2025-04-13T10:08:53","modified_gmt":"2025-04-13T08:08:53","slug":"etter-pontoppiddan-1749","status":"publish","type":"page","link":"https:\/\/www.historielaget.jostedal.no\/?page_id=209","title":{"rendered":"Etter Pontoppiddan (1749)"},"content":{"rendered":"<p><strong>Segna om Jostedalsrypa etter Pontoppidan<\/strong><\/p>\n<p>Alle Justedalens n\u00e6rv\u00e6rende Indbyggere siges at v\u00e6re Descendenter af en Kone som i den sorte D\u00f8d 1350 var allene bleven i Live og fandtes i sin Barndom saa vild og Menniskeskye at man kaldede hende Rypen, og hendes Afkom, da Landet blev hende som eeneste Odels-Eyere tilkiendt, Rype-Sl\u00e6gten.<\/p>\n<p><strong>Kjelde<\/strong><\/p>\n<p><em>Erich Pontoppidans Allerunderdanigst Beretning om Visitations Reyserne i Bergens Stift Anno 1749. <\/em><a href=\"http:\/\/www.historielaget.jostedal.no\/?page_id=200\">Upublisert avskrift ved Oddvar Johan Jensen<\/a>, 2008. Original i Riksarkivet.<\/p>\n","protected":false},"excerpt":{"rendered":"<p>Segna om Jostedalsrypa etter Pontoppidan Alle Justedalens n\u00e6rv\u00e6rende Indbyggere siges at v\u00e6re Descendenter af en Kone som i den sorte D\u00f8d 1350 var allene bleven i Live og fandtes i sin Barndom saa vild og Menniskeskye at man kaldede hende Rypen, og hendes Afkom, da Landet blev hende som eeneste Odels-Eyere tilkiendt, Rype-Sl\u00e6gten. Kjelde Erich [&hellip;]<\/p>\n","protected":false},"author":2,"featured_media":0,"parent":27,"menu_order":2,"comment_status":"open","ping_status":"closed","template":"","meta":{"ngg_post_thumbnail":0,"footnotes":""},"class_list":["post-209","page","type-page","status-publish","hentry"],"_links":{"self":[{"href":"https:\/\/www.historielaget.jostedal.no\/index.php?rest_route=\/wp\/v2\/pages\/209","targetHints":{"allow":["GET"]}}],"collection":[{"href":"https:\/\/www.historielaget.jostedal.no\/index.php?rest_route=\/wp\/v2\/pages"}],"about":[{"href":"https:\/\/www.historielaget.jostedal.no\/index.php?rest_route=\/wp\/v2\/types\/page"}],"author":[{"embeddable":true,"href":"https:\/\/www.historielaget.jostedal.no\/index.php?rest_route=\/wp\/v2\/users\/2"}],"replies":[{"embeddable":true,"href":"https:\/\/www.historielaget.jostedal.no\/index.php?rest_route=%2Fwp%2Fv2%2Fcomments&post=209"}],"version-history":[{"count":2,"href":"https:\/\/www.historielaget.jostedal.no\/index.php?rest_route=\/wp\/v2\/pages\/209\/revisions"}],"predecessor-version":[{"id":3749,"href":"https:\/\/www.historielaget.jostedal.no\/index.php?rest_route=\/wp\/v2\/pages\/209\/revisions\/3749"}],"up":[{"embeddable":true,"href":"https:\/\/www.historielaget.jostedal.no\/index.php?rest_route=\/wp\/v2\/pages\/27"}],"wp:attachment":[{"href":"https:\/\/www.historielaget.jostedal.no\/index.php?rest_route=%2Fwp%2Fv2%2Fmedia&parent=209"}],"curies":[{"name":"wp","href":"https:\/\/api.w.org\/{rel}","templated":true}]}}