{"id":2095,"date":"2011-11-26T16:16:41","date_gmt":"2011-11-26T14:16:41","guid":{"rendered":"http:\/\/www.historielaget.jostedal.no\/?page_id=2095"},"modified":"2025-04-16T08:15:46","modified_gmt":"2025-04-16T06:15:46","slug":"pengeskatten-1603","status":"publish","type":"page","link":"https:\/\/www.historielaget.jostedal.no\/?page_id=2095","title":{"rendered":"Pengeskatten 1603"},"content":{"rendered":"<p>Dette er lista over josted\u00f8lene som betalte den utskrivne pengeskatten i 1603. Det er den tredje eldste bevarte skattelista for Jostedalen.<\/p>\n<p><strong>Avskrift<\/strong><\/p>\n<p><strong>J\u00f8stedallenn<\/strong><\/p>\n<table border=\"1\" cellspacing=\"1\" cellpadding=\"0\">\n<tbody>\n<tr>\n<td valign=\"top\" width=\"37\"><strong>Nr<\/strong><\/td>\n<td valign=\"top\" width=\"84\"><strong>Gard i dag<\/strong><\/td>\n<td valign=\"top\" width=\"173\"><strong>Brukar\/gard<\/strong><\/td>\n<\/tr>\n<tr>\n<td valign=\"top\" width=\"37\">1<\/td>\n<td valign=\"top\" width=\"84\">Myklemyr<\/td>\n<td valign=\"top\" width=\"173\">Ellindt[?] Miclemyr<\/td>\n<\/tr>\n<tr>\n<td valign=\"top\" width=\"37\">2<\/td>\n<td valign=\"top\" width=\"84\">Ormberg<\/td>\n<td valign=\"top\" width=\"173\">Olluff Ormeberigh<\/td>\n<\/tr>\n<tr>\n<td valign=\"top\" width=\"37\">3<\/td>\n<td valign=\"top\" width=\"84\">Fossen<\/td>\n<td valign=\"top\" width=\"173\">Joenn Faas<\/td>\n<\/tr>\n<tr>\n<td valign=\"top\" width=\"37\">4<\/td>\n<td valign=\"top\" width=\"84\">\u00c5sen<\/td>\n<td valign=\"top\" width=\"173\">Knud Aas<\/td>\n<\/tr>\n<tr>\n<td valign=\"top\" width=\"37\">5<\/td>\n<td valign=\"top\" width=\"84\">Kreken<\/td>\n<td valign=\"top\" width=\"173\">Rasmus i Krigenn<\/td>\n<\/tr>\n<tr>\n<td valign=\"top\" width=\"37\">6<\/td>\n<td valign=\"top\" width=\"84\">Kreken<\/td>\n<td valign=\"top\" width=\"173\">Erick i Samestedt<\/td>\n<\/tr>\n<tr>\n<td valign=\"top\" width=\"37\">7<\/td>\n<td valign=\"top\" width=\"84\">Haugen<\/td>\n<td valign=\"top\" width=\"173\">Jonn Hough<\/td>\n<\/tr>\n<tr>\n<td valign=\"top\" width=\"37\">8<\/td>\n<td valign=\"top\" width=\"84\">Kruna<\/td>\n<td valign=\"top\" width=\"173\">Enndre Keronn [Kronen?]<\/td>\n<\/tr>\n<tr>\n<td valign=\"top\" width=\"37\">9<\/td>\n<td valign=\"top\" width=\"84\">Kruna<\/td>\n<td valign=\"top\" width=\"173\">Encken i Sammestedz<\/td>\n<\/tr>\n<tr>\n<td valign=\"top\" width=\"37\">10<\/td>\n<td valign=\"top\" width=\"84\">Grov<\/td>\n<td valign=\"top\" width=\"173\">Annders graa<\/td>\n<\/tr>\n<tr>\n<td valign=\"top\" width=\"37\">11<\/td>\n<td valign=\"top\" width=\"84\">Li<\/td>\n<td valign=\"top\" width=\"173\">Enncken i Lih<\/td>\n<\/tr>\n<tr>\n<td valign=\"top\" width=\"37\">12<\/td>\n<td valign=\"top\" width=\"84\">Mj\u00f8lver<\/td>\n<td valign=\"top\" width=\"173\">Lasse Melduer<\/td>\n<\/tr>\n<tr>\n<td valign=\"top\" width=\"37\">13<\/td>\n<td valign=\"top\" width=\"84\">Mj\u00f8lver<\/td>\n<td valign=\"top\" width=\"173\">Heming[?] i Samestedt<\/td>\n<\/tr>\n<tr>\n<td valign=\"top\" width=\"37\">14<\/td>\n<td valign=\"top\" width=\"84\">F\u00e5berg<\/td>\n<td valign=\"top\" width=\"173\">Pouell Faaberrig<\/td>\n<\/tr>\n<\/tbody>\n<\/table>\n<p><em><br \/>\n[Summering til h\u00f8gre for alle skattytarar:]\u00a0<\/em>1 d<em>aller<\/em> 12 lod s\u00f8lff<\/p>\n<p><strong>Kjelde<\/strong><\/p>\n<p>Riksarkivet, Rentekammeret, Bergenhus len, Pengeskatt for Sogn 1603 \u2013 oppslag 163 (<a href=\"https:\/\/www.digitalarkivet.no\/rk20080827650165\">skanna original, Digitalarkivet<\/a>)<\/p>\n<p>Nummer og dagens gardsnamn er sette til i avskrifta.<\/p>\n<p><strong>Merknader<\/strong><\/p>\n<p>Jostedalen st\u00e5r i den delen av manntalet som har overskrifta &laquo;\u00d8degaartz Mendtz Skatt Aff Sogen Lhen, Huer Aff dennum Haffuer Giffuen En halluff Daller&raquo;. Fyrste del er skatten fr\u00e5 dei jordeigande b\u00f8ndene og andre del er skatten fr\u00e5 dei vanlege leiglendingane. Jostedalen st\u00e5r alts\u00e5 i del tre, under dei leiglendingane som var i skatteklassen &laquo;<a href=\"http:\/\/lokalhistoriewiki.no\/index.php\/Leksikon:%C3%98deg%C3%A5rder\">\u00f8ydegardsmenn<\/a>&laquo;. Etter dette kjem skatten for husmenn, drenger og sager, og her er det heller ingen josted\u00f8ler.<\/p>\n<p>Skatten vart innkrav ved\u00a0<em>Martini<\/em>, alts\u00e5\u00a0<a href=\"http:\/\/lokalhistoriewiki.no\/index.php\/Leksikon:Mortensmesse\">mortensmesse\u00a0<\/a>(11. november) som var ein vanleg betalingstermin. Rekneskapen er datert Bergenhus 13.8.1604.<\/p>\n<p>Josted\u00f8lene skil seg ut med kva dei betalte i skatt. Berre to av dei 14 josted\u00f8lene betalte ein halv dalar slik dei skulle. Dei 12 andre betalte i staden eit<a href=\"http:\/\/lokalhistoriewiki.no\/index.php\/Leksikon:Lodd\"> lodd sylv<\/a> kvar. Av summeringane bak g\u00e5r det fram at desse 12 josted\u00f8lene var dei einaste i heile Sogn som betalte skatten i form av sylv. Det kan nok tyde p\u00e5 pengemangel i Jostedalen.<\/p>\n<p>Alle gardane i lista skulle vere greie \u00e5 identifisere.\u00a0Denne lista har 14 gardbrukarar, som berre er halvparten av talet ein fann i<a href=\"http:\/\/www.historielaget.jostedal.no\/?page_id=2076\"> jordeboka fr\u00e5 1600<\/a>. \u00a0Somme har nok ikkje greidd \u00e5 betale skatten og er ikkje med i lista av den grunn &#8211; dette er ei liste over faktisk innbetalt skatt i motsetnad til 1600-lista som er ei jordebok med oversyn over kva dei skulle betale. Men det store spriket tyder \u00f2g p\u00e5 at mange gardar beint fram vart fr\u00e5flytte mellom 1600 og 1603, slik b\u00e5de Jon Laberg, Alfred Espe, Arne Kvitrud og Lars \u00d8yane har vore inne p\u00e5.<\/p>\n<p>Den neste bevarte skattelista fr\u00e5 Jostedalen er fr\u00e5 1611.<\/p>\n","protected":false},"excerpt":{"rendered":"<p>Dette er lista over josted\u00f8lene som betalte den utskrivne pengeskatten i 1603. Det er den tredje eldste bevarte skattelista for Jostedalen. Avskrift J\u00f8stedallenn Nr Gard i dag Brukar\/gard 1 Myklemyr Ellindt[?] Miclemyr 2 Ormberg Olluff Ormeberigh 3 Fossen Joenn Faas 4 \u00c5sen Knud Aas 5 Kreken Rasmus i Krigenn 6 Kreken Erick i Samestedt 7 [&hellip;]<\/p>\n","protected":false},"author":2,"featured_media":0,"parent":459,"menu_order":5,"comment_status":"open","ping_status":"open","template":"","meta":{"ngg_post_thumbnail":0,"footnotes":""},"class_list":["post-2095","page","type-page","status-publish","hentry"],"_links":{"self":[{"href":"https:\/\/www.historielaget.jostedal.no\/index.php?rest_route=\/wp\/v2\/pages\/2095","targetHints":{"allow":["GET"]}}],"collection":[{"href":"https:\/\/www.historielaget.jostedal.no\/index.php?rest_route=\/wp\/v2\/pages"}],"about":[{"href":"https:\/\/www.historielaget.jostedal.no\/index.php?rest_route=\/wp\/v2\/types\/page"}],"author":[{"embeddable":true,"href":"https:\/\/www.historielaget.jostedal.no\/index.php?rest_route=\/wp\/v2\/users\/2"}],"replies":[{"embeddable":true,"href":"https:\/\/www.historielaget.jostedal.no\/index.php?rest_route=%2Fwp%2Fv2%2Fcomments&post=2095"}],"version-history":[{"count":8,"href":"https:\/\/www.historielaget.jostedal.no\/index.php?rest_route=\/wp\/v2\/pages\/2095\/revisions"}],"predecessor-version":[{"id":3887,"href":"https:\/\/www.historielaget.jostedal.no\/index.php?rest_route=\/wp\/v2\/pages\/2095\/revisions\/3887"}],"up":[{"embeddable":true,"href":"https:\/\/www.historielaget.jostedal.no\/index.php?rest_route=\/wp\/v2\/pages\/459"}],"wp:attachment":[{"href":"https:\/\/www.historielaget.jostedal.no\/index.php?rest_route=%2Fwp%2Fv2%2Fmedia&parent=2095"}],"curies":[{"name":"wp","href":"https:\/\/api.w.org\/{rel}","templated":true}]}}