{"id":21,"date":"2007-05-12T22:01:00","date_gmt":"2007-05-12T20:01:00","guid":{"rendered":"http:\/\/www.historielaget.jostedal.no\/?page_id=21"},"modified":"2025-04-13T08:58:12","modified_gmt":"2025-04-13T06:58:12","slug":"om-foss-i-bergenske-kirkeforhold-1877","status":"publish","type":"page","link":"https:\/\/www.historielaget.jostedal.no\/?page_id=21","title":{"rendered":"D. Thrap om Foss (1877)"},"content":{"rendered":"<p><strong>Avskrift<\/strong><\/p>\n<p>Det er ovenfor bem\u00e6rket, at Sogn i denne Periode har v\u00e6ret Stiftets m\u00f8rke Punkt. Bisperne klager stadig over, at Skolev\u00e6senets Fremme her st\u00f8dte paa flere Hindringer end andensteds. Pontoppidan bet\u00e6nkte sig ikke paa at till\u00e6gge Provst Anders Daae Skylden, men der turde vel ogsaa have v\u00e6ret andre Grunde, og hvor s\u00f8rgeligt end et Forhold som Heibergs i Sogndal var, t\u00f8r det dog ogsaa b\u00e6re Vidnesbyrd om, at Folket herinde ikke var let at komme tilrette med. Heldige med Prester var de heller ikke altid. Sven Scheen i Aurland blev removeret for Drukkenskab i Pontoppidans Tid (eller maaske kort f\u00f8r), og Fredrik Cimber i Lyster i Tidemands Dage, efterat en M\u00e6ngde Klager over ham var indkomne. I Anledning af hans Forhold maatte Biskopen anordne en extraordinarie Provstevisitats, til hvilken ogsaa indkaldtes den stakkels Matthias Fos i Justedalen, der d\u00f8de 1792, efter i mer end 50 Aar at have levet deroppe i den ensomme Fjeldbygd, hvor nok aldrig nogen Biskop har v\u00e6ret f\u00f8r Neumann. Hans Menighed bestod af 28 B\u00f8nder og nogle Husm\u00e6nd, og hans Indt\u00e6gt var 70 Rdlr. Pontoppidan udvirkede i 1751, at 50 Rdlr. tillagdes ham af Sognepresten til Vos. Foruden i N\u00e6ringssorg levede han ogsaa i det ulykkeligste Familieliv, der gav Anledning til hans og Hustrus Indkaldelse for Provsten. Det lykkedes efter mange Aars Usamdr\u00e6gtighed at faa et Forlig istand mellem F. og hans Hustru Marie Kristine Dreyer i 1759, men allerede 2 Aar efter maatte et Provste-Forh\u00f8r optages i Anledning af deres Forhold, og det f\u00f8lgende Aar flygtede Hustruen fra sin Mand. Uret har der vel v\u00e6ret paa begge Sider, om end Biskop Arentz fandt, at hun var den mest skyldige, der \u201dhavde opf\u00f8rt sig heller som en Dj\u00e6velinde end Mandinde med Hug, Slag, Sten-Kastelse og andet us\u00f8mmeligt.\u201d Det kom i 1763 til en frivillig Separation mellem \u00c6gtef\u00e6llerne, og Fos maatte udbetale hende 30 Rdlr. til Underholdning. Hermed gik det, indtil vi i 1775 finder den ulykkelige Kvinde indsat i Tugthuset \u2013 dengang en Tvangsarbeidsanstalt \u2013 for Betleri. Her sad hun over 1 Aar, f\u00f8r det lykkedes Biskop Hagerup at faa hende ud. Den stakkels Fos maatte b\u00f8de haardt for sin Familie-Ulykke, der efter Biskop Arenz\u2019s Erkl\u00e6ring var Grunden til, at han ikke blev forflyttet. Han har i Thaarups Magasin leveret en Beskrivelse af den Bygd, han saa grundig l\u00e6rte at kjende.<\/p>\n<p><strong>Kjelde<\/strong><\/p>\n<p>Thrap, Daniel. (1877). Bergenske Kirkeforhold efter Pontoppidan (del VI). <em>Luthersk Ugeskrift <\/em>(2de Halvaar), nr. 10, 8.9.1877, utdrag fr\u00e5 side 153-154 [<a href=\"https:\/\/urn.nb.no\/URN:NBN:no-nb_digitidsskrift_2022060885010_001\">Digital utg\u00e5ve, Nasjonalbiblioteket<\/a>]<\/p>\n<p><strong>Merknad<\/strong><\/p>\n<p>Presten og kyrkjehistorikaren <a href=\"https:\/\/snl.no\/Daniel_Smith_Thrap\">Daniel Smith Thrap<\/a> (1832-1913) fekk tilgang til bispearkivet i Bergen i 1860-\u00e5ra og skreiv ei rad kyrkjehistoriske arbeid. \u201dBergenske Kirkeforhold efter Pontoppidan\u201d var ei artikkelrekkje i seks delar i Luthersk Ugeskrift, 1877, s. 29-44, 53-62, 94-100, 112-116 og 144-159. Dei seinare omtalene av Matthias Foss har i stor grad bygt p\u00e5 Thraps opplysningar fr\u00e5 bispearkivet.<\/p>\n","protected":false},"excerpt":{"rendered":"<p>Avskrift Det er ovenfor bem\u00e6rket, at Sogn i denne Periode har v\u00e6ret Stiftets m\u00f8rke Punkt. Bisperne klager stadig over, at Skolev\u00e6senets Fremme her st\u00f8dte paa flere Hindringer end andensteds. Pontoppidan bet\u00e6nkte sig ikke paa at till\u00e6gge Provst Anders Daae Skylden, men der turde vel ogsaa have v\u00e6ret andre Grunde, og hvor s\u00f8rgeligt end et Forhold [&hellip;]<\/p>\n","protected":false},"author":2,"featured_media":0,"parent":2606,"menu_order":3,"comment_status":"open","ping_status":"closed","template":"","meta":{"ngg_post_thumbnail":0,"footnotes":""},"class_list":["post-21","page","type-page","status-publish","hentry"],"_links":{"self":[{"href":"https:\/\/www.historielaget.jostedal.no\/index.php?rest_route=\/wp\/v2\/pages\/21","targetHints":{"allow":["GET"]}}],"collection":[{"href":"https:\/\/www.historielaget.jostedal.no\/index.php?rest_route=\/wp\/v2\/pages"}],"about":[{"href":"https:\/\/www.historielaget.jostedal.no\/index.php?rest_route=\/wp\/v2\/types\/page"}],"author":[{"embeddable":true,"href":"https:\/\/www.historielaget.jostedal.no\/index.php?rest_route=\/wp\/v2\/users\/2"}],"replies":[{"embeddable":true,"href":"https:\/\/www.historielaget.jostedal.no\/index.php?rest_route=%2Fwp%2Fv2%2Fcomments&post=21"}],"version-history":[{"count":2,"href":"https:\/\/www.historielaget.jostedal.no\/index.php?rest_route=\/wp\/v2\/pages\/21\/revisions"}],"predecessor-version":[{"id":3732,"href":"https:\/\/www.historielaget.jostedal.no\/index.php?rest_route=\/wp\/v2\/pages\/21\/revisions\/3732"}],"up":[{"embeddable":true,"href":"https:\/\/www.historielaget.jostedal.no\/index.php?rest_route=\/wp\/v2\/pages\/2606"}],"wp:attachment":[{"href":"https:\/\/www.historielaget.jostedal.no\/index.php?rest_route=%2Fwp%2Fv2%2Fmedia&parent=21"}],"curies":[{"name":"wp","href":"https:\/\/api.w.org\/{rel}","templated":true}]}}