{"id":2106,"date":"2011-11-27T10:44:43","date_gmt":"2011-11-27T08:44:43","guid":{"rendered":"http:\/\/www.historielaget.jostedal.no\/?page_id=2106"},"modified":"2025-04-16T08:19:12","modified_gmt":"2025-04-16T06:19:12","slug":"jordeboka-1611","status":"publish","type":"page","link":"https:\/\/www.historielaget.jostedal.no\/?page_id=2106","title":{"rendered":"Jordeboka 1611"},"content":{"rendered":"<p>Her f\u00f8lgjer oppf\u00f8ringane om Jostedalen i jordeboka for Sogn len 1611-12. Dette er den fyrste skattelista me har etter <a href=\"http:\/\/www.historielaget.jostedal.no\/?page_id=2095\">1603<\/a>.<\/p>\n<p><strong>Avskrift<\/strong><\/p>\n<p><strong>Marrefiord Schibredt<br \/>\n<\/strong>(&#8230;)<\/p>\n<p><strong>Justerdallenn<\/strong><\/p>\n<table border=\"1\" cellspacing=\"1\" cellpadding=\"0\">\n<tbody>\n<tr>\n<td valign=\"top\"><strong>Nr<\/strong><\/td>\n<td valign=\"top\"><strong>Gard <\/strong><\/td>\n<td valign=\"top\"><strong>Brukar <\/strong><\/td>\n<td valign=\"top\"><strong>Skatt <\/strong><\/td>\n<\/tr>\n<tr>\n<td valign=\"top\">1<\/td>\n<td valign=\"top\">Myckellmyr,<\/td>\n<td valign=\"top\">Lauridtz<\/td>\n<td valign=\"top\">1 Giedshinnd,<\/td>\n<\/tr>\n<tr>\n<td valign=\"top\">2<\/td>\n<td valign=\"top\">Ormberg<\/td>\n<td valign=\"top\"><\/td>\n<td valign=\"top\">1 Giedshinnd,<\/td>\n<\/tr>\n<tr>\n<td valign=\"top\">3<\/td>\n<td valign=\"top\">Myckellmyr<\/td>\n<td valign=\"top\"><\/td>\n<td valign=\"top\">1 Giedshinnd,<\/td>\n<\/tr>\n<tr>\n<td valign=\"top\">4<\/td>\n<td valign=\"top\">Aasse,<\/td>\n<td valign=\"top\"><a href=\"http:\/\/lokalhistoriewiki.no\/index.php\/Knut_%C3%85sen\">Knud <\/a>\u2013 Ehr Lensmand Derfaare Ledingsfrij<\/td>\n<td valign=\"top\">1 Kallffshind i frellse<\/td>\n<\/tr>\n<tr>\n<td valign=\"top\">5<\/td>\n<td valign=\"top\">Foss,<\/td>\n<td valign=\"top\">Joenn<\/td>\n<td valign=\"top\">7 mark Talligh, 1 Giedshinnd,<\/td>\n<\/tr>\n<tr>\n<td valign=\"top\">6<\/td>\n<td valign=\"top\">Lii<\/td>\n<td valign=\"top\"><\/td>\n<td valign=\"top\">9 mark Talligh, 1 Giedshinnd,<\/td>\n<\/tr>\n<tr>\n<td valign=\"top\">7<\/td>\n<td valign=\"top\">Backe<\/td>\n<td valign=\"top\"><\/td>\n<td valign=\"top\">1 Giedshinnd,<\/td>\n<\/tr>\n<tr>\n<td valign=\"top\">8<\/td>\n<td valign=\"top\">Kregen<\/td>\n<td valign=\"top\"><\/td>\n<td valign=\"top\">4 mark Talligh, 1 Giedshinnd,<\/td>\n<\/tr>\n<tr>\n<td valign=\"top\">9<\/td>\n<td valign=\"top\">Sn\u00f8tten<\/td>\n<td valign=\"top\"><\/td>\n<td valign=\"top\">4 mark Talligh, 1 Giedshinnd,<\/td>\n<\/tr>\n<tr>\n<td valign=\"top\">10<\/td>\n<td valign=\"top\">Miduill<\/td>\n<td valign=\"top\"><\/td>\n<td valign=\"top\">1 Giedshinnd,<\/td>\n<\/tr>\n<tr>\n<td valign=\"top\">11<\/td>\n<td valign=\"top\">Kippe<\/td>\n<td valign=\"top\"><\/td>\n<td valign=\"top\">9 mark Talligh, 1 Giedshinnd,<\/td>\n<\/tr>\n<tr>\n<td valign=\"top\">12<\/td>\n<td valign=\"top\">Grouff<\/td>\n<td valign=\"top\"><\/td>\n<td valign=\"top\">1 Giedshinnd,<\/td>\n<\/tr>\n<tr>\n<td valign=\"top\">13<\/td>\n<td valign=\"top\">Halleland<\/td>\n<td valign=\"top\"><\/td>\n<td valign=\"top\">7 mark Tallig<\/td>\n<\/tr>\n<tr>\n<td valign=\"top\">14<\/td>\n<td valign=\"top\">Foberg<\/td>\n<td valign=\"top\"><\/td>\n<td valign=\"top\">1 Giedshinnd,<\/td>\n<\/tr>\n<tr>\n<td valign=\"top\">15<\/td>\n<td valign=\"top\">ibid<\/td>\n<td valign=\"top\">Hemingh<\/td>\n<td valign=\"top\">1 Giedshinnd,<\/td>\n<\/tr>\n<tr>\n<td valign=\"top\">16<\/td>\n<td valign=\"top\">Birck<\/td>\n<td valign=\"top\"><\/td>\n<td valign=\"top\">4 mark Talligh, 1 Giedshinnd,<\/td>\n<\/tr>\n<tr>\n<td valign=\"top\">17<\/td>\n<td valign=\"top\">Esspe<\/td>\n<td valign=\"top\"><\/td>\n<td valign=\"top\">1 Giedshinnd,<\/td>\n<\/tr>\n<tr>\n<td valign=\"top\">18<\/td>\n<td valign=\"top\">Houg<\/td>\n<td valign=\"top\"><\/td>\n<td valign=\"top\">6 mark Talligh, 1 Giedshinnd,<\/td>\n<\/tr>\n<tr>\n<td valign=\"top\">19<\/td>\n<td valign=\"top\">Millde<\/td>\n<td valign=\"top\"><\/td>\n<td valign=\"top\">8 mark Talligh, 1 Giedshinnd,<\/td>\n<\/tr>\n<tr>\n<td valign=\"top\">20<\/td>\n<td valign=\"top\">ibid<\/td>\n<td valign=\"top\">Oluff<\/td>\n<td valign=\"top\">1 Giedshinnd,<\/td>\n<\/tr>\n<tr>\n<td valign=\"top\">21<\/td>\n<td valign=\"top\">Krumme<\/td>\n<td valign=\"top\"><\/td>\n<td valign=\"top\">\u00bd pund Talligh, 1 Giedshinnd,<\/td>\n<\/tr>\n<\/tbody>\n<\/table>\n<p>&nbsp;<\/p>\n<p><strong>Kjelde<\/strong><\/p>\n<p>Riksarkivet,\u00a0Rentekammeret inntil 1814, Reviderte regnskaper, Lensregnskaper, RA\/EA-5023\/R\/Rb\/Rbt\/L0009: Bergenhus len, 1609-1612, pag. 110-111.\u00a0(<a href=\"https:\/\/www.digitalarkivet.no\/rk20080827670113\">skanna original, Digitalarkivet<\/a>)<\/p>\n<p>Nummer og kolonneoverskrifter er sette til i avskrifta.<\/p>\n<p><strong>Merknader<\/strong><\/p>\n<p>Jostedalen st\u00e5r i den tredje delen av jordeboka, som er &laquo;Leiglendingers Leding Och Fretolld. Aff Sognlheen Som Jcke Giffuer Kong: May<sup>tt<\/sup>: Lanndskylldt&raquo;. Dei to fyrste delane er &laquo;Cronnens&raquo; og &laquo;Stigtens&raquo; landskyld. Jostedalen er ein underpost under Marifj\u00f8ra skipreide (til liks med Veitastrond), og det er gjort ei samla summering for heile skipreidet inkludert Jostedalen.<\/p>\n<p>P\u00e5 siste oppslaget vert det opplyst at \u00a0dette er &laquo;Sogn Lheens Jordbog frae <a href=\"http:\/\/lokalhistoriewiki.no\/index.php\/Leksikon:Philippi_(et)_Jacobi_ap.\">Phillipi Jacobi<\/a> dag Anno 1611 Och till Aarsdagen Igien Anno 1612&#8243;, alts\u00e5 fr\u00e5\/til 1. mai som var det vanlege rekneskaps\u00e5ret. Jordeboka er datert Bergenhus 30.4.1612 og er signert &laquo;<a href=\"https:\/\/lokalhistoriewiki.no\/wiki\/Hans_Rasmussen\">Hans Rasmuss\u00f8n<\/a> Kong: Maytts Fougitt offuer Sogenlheen&raquo;.<\/p>\n<p>Sidan det er ei jordebok, f\u00e5r me her opplyst kva gardane skulle betale i skatt (leidang og fredtoll), ikkje kva dei faktisk betalte. Dei skulle i alt betale 19 geitskinn, 1 kalvskinn (Knut \u00c5sen) og 51 merke og eit halvt pund talg, som totalt vil seie ca 13,5 kg. Samla blir dette totalt 3,3 laupar sm\u00f8r, som er den vanlege omrekningseininga for samanlikning.<\/p>\n<p>Lista fortel om 21 skattepliktige leiglendingsbruk i Jostedalen. Slike lister vart laga for skatteopplysningane si skuld, s\u00e5 det er dei som er mest p\u00e5litelege. Gardsnamna er radbrekte, og den som sette opp jordeboka, har ikkje teke seg bryet med \u00e5 f\u00f8re opp namna p\u00e5 meir enn fem brukarar &#8211; oftast for \u00e5 skilje ulike brukarar p\u00e5 same gard.<\/p>\n<p>Dei fleste gardsnamna skulle likevel vere greie \u00e5 tolke, og dei kan kryssjekkast med gardsnamn og skatteopplysningar i jordeboka fr\u00e5 1612. &laquo;Lii&raquo; (6) er Nedreli\/Garen, &laquo;Sn\u00f8tten&raquo; (9) er Sn\u00f8tun, &laquo;Miduill&raquo; (10) og &laquo;Millde&raquo; (19, 20) er Mj\u00f8lver, &laquo;Halleland&raquo; (13) er Helleg\u00e5rd og &laquo;Krumme&raquo; (21) m\u00e5 vere Kruna.<\/p>\n<p>I <a href=\"http:\/\/www.historielaget.jostedal.no\/?page_id=2076\">jordeboka fr\u00e5 1600<\/a> var det 28 brukarar medan <a href=\"http:\/\/www.historielaget.jostedal.no\/?page_id=2095\">pengeskattelista fr\u00e5 1603 <\/a>berre hadde 14. At talet no er auka til 21, men ikkje meir, tyder p\u00e5 at busetnaden i Jostedalen fekk seg ein knekk like etter 1600. Talet p\u00e5 skattytarar vart fr\u00e5 1611 liggjande p\u00e5 21-24 fram til ein del husmenn, drenger og nyryddarar (\u00f8degardsmenn) byrjar \u00e5 dukke opp i skattelistene utover i 1620-\u00e5ra.<\/p>\n","protected":false},"excerpt":{"rendered":"<p>Her f\u00f8lgjer oppf\u00f8ringane om Jostedalen i jordeboka for Sogn len 1611-12. Dette er den fyrste skattelista me har etter 1603. Avskrift Marrefiord Schibredt (&#8230;) Justerdallenn Nr Gard Brukar Skatt 1 Myckellmyr, Lauridtz 1 Giedshinnd, 2 Ormberg 1 Giedshinnd, 3 Myckellmyr 1 Giedshinnd, 4 Aasse, Knud \u2013 Ehr Lensmand Derfaare Ledingsfrij 1 Kallffshind i frellse 5 [&hellip;]<\/p>\n","protected":false},"author":2,"featured_media":0,"parent":459,"menu_order":6,"comment_status":"open","ping_status":"open","template":"","meta":{"ngg_post_thumbnail":0,"footnotes":""},"class_list":["post-2106","page","type-page","status-publish","hentry"],"_links":{"self":[{"href":"https:\/\/www.historielaget.jostedal.no\/index.php?rest_route=\/wp\/v2\/pages\/2106","targetHints":{"allow":["GET"]}}],"collection":[{"href":"https:\/\/www.historielaget.jostedal.no\/index.php?rest_route=\/wp\/v2\/pages"}],"about":[{"href":"https:\/\/www.historielaget.jostedal.no\/index.php?rest_route=\/wp\/v2\/types\/page"}],"author":[{"embeddable":true,"href":"https:\/\/www.historielaget.jostedal.no\/index.php?rest_route=\/wp\/v2\/users\/2"}],"replies":[{"embeddable":true,"href":"https:\/\/www.historielaget.jostedal.no\/index.php?rest_route=%2Fwp%2Fv2%2Fcomments&post=2106"}],"version-history":[{"count":5,"href":"https:\/\/www.historielaget.jostedal.no\/index.php?rest_route=\/wp\/v2\/pages\/2106\/revisions"}],"predecessor-version":[{"id":3888,"href":"https:\/\/www.historielaget.jostedal.no\/index.php?rest_route=\/wp\/v2\/pages\/2106\/revisions\/3888"}],"up":[{"embeddable":true,"href":"https:\/\/www.historielaget.jostedal.no\/index.php?rest_route=\/wp\/v2\/pages\/459"}],"wp:attachment":[{"href":"https:\/\/www.historielaget.jostedal.no\/index.php?rest_route=%2Fwp%2Fv2%2Fmedia&parent=2106"}],"curies":[{"name":"wp","href":"https:\/\/api.w.org\/{rel}","templated":true}]}}