{"id":212,"date":"2008-08-09T13:01:37","date_gmt":"2008-08-09T11:01:37","guid":{"rendered":"http:\/\/www.historielaget.jostedal.no\/?page_id=212"},"modified":"2025-04-12T21:59:13","modified_gmt":"2025-04-12T19:59:13","slug":"slekta-til-matthias-foss","status":"publish","type":"page","link":"https:\/\/www.historielaget.jostedal.no\/?page_id=212","title":{"rendered":"Foreldre og forfedrar"},"content":{"rendered":"<p><strong>Foreldra<\/strong> var J\u00f8rgen Mathisen Foss (1680-1737) og Katrina Malena Nilsdatter Daldorph, som gifte seg i\u00a0K\u00f8benhavn 1713. Dei fekk to born &#8211; Matthias (1714) og Anne Margrethe (1717-1784), som gifte seg med Hans Christian Bj\u00f8rn (1697-1763) i 1737. Same \u00e5ret vart Bj\u00f8rn prest i Kvikne, Hedmark, og der var han til han d\u00f8ydde. B\u00e5e borna til J\u00f8rgen og Katrina enda s\u00e5leis i norske utkantbygder.<\/p>\n<p>Faren J\u00f8rgen var kaptein i <a href=\"http:\/\/da.wikipedia.org\/wiki\/Asiatisk_Kompagni\">Asiatiske kompagni <\/a>og skulle til den dansk-norske kolonien <a href=\"http:\/\/da.wikipedia.org\/wiki\/Trankebar\">Trankebar <\/a>for tredje gong med ei skipslast myntar d\u00e5 skipet &laquo;Wendela&raquo; forliste ved Shetland i desember 1737.<\/p>\n<p>Det er ikkje kjent n\u00e5r Katrina Malena d\u00f8ydde.<\/p>\n<p><strong>Foreldra til J\u00f8rgen<\/strong> er det ikkje sikre opplysningar om, og her st\u00e5r me temmeleg fast.<\/p>\n<p>Kyrkjehistorikaren Frederik Schi\u00f8rn meiner i sitt uprenta oversyn over <a href=\"http:\/\/ask.bibsys.no\/ask\/action\/show?pid=000509787&amp;kid=biblio\">Den norske kirkes embeder og prester 1700-1900<\/a> at farfar til Matthias (far til J\u00f8rgen) var Mathias Nilss\u00f8n Foss (1627-1683), biskop i \u00c5lborg. Han hadde to born fr\u00e5 fyrste ekteskap. Om J\u00f8rgen var\u00a0f\u00f8dd i 1680, m\u00e5 han ha vore f\u00f8dd i det andre ekteskapet (1675), med Margrethe Akselsd. Aand (1626-1684). Men d\u00e5 m\u00e5 ho ha vore 54 d\u00e5 ho fekk han, s\u00e5 her er det noko som ikkje stemmer. Fleire diskusjonstr\u00e5dar p\u00e5 slektsgranskingsnettstader har teke f\u00f8re seg sp\u00f8rsm\u00e5let om kven foreldra til J\u00f8rgen Foss kan ha vore utan at det s\u00e5 langt er klarlagd.<\/p>\n<p>I <a href=\"http:\/\/www.historielaget.jostedal.no\/?page_id=23\">omtala av Foss<\/a> i forfattarleksikonet fr\u00e5 1926 har H. Ehrencron-M\u00fcller ei tilvising til &laquo;Lengnick: Chr. Foss. p. 1&raquo; (f\u00f8rekjem \u00f2g i omtala i Norsk biografisk leksikon). Det m\u00e5 referera til den kjende danske slektshistorikaren J. C. L. Lengnick som st\u00e5r bak ei rad prenta og uprenta arbeid. Sp\u00f8rsm\u00e5l til Det kgl. Bibliotek og Rigsarkivet i K\u00f8benhavn i august 2008 har likevel ikkje f\u00f8rt fram &#8211; dei er ikkje i stand til \u00e5 identifisera kva dokument denne referansen viser til.<\/p>\n<p><strong>Kjelder<\/strong><\/p>\n<p>Personopplysningane er henta fr\u00e5 <a href=\"http:\/\/www.jeaas.com\/\">slektssidene til Jan Erik Aas<\/a>. Den greina som gjeld Foss, finn ein <a href=\"http:\/\/www.jeaas.com\/aner-a-p.htm\">p\u00e5 denne sida<\/a>, fylg peikar\u00a0M-28 Avle Kristiansson Bj\u00f8rn.<\/p>\n<p>Sj\u00e5 dessutan ein interessant <a href=\"http:\/\/www.jeaas.com\/soro.htm\">artikkel fr\u00e5 1930 om Hans Chr. Bj\u00f8rn <\/a>(svogeren til Matthias Foss) der det er ein del opplysningar om familien til Foss.<\/p>\n","protected":false},"excerpt":{"rendered":"<p>Foreldra var J\u00f8rgen Mathisen Foss (1680-1737) og Katrina Malena Nilsdatter Daldorph, som gifte seg i\u00a0K\u00f8benhavn 1713. Dei fekk to born &#8211; Matthias (1714) og Anne Margrethe (1717-1784), som gifte seg med Hans Christian Bj\u00f8rn (1697-1763) i 1737. Same \u00e5ret vart Bj\u00f8rn prest i Kvikne, Hedmark, og der var han til han d\u00f8ydde. B\u00e5e borna til [&hellip;]<\/p>\n","protected":false},"author":2,"featured_media":0,"parent":2636,"menu_order":1,"comment_status":"open","ping_status":"closed","template":"","meta":{"ngg_post_thumbnail":0,"footnotes":""},"class_list":["post-212","page","type-page","status-publish","hentry"],"_links":{"self":[{"href":"https:\/\/www.historielaget.jostedal.no\/index.php?rest_route=\/wp\/v2\/pages\/212","targetHints":{"allow":["GET"]}}],"collection":[{"href":"https:\/\/www.historielaget.jostedal.no\/index.php?rest_route=\/wp\/v2\/pages"}],"about":[{"href":"https:\/\/www.historielaget.jostedal.no\/index.php?rest_route=\/wp\/v2\/types\/page"}],"author":[{"embeddable":true,"href":"https:\/\/www.historielaget.jostedal.no\/index.php?rest_route=\/wp\/v2\/users\/2"}],"replies":[{"embeddable":true,"href":"https:\/\/www.historielaget.jostedal.no\/index.php?rest_route=%2Fwp%2Fv2%2Fcomments&post=212"}],"version-history":[{"count":14,"href":"https:\/\/www.historielaget.jostedal.no\/index.php?rest_route=\/wp\/v2\/pages\/212\/revisions"}],"predecessor-version":[{"id":3712,"href":"https:\/\/www.historielaget.jostedal.no\/index.php?rest_route=\/wp\/v2\/pages\/212\/revisions\/3712"}],"up":[{"embeddable":true,"href":"https:\/\/www.historielaget.jostedal.no\/index.php?rest_route=\/wp\/v2\/pages\/2636"}],"wp:attachment":[{"href":"https:\/\/www.historielaget.jostedal.no\/index.php?rest_route=%2Fwp%2Fv2%2Fmedia&parent=212"}],"curies":[{"name":"wp","href":"https:\/\/api.w.org\/{rel}","templated":true}]}}