{"id":2255,"date":"2012-03-23T19:49:06","date_gmt":"2012-03-23T17:49:06","guid":{"rendered":"http:\/\/www.historielaget.jostedal.no\/?page_id=2255"},"modified":"2012-03-23T20:10:20","modified_gmt":"2012-03-23T18:10:20","slug":"dei-minste-gardane-i-sogn","status":"publish","type":"page","link":"https:\/\/www.historielaget.jostedal.no\/?page_id=2255","title":{"rendered":"Dei minste gardane i Sogn (ca 1650)"},"content":{"rendered":"<p><a href=\"http:\/\/www.historielaget.jostedal.no\/wordpress\/wp-content\/upLoads\/Fig-Gardar-og-skyld-i-Indre-Sogn-kring-1650.jpg\"><img loading=\"lazy\" decoding=\"async\" class=\"alignleft size-thumbnail wp-image-2264\" title=\"Fig Gardar og skyld i Indre Sogn kring 1650\" src=\"http:\/\/www.historielaget.jostedal.no\/wordpress\/wp-content\/upLoads\/Fig-Gardar-og-skyld-i-Indre-Sogn-kring-1650-150x97.jpg\" alt=\"\" width=\"150\" height=\"97\" srcset=\"https:\/\/www.historielaget.jostedal.no\/wordpress\/wp-content\/upLoads\/Fig-Gardar-og-skyld-i-Indre-Sogn-kring-1650-150x97.jpg 150w, https:\/\/www.historielaget.jostedal.no\/wordpress\/wp-content\/upLoads\/Fig-Gardar-og-skyld-i-Indre-Sogn-kring-1650-300x195.jpg 300w, https:\/\/www.historielaget.jostedal.no\/wordpress\/wp-content\/upLoads\/Fig-Gardar-og-skyld-i-Indre-Sogn-kring-1650-1024x665.jpg 1024w, https:\/\/www.historielaget.jostedal.no\/wordpress\/wp-content\/upLoads\/Fig-Gardar-og-skyld-i-Indre-Sogn-kring-1650.jpg 2039w\" sizes=\"auto, (max-width: 150px) 100vw, 150px\" \/><\/a>\u00a0<a href=\"http:\/\/www.historielaget.jostedal.no\/wordpress\/wp-content\/upLoads\/Fig-Medelskyld-p\u00e5-gardar-i-Indre-Sogn-kring-1650.jpg\"><img loading=\"lazy\" decoding=\"async\" class=\"alignleft size-thumbnail wp-image-2265\" title=\"Fig Medelskyld p\u00e5 gardar i Indre Sogn kring 1650\" src=\"http:\/\/www.historielaget.jostedal.no\/wordpress\/wp-content\/upLoads\/Fig-Medelskyld-p\u00e5-gardar-i-Indre-Sogn-kring-1650-150x95.jpg\" alt=\"\" width=\"150\" height=\"95\" srcset=\"https:\/\/www.historielaget.jostedal.no\/wordpress\/wp-content\/upLoads\/Fig-Medelskyld-p\u00e5-gardar-i-Indre-Sogn-kring-1650-150x95.jpg 150w, https:\/\/www.historielaget.jostedal.no\/wordpress\/wp-content\/upLoads\/Fig-Medelskyld-p\u00e5-gardar-i-Indre-Sogn-kring-1650-300x191.jpg 300w, https:\/\/www.historielaget.jostedal.no\/wordpress\/wp-content\/upLoads\/Fig-Medelskyld-p\u00e5-gardar-i-Indre-Sogn-kring-1650-1024x653.jpg 1024w, https:\/\/www.historielaget.jostedal.no\/wordpress\/wp-content\/upLoads\/Fig-Medelskyld-p\u00e5-gardar-i-Indre-Sogn-kring-1650.jpg 2034w\" sizes=\"auto, (max-width: 150px) 100vw, 150px\" \/><\/a>\u00a0<a href=\"http:\/\/www.historielaget.jostedal.no\/wordpress\/wp-content\/upLoads\/Fig-Gardbruk-i-Indre-Sogn-1650-gruppert-etter-storleik.jpg\"><img loading=\"lazy\" decoding=\"async\" class=\"alignleft size-thumbnail wp-image-2266\" title=\"Fig Gardbruk i Indre Sogn 1650 gruppert etter storleik\" src=\"http:\/\/www.historielaget.jostedal.no\/wordpress\/wp-content\/upLoads\/Fig-Gardbruk-i-Indre-Sogn-1650-gruppert-etter-storleik-150x96.jpg\" alt=\"\" width=\"150\" height=\"96\" srcset=\"https:\/\/www.historielaget.jostedal.no\/wordpress\/wp-content\/upLoads\/Fig-Gardbruk-i-Indre-Sogn-1650-gruppert-etter-storleik-150x96.jpg 150w, https:\/\/www.historielaget.jostedal.no\/wordpress\/wp-content\/upLoads\/Fig-Gardbruk-i-Indre-Sogn-1650-gruppert-etter-storleik-300x192.jpg 300w, https:\/\/www.historielaget.jostedal.no\/wordpress\/wp-content\/upLoads\/Fig-Gardbruk-i-Indre-Sogn-1650-gruppert-etter-storleik-1024x656.jpg 1024w, https:\/\/www.historielaget.jostedal.no\/wordpress\/wp-content\/upLoads\/Fig-Gardbruk-i-Indre-Sogn-1650-gruppert-etter-storleik.jpg 2044w\" sizes=\"auto, (max-width: 150px) 100vw, 150px\" \/><\/a><\/p>\n<p>&nbsp;<\/p>\n<p>&nbsp;<\/p>\n<p>&nbsp;<\/p>\n<p>&nbsp;<\/p>\n<p>&nbsp;<\/p>\n<p>Jostedalen har ikkje berre vore prestegjeldet\/kommunen i Sogn med f\u00e6rrast folk og gardar, men \u00f2g prestegjeldet med dei <em>minste<\/em> gardane. Figurane ovanfor er laga p\u00e5 grunnlag av ein tabell oppsett av Andreas Holmsen i 1937 og viser storleiken p\u00e5 gardane kring 1650 m\u00e5lt etter skyldtala i matrikkelen (omrekna til laupar sm\u00f8r). Her ser me tre ting:<\/p>\n<ol>\n<li>Borgund hadde ein (matrikkel)gard mindre, men st\u00f8rre gardar, s\u00e5 samla var verdien av gardane i Jostedalen l\u00e5gare enn i noka anna bygd.<\/li>\n<li>Jostedalen hadde saman med Oppheim sokn (no under Voss) dei minste gardane med eit skyldtal p\u00e5 0,96 laupar sm\u00f8r i snitt per gard. Snittet for Sogndal, Luster og L\u00e6rdal var over dobbbelt s\u00e5 h\u00f8gt, og snittet for heile Indre Sogn var mest dobbelt s\u00e5 h\u00f8gt (1,8).<\/li>\n<li>Ingen gardar i Jostedalen hadde ei skyld over 2 laupar sm\u00f8r. I Sogndal, L\u00e6rdal, Luster og Hafslo hadde derimot kring <em>halvparten<\/em> av gardane ei skyld p\u00e5 <em>meir<\/em> enn 2 laupar.<\/li>\n<\/ol>\n<p>Den st\u00f8rste garden i Jostedalen etter <a href=\"http:\/\/www.historielaget.jostedal.no\/?page_id=118\">1647-matrikkelen<\/a> var Kjeppe (Kreken) med ei skyld p\u00e5 1,75 laupar. Det vil seie at meir enn halvparten av gardane i Luster var st\u00f8rre enn den st\u00f8rste garden i Jostedalen, og den st\u00f8rste garden i Jostedalen var mindre enn snittet for heile Indre Sogn.<\/p>\n<p>&nbsp;<\/p>\n","protected":false},"excerpt":{"rendered":"<p>\u00a0\u00a0 &nbsp; &nbsp; &nbsp; &nbsp; &nbsp; Jostedalen har ikkje berre vore prestegjeldet\/kommunen i Sogn med f\u00e6rrast folk og gardar, men \u00f2g prestegjeldet med dei minste gardane. Figurane ovanfor er laga p\u00e5 grunnlag av ein tabell oppsett av Andreas Holmsen i 1937 og viser storleiken p\u00e5 gardane kring 1650 m\u00e5lt etter skyldtala i matrikkelen (omrekna til [&hellip;]<\/p>\n","protected":false},"author":2,"featured_media":0,"parent":106,"menu_order":4,"comment_status":"open","ping_status":"open","template":"","meta":{"ngg_post_thumbnail":0,"footnotes":""},"class_list":["post-2255","page","type-page","status-publish","hentry"],"_links":{"self":[{"href":"https:\/\/www.historielaget.jostedal.no\/index.php?rest_route=\/wp\/v2\/pages\/2255","targetHints":{"allow":["GET"]}}],"collection":[{"href":"https:\/\/www.historielaget.jostedal.no\/index.php?rest_route=\/wp\/v2\/pages"}],"about":[{"href":"https:\/\/www.historielaget.jostedal.no\/index.php?rest_route=\/wp\/v2\/types\/page"}],"author":[{"embeddable":true,"href":"https:\/\/www.historielaget.jostedal.no\/index.php?rest_route=\/wp\/v2\/users\/2"}],"replies":[{"embeddable":true,"href":"https:\/\/www.historielaget.jostedal.no\/index.php?rest_route=%2Fwp%2Fv2%2Fcomments&post=2255"}],"version-history":[{"count":12,"href":"https:\/\/www.historielaget.jostedal.no\/index.php?rest_route=\/wp\/v2\/pages\/2255\/revisions"}],"predecessor-version":[{"id":2272,"href":"https:\/\/www.historielaget.jostedal.no\/index.php?rest_route=\/wp\/v2\/pages\/2255\/revisions\/2272"}],"up":[{"embeddable":true,"href":"https:\/\/www.historielaget.jostedal.no\/index.php?rest_route=\/wp\/v2\/pages\/106"}],"wp:attachment":[{"href":"https:\/\/www.historielaget.jostedal.no\/index.php?rest_route=%2Fwp%2Fv2%2Fmedia&parent=2255"}],"curies":[{"name":"wp","href":"https:\/\/api.w.org\/{rel}","templated":true}]}}