{"id":23,"date":"2007-05-12T22:08:57","date_gmt":"2007-05-12T20:08:57","guid":{"rendered":"http:\/\/www.historielaget.jostedal.no\/?page_id=23"},"modified":"2025-04-13T09:24:37","modified_gmt":"2025-04-13T07:24:37","slug":"om-foss-i-forfatterlexikon-omfattende-danmark-norge-og-island-indtil-1814-1926","status":"publish","type":"page","link":"https:\/\/www.historielaget.jostedal.no\/?page_id=23","title":{"rendered":"Om Foss i Forfatterlexikon omfattende Danmark, Norge og Island indtil 1814 (1926)"},"content":{"rendered":"<p>Foss, Matthias J\u00f8rgensen, er f. 8\/3 1714 i Kbh., S\u00f8n af J\u00f8rgen Foss (f. 1680). Han blev 1733 student fra Sor\u00f8 Skole, tog 1736 Baccalaurgraden og 1741 teol. Examen. 15\/5 kaldtes han til Sognepr\u00e6st i Jostedal i Bergens Stift. \u2020 31\/1 1792.<\/p>\n<p>Han \u00e6gtede Marie Hedvig Christine Dreyer (f. c. 1711, \u2020 1777, begr. 8\/2), fra hvem han blev separeret 1763 og som tilbragte sine sidste Aar i Fors\u00f8rgelsesanstalten \u201dTugthuset\u201d i Bergen.<\/p>\n<p>Lengnick: Chr. Foss. p. 1. &#8212; <a href=\"http:\/\/www.historielaget.jostedal.no\/?page_id=21\">Luth. Ugeskrift. 1877. II. p. 153-54.<\/a> &#8212; <a href=\"http:\/\/www.historielaget.jostedal.no\/?page_id=200\">Theol. Tidsskr. f. d. evang.-luth. Kirke. VII. 1864. p. 379.<\/a> \u2013 <a href=\"http:\/\/www.historielaget.jostedal.no\/?page_id=22\">Lampe, Bergens St. Biskoper og Pr\u00e6ster. II. p. 3-4.<\/a> \u2013 Univmatriklen. II. p. 546. 568.<\/p>\n<p>I Thaarups Magazin for Danmarks og Norges topogr., oekonom. og statist. Beskrivelse. II. 1803. p. 1-44 offentliggjorde J. C. Berg hans i Aaret 1750 forfattede: <a href=\"http:\/\/www.historielaget.jostedal.no\/?page_id=190\">Kort Beskrivelse over Justedalen<\/a>.<\/p>\n<p><strong>Kjelde<\/strong><\/p>\n<p>Ehrencron-M\u00fcller, H. (1926). <em>Forfatterlexikon omfattende Danmark, Norge og Island indtil 1814<\/em>.\u00a0 (Bd. 3). K\u00f8benhavn: Aschehoug, side 96. [<a href=\"https:\/\/runeberg.org\/hemforf\/3\/0106.html\">Digital utg\u00e5ve, runeberg.org<\/a>]<\/p>\n","protected":false},"excerpt":{"rendered":"<p>Foss, Matthias J\u00f8rgensen, er f. 8\/3 1714 i Kbh., S\u00f8n af J\u00f8rgen Foss (f. 1680). Han blev 1733 student fra Sor\u00f8 Skole, tog 1736 Baccalaurgraden og 1741 teol. Examen. 15\/5 kaldtes han til Sognepr\u00e6st i Jostedal i Bergens Stift. \u2020 31\/1 1792. Han \u00e6gtede Marie Hedvig Christine Dreyer (f. c. 1711, \u2020 1777, begr. 8\/2), [&hellip;]<\/p>\n","protected":false},"author":2,"featured_media":0,"parent":2606,"menu_order":5,"comment_status":"open","ping_status":"closed","template":"","meta":{"ngg_post_thumbnail":0,"footnotes":""},"class_list":["post-23","page","type-page","status-publish","hentry"],"_links":{"self":[{"href":"https:\/\/www.historielaget.jostedal.no\/index.php?rest_route=\/wp\/v2\/pages\/23","targetHints":{"allow":["GET"]}}],"collection":[{"href":"https:\/\/www.historielaget.jostedal.no\/index.php?rest_route=\/wp\/v2\/pages"}],"about":[{"href":"https:\/\/www.historielaget.jostedal.no\/index.php?rest_route=\/wp\/v2\/types\/page"}],"author":[{"embeddable":true,"href":"https:\/\/www.historielaget.jostedal.no\/index.php?rest_route=\/wp\/v2\/users\/2"}],"replies":[{"embeddable":true,"href":"https:\/\/www.historielaget.jostedal.no\/index.php?rest_route=%2Fwp%2Fv2%2Fcomments&post=23"}],"version-history":[{"count":3,"href":"https:\/\/www.historielaget.jostedal.no\/index.php?rest_route=\/wp\/v2\/pages\/23\/revisions"}],"predecessor-version":[{"id":3734,"href":"https:\/\/www.historielaget.jostedal.no\/index.php?rest_route=\/wp\/v2\/pages\/23\/revisions\/3734"}],"up":[{"embeddable":true,"href":"https:\/\/www.historielaget.jostedal.no\/index.php?rest_route=\/wp\/v2\/pages\/2606"}],"wp:attachment":[{"href":"https:\/\/www.historielaget.jostedal.no\/index.php?rest_route=%2Fwp%2Fv2%2Fmedia&parent=23"}],"curies":[{"name":"wp","href":"https:\/\/api.w.org\/{rel}","templated":true}]}}