{"id":2300,"date":"2012-07-19T08:55:55","date_gmt":"2012-07-19T06:55:55","guid":{"rendered":"http:\/\/www.historielaget.jostedal.no\/?page_id=2300"},"modified":"2025-04-13T00:07:03","modified_gmt":"2025-04-12T22:07:03","slug":"visitatsrapport-1755","status":"publish","type":"page","link":"https:\/\/www.historielaget.jostedal.no\/?page_id=2300","title":{"rendered":"Visitatsrapport (1755)"},"content":{"rendered":"<p>Biskop <a href=\"https:\/\/no.wikipedia.org\/wiki\/Ole_Tidemand\">Ole Tidemand<\/a> var p\u00e5 sin fyrste visitas i Sogn sommaren 1755. Han var utnemnd til visebiskop i fr\u00e5v\u00e6ret til Erik Pontoppidan 2. mai same \u00e5ret. Her f\u00f8lgjer visitasrapporten hans fr\u00e5 Jostedalen.<\/p>\n<p><strong>Avskrift<\/strong><\/p>\n<p>9de Juli. \u2013 Justedal (Forretningen afholdtes som s\u00e6dvanlig i Lysters Hovedkirke). \u2013 Sognepr\u00e6st Mathias Foss<\/p>\n<p>Catechisation forrettede han for sine faa medbragte Tilh\u00f8rere, hvoraf saavel af privat Samtale med ham, jeg nok kunde forstaa, at han en anden Steds i en liden menighed kunde muligens skaffe mere Frugt, end i den afliggende Justedalen, hvor han (efter mit bedste Skj\u00f8n og Sandhed paa min Samvittighed) gj\u00f8r kuns liden Gavn. Thi da Manden paa den ene Side er ganske abatu over sin Skjebne, at have hensiddet der og slidt meget ondt i Fattigdom med Kone og B\u00f8rn i mange Aar; og paa den anden Side har i f\u00f8rste Embetds Aar manglet den f\u00f8rn\u00f8dne Prudence til at tractere sine faa Tilh\u00f8rere, hvis caractere gaar ikke langt fra deres n\u00e6rmeste Naboers, de forbemeldte Lystringers; saa har deraf reist sig mellem ham og dennem idelige Misforstaaelser, der have udbrudt til offentlige Tr\u00e6tter og Processer for baade verdslige og geistlige Retter; og saaledes Grunden paa begge Sider bleven saa ford\u00e6rvet og ond, at den neppe nogen Tid kan blive god. Hvilken jeg har holdt for min Samvittigheds Pligt at anm\u00e6lde, i Fald der skulle v\u00e6re Raad til, at baade han og den lille Menighed kunde hj\u00e6lpes til Rette ved forefaldne Leilighed.<\/p>\n<p><em>[&laquo;de forbemeldte lustringer&raquo; siktar til denne formuleringa i visitasrapporten fr\u00e5 Luster som st\u00e5r f\u00f8r Jostedalen:]<\/em><\/p>\n<p>Ellers er det almindelig Rygte, at Lystringernes Gemyts Charakter er haardere og stivere end alle deres Naboers.<\/p>\n<p><strong>Kjelde<\/strong><\/p>\n<p>Af Biskop Ole Tidemands Visitatsberetninger for Bergens Stift 1755-57. <em>Theologisk Tidsskrift for den evangelisk-lutherske Kirke i Norge<\/em>, 1882, s. 295-296. [<a href=\"https:\/\/urn.nb.no\/URN:NBN:no-nb_digitidsskrift_2023032880009_003\">Digital utg\u00e5ve, Nasjonalbiblioteket<\/a>]<\/p>\n<p>Liste:\u00a0<a href=\"http:\/\/lokalhistoriewiki.no\/index.php\/Visitasar_i_Jostedalen\">Visitasar i Jostedalen<\/a>\u00a0(Lokalhistoriewiki)<\/p>\n","protected":false},"excerpt":{"rendered":"<p>Biskop Ole Tidemand var p\u00e5 sin fyrste visitas i Sogn sommaren 1755. Han var utnemnd til visebiskop i fr\u00e5v\u00e6ret til Erik Pontoppidan 2. mai same \u00e5ret. Her f\u00f8lgjer visitasrapporten hans fr\u00e5 Jostedalen. Avskrift 9de Juli. \u2013 Justedal (Forretningen afholdtes som s\u00e6dvanlig i Lysters Hovedkirke). \u2013 Sognepr\u00e6st Mathias Foss Catechisation forrettede han for sine faa medbragte [&hellip;]<\/p>\n","protected":false},"author":2,"featured_media":0,"parent":2599,"menu_order":8,"comment_status":"open","ping_status":"open","template":"","meta":{"ngg_post_thumbnail":0,"footnotes":""},"class_list":["post-2300","page","type-page","status-publish","hentry"],"_links":{"self":[{"href":"https:\/\/www.historielaget.jostedal.no\/index.php?rest_route=\/wp\/v2\/pages\/2300","targetHints":{"allow":["GET"]}}],"collection":[{"href":"https:\/\/www.historielaget.jostedal.no\/index.php?rest_route=\/wp\/v2\/pages"}],"about":[{"href":"https:\/\/www.historielaget.jostedal.no\/index.php?rest_route=\/wp\/v2\/types\/page"}],"author":[{"embeddable":true,"href":"https:\/\/www.historielaget.jostedal.no\/index.php?rest_route=\/wp\/v2\/users\/2"}],"replies":[{"embeddable":true,"href":"https:\/\/www.historielaget.jostedal.no\/index.php?rest_route=%2Fwp%2Fv2%2Fcomments&post=2300"}],"version-history":[{"count":7,"href":"https:\/\/www.historielaget.jostedal.no\/index.php?rest_route=\/wp\/v2\/pages\/2300\/revisions"}],"predecessor-version":[{"id":3724,"href":"https:\/\/www.historielaget.jostedal.no\/index.php?rest_route=\/wp\/v2\/pages\/2300\/revisions\/3724"}],"up":[{"embeddable":true,"href":"https:\/\/www.historielaget.jostedal.no\/index.php?rest_route=\/wp\/v2\/pages\/2599"}],"wp:attachment":[{"href":"https:\/\/www.historielaget.jostedal.no\/index.php?rest_route=%2Fwp%2Fv2%2Fmedia&parent=2300"}],"curies":[{"name":"wp","href":"https:\/\/api.w.org\/{rel}","templated":true}]}}