{"id":24,"date":"2007-05-12T22:11:06","date_gmt":"2007-05-12T20:11:06","guid":{"rendered":"http:\/\/www.historielaget.jostedal.no\/?page_id=24"},"modified":"2025-04-13T09:28:36","modified_gmt":"2025-04-13T07:28:36","slug":"om-foss-i-norsk-biografisk-leksikon-1928","status":"publish","type":"page","link":"https:\/\/www.historielaget.jostedal.no\/?page_id=24","title":{"rendered":"Om Foss i Norsk biografisk leksikon (1929)"},"content":{"rendered":"<p>Foss, Matthias, 1714-92, prest, f. i Kj\u00f8benhavn 8\/3 1714, s\u00f8n av J\u00f8rgen F. (f. 1680, d. 17**), student fra Sor\u00f8 1733, baccalaureus 1736, cand. theol. 1741, sogneprest til Jostedal 15\/6 1741 <em>[rett dato: 15\/5 1741]<\/em>, d\u00f8d som saadan 31\/1 1792. Gift med Marie Hedvig Christie Dreyer, f. ca. 1711, d. i Bergen 1777 (begr. 8\/2).<\/p>\n<p>F. hadde en tragisk skj\u00e6bne. Han kom tidlig paa kant med sin menighet, og hans egteskap var h\u00f8ist ulykkelig. Ved hans foresattes indgripen blev han i 1763 separert fra sin hustru, som levde sine sidste aar i Bergen i den ytterste armod, en tid endog paa \u201dTugthuset\u201d (Tvangsarbeidsanstalten), hvor hun blev indsat for betleri. Dette diskrediterte ham hos hans foresatte, som begik den uhyrlighet at la ham sitte mer end 50 aar i det ensomme og usselt avl\u00f8nnede fjeldkald. Fattig og forbitret maatte F. l\u00e6gge aar til aar oppe under Jostedalsbr\u00e6ens gletschere, i en menighet som bestod av 28 bondefamilier, og paa en l\u00f8n av 79 rdl. (hvorav de 30 gik til konen), indtil han opnaadde en jubeloldings under disse omst\u00e6ndigheter triste v\u00e6rdighet.<\/p>\n<p>Formodentlig har han ikke av naturen v\u00e6ret utstyrt med et altfor stort fond av langmodighet; men den huslige uhygge og kontroverser med en stri og raa almue har ialfald hurtig t\u00e6ret op det som var, og gjort ham hidsig og voldsom i munden. To provsteretter d\u00f8mte mellem F. og hans menighet (10\/4 1746 og 24\/1 1753), og begge ganger trak menigheten det korteste straa. Men ogsaa presten blev kraftig formanet til at vise st\u00f8rre kj\u00e6rlighet og sagtmodighet. Ogsaa i forholdet til hustruen har det v\u00e6ret skyld paa begge sider, men aabenbart mest paa hendes. Biskop Pontoppidan skriver: \u201dI sin extreme Armod har han en arrig og avindsyg Hustru, hvis Underligheder jeg formanede ham til at b\u00e6re taalmodig.\u201d Og biskp Arentz: \u201dHun havde opf\u00f8rt sig mere som en Dj\u00e6velinde end som en Mandinde med Hug, Slag, Stenkastelse og andet us\u00f8mmeligt.\u201d I 1760 r\u00f8mte hun endog og var en tid borte.<\/p>\n<p>Denne ulykkelige og mishandlede mands navn er bevart fra glemsel ved den \u201dKort Beskrivelse over Justedalen\u201d, som han forfattet i 1750, og som siden blev trykt i Thaarups Magazin II, 1803, s. 1 flg. Det er i ingen henseende noget betydelig arbeide, men indeholder dog en r\u00e6kke nyttige oplysninger og iagttagelser og er et velkomment supplement til vor lokalhistoriske og topografiske viden om det 18. aarhundrede. I dette skrift forekommer denne s\u00e6tning, som er blit ud\u00f8delig gjennem Ibsens anvendelse av den: \u201dDe (d. e. Josted\u00f8lerne) ere og meget langtlivede, saa det er et rart Exempel nogen d\u00f8er &#8230;\u201d (s. 27); jfr. \u201dPeer Gynt\u201d 5. akt:<\/p>\n<blockquote><p>K\u00e6re, snille, &#8211;<br \/>\ndu har dog visst ikke stort at bestille.<br \/>\nHer i distriktet er jo luften s\u00e5 g\u00e6v; &#8211;<br \/>\nden l\u00e6gger til befolkningens alder en alen.<br \/>\nHusk p\u00e5 hvad Justedalspr\u00e6sten skrev:<br \/>\n\u201ddet er sjelden at nogen d\u00f8r her i dalen.\u201d<\/p><\/blockquote>\n<p>[Litt.: Lengnick: Chr. Foss s. 1; <a href=\"http:\/\/www.historielaget.jostedal.no\/?page_id=200\">L. Dae i Theol. Tidsskr. for den ev.-luth. Kirke VII, 1864, s. 379<\/a> (utdrag av Biskop Erik Pontoppidans Visitas-Relationer); <a href=\"http:\/\/www.historielaget.jostedal.no\/?page_id=21\">D. Thrap i Luth. Ugeskr. II, 1877, s. 153 flg.<\/a>; <a href=\"http:\/\/www.historielaget.jostedal.no\/?page_id=22\">Lampe: Bergens Stifts Biskoper og Pr\u00e6ster II 3.<\/a>]<\/p>\n<p><strong>Kjelde<\/strong><\/p>\n<p>Fridrichsen, Anton. (1929). Foss, Matthias. <em>Norsk biografisk leksikon.<\/em> (Bd. 4). Oslo: Aschehoug, Side 209-210. [<a href=\"https:\/\/urn.nb.no\/URN:NBN:no-nb_digibok_2006120401103\">Digital utg\u00e5ve, Nasjonalbiblioteket<\/a>]<\/p>\n","protected":false},"excerpt":{"rendered":"<p>Foss, Matthias, 1714-92, prest, f. i Kj\u00f8benhavn 8\/3 1714, s\u00f8n av J\u00f8rgen F. (f. 1680, d. 17**), student fra Sor\u00f8 1733, baccalaureus 1736, cand. theol. 1741, sogneprest til Jostedal 15\/6 1741 [rett dato: 15\/5 1741], d\u00f8d som saadan 31\/1 1792. Gift med Marie Hedvig Christie Dreyer, f. ca. 1711, d. i Bergen 1777 (begr. 8\/2). [&hellip;]<\/p>\n","protected":false},"author":2,"featured_media":0,"parent":2606,"menu_order":6,"comment_status":"open","ping_status":"closed","template":"","meta":{"ngg_post_thumbnail":0,"footnotes":""},"class_list":["post-24","page","type-page","status-publish","hentry"],"_links":{"self":[{"href":"https:\/\/www.historielaget.jostedal.no\/index.php?rest_route=\/wp\/v2\/pages\/24","targetHints":{"allow":["GET"]}}],"collection":[{"href":"https:\/\/www.historielaget.jostedal.no\/index.php?rest_route=\/wp\/v2\/pages"}],"about":[{"href":"https:\/\/www.historielaget.jostedal.no\/index.php?rest_route=\/wp\/v2\/types\/page"}],"author":[{"embeddable":true,"href":"https:\/\/www.historielaget.jostedal.no\/index.php?rest_route=\/wp\/v2\/users\/2"}],"replies":[{"embeddable":true,"href":"https:\/\/www.historielaget.jostedal.no\/index.php?rest_route=%2Fwp%2Fv2%2Fcomments&post=24"}],"version-history":[{"count":3,"href":"https:\/\/www.historielaget.jostedal.no\/index.php?rest_route=\/wp\/v2\/pages\/24\/revisions"}],"predecessor-version":[{"id":3736,"href":"https:\/\/www.historielaget.jostedal.no\/index.php?rest_route=\/wp\/v2\/pages\/24\/revisions\/3736"}],"up":[{"embeddable":true,"href":"https:\/\/www.historielaget.jostedal.no\/index.php?rest_route=\/wp\/v2\/pages\/2606"}],"wp:attachment":[{"href":"https:\/\/www.historielaget.jostedal.no\/index.php?rest_route=%2Fwp%2Fv2%2Fmedia&parent=24"}],"curies":[{"name":"wp","href":"https:\/\/api.w.org\/{rel}","templated":true}]}}