{"id":2443,"date":"2012-10-01T14:05:15","date_gmt":"2012-10-01T12:05:15","guid":{"rendered":"http:\/\/www.historielaget.jostedal.no\/?page_id=2443"},"modified":"2013-01-19T00:22:48","modified_gmt":"2013-01-18T22:22:48","slug":"bunadsutstillinga-liste","status":"publish","type":"page","link":"https:\/\/www.historielaget.jostedal.no\/?page_id=2443","title":{"rendered":"Bunadsutstillinga"},"content":{"rendered":"<p><a href=\"http:\/\/www.historielaget.jostedal.no\/wordpress\/wp-content\/upLoads\/bunadsliv.jpg\"><img loading=\"lazy\" decoding=\"async\" title=\"Eitt av bunadsliva som gjekk med i brannen\" src=\"http:\/\/www.historielaget.jostedal.no\/wordpress\/wp-content\/upLoads\/bunadsliv-150x134.jpg\" alt=\"Eitt av bunadsliva som gjekk med i brannen\" width=\"150\" height=\"134\" \/><\/a>Jostedal historielag hadde ei bunadsutstilling p\u00e5 Breheimsenteret fr\u00e5 hausten 1995 til senteret og utstillinga brann opp sommaren 2011 (<a href=\"http:\/\/www.historielaget.jostedal.no\/?page_id=2453\">sj\u00e5 katalogen<\/a>).<\/p>\n<p>Kleda var ei g\u00e5ve til Jostedal Historielag fr\u00e5 Margot Berge som budde i Bergen. Ho ervde dei fr\u00e5 mora Maria. Det var oldeforeldra <a href=\"http:\/\/lokalhistoriewiki.no\/index.php\/Anders_Andersson_Haugen_(1809-1882)\">Anders Andersson Haugen, gift med Mari T\u00f8gersdotter Kronen<\/a> som reiste fr\u00e5 Jostedal kring 1850. Dei drog til Romsdalen som s\u00e5 mange Josted\u00f8ler, men familien hamna til sist i Bergen.<\/p>\n<p>Det var Lars \u00d8yane som i samband med skrivinga av bygdebok for Jostedal, kom i kontakt med Margot Berge.<\/p>\n<p>Denne samlinga er ein unik skatt for alle dei som studerer dei gamle draktskikkane. Spesielt interessant var det for Bj\u00f8rg Hovland som har rekonstruert bunad fr\u00e5 fyrste halvdel av 1800-talet.<\/p>\n<p>Her er mange ulike bunadsliv, b\u00e5de med og utan valk. Noko me meiner m\u00e5 vere ein brudestakk, belte \u2013 kanskje til mannfolk, broderte huer og barnehuer sydde av ulike typar t\u00f8y-stoff. Knappar, n\u00e5ler m.m.<\/p>\n<p>Eigar: Jostedal Historielag.<\/p>\n<p>Tidlegare eigar: Margot Berge, oldebarn av Mari Kronen fr\u00e5 Jostedal.<\/p>\n<p><strong>Andre klede p\u00e5 Breheimsenteret<\/strong><\/p>\n<p>Jostedal historielag hjelpte i 1992-93 til med \u00e5 samle ei rekkje gamle gjenstandar, mellom anna klede. Alt dette gjekk \u00f2g tapt i brannen, og dette var ikkje dokumentert slik bunadsutstillinga var.<\/p>\n<p><strong>Les meir<\/strong><\/p>\n<ul>\n<li><a href=\"http:\/\/www.historielaget.jostedal.no\/?page_id=2453\">Bunadsdeler &#8211; katalog<\/a><\/li>\n<li><a href=\"http:\/\/www.historielaget.jostedal.no\/wordpress\/wp-content\/upLoads\/sa_1995_utstilling.pdf\">Sogn Avis 16.8.1995 om bunadsskatten<\/a><\/li>\n<li><a href=\"http:\/\/www.historielaget.jostedal.no\/?p=1842\">Bunadsskatt gjekk med i brannen<\/a>.<\/li>\n<\/ul>\n<p>&nbsp;<\/p>\n","protected":false},"excerpt":{"rendered":"<p>Jostedal historielag hadde ei bunadsutstilling p\u00e5 Breheimsenteret fr\u00e5 hausten 1995 til senteret og utstillinga brann opp sommaren 2011 (sj\u00e5 katalogen). Kleda var ei g\u00e5ve til Jostedal Historielag fr\u00e5 Margot Berge som budde i Bergen. Ho ervde dei fr\u00e5 mora Maria. Det var oldeforeldra Anders Andersson Haugen, gift med Mari T\u00f8gersdotter Kronen som reiste fr\u00e5 Jostedal [&hellip;]<\/p>\n","protected":false},"author":2,"featured_media":0,"parent":496,"menu_order":1,"comment_status":"open","ping_status":"open","template":"","meta":{"ngg_post_thumbnail":0,"footnotes":""},"class_list":["post-2443","page","type-page","status-publish","hentry"],"_links":{"self":[{"href":"https:\/\/www.historielaget.jostedal.no\/index.php?rest_route=\/wp\/v2\/pages\/2443","targetHints":{"allow":["GET"]}}],"collection":[{"href":"https:\/\/www.historielaget.jostedal.no\/index.php?rest_route=\/wp\/v2\/pages"}],"about":[{"href":"https:\/\/www.historielaget.jostedal.no\/index.php?rest_route=\/wp\/v2\/types\/page"}],"author":[{"embeddable":true,"href":"https:\/\/www.historielaget.jostedal.no\/index.php?rest_route=\/wp\/v2\/users\/2"}],"replies":[{"embeddable":true,"href":"https:\/\/www.historielaget.jostedal.no\/index.php?rest_route=%2Fwp%2Fv2%2Fcomments&post=2443"}],"version-history":[{"count":12,"href":"https:\/\/www.historielaget.jostedal.no\/index.php?rest_route=\/wp\/v2\/pages\/2443\/revisions"}],"predecessor-version":[{"id":2512,"href":"https:\/\/www.historielaget.jostedal.no\/index.php?rest_route=\/wp\/v2\/pages\/2443\/revisions\/2512"}],"up":[{"embeddable":true,"href":"https:\/\/www.historielaget.jostedal.no\/index.php?rest_route=\/wp\/v2\/pages\/496"}],"wp:attachment":[{"href":"https:\/\/www.historielaget.jostedal.no\/index.php?rest_route=%2Fwp%2Fv2%2Fmedia&parent=2443"}],"curies":[{"name":"wp","href":"https:\/\/api.w.org\/{rel}","templated":true}]}}