{"id":2453,"date":"2012-10-01T14:11:48","date_gmt":"2012-10-01T12:11:48","guid":{"rendered":"http:\/\/www.historielaget.jostedal.no\/?page_id=2453"},"modified":"2013-02-04T15:22:15","modified_gmt":"2013-02-04T13:22:15","slug":"bunadsdeler-liste","status":"publish","type":"page","link":"https:\/\/www.historielaget.jostedal.no\/?page_id=2453","title":{"rendered":"Bunadsdeler &#8211; katalog"},"content":{"rendered":"<p>Norsk institutt for bunad og folkedrakt ved Valdresmusea\u00a0har dokumentert bunadsutstillinga som gjekk tapt. Korta i katalogen inneheld ogs\u00e5 bilete av bunadsdelane. Lista har peikar til katalogkorta (pdf).<\/p>\n<p><a href=\"http:\/\/historielaget.jostedal.no\/bunad\/Nr 1 og 2.pdf\">1. Liv. Truleg eldre enn dei andre, bodert med kross-sting.<\/a><\/p>\n<p><a href=\"http:\/\/historielaget.jostedal.no\/bunad\/Nr 1 og 2.pdf\">2. Liv. Dette er truleg eldre enn dei andre liva, stoff taboret.<\/a><\/p>\n<p><a href=\"http:\/\/historielaget.jostedal.no\/bunad\/Nr-3-4.pdf\">3. Liv. Det m\u00e5 takast med at Bj\u00f8rg Hovland har kopiert og f\u00e5tt veve liknande stoff. Legg merke til rosa i ryggen.<\/a><\/p>\n<p><a href=\"http:\/\/historielaget.jostedal.no\/bunad\/Nr-3-4.pdf\">4. Liv. Plysj.<\/a><\/p>\n<p><a href=\"http:\/\/historielaget.jostedal.no\/bunad\/Nr-5.pdf\">5. Liv. Bl\u00e5raud silkedamsk.<\/a><\/p>\n<p><a href=\"http:\/\/historielaget.jostedal.no\/bunad\/Nr-6-7.pdf\">6. Liv. Trykt bomull. Tredelt valk med ekstra valk midt bak og framme.<\/a><\/p>\n<p><a href=\"http:\/\/historielaget.jostedal.no\/bunad\/Nr-6-7.pdf\">7. Liv. Jacquardvevd silke. Tredelt valk.<\/a><\/p>\n<p><a href=\"http:\/\/historielaget.jostedal.no\/bunad\/Nr 8.pdf\">8. Tr\u00f8ye. Bomulls-lerret (bl\u00e5-trykk).<\/a><\/p>\n<p><a href=\"http:\/\/historielaget.jostedal.no\/bunad\/Nr 9.pdf\">9. Bringduk. Perlebrodert.<\/a><\/p>\n<p><a href=\"http:\/\/historielaget.jostedal.no\/bunad\/Nr 10.pdf\">10. Bringeduk. Applikasjonar og perler.<\/a><\/p>\n<p><a href=\"http:\/\/historielaget.jostedal.no\/bunad\/Nr 11.pdf\">11. Belte. (k) St\u00f8lar i messing sydd p\u00e5 vadmel.<\/a><\/p>\n<p><a href=\"http:\/\/historielaget.jostedal.no\/bunad\/Nr 12.pdf\">12. \u201dJente-bora\u201d, til h\u00f8gtidsbruk for vaksne jenter.<\/a><\/p>\n<p><a href=\"http:\/\/historielaget.jostedal.no\/bunad\/Nr 13.pdf\">13. Pull-lue. Hengehue.<\/a><\/p>\n<p><a href=\"http:\/\/historielaget.jostedal.no\/bunad\/Nr 14.pdf\">14. Lue (b), barnehue for st\u00f8rre barn.<\/a><\/p>\n<p><a href=\"http:\/\/historielaget.jostedal.no\/bunad\/Nr 15.pdf\">15. Lue (b), fembladshue \u2013 gut.<\/a><\/p>\n<p><a href=\"http:\/\/historielaget.jostedal.no\/bunad\/Nr 16.pdf\">16. Band. H\u00e5rband, grindveve.<\/a><\/p>\n<p><a href=\"http:\/\/historielaget.jostedal.no\/bunad\/Nr 17.pdf\">17. Lue (b). Tobladshue.<\/a><\/p>\n<p><a href=\"http:\/\/historielaget.jostedal.no\/bunad\/Nr 18.pdf\">18. Lue (b), fembladshue, gut.<\/a><\/p>\n<p><a href=\"http:\/\/historielaget.jostedal.no\/bunad\/Nr 19.pdf\">19. Lue (b), fembladshue gut.<\/a><\/p>\n<p><a href=\"http:\/\/historielaget.jostedal.no\/bunad\/Nr 20.pdf\">20. \u201dH\u00f8dnahue\u201d. Pull-lue, brodert med kvitt garn.<\/a><\/p>\n<p><a href=\"http:\/\/historielaget.jostedal.no\/bunad\/Nr 21.pdf\">21. Linde. Raudt ullty, fora med ubleika linlerret.<\/a><\/p>\n<p><a href=\"http:\/\/historielaget.jostedal.no\/bunad\/Nr 22.pdf\">22. Hylk. (b), innlegg i hua.<\/a><\/p>\n<p><a href=\"http:\/\/historielaget.jostedal.no\/bunad\/Nr 23.pdf\">23. Nattlue.<\/a><\/p>\n<p>(24. <em>Nummeret finst ikkje i katalogen<\/em>)<\/p>\n<p><a href=\"http:\/\/historielaget.jostedal.no\/bunad\/Nr 25.pdf\">25. Belte (m) fora med raudt skinn.<\/a><\/p>\n<p><a href=\"http:\/\/historielaget.jostedal.no\/bunad\/Nr 26 og 27.pdf\">26. Lue (b).<\/a><\/p>\n<p><a href=\"http:\/\/historielaget.jostedal.no\/bunad\/Nr 26 og 27.pdf\">27. T\u00f8rkle. Topreikeplagg.<\/a><\/p>\n<p><a href=\"http:\/\/historielaget.jostedal.no\/bunad\/Nr 28 og 29.pdf\">28. Bandkrans. Brudeklede.<\/a><\/p>\n<p><a href=\"http:\/\/historielaget.jostedal.no\/bunad\/Nr 28 og 29.pdf\">29. Pannelin (del av pannelin).<\/a><\/p>\n<p><a href=\"http:\/\/historielaget.jostedal.no\/bunad\/Nr 30 og 31.pdf\">30. Halskrage.<\/a><\/p>\n<p><a href=\"http:\/\/historielaget.jostedal.no\/bunad\/Nr 30 og 31.pdf\">31. Str\u00f8mpeband. Fingra av ullgarn.<\/a><\/p>\n<p><a href=\"http:\/\/historielaget.jostedal.no\/bunad\/Nr 32.pdf\">32. Band.<\/a><\/p>\n<p><a href=\"http:\/\/historielaget.jostedal.no\/bunad\/Nr 33 og 34.pdf\">33. Stakk. Truleg ein brudestakk.<\/a><\/p>\n<p><a href=\"http:\/\/historielaget.jostedal.no\/bunad\/Nr 33 og 34.pdf\">34. Forkle. Bl\u00e5trykk.<\/a><\/p>\n<p><a href=\"http:\/\/historielaget.jostedal.no\/bunad\/Nr 35.pdf\">35. T\u00f8rkle. Topreikeplagg.<\/a><\/p>\n<p><a href=\"http:\/\/historielaget.jostedal.no\/bunad\/Nr 36 og 37.pdf\">36. T\u00f8rkle, silketrykk.<\/a><\/p>\n<p><a href=\"http:\/\/historielaget.jostedal.no\/bunad\/Nr 36 og 37.pdf\">37. T\u00f8rkle.<\/a><\/p>\n<p><a href=\"http:\/\/historielaget.jostedal.no\/bunad\/Nr 38 og 39.pdf\">38. S\u00f8lje. Spore-s\u00f8lje, gullforgylt.<\/a><\/p>\n<p><a href=\"http:\/\/historielaget.jostedal.no\/bunad\/Nr 38 og 39.pdf\">39. S\u00f8lje. Gullforgylt med laus tann.<\/a><\/p>\n<p><a href=\"http:\/\/historielaget.jostedal.no\/bunad\/Nr 40 og 41.pdf\">40. Spenne i s\u00f8lv, forgylla.<\/a><\/p>\n<p><a href=\"http:\/\/historielaget.jostedal.no\/bunad\/Nr 40 og 41.pdf\">41. Spenne, forgylt med to filigrans-krusar.<\/a><\/p>\n<p><a href=\"http:\/\/historielaget.jostedal.no\/bunad\/Nr 42.pdf\">42. S\u00f8lje. Skjorte-ring med laus tann.<\/a><\/p>\n<p><a href=\"http:\/\/historielaget.jostedal.no\/bunad\/Nr 43.pdf\">43. Ring. To ringar , ein med raud stein.<\/a><\/p>\n<p><a href=\"http:\/\/historielaget.jostedal.no\/bunad\/Nr 44.pdf\">44. Spenne (truleg til belte nr.25).<\/a><\/p>\n<p><a href=\"http:\/\/historielaget.jostedal.no\/bunad\/Nr 45.pdf\">45. Fem knappar. Messing, graverte.<\/a><\/p>\n<p><a href=\"http:\/\/historielaget.jostedal.no\/bunad\/Nr 46.pdf\">46. To ulike stetteknappar, s\u00f8lv.<\/a><\/p>\n","protected":false},"excerpt":{"rendered":"<p>Norsk institutt for bunad og folkedrakt ved Valdresmusea\u00a0har dokumentert bunadsutstillinga som gjekk tapt. Korta i katalogen inneheld ogs\u00e5 bilete av bunadsdelane. Lista har peikar til katalogkorta (pdf). 1. Liv. Truleg eldre enn dei andre, bodert med kross-sting. 2. Liv. Dette er truleg eldre enn dei andre liva, stoff taboret. 3. Liv. Det m\u00e5 takast med [&hellip;]<\/p>\n","protected":false},"author":2,"featured_media":0,"parent":2443,"menu_order":1,"comment_status":"open","ping_status":"open","template":"","meta":{"ngg_post_thumbnail":0,"footnotes":""},"class_list":["post-2453","page","type-page","status-publish","hentry"],"_links":{"self":[{"href":"https:\/\/www.historielaget.jostedal.no\/index.php?rest_route=\/wp\/v2\/pages\/2453","targetHints":{"allow":["GET"]}}],"collection":[{"href":"https:\/\/www.historielaget.jostedal.no\/index.php?rest_route=\/wp\/v2\/pages"}],"about":[{"href":"https:\/\/www.historielaget.jostedal.no\/index.php?rest_route=\/wp\/v2\/types\/page"}],"author":[{"embeddable":true,"href":"https:\/\/www.historielaget.jostedal.no\/index.php?rest_route=\/wp\/v2\/users\/2"}],"replies":[{"embeddable":true,"href":"https:\/\/www.historielaget.jostedal.no\/index.php?rest_route=%2Fwp%2Fv2%2Fcomments&post=2453"}],"version-history":[{"count":12,"href":"https:\/\/www.historielaget.jostedal.no\/index.php?rest_route=\/wp\/v2\/pages\/2453\/revisions"}],"predecessor-version":[{"id":2528,"href":"https:\/\/www.historielaget.jostedal.no\/index.php?rest_route=\/wp\/v2\/pages\/2453\/revisions\/2528"}],"up":[{"embeddable":true,"href":"https:\/\/www.historielaget.jostedal.no\/index.php?rest_route=\/wp\/v2\/pages\/2443"}],"wp:attachment":[{"href":"https:\/\/www.historielaget.jostedal.no\/index.php?rest_route=%2Fwp%2Fv2%2Fmedia&parent=2453"}],"curies":[{"name":"wp","href":"https:\/\/api.w.org\/{rel}","templated":true}]}}