{"id":2618,"date":"2013-07-15T09:25:39","date_gmt":"2013-07-15T07:25:39","guid":{"rendered":"http:\/\/www.historielaget.jostedal.no\/?page_id=2618"},"modified":"2016-12-11T15:05:52","modified_gmt":"2016-12-11T13:05:52","slug":"sakene-pa-bygdetinget-1744-47","status":"publish","type":"page","link":"https:\/\/www.historielaget.jostedal.no\/?page_id=2618","title":{"rendered":"Sakene p\u00e5 bygdetinget (1744-1747)"},"content":{"rendered":"<p><a href=\"http:\/\/www.historielaget.jostedal.no\/wordpress\/wp-content\/upLoads\/Foss-til-sak-1744.jpg\"><img loading=\"lazy\" decoding=\"async\" class=\"size-thumbnail wp-image-2627 alignleft\" title=\"Fyrste sak Foss vs. allmugen: Foss stemner Ole Asbj\u00f8rsen for bygdetinget i november 1744. \" src=\"http:\/\/www.historielaget.jostedal.no\/wordpress\/wp-content\/upLoads\/Foss-til-sak-1744-150x121.jpg\" alt=\"\" width=\"150\" height=\"121\" srcset=\"https:\/\/www.historielaget.jostedal.no\/wordpress\/wp-content\/upLoads\/Foss-til-sak-1744-150x121.jpg 150w, https:\/\/www.historielaget.jostedal.no\/wordpress\/wp-content\/upLoads\/Foss-til-sak-1744-300x243.jpg 300w, https:\/\/www.historielaget.jostedal.no\/wordpress\/wp-content\/upLoads\/Foss-til-sak-1744-1024x831.jpg 1024w, https:\/\/www.historielaget.jostedal.no\/wordpress\/wp-content\/upLoads\/Foss-til-sak-1744.jpg 1242w\" sizes=\"auto, (max-width: 150px) 100vw, 150px\" \/><\/a><\/p>\n<p>Biskop Ole Tidemand <a href=\"http:\/\/www.historielaget.jostedal.no\/?page_id=2300\">klaga etter visitasen i 1755<\/a> over dei mange \u00abMisforstaaelser, der have udbrudt til offentlige Tr\u00e6tter og Processer for baade verdslige og geistlige Retter\u00bb mellom Matthias Foss og allmugen i Jostedalen.<\/p>\n<p>Foss reiste fleire saker mot josted\u00f8ler p\u00e5 tinget for Jostedalen og Luster skipreider i \u00e5ra etter at han kom til bygda. Dei kan fylgjast i tingb\u00f8kene for Indre Sogn. Sakene m\u00e5 sj\u00e5ast i samanheng med <a href=\"http:\/\/www.historielaget.jostedal.no\/?page_id=2179\">prosterettssakene<\/a>, og hovudmotstandarane til Foss var dei fremste bondeslektene i bygda. Det finst ikkje eit like godt oversyn over desse saken som for sakene i prosteretten, men her fylgjer dei viktigaste sakene fram til 1747. Etter dette gjekk nok konfliktniv\u00e5et ned. For \u00e5ra 1748\u201349 ser det ikkje ut til \u00e5 ha vore nokon saker p\u00e5 tinget der Foss var involvert. Tingb\u00f8kene fr\u00e5 og med 1750 er s\u00e5 langt ikkje unders\u00f8kte.<\/p>\n<p><strong>Sak mot Ole Asbj\u00f8rnsen Myklemyr 1744-45<\/strong><\/p>\n<p>P\u00e5 hausttinget 5.\u20137.11.1744 stemnde Foss soldaten Ole Asbj\u00f8rsen Nedre-Myklemyr for \u00e5 ha halde seg borte fr\u00e5 nattverd meir enn halvtanna \u00e5r og for \u00e5 ha kalla Foss ein &laquo;u-agtende Mand&raquo; i Prestegarden 23. februar same \u00e5r. Konfrontasjonen hang \u00f2g saman med ein strid mellom Ole Asbj\u00f8rnsen og foreldra der Ole ikkje ville gje dei k\u00e5rbrev etter \u00e5 ha overteke garden p\u00e5 grunn av flaumskade.<\/p>\n<p style=\"padding-left: 30px;\"><em>Kjelde:<\/em> Indre Sogn sorenskriveri, tingbok I A 35 (1743\u20131748),\u00a0side 116a\u2013121b [<a href=\"http:\/\/arkivverket.no\/URN:rg_read\/30762\/117\/\">skanna utg\u00e5ve, Digitalarkivet<\/a>]<\/p>\n<p><strong>Legem\u00e5lssak mot Ole Andersson \u00c5sen og Marta Olsdotter Grov 1744-46<\/strong><\/p>\n<p>Marta Grov og <a href=\"http:\/\/lokalhistoriewiki.no\/index.php\/Ole_Anderson_%C3%85sen\">Ole \u00c5sen<\/a> fekk 12. juni 1744 eit barn utanfor ekteskap. Marta var dotter av <a href=\"http:\/\/lokalhistoriewiki.no\/index.php\/Ole_Knutson_Grov\">klokkar Ole Grov<\/a> medan Ole var son av tidlegare lensmann Anders \u00c5sen. Rett etter f\u00f8dselen melde Foss dei til prosten og futen for ulovleg legem\u00e5l. Dei hadde b\u00e5de brote forbodet om seksuell omgang utanfor ekteskap og forbodet mot seksuell omgang i forbodne slektsledd (n\u00e6rare enn tremenningar).<\/p>\n<p>Nokre av handlem\u00e5tane til Foss i saka vart grunnlag for fleire klagem\u00e5l som josted\u00f8lene <a href=\"http:\/\/www.historielaget.jostedal.no\/?page_id=2179\">reiste for prosteretten<\/a> sommaren 1745. Straffesaka om legem\u00e5let vart derimot reist av p\u00e5talemakta (futen) p\u00e5 det ordin\u00e6re bygdetinget og kom fyrste gong opp p\u00e5 hausttinget 5.-7.11.1744. Ole og Marta kom seg ut av straffesaka ved \u00e5 gifte seg i april 1746 etter \u00e5 ha gredd \u00e5 trenere ho slik at rettsforhandlingane aldri kom s\u00e5 langt at saka vart teken opp til doms. To komplikasjonar var at Ole hadde ein dom fr\u00e5 ei tidlegare leigarm\u00e5lssak som m\u00e5tte gjerast opp, og at Ole og Marta trong kongeleg l\u00f8yve til giftarm\u00e5l i forbodne slektsledd.<\/p>\n<p>Saka forsterka motsetnadstilh\u00f8vet mellom Foss og dei leiande slektene i bondesamfunnet i Jostedalen. Foss m\u00e5tte hausten 1746 jamvel godta at prosten utnemnde Ole \u00c5sen til \u00e5 fungere i klokkarembetet d\u00e5 svigerfaren Ole Grov ville g\u00e5 av. Rett nok vart det likevel ikkje til at Ole Grov gjekk av. Han var <a href=\"http:\/\/www.historielaget.jostedal.no\/?page_id=200\">framleis klokkar i 1749<\/a>,\u00a0og Ole \u00c5sen overtok nok ikkje f\u00f8r i 1750-\u00e5ra. I 1751 vart <a href=\"http:\/\/www.lokalhistoriewiki.no\/index.php\/Eigarar_av_Jostedal_kyrkje\">Ole \u00c5sen \u00f2g kyrkjeeigar<\/a>\u00a0d\u00e5 han kj\u00f8pte Jostedal kyrkje saman to andre jostedalsb\u00f8nder.<\/p>\n<p><em>Kjelder: <\/em><\/p>\n<ul>\n<li>Indre Sogn sorenskriveri, tingbok I A 35 (1743\u20131748),\u00a0side 121b\u2013122a, 149a\u2013150a, 175a, 209b\u2013210b [<a href=\"http:\/\/arkivverket.no\/URN:rg_read\/30762\/123\/\">skanna utg\u00e5ve, Digitalarkivet<\/a>]<\/li>\n<li>Jostedal sokneprestembete, kyrkjebok A1 (1733\u20131751), side 25a, 27b\u201328a, 30a [<a href=\"http:\/\/www.historielaget.jostedal.no\/?page_id=1401\">avskrift<\/a>]<\/li>\n<li>Indre Sogn prosti, justisprotokoll 1, side 107a\u2013107b [<a href=\"http:\/\/www.historielaget.jostedal.no\/?page_id=2179\">sj\u00e5 omtale<\/a>, ikkje p\u00e5 nett]<\/li>\n<li>Riksarkivet, Danske kanselli: (1) <a href=\"https:\/\/media.digitalarkivet.no\/da20120925610509\">Norske Tegnelser 1744-1746 s. 253a-254a<\/a>, kongebrev om ettergjeving av straff, og (2)\u00a0<a href=\"https:\/\/media.digitalarkivet.no\/da20120920641454\">Norske Registre 1743-1744 s. 709<\/a>, kongebrev med ekteskapsl\u00f8yve, b\u00e5e dagsette 9.10.1744<\/li>\n<li>Laberg, Jon. (1939). Jostedal. Ei stutt utgreiding om bygdi og folket der. <em>Tidsskrift utgjeve av Historielaget for Sogn<\/em> (nr. 10), side 49 [<a href=\"http:\/\/www.historielaget.jostedal.no\/?page_id=300\">digital utg\u00e5ve<\/a>]<\/li>\n<\/ul>\n<p><strong>Saker om kyrkjefors\u00f8ming 1746\u201347<\/strong><\/p>\n<p>Foss melde i 1746 og 1747 fleire josted\u00f8ler for kyrkjefors\u00f8ming. Den fyrste saka kom opp p\u00e5 tinget 26. oktober 1746. Nokre av sakene enda med frifinningar medan andre f\u00f8rte til domfellingar, som gjekk ut p\u00e5 at dei domfelte m\u00e5tte betale nokre skilling til skulekassa i prestegjeldet. I oktober 1747 vart \u00f2g <a href=\"http:\/\/lokalhistoriewiki.no\/index.php\/T%C3%B8ger_Ottoson_Sn%C3%B8tun\">lensmann T\u00f8ger Sn\u00f8tun<\/a> og to av s\u00f8nene hans stemnde for tinget for kyrkjefors\u00f8ming utan at det ser ut til at saka vart fylgd opp.<\/p>\n<p style=\"padding-left: 30px;\"><em>Kjelde:<\/em> Indre Sogn sorenskriveri, tingbok I A 35 (1743\u20131748),\u00a0side 246a\u2013246b, 258b\u2013260a, 271a [<a href=\"http:\/\/arkivverket.no\/URN:rg_read\/30762\/247\/\">skanna utg\u00e5ve, Digitalarkivet<\/a>]<\/p>\n","protected":false},"excerpt":{"rendered":"<p>Biskop Ole Tidemand klaga etter visitasen i 1755 over dei mange \u00abMisforstaaelser, der have udbrudt til offentlige Tr\u00e6tter og Processer for baade verdslige og geistlige Retter\u00bb mellom Matthias Foss og allmugen i Jostedalen. Foss reiste fleire saker mot josted\u00f8ler p\u00e5 tinget for Jostedalen og Luster skipreider i \u00e5ra etter at han kom til bygda. Dei [&hellip;]<\/p>\n","protected":false},"author":2,"featured_media":0,"parent":2599,"menu_order":4,"comment_status":"open","ping_status":"open","template":"","meta":{"ngg_post_thumbnail":0,"footnotes":""},"class_list":["post-2618","page","type-page","status-publish","hentry"],"_links":{"self":[{"href":"https:\/\/www.historielaget.jostedal.no\/index.php?rest_route=\/wp\/v2\/pages\/2618","targetHints":{"allow":["GET"]}}],"collection":[{"href":"https:\/\/www.historielaget.jostedal.no\/index.php?rest_route=\/wp\/v2\/pages"}],"about":[{"href":"https:\/\/www.historielaget.jostedal.no\/index.php?rest_route=\/wp\/v2\/types\/page"}],"author":[{"embeddable":true,"href":"https:\/\/www.historielaget.jostedal.no\/index.php?rest_route=\/wp\/v2\/users\/2"}],"replies":[{"embeddable":true,"href":"https:\/\/www.historielaget.jostedal.no\/index.php?rest_route=%2Fwp%2Fv2%2Fcomments&post=2618"}],"version-history":[{"count":17,"href":"https:\/\/www.historielaget.jostedal.no\/index.php?rest_route=\/wp\/v2\/pages\/2618\/revisions"}],"predecessor-version":[{"id":3353,"href":"https:\/\/www.historielaget.jostedal.no\/index.php?rest_route=\/wp\/v2\/pages\/2618\/revisions\/3353"}],"up":[{"embeddable":true,"href":"https:\/\/www.historielaget.jostedal.no\/index.php?rest_route=\/wp\/v2\/pages\/2599"}],"wp:attachment":[{"href":"https:\/\/www.historielaget.jostedal.no\/index.php?rest_route=%2Fwp%2Fv2%2Fmedia&parent=2618"}],"curies":[{"name":"wp","href":"https:\/\/api.w.org\/{rel}","templated":true}]}}