{"id":2644,"date":"2013-07-15T22:11:49","date_gmt":"2013-07-15T20:11:49","guid":{"rendered":"http:\/\/www.historielaget.jostedal.no\/?page_id=2644"},"modified":"2025-04-12T23:11:42","modified_gmt":"2025-04-12T21:11:42","slug":"1727-41-utdanning-og-noregsopphald","status":"publish","type":"page","link":"https:\/\/www.historielaget.jostedal.no\/?page_id=2644","title":{"rendered":"1727-41: Utdanning og noregsopphald"},"content":{"rendered":"<p>Matthias Foss byrja p\u00e5 <a href=\"http:\/\/no.wikipedia.org\/wiki\/Sor%C3%B8_Akademi\">Sor\u00f8 Skole<\/a>\u00a0i 1727 d\u00e5 han var 13 \u00e5r. Skulen i Sor\u00f8 ca 75 km vest for K\u00f8benhavn var Danmarks eldste skule og var p\u00e5 denne tida ein l\u00e6rd skule som gav universitetsf\u00f8rebuande utdanning.<\/p>\n<p>P\u00e5 Sor\u00f8 budde Foss hj\u00e5 kj\u00f8pmann Johan Adolph Foss, som truleg var ein slektning av faren. Han gjekk ut av skulen som 19-\u00e5ring i 1733, og <a href=\"http:\/\/www.historielaget.jostedal.no\/?page_id=1120\">Hatting (ca 1770)<\/a> skriv at Foss vart \u00abdimitteret med Magister Johan Snedorffs testimonio\u00bb. Snedorff var rektor p\u00e5 skulen.<\/p>\n<p>Universitetsmatrikkelen fortel at Foss vart immatrikulert ved K\u00f8benhavns Universitet 31. juli 1733, og her fekk han Ludvig Holberg som \u00ab<a href=\"http:\/\/universitetshistorie.ku.dk\/leksikon\/p\/praeceptor\/\">Preceptor<\/a>\u00bb (ein slags fadder). Foss tok <a href=\"http:\/\/no.wikipedia.org\/wiki\/Baccalaureus\">baccalaureus<\/a>-graden (bachelor) i 1736 og fullf\u00f8rte teologistudiet i 1741.<\/p>\n<p><a href=\"http:\/\/www.historielaget.jostedal.no\/?page_id=1120\">Hatting <\/a>skriv at Foss \u00abBlev ved Academiet til 1739. Reiste samme Aar til Norge\u00bb. Dette noregsopphaldet vert stadfesta av tingboka for Sol\u00f8r og \u00d8sterdalen. Her g\u00e5r det fram at Foss den 3. oktober 1740 har l\u00e5nt 100 riksdalar til svogeren sin, Hans Christian Bj\u00f8rn, som var sokneprest p\u00e5 Kvikne. Bj\u00f8rn gifte seg i 1737 med Anna Margrethe, systera til Foss, og dei flytte fr\u00e5 Sor\u00f8 til Kvikne same \u00e5r.<\/p>\n<p><strong>Kjelder<\/strong><\/p>\n<ul>\n<li>Olrik, Henrik-Gerner (1930). Den sidste h\u00f8rer i Sor\u00f8. <em>Soraner-Bladet<\/em> (Nr. 3), 17-19. [<a href=\"http:\/\/www.jeaas.com\/soro.htm\">Digital utg\u00e5ve, Jan Erik Aas<\/a>] &#8211; Gerner f\u00f8rer opp kyrkjeboka for Sor\u00f8 (nattverdslistene) som kjelde<\/li>\n<li>Sol\u00f8r og \u00d8sterdalen sorenskriveri, Tingbok 61 , 1739-1741, side 339a [<a href=\"http:\/\/arkivverket.no\/URN:rg_read\/29694\/346\/ \">Digital utg\u00e5ve, Digitalarkivet<\/a>] &#8211; <a href=\"http:\/\/www.jeaas.com\/\">kjelda er funne av Jan Erik Aas<\/a><\/li>\n<li>Smith, S. Birket. (1894). <em>Kj\u00f8benhavns Universitets Matrikel.<\/em> (Bd. 2, 1667-1740). Kj\u00f8benhavn: Gyldendal, side 546 og 568.<\/li>\n<\/ul>\n<p>&nbsp;<\/p>\n","protected":false},"excerpt":{"rendered":"<p>Matthias Foss byrja p\u00e5 Sor\u00f8 Skole\u00a0i 1727 d\u00e5 han var 13 \u00e5r. Skulen i Sor\u00f8 ca 75 km vest for K\u00f8benhavn var Danmarks eldste skule og var p\u00e5 denne tida ein l\u00e6rd skule som gav universitetsf\u00f8rebuande utdanning. P\u00e5 Sor\u00f8 budde Foss hj\u00e5 kj\u00f8pmann Johan Adolph Foss, som truleg var ein slektning av faren. Han gjekk [&hellip;]<\/p>\n","protected":false},"author":2,"featured_media":0,"parent":2636,"menu_order":4,"comment_status":"open","ping_status":"open","template":"","meta":{"ngg_post_thumbnail":0,"footnotes":""},"class_list":["post-2644","page","type-page","status-publish","hentry"],"_links":{"self":[{"href":"https:\/\/www.historielaget.jostedal.no\/index.php?rest_route=\/wp\/v2\/pages\/2644","targetHints":{"allow":["GET"]}}],"collection":[{"href":"https:\/\/www.historielaget.jostedal.no\/index.php?rest_route=\/wp\/v2\/pages"}],"about":[{"href":"https:\/\/www.historielaget.jostedal.no\/index.php?rest_route=\/wp\/v2\/types\/page"}],"author":[{"embeddable":true,"href":"https:\/\/www.historielaget.jostedal.no\/index.php?rest_route=\/wp\/v2\/users\/2"}],"replies":[{"embeddable":true,"href":"https:\/\/www.historielaget.jostedal.no\/index.php?rest_route=%2Fwp%2Fv2%2Fcomments&post=2644"}],"version-history":[{"count":5,"href":"https:\/\/www.historielaget.jostedal.no\/index.php?rest_route=\/wp\/v2\/pages\/2644\/revisions"}],"predecessor-version":[{"id":3716,"href":"https:\/\/www.historielaget.jostedal.no\/index.php?rest_route=\/wp\/v2\/pages\/2644\/revisions\/3716"}],"up":[{"embeddable":true,"href":"https:\/\/www.historielaget.jostedal.no\/index.php?rest_route=\/wp\/v2\/pages\/2636"}],"wp:attachment":[{"href":"https:\/\/www.historielaget.jostedal.no\/index.php?rest_route=%2Fwp%2Fv2%2Fmedia&parent=2644"}],"curies":[{"name":"wp","href":"https:\/\/api.w.org\/{rel}","templated":true}]}}