{"id":2649,"date":"2013-07-16T00:49:27","date_gmt":"2013-07-15T22:49:27","guid":{"rendered":"http:\/\/www.historielaget.jostedal.no\/?page_id=2649"},"modified":"2025-04-12T22:52:32","modified_gmt":"2025-04-12T20:52:32","slug":"ektefelle-og-etterkomarar","status":"publish","type":"page","link":"https:\/\/www.historielaget.jostedal.no\/?page_id=2649","title":{"rendered":"Ektefelle og etterkomarar"},"content":{"rendered":"<p><strong>Ektefelle<\/strong><\/p>\n<p>Matthias Foss var gift med\u00a0<em>Marie Hedvig Kristine Dreyer.\u00a0<\/em>Bakgrunnen hennar er ukjend. Ho var 66 \u00e5r d\u00e5 ho vart gravlagd 8.2.1777, s\u00e5 ho m\u00e5 d\u00e5 ha vore f\u00f8dd i 1711 eller 1710. Etter alt \u00e5 d\u00f8me var ho dansk som Foss &#8211; inkje tyder p\u00e5 at ho var fr\u00e5 Noreg.<\/p>\n<p>Ingen omtaler opplyser n\u00e5r dei gifte seg, men det fyrste kjende barnet deira vart f\u00f8dd 22.6.1742. Foss var ferdig med studiane v\u00e5ren 1741 og vart utnemnd til sokneprest i Jostedalen 15.5.1741, s\u00e5 det er sannsynleg at dei gifte seg i Danmark sommaren\/hausten 1741 etter at Foss hadde f\u00e5tt embetet og f\u00f8r Marie vart gravid ca. i oktober.<\/p>\n<p>Ekteskapet mellom Matthias og Marie gjekk over styr, noko alle biografiske omtaler legg stor vekt p\u00e5. Ekteskapskonflikten vart bretta ut i eit <a href=\"http:\/\/www.historielaget.jostedal.no\/?page_id=2179\">prosteforh\u00f8yr i 1761<\/a>, og etter dette fekk Foss l\u00f8yve til \u00e5 skilje seg fr\u00e5 kona. I kjeldesamlinga er det <a href=\"http:\/\/www.historielaget.jostedal.no\/?page_id=2200\">eitt brev om Marie Dreyer fr\u00e5 1763<\/a> og<a href=\"http:\/\/www.historielaget.jostedal.no\/?page_id=1361\"> to fr\u00e5 1775<\/a>. Det siste gjeld saka der Marie vart innsett p\u00e5 tukthuset i Bergen for betleri, ei hending dei kyrkjelege overordna til Foss ikkje tok n\u00e5dig opp.<\/p>\n<p>Marie d\u00f8ydde fattig i Bergen og vart <a href=\"https:\/\/www.digitalarkivet.no\/view\/267\/pg00000000440858\">gravlagd 8. februar 1777<\/a>. Skiftet etter henne vart <a href=\"http:\/\/arkivverket.no\/URN:sk_read\/24535\/143\/ \">halde 12. juni 1777<\/a>.<\/p>\n<p>&nbsp;<\/p>\n<p><strong>Etterkomarar<\/strong><\/p>\n<p>Albert Hatting (<a href=\"http:\/\/www.historielaget.jostedal.no\/?page_id=1120\">kring 1770<\/a>) er truleg kjelda til at Matthias og Marie Foss fekk ti born, men Lars \u00d8yane har i gards- og \u00e6ttesoga for Jostedalen (1994,\u00a0s.\u00a0331), berre funne att seks. Kyrkjeboka viser at dei \u00f2g fekk eit d\u00f8df\u00f8dd barn, s\u00e5 det blir i alt sju kjende born:<\/p>\n<p>1. Hedvig Kirstine Foss (d\u00f8ypt 22.6.1742 i Gaupne, <a href=\"http:\/\/digitalarkivet.arkivverket.no\/kb\/gr\/person\/pg00000000578998\">gravlagd i Bergen 6.8.1783<\/a>). Var ugift, men fekk dottera Elisabeth Maria (<a href=\"http:\/\/www.arkivverket.no\/URN:kb_read?idx_kildeid=11519&amp;idx_id=11519&amp;uid=ny&amp;idx_side=-4\">d\u00f8ypt 24.6. og gravlagd 11.7.1771 i Jostedalen<\/a>).<\/p>\n<p>2. Cathrine Malene Foss (d\u00f8ypt 9.7.1743, d\u00f8d 1770), ugift.<\/p>\n<p>3. <a href=\"https:\/\/histreg.no\/index.php\/person\/pv00000000430389\">J\u00f8rgen Foss<\/a> (d\u00f8ypt 9.8.1744, gift 1773 i Bergen, gravlagd i Bergen 29.3.1791). Fekk to s\u00f8ner:\u00a0Andreas (1772), som d\u00f8ydde kort tid etter f\u00f8dselen), og Andreas (d\u00f8ypt i Bergen 10.7.1776) &#8211; meir om han nedanfor.<\/p>\n<p>4. Magnus Foss (d\u00f8ypt 7.11.1745, gravlagd 3.12.1745).<\/p>\n<p>5. Magnus Foss (d\u00f8ypt 14.1.1747, d\u00f8d 1770), ugift.<\/p>\n<p>6. D\u00f8df\u00f8dd barn utan namn (f\u00f8dd 5.4.1747, gravlagd 9.4.)<\/p>\n<p>7. Anne Margrethe Foss (d\u00f8ypt 16.3.1749, gravlagd 3.11.1750).<\/p>\n<p>Datoane for alle f\u00f8dslar\/d\u00e5par og dei tre jordfestingane 1745-50 g\u00e5r fram av <a href=\"http:\/\/www.historielaget.jostedal.no\/?page_id=1401\">kyrkjebok for Jostedalen 1733-1751<\/a>. Dei andre d\u00f8ds\u00e5ra er attgjevne etter dei biografiske omtalene utan \u00e5 vere kontrollerte.<\/p>\n<p>Kyrkjeboka for Jostedalen etter 1751 manglar, s\u00e5 slik sett kan dei ha f\u00e5tt fleire born, men det verkar urimeleg at dei skal ha f\u00e5tt tre born til. Hatting, som sj\u00f8lv budde i Bergen, skriv at etter det han veit (kring 1770), lever berre to s\u00f8ner og to d\u00f8trer, og det stemmer med dei kjende d\u00f8ds\u00e5ra ovanfor. Hatting skriv at b\u00e5e d\u00f8trene er i Bergen, og som mora lever dei i\u00a0&laquo;den alleryderste Fattigdom&raquo;.<\/p>\n<p>I\u00a0<a href=\"http:\/\/www.arkivverket.no\/URN:sk_read\/24535\/144?size=full&amp;mode=0\">skiftet\u00a0<\/a>etter Marie Foss i juni 1777 vert det opplyst at berre to born lever: Hedvig Kirstine og J\u00f8rgen.<\/p>\n<p>D\u00e5 Matthias Foss d\u00f8ydde i 1792, var ogs\u00e5 dei to siste borna hans d\u00f8de &#8211; Hedvig Kristine som 41-\u00e5ring i 1783 og J\u00f8rgen som 46-\u00e5ring i 1791.\u00a0Den einaste arvingen i\u00a0<a href=\"http:\/\/www.arkivverket.no\/URN:sk_read\/24536\/150?size=full&amp;mode=0\">skiftet\u00a0<\/a>etter Matthias Foss var dermed barnebarnet\u00a0<strong>Andreas J\u00f8rgensen\u00a0<\/strong>(f. 1776 i Bergen), i 1792 hattemakarsvein i Bergen.<\/p>\n<p>Det er truleg Andreas me finn att i\u00a0<a href=\"http:\/\/digitalarkivet.uib.no\/cgi-win\/WebCens.exe?slag=visbase&amp;sidenr=18&amp;filnamn=f1801&amp;gardpostnr=31863\">folketeljinga 1801 i Kristiansand<\/a>. D\u00e5 var han 25 \u00e5r, ugift og svein hj\u00e5 hattemakarenkja Anne Hansdatter. Kor lenge Andreas levde, kva som hende med han og om han eventuelt hadde etterkomarar, veit me ikkje. I 1801 stoggar s\u00e5leis det siste sporet etter Matthias Foss sine etterkomarar.<\/p>\n","protected":false},"excerpt":{"rendered":"<p>Ektefelle Matthias Foss var gift med\u00a0Marie Hedvig Kristine Dreyer.\u00a0Bakgrunnen hennar er ukjend. Ho var 66 \u00e5r d\u00e5 ho vart gravlagd 8.2.1777, s\u00e5 ho m\u00e5 d\u00e5 ha vore f\u00f8dd i 1711 eller 1710. Etter alt \u00e5 d\u00f8me var ho dansk som Foss &#8211; inkje tyder p\u00e5 at ho var fr\u00e5 Noreg. Ingen omtaler opplyser n\u00e5r dei [&hellip;]<\/p>\n","protected":false},"author":2,"featured_media":0,"parent":2636,"menu_order":2,"comment_status":"open","ping_status":"open","template":"","meta":{"ngg_post_thumbnail":0,"footnotes":""},"class_list":["post-2649","page","type-page","status-publish","hentry"],"_links":{"self":[{"href":"https:\/\/www.historielaget.jostedal.no\/index.php?rest_route=\/wp\/v2\/pages\/2649","targetHints":{"allow":["GET"]}}],"collection":[{"href":"https:\/\/www.historielaget.jostedal.no\/index.php?rest_route=\/wp\/v2\/pages"}],"about":[{"href":"https:\/\/www.historielaget.jostedal.no\/index.php?rest_route=\/wp\/v2\/types\/page"}],"author":[{"embeddable":true,"href":"https:\/\/www.historielaget.jostedal.no\/index.php?rest_route=\/wp\/v2\/users\/2"}],"replies":[{"embeddable":true,"href":"https:\/\/www.historielaget.jostedal.no\/index.php?rest_route=%2Fwp%2Fv2%2Fcomments&post=2649"}],"version-history":[{"count":10,"href":"https:\/\/www.historielaget.jostedal.no\/index.php?rest_route=\/wp\/v2\/pages\/2649\/revisions"}],"predecessor-version":[{"id":3714,"href":"https:\/\/www.historielaget.jostedal.no\/index.php?rest_route=\/wp\/v2\/pages\/2649\/revisions\/3714"}],"up":[{"embeddable":true,"href":"https:\/\/www.historielaget.jostedal.no\/index.php?rest_route=\/wp\/v2\/pages\/2636"}],"wp:attachment":[{"href":"https:\/\/www.historielaget.jostedal.no\/index.php?rest_route=%2Fwp%2Fv2%2Fmedia&parent=2649"}],"curies":[{"name":"wp","href":"https:\/\/api.w.org\/{rel}","templated":true}]}}