{"id":2654,"date":"2013-07-16T11:46:01","date_gmt":"2013-07-16T09:46:01","guid":{"rendered":"http:\/\/www.historielaget.jostedal.no\/?page_id=2654"},"modified":"2013-07-16T13:32:46","modified_gmt":"2013-07-16T11:32:46","slug":"1741-44-motet-med-jostedalen","status":"publish","type":"page","link":"https:\/\/www.historielaget.jostedal.no\/?page_id=2654","title":{"rendered":"1741-44: M\u00f8tet med Jostedalen"},"content":{"rendered":"<p>Matthias Foss var ferdig med teologistudiane v\u00e5ren 1741 og s\u00f8kte sokneprestembetet i Jostedalen 18. april 1741, fire dagar etter at det vart ledig. Han var truleg einaste s\u00f8kjar, og 15. mai vart han utnemnt til embetet (<a href=\"http:\/\/www.historielaget.jostedal.no\/?page_id=1173\">sj\u00e5 dokumenta<\/a>).<\/p>\n<p>Det tok mest eitt \u00e5r f\u00f8r Foss og kona Marie kom til Jostedalen og overtok prestekallet. Det skjedde laurdag 7. april 1742, truleg etter at Foss hadde m\u00f8tt josted\u00f8lene p\u00e5 v\u00e5rtinget for Luster og Jostedalen i <a href=\"http:\/\/arkivverket.no\/URN:rg_read\/30761\/105\/ \">Dale \u00a04.-6. april<\/a>. Sundag 8. april heldt han s\u00e5 si fyrste gudsteneste. Kyrkjeboka er bevart fram til 1751 og er ei sv\u00e6rt viktig kjelde til dei fyrste ni \u00e5ra til Foss i Jostedalen (<a href=\"http:\/\/www.historielaget.jostedal.no\/?page_id=1401\">sj\u00e5 avskrift<\/a>). Kyrkjeboka viser at Foss gjekk laus p\u00e5 prestegjerninga med stor energi og pr\u00f8vde \u00e5 f\u00e5 skikk p\u00e5 det vanskj\u00f8tta prestekallet som ikkje hadde hatt fast prest p\u00e5 fire \u00e5r.<\/p>\n<p>Matthias og Marie Foss kom til Jostedalen midt oppi den store nauda som var valda av fleire \u00e5r med misvekst. Dette r\u00e5ka \u00f2g prestefamilien, b\u00e5de ved sviktande avlingar i prestegarden og d\u00e5rleg evne p\u00e5 gardane til \u00e5 underhalde presten. Det finst ein omfattande dokumentasjon av nauda og dei offentlege tiltaka som vart sette inn, og som \u00f2g galdt prestefamilien (<a href=\"http:\/\/www.historielaget.jostedal.no\/?page_id=1387\">sj\u00e5 det desperate brevet fr\u00e5 Foss 26.2.1743<\/a> med peikar til dokumenta).<\/p>\n<p>Foss sitt ynske om \u00e5 kome seg bort fr\u00e5 Jostedalen i 1743 f\u00f8rte ikkje fram, og dei neste \u00e5ra vart avlingane betre.<\/p>\n","protected":false},"excerpt":{"rendered":"<p>Matthias Foss var ferdig med teologistudiane v\u00e5ren 1741 og s\u00f8kte sokneprestembetet i Jostedalen 18. april 1741, fire dagar etter at det vart ledig. Han var truleg einaste s\u00f8kjar, og 15. mai vart han utnemnt til embetet (sj\u00e5 dokumenta). Det tok mest eitt \u00e5r f\u00f8r Foss og kona Marie kom til Jostedalen og overtok prestekallet. Det [&hellip;]<\/p>\n","protected":false},"author":2,"featured_media":0,"parent":2636,"menu_order":5,"comment_status":"open","ping_status":"open","template":"","meta":{"ngg_post_thumbnail":0,"footnotes":""},"class_list":["post-2654","page","type-page","status-publish","hentry"],"_links":{"self":[{"href":"https:\/\/www.historielaget.jostedal.no\/index.php?rest_route=\/wp\/v2\/pages\/2654","targetHints":{"allow":["GET"]}}],"collection":[{"href":"https:\/\/www.historielaget.jostedal.no\/index.php?rest_route=\/wp\/v2\/pages"}],"about":[{"href":"https:\/\/www.historielaget.jostedal.no\/index.php?rest_route=\/wp\/v2\/types\/page"}],"author":[{"embeddable":true,"href":"https:\/\/www.historielaget.jostedal.no\/index.php?rest_route=\/wp\/v2\/users\/2"}],"replies":[{"embeddable":true,"href":"https:\/\/www.historielaget.jostedal.no\/index.php?rest_route=%2Fwp%2Fv2%2Fcomments&post=2654"}],"version-history":[{"count":4,"href":"https:\/\/www.historielaget.jostedal.no\/index.php?rest_route=\/wp\/v2\/pages\/2654\/revisions"}],"predecessor-version":[{"id":2656,"href":"https:\/\/www.historielaget.jostedal.no\/index.php?rest_route=\/wp\/v2\/pages\/2654\/revisions\/2656"}],"up":[{"embeddable":true,"href":"https:\/\/www.historielaget.jostedal.no\/index.php?rest_route=\/wp\/v2\/pages\/2636"}],"wp:attachment":[{"href":"https:\/\/www.historielaget.jostedal.no\/index.php?rest_route=%2Fwp%2Fv2%2Fmedia&parent=2654"}],"curies":[{"name":"wp","href":"https:\/\/api.w.org\/{rel}","templated":true}]}}