{"id":2673,"date":"2013-07-16T18:38:57","date_gmt":"2013-07-16T16:38:57","guid":{"rendered":"http:\/\/www.historielaget.jostedal.no\/?page_id=2673"},"modified":"2013-07-16T23:10:11","modified_gmt":"2013-07-16T21:10:11","slug":"1763-92-einsam-i-jostedalen","status":"publish","type":"page","link":"https:\/\/www.historielaget.jostedal.no\/?page_id=2673","title":{"rendered":"1763-92: Einsam i Jostedalen"},"content":{"rendered":"<p>I 1763 var Foss 49 \u00e5r. Familien hadde g\u00e5tt i oppl\u00f8ysing, og etter omtalene hadde den fr\u00e5separerte kona Marie og dei fleste eller alle av dei attlevande borna flytt fr\u00e5 bygda. Dei to d\u00f8trene var p\u00e5 dette tidspunktet 21 og 20 \u00e5r, og s\u00f8nene var 19 og 16 \u00e5r.<\/p>\n<p>Foss hadde tidlegare ikkje n\u00e5dd fram med ynska sine om \u00e5 bli flytt til eit anna prestekall, og etter separasjonen i 1763 var nok all von ute. Dei siste 30 \u00e5ra av livet hans er det \u00f2g langt mindre \u00e5 h\u00f8yre om Foss og embetsf\u00f8rsla hans. Det tyder nok p\u00e5 f\u00e6rre konflikter enn dei fyrste \u00e5ra og ein sokneprest som gjorde mindre av seg. Kyrkjeboka for 1751-1770 er tapt, men <a href=\"http:\/\/www.arkivverket.no\/URN:kb_read?idx_kildeid=11519&amp;idx_id=11519&amp;uid=ny&amp;idx_side=-1\">kyrkjeboka fr\u00e5 og med desember 1770<\/a> er teken vare p\u00e5 og dokumenterer embetsf\u00f8rselen til Foss, veke for veke.<\/p>\n<p>Familielivet heldt fram like ulukkeleg som f\u00f8r. I 1770 skal borna Cathrine Malene (27) og Magnus (23) ha d\u00f8ydd. I 1771 fekk eldstedottera Hedvig Kirstine dottera Elisabeth utanfor ekteskap med ein gullsmed p\u00e5 Hafslo, men Elisabeth d\u00f8ydde 16 dagar gamal.\u00a0Foss <a href=\"http:\/\/www.arkivverket.no\/URN:kb_read?idx_kildeid=11519&amp;idx_id=11519&amp;uid=ny&amp;idx_side=-4\">b\u00e5de d\u00f8ypte og jordfesta<\/a> barnet. Sonen J\u00f8rgen fekk i 1772 sonen Andreas, ogs\u00e5 utanfor ekteskap, og han d\u00f8ydde kort tid etter f\u00f8dselen. J\u00f8rgen gifte seg i 1773 og fekk i 1776 det einaste barnebarnet til Foss som levde opp.<\/p>\n<p>Den fr\u00e5separerte kona heldt fram med \u00e5 skape problem for Foss. I 1775 vart Marie p\u00e5gripen for betleri (tigging) og innsett p\u00e5 tukthuset. Eit brev fr\u00e5 biskopen til prosten om hendinga viser at <a href=\"http:\/\/www.historielaget.jostedal.no\/?page_id=1361\">\u00f8vrigheita tok dette ille opp<\/a> og heldt Foss ansvarleg. I 1777 d\u00f8ydde Marie, og <a href=\"http:\/\/arkivverket.no\/URN:sk_read\/24535\/143\/\">skiftet <\/a>viste ei gjeld p\u00e5 nokre titals riksdalar som Foss m\u00e5tte ta p\u00e5 seg \u00e5 dekkje.<\/p>\n<p>Foss overlevde alle borna sine. Hedvig Kristine d\u00f8ydde i 1783, 41 \u00e5r gamal og J\u00f8rgen i 1791, 47 \u00e5r gamal. Den einaste etterkomaren som levde d\u00e5 Foss sj\u00f8lv d\u00f8ydde, var J\u00f8rgen sin son Andreas (f\u00f8dd 1776).<\/p>\n<p>I omtala av Foss i <a href=\"http:\/\/www.historielaget.jostedal.no\/?page_id=1123\">kallsboka<\/a>, som vart nedskriven i 1830, st\u00e5r det nokre opplysningar som truleg baserer seg p\u00e5 ein munnleg lokal tradisjon. Her heiter det: \u00abI de sidste Aar af hans Embedstid begyndte adskillige Uordener at indsnige sig, fornemmelig som en F\u00f8lge af den uforsvarlige Kroehold, hans Huusholderske, Maren Svaboe, tillod sig, endog under selve Pr\u00e6diken. Og som den Gamle enten ei saae eller ikke havde Kraft nok til at afskaffe.\u00bb<\/p>\n<p>I kallsboka heiter det \u00f2g at Foss \u00abUden tvivl har han v\u00e6ret svag og meget overtroisk\u00bb.<\/p>\n<p>Foss heldt ut til det siste og skj\u00f8tta embetet sitt til to veker f\u00f8r han vart sjuk og d\u00f8ydde 31. januar 1792, 77 \u00e5r gamal.<\/p>\n","protected":false},"excerpt":{"rendered":"<p>I 1763 var Foss 49 \u00e5r. Familien hadde g\u00e5tt i oppl\u00f8ysing, og etter omtalene hadde den fr\u00e5separerte kona Marie og dei fleste eller alle av dei attlevande borna flytt fr\u00e5 bygda. Dei to d\u00f8trene var p\u00e5 dette tidspunktet 21 og 20 \u00e5r, og s\u00f8nene var 19 og 16 \u00e5r. Foss hadde tidlegare ikkje n\u00e5dd fram [&hellip;]<\/p>\n","protected":false},"author":2,"featured_media":0,"parent":2636,"menu_order":8,"comment_status":"open","ping_status":"open","template":"","meta":{"ngg_post_thumbnail":0,"footnotes":""},"class_list":["post-2673","page","type-page","status-publish","hentry"],"_links":{"self":[{"href":"https:\/\/www.historielaget.jostedal.no\/index.php?rest_route=\/wp\/v2\/pages\/2673","targetHints":{"allow":["GET"]}}],"collection":[{"href":"https:\/\/www.historielaget.jostedal.no\/index.php?rest_route=\/wp\/v2\/pages"}],"about":[{"href":"https:\/\/www.historielaget.jostedal.no\/index.php?rest_route=\/wp\/v2\/types\/page"}],"author":[{"embeddable":true,"href":"https:\/\/www.historielaget.jostedal.no\/index.php?rest_route=\/wp\/v2\/users\/2"}],"replies":[{"embeddable":true,"href":"https:\/\/www.historielaget.jostedal.no\/index.php?rest_route=%2Fwp%2Fv2%2Fcomments&post=2673"}],"version-history":[{"count":4,"href":"https:\/\/www.historielaget.jostedal.no\/index.php?rest_route=\/wp\/v2\/pages\/2673\/revisions"}],"predecessor-version":[{"id":2699,"href":"https:\/\/www.historielaget.jostedal.no\/index.php?rest_route=\/wp\/v2\/pages\/2673\/revisions\/2699"}],"up":[{"embeddable":true,"href":"https:\/\/www.historielaget.jostedal.no\/index.php?rest_route=\/wp\/v2\/pages\/2636"}],"wp:attachment":[{"href":"https:\/\/www.historielaget.jostedal.no\/index.php?rest_route=%2Fwp%2Fv2%2Fmedia&parent=2673"}],"curies":[{"name":"wp","href":"https:\/\/api.w.org\/{rel}","templated":true}]}}