{"id":2744,"date":"2013-08-15T00:58:49","date_gmt":"2013-08-14T22:58:49","guid":{"rendered":"http:\/\/www.historielaget.jostedal.no\/?page_id=2744"},"modified":"2013-08-15T14:25:15","modified_gmt":"2013-08-15T12:25:15","slug":"kommunestyrevedtak-om-flaumverk-1899","status":"publish","type":"page","link":"https:\/\/www.historielaget.jostedal.no\/?page_id=2744","title":{"rendered":"Kommunestyrevedtak om flaumverk (mars 1899)"},"content":{"rendered":"<p>Oppsitjarane fr\u00e5 Myklemyr til Espe gjekk saman om ein <a href=\"http:\/\/www.historielaget.jostedal.no\/?page_id=2737\">s\u00f8knad om tilskot <\/a>til flaumverk vinteren 1899. P\u00e5 m\u00f8tet 16. mars 1899 gav kommunestyret tilsegn om \u00e5 dekkje ein del av kostnaden og sende saka over til amtet. kommunestyrevedtaket lydde slik:<\/p>\n<p><strong>Specialudskrift<\/strong><\/p>\n<p>fra<\/p>\n<p>Forhandlingsprotokollen i Jostedals Herredsstyre af det paa 2 Medlemmer n\u00e6r fuldtalligt M\u00f8de den 16de Marts d. A. under Sag No. 6 forhandlet, besluttet og protokollert.<\/p>\n<p>Sag No. 6. Refereredes Andragende fra Opsidderne paa Gaardene Myklemyr, \u00d8i, Skj\u00e6ret, Teigen og Ormbergst\u00f8l samt Fos\u00f8en, Sperl\u00f8en, N\u00e6set, Aasest\u00f8l og Espe om Bidrag til Elveforbygning. Der blev i den Anledning fattet saadan enstemmig Beslutning:<\/p>\n<p>Skj\u00f8nt Forsamlingen ved tidligere Beslutninger har afslaaet Bevilgning til omhandlede Elveforbygninger, ser man sig n\u00f8dsaget til under de nu forandrede Forholde ved de i Sommer indtrufne Oversv\u00f8mmelser ikke at unddrage sig Bevilgning, og forbinder man sig herved til paa Andragende at bevilge f\u00f8lgende Bel\u00f8b til eftern\u00e6vnte Brug:<\/p>\n<p>1. Til Myklemyr, \u00d8i, Skj\u00e6ret, Teigen og Myklemyr Kr. 1750.00<br \/>\n2. Til Fos\u00f8en og Sperl\u00f8en tilsammen Kr. 600.00<br \/>\n3. Til Aasest\u00f8l og N\u00e6set Kr. 250.00<br \/>\n4. Til Espe Kr. 500<br \/>\n[Totalt] Kr. 3100.00<\/p>\n<p>Idet Herredsstyrelsen har bevilget foranstaaende 3100 Kroner bliver Bel\u00f8bet at udbetale efterhaanden som Kanalv\u00e6senet forlanger, dog saaledes at Bel\u00f8bet udbetales i 5 aarlige lige store Terminer, Derhos tilf\u00f8ies:<\/p>\n<p>I Anledning den af Kanalv\u00e6senet i 1895 og sidst afvigte Sommer planlagte Forbygning for Jostedals Elven ved gaardene Sperl\u00f8en, Fos\u00f8en, Myklemyr, \u00d8i, Skj\u00e6ret, Teigen, Ormbergst\u00f8l, Aasest\u00f8l, N\u00e6set og Espe vedtager hermed Herredsstyrelsen Garanti for at det tegnede bidrag bliver udbetalt naar dette forlanges af Kanaldirekt\u00f8ren,<\/p>\n<p>at Arbeidet udf\u00f8res overensstemmende med Planen,<\/p>\n<p>at en mulig Overskridelse af Overslagssummen bliver det Offentlige uvedkommende,<\/p>\n<p>at ethvert af Arbeidet flydende Erstatningskrav skal v\u00e6re det Offentlige uvedkommende, og at arbeidet efter Fuldf\u00f8relsen vedligeholdes i planm\u00e6ssig Stand.<\/p>\n<p>Herredsstyrelsen forpligter sig derhos til at opn\u00e6vne en fast Tilsynskommission, som har at paase Verkernes forsvarlige Vedligeholdelse.<\/p>\n<p>Rigtig Udskrift bevidnes.<\/p>\n<p>Jostedals Formandskab den 20de Marts 1899.<\/p>\n<p>K. A. Ormbergst\u00f8l.<\/p>\n<p><strong>Kjelde<\/strong><\/p>\n<ul>\n<li>Her etter <em>Nordre Bergenhus Amtstings Forhandlinger for Aaret 1899<\/em>, s. 417-423.<\/li>\n<li>Original: Jostedal formannskap, m\u00f8tebok 1876-1900, side 179a (Digital utg\u00e5ve: Fylkesarkivet i Sogn og Fjordane)<\/li>\n<\/ul>\n","protected":false},"excerpt":{"rendered":"<p>Oppsitjarane fr\u00e5 Myklemyr til Espe gjekk saman om ein s\u00f8knad om tilskot til flaumverk vinteren 1899. P\u00e5 m\u00f8tet 16. mars 1899 gav kommunestyret tilsegn om \u00e5 dekkje ein del av kostnaden og sende saka over til amtet. kommunestyrevedtaket lydde slik: Specialudskrift fra Forhandlingsprotokollen i Jostedals Herredsstyre af det paa 2 Medlemmer n\u00e6r fuldtalligt M\u00f8de den [&hellip;]<\/p>\n","protected":false},"author":2,"featured_media":0,"parent":2762,"menu_order":2,"comment_status":"open","ping_status":"open","template":"","meta":{"ngg_post_thumbnail":0,"footnotes":""},"class_list":["post-2744","page","type-page","status-publish","hentry"],"_links":{"self":[{"href":"https:\/\/www.historielaget.jostedal.no\/index.php?rest_route=\/wp\/v2\/pages\/2744","targetHints":{"allow":["GET"]}}],"collection":[{"href":"https:\/\/www.historielaget.jostedal.no\/index.php?rest_route=\/wp\/v2\/pages"}],"about":[{"href":"https:\/\/www.historielaget.jostedal.no\/index.php?rest_route=\/wp\/v2\/types\/page"}],"author":[{"embeddable":true,"href":"https:\/\/www.historielaget.jostedal.no\/index.php?rest_route=\/wp\/v2\/users\/2"}],"replies":[{"embeddable":true,"href":"https:\/\/www.historielaget.jostedal.no\/index.php?rest_route=%2Fwp%2Fv2%2Fcomments&post=2744"}],"version-history":[{"count":7,"href":"https:\/\/www.historielaget.jostedal.no\/index.php?rest_route=\/wp\/v2\/pages\/2744\/revisions"}],"predecessor-version":[{"id":2773,"href":"https:\/\/www.historielaget.jostedal.no\/index.php?rest_route=\/wp\/v2\/pages\/2744\/revisions\/2773"}],"up":[{"embeddable":true,"href":"https:\/\/www.historielaget.jostedal.no\/index.php?rest_route=\/wp\/v2\/pages\/2762"}],"wp:attachment":[{"href":"https:\/\/www.historielaget.jostedal.no\/index.php?rest_route=%2Fwp%2Fv2%2Fmedia&parent=2744"}],"curies":[{"name":"wp","href":"https:\/\/api.w.org\/{rel}","templated":true}]}}